{"id":788,"date":"2024-11-06T19:13:22","date_gmt":"2024-11-06T19:13:22","guid":{"rendered":"https:\/\/servidorlumen.com.br\/pontos-e-contos\/?page_id=788"},"modified":"2024-12-21T02:22:01","modified_gmt":"2024-12-21T02:22:01","slug":"comprar","status":"publish","type":"page","link":"https:\/\/servidorlumen.com.br\/pontos-e-contos\/comprar\/","title":{"rendered":"Comprar"},"content":{"rendered":"\t\t<div data-elementor-type=\"wp-page\" data-elementor-id=\"788\" class=\"elementor elementor-788\">\n\t\t\t\t\t\t<section class=\"elementor-section elementor-top-section elementor-element elementor-element-5b40d87f elementor-section-boxed elementor-section-height-default elementor-section-height-default\" data-id=\"5b40d87f\" data-element_type=\"section\" data-settings=\"{&quot;background_background&quot;:&quot;classic&quot;}\">\n\t\t\t\t\t\t<div class=\"elementor-container elementor-column-gap-no\">\n\t\t\t\t\t<div class=\"elementor-column elementor-col-100 elementor-top-column elementor-element elementor-element-6a1b8514\" data-id=\"6a1b8514\" data-element_type=\"column\">\n\t\t\t<div class=\"elementor-widget-wrap elementor-element-populated\">\n\t\t\t\t\t\t<section class=\"elementor-section elementor-inner-section elementor-element elementor-element-5b01eb50 elementor-section-boxed elementor-section-height-default elementor-section-height-default\" data-id=\"5b01eb50\" data-element_type=\"section\">\n\t\t\t\t\t\t<div class=\"elementor-container elementor-column-gap-extended\">\n\t\t\t\t\t<div class=\"elementor-column elementor-col-33 elementor-inner-column elementor-element elementor-element-7ac2f8d6\" data-id=\"7ac2f8d6\" data-element_type=\"column\">\n\t\t\t<div class=\"elementor-widget-wrap elementor-element-populated\">\n\t\t\t\t\t\t<div class=\"elementor-element elementor-element-a2ce3ff elementor-widget elementor-widget-image\" data-id=\"a2ce3ff\" data-element_type=\"widget\" data-widget_type=\"image.default\">\n\t\t\t\t<div class=\"elementor-widget-container\">\n\t\t\t\t\t\t\t\t\t\t\t\t\t<img fetchpriority=\"high\" decoding=\"async\" width=\"800\" height=\"1000\" src=\"https:\/\/servidorlumen.com.br\/pontos-e-contos\/wp-content\/uploads\/2024\/11\/p3-1-819x1024.jpg\" class=\"attachment-large size-large wp-image-847\" alt=\"\" srcset=\"https:\/\/servidorlumen.com.br\/pontos-e-contos\/wp-content\/uploads\/2024\/11\/p3-1-819x1024.jpg 819w, https:\/\/servidorlumen.com.br\/pontos-e-contos\/wp-content\/uploads\/2024\/11\/p3-1-240x300.jpg 240w, https:\/\/servidorlumen.com.br\/pontos-e-contos\/wp-content\/uploads\/2024\/11\/p3-1-768x960.jpg 768w, https:\/\/servidorlumen.com.br\/pontos-e-contos\/wp-content\/uploads\/2024\/11\/p3-1.jpg 1080w\" sizes=\"(max-width: 800px) 100vw, 800px\" \/>\t\t\t\t\t\t\t\t\t\t\t\t\t<\/div>\n\t\t\t\t<\/div>\n\t\t\t\t<div class=\"elementor-element elementor-element-f0f1963 elementor-align-center elementor-widget elementor-widget-button\" data-id=\"f0f1963\" data-element_type=\"widget\" data-widget_type=\"button.default\">\n\t\t\t\t<div class=\"elementor-widget-container\">\n\t\t\t\t\t\t\t<div class=\"elementor-button-wrapper\">\n\t\t\t\t\t<a class=\"elementor-button elementor-button-link elementor-size-sm\" href=\"https:\/\/api.whatsapp.com\/send\/?phone=5582993316771&#038;text&#038;type=phone_number&#038;app_absent=0\">\n\t\t\t\t\t\t<span class=\"elementor-button-content-wrapper\">\n\t\t\t\t\t\t\t\t\t<span class=\"elementor-button-text\">Comprar<\/span>\n\t\t\t\t\t<\/span>\n\t\t\t\t\t<\/a>\n\t\t\t\t<\/div>\n\t\t\t\t\t\t<\/div>\n\t\t\t\t<\/div>\n\t\t\t\t<div class=\"elementor-element elementor-element-116c91ea elementor-vertical-align-top elementor-widget elementor-widget-image-box\" data-id=\"116c91ea\" data-element_type=\"widget\" data-widget_type=\"image-box.default\">\n\t\t\t\t<div class=\"elementor-widget-container\">\n\t\t\t<div class=\"elementor-image-box-wrapper\"><div class=\"elementor-image-box-content\"><h3 class=\"elementor-image-box-title\">Camisa City<\/h3><p class=\"elementor-image-box-description\">R$1.628,00\nou 4x R$407,00<\/p><\/div><\/div>\t\t<\/div>\n\t\t\t\t<\/div>\n\t\t\t\t\t<\/div>\n\t\t<\/div>\n\t\t\t\t<div class=\"elementor-column elementor-col-33 elementor-inner-column elementor-element elementor-element-76978579\" data-id=\"76978579\" data-element_type=\"column\">\n\t\t\t<div class=\"elementor-widget-wrap elementor-element-populated\">\n\t\t\t\t\t\t<div class=\"elementor-element elementor-element-50670065 elementor-widget elementor-widget-image\" data-id=\"50670065\" data-element_type=\"widget\" data-widget_type=\"image.default\">\n\t\t\t\t<div class=\"elementor-widget-container\">\n\t\t\t\t\t\t\t\t\t\t\t\t\t\t<a href=\"https:\/\/servidorlumen.com.br\/pontos-e-contos\/wp-content\/uploads\/2024\/11\/p11.jpg\" data-elementor-open-lightbox=\"yes\" data-elementor-lightbox-title=\"p11\" data-e-action-hash=\"#elementor-action%3Aaction%3Dlightbox%26settings%3DeyJpZCI6ODU0LCJ1cmwiOiJodHRwczpcL1wvc2Vydmlkb3JsdW1lbi5jb20uYnJcL3BvbnRvcy1lLWNvbnRvc1wvd3AtY29udGVudFwvdXBsb2Fkc1wvMjAyNFwvMTFcL3AxMS5qcGcifQ%3D%3D\">\n\t\t\t\t\t\t\t<img decoding=\"async\" width=\"800\" height=\"1000\" src=\"https:\/\/servidorlumen.com.br\/pontos-e-contos\/wp-content\/uploads\/2024\/11\/p11-819x1024.jpg\" class=\"attachment-large size-large wp-image-854\" alt=\"\" srcset=\"https:\/\/servidorlumen.com.br\/pontos-e-contos\/wp-content\/uploads\/2024\/11\/p11-819x1024.jpg 819w, https:\/\/servidorlumen.com.br\/pontos-e-contos\/wp-content\/uploads\/2024\/11\/p11-240x300.jpg 240w, https:\/\/servidorlumen.com.br\/pontos-e-contos\/wp-content\/uploads\/2024\/11\/p11-768x960.jpg 768w, https:\/\/servidorlumen.com.br\/pontos-e-contos\/wp-content\/uploads\/2024\/11\/p11.jpg 1080w\" sizes=\"(max-width: 800px) 100vw, 800px\" \/>\t\t\t\t\t\t\t\t<\/a>\n\t\t\t\t\t\t\t\t\t\t\t\t\t<\/div>\n\t\t\t\t<\/div>\n\t\t\t\t<div class=\"elementor-element elementor-element-e7f7b9a elementor-align-center elementor-widget elementor-widget-button\" data-id=\"e7f7b9a\" data-element_type=\"widget\" data-widget_type=\"button.default\">\n\t\t\t\t<div class=\"elementor-widget-container\">\n\t\t\t\t\t\t\t<div class=\"elementor-button-wrapper\">\n\t\t\t\t\t<a class=\"elementor-button elementor-button-link elementor-size-sm\" href=\"https:\/\/api.whatsapp.com\/send\/?phone=5582993316771&#038;text&#038;type=phone_number&#038;app_absent=0\">\n\t\t\t\t\t\t<span class=\"elementor-button-content-wrapper\">\n\t\t\t\t\t\t\t\t\t<span class=\"elementor-button-text\">Comprar<\/span>\n\t\t\t\t\t<\/span>\n\t\t\t\t\t<\/a>\n\t\t\t\t<\/div>\n\t\t\t\t\t\t<\/div>\n\t\t\t\t<\/div>\n\t\t\t\t<div class=\"elementor-element elementor-element-3b5fca52 elementor-vertical-align-top elementor-widget elementor-widget-image-box\" data-id=\"3b5fca52\" data-element_type=\"widget\" data-widget_type=\"image-box.default\">\n\t\t\t\t<div class=\"elementor-widget-container\">\n\t\t\t<div class=\"elementor-image-box-wrapper\"><div class=\"elementor-image-box-content\"><h3 class=\"elementor-image-box-title\">camisa Nature Flowers<\/h3><p class=\"elementor-image-box-description\">R$1.118,00\nou 4x R$279,50<\/p><\/div><\/div>\t\t<\/div>\n\t\t\t\t<\/div>\n\t\t\t\t\t<\/div>\n\t\t<\/div>\n\t\t\t\t<div class=\"elementor-column elementor-col-33 elementor-inner-column elementor-element elementor-element-64bd76ad\" data-id=\"64bd76ad\" data-element_type=\"column\">\n\t\t\t<div class=\"elementor-widget-wrap elementor-element-populated\">\n\t\t\t\t\t\t<div class=\"elementor-element elementor-element-296dd238 elementor-widget elementor-widget-image\" data-id=\"296dd238\" data-element_type=\"widget\" data-widget_type=\"image.default\">\n\t\t\t\t<div class=\"elementor-widget-container\">\n\t\t\t\t\t\t\t\t\t\t\t\t\t\t<a href=\"https:\/\/servidorlumen.com.br\/pontos-e-contos\/wp-content\/uploads\/2024\/11\/p22.jpg\" data-elementor-open-lightbox=\"yes\" data-elementor-lightbox-title=\"p22\" data-e-action-hash=\"#elementor-action%3Aaction%3Dlightbox%26settings%3DeyJpZCI6ODY0LCJ1cmwiOiJodHRwczpcL1wvc2Vydmlkb3JsdW1lbi5jb20uYnJcL3BvbnRvcy1lLWNvbnRvc1wvd3AtY29udGVudFwvdXBsb2Fkc1wvMjAyNFwvMTFcL3AyMi5qcGcifQ%3D%3D\">\n\t\t\t\t\t\t\t<img decoding=\"async\" width=\"800\" height=\"1000\" src=\"https:\/\/servidorlumen.com.br\/pontos-e-contos\/wp-content\/uploads\/2024\/11\/p22-819x1024.jpg\" class=\"attachment-large size-large wp-image-864\" alt=\"\" srcset=\"https:\/\/servidorlumen.com.br\/pontos-e-contos\/wp-content\/uploads\/2024\/11\/p22-819x1024.jpg 819w, https:\/\/servidorlumen.com.br\/pontos-e-contos\/wp-content\/uploads\/2024\/11\/p22-240x300.jpg 240w, https:\/\/servidorlumen.com.br\/pontos-e-contos\/wp-content\/uploads\/2024\/11\/p22-768x960.jpg 768w, https:\/\/servidorlumen.com.br\/pontos-e-contos\/wp-content\/uploads\/2024\/11\/p22.jpg 1080w\" sizes=\"(max-width: 800px) 100vw, 800px\" \/>\t\t\t\t\t\t\t\t<\/a>\n\t\t\t\t\t\t\t\t\t\t\t\t\t<\/div>\n\t\t\t\t<\/div>\n\t\t\t\t<div class=\"elementor-element elementor-element-7335dd0 elementor-align-center elementor-widget elementor-widget-button\" data-id=\"7335dd0\" data-element_type=\"widget\" data-widget_type=\"button.default\">\n\t\t\t\t<div class=\"elementor-widget-container\">\n\t\t\t\t\t\t\t<div class=\"elementor-button-wrapper\">\n\t\t\t\t\t<a class=\"elementor-button elementor-button-link elementor-size-sm\" href=\"https:\/\/api.whatsapp.com\/send\/?phone=5582993316771&#038;text&#038;type=phone_number&#038;app_absent=0\">\n\t\t\t\t\t\t<span class=\"elementor-button-content-wrapper\">\n\t\t\t\t\t\t\t\t\t<span class=\"elementor-button-text\">Comprar<\/span>\n\t\t\t\t\t<\/span>\n\t\t\t\t\t<\/a>\n\t\t\t\t<\/div>\n\t\t\t\t\t\t<\/div>\n\t\t\t\t<\/div>\n\t\t\t\t<div class=\"elementor-element elementor-element-45559bb5 elementor-vertical-align-top elementor-widget elementor-widget-image-box\" data-id=\"45559bb5\" data-element_type=\"widget\" data-widget_type=\"image-box.default\">\n\t\t\t\t<div class=\"elementor-widget-container\">\n\t\t\t<div class=\"elementor-image-box-wrapper\"><div class=\"elementor-image-box-content\"><h3 class=\"elementor-image-box-title\">Vestido neoli<\/h3><p class=\"elementor-image-box-description\">R$2.698,00\nou 4x R$674,50<\/p><\/div><\/div>\t\t<\/div>\n\t\t\t\t<\/div>\n\t\t\t\t\t<\/div>\n\t\t<\/div>\n\t\t\t\t\t<\/div>\n\t\t<\/section>\n\t\t\t\t<section class=\"elementor-section elementor-inner-section elementor-element elementor-element-9614fdb elementor-section-boxed elementor-section-height-default elementor-section-height-default\" data-id=\"9614fdb\" data-element_type=\"section\">\n\t\t\t\t\t\t<div class=\"elementor-container elementor-column-gap-extended\">\n\t\t\t\t\t<div class=\"elementor-column elementor-col-33 elementor-inner-column elementor-element elementor-element-c6ca2b\" data-id=\"c6ca2b\" data-element_type=\"column\">\n\t\t\t<div class=\"elementor-widget-wrap elementor-element-populated\">\n\t\t\t\t\t\t<div class=\"elementor-element elementor-element-3a10edbd elementor-widget elementor-widget-image\" data-id=\"3a10edbd\" data-element_type=\"widget\" data-widget_type=\"image.default\">\n\t\t\t\t<div class=\"elementor-widget-container\">\n\t\t\t\t\t\t\t\t\t\t\t\t\t\t<a href=\"https:\/\/servidorlumen.com.br\/pontos-e-contos\/wp-content\/uploads\/2024\/11\/p40.jpg\" data-elementor-open-lightbox=\"yes\" data-elementor-lightbox-title=\"p40\" data-e-action-hash=\"#elementor-action%3Aaction%3Dlightbox%26settings%3DeyJpZCI6ODcxLCJ1cmwiOiJodHRwczpcL1wvc2Vydmlkb3JsdW1lbi5jb20uYnJcL3BvbnRvcy1lLWNvbnRvc1wvd3AtY29udGVudFwvdXBsb2Fkc1wvMjAyNFwvMTFcL3A0MC5qcGcifQ%3D%3D\">\n\t\t\t\t\t\t\t<img loading=\"lazy\" decoding=\"async\" width=\"800\" height=\"1000\" src=\"https:\/\/servidorlumen.com.br\/pontos-e-contos\/wp-content\/uploads\/2024\/11\/p40-819x1024.jpg\" class=\"attachment-large size-large wp-image-871\" alt=\"\" srcset=\"https:\/\/servidorlumen.com.br\/pontos-e-contos\/wp-content\/uploads\/2024\/11\/p40-819x1024.jpg 819w, https:\/\/servidorlumen.com.br\/pontos-e-contos\/wp-content\/uploads\/2024\/11\/p40-240x300.jpg 240w, https:\/\/servidorlumen.com.br\/pontos-e-contos\/wp-content\/uploads\/2024\/11\/p40-768x960.jpg 768w, https:\/\/servidorlumen.com.br\/pontos-e-contos\/wp-content\/uploads\/2024\/11\/p40.jpg 1080w\" sizes=\"(max-width: 800px) 100vw, 800px\" \/>\t\t\t\t\t\t\t\t<\/a>\n\t\t\t\t\t\t\t\t\t\t\t\t\t<\/div>\n\t\t\t\t<\/div>\n\t\t\t\t<div class=\"elementor-element elementor-element-5eacf0f elementor-align-center elementor-widget elementor-widget-button\" data-id=\"5eacf0f\" data-element_type=\"widget\" data-widget_type=\"button.default\">\n\t\t\t\t<div class=\"elementor-widget-container\">\n\t\t\t\t\t\t\t<div class=\"elementor-button-wrapper\">\n\t\t\t\t\t<a class=\"elementor-button elementor-button-link elementor-size-sm\" href=\"https:\/\/api.whatsapp.com\/send\/?phone=5582993316771&#038;text&#038;type=phone_number&#038;app_absent=0\">\n\t\t\t\t\t\t<span class=\"elementor-button-content-wrapper\">\n\t\t\t\t\t\t\t\t\t<span class=\"elementor-button-text\">Comprar<\/span>\n\t\t\t\t\t<\/span>\n\t\t\t\t\t<\/a>\n\t\t\t\t<\/div>\n\t\t\t\t\t\t<\/div>\n\t\t\t\t<\/div>\n\t\t\t\t<div class=\"elementor-element elementor-element-7b35b997 elementor-vertical-align-top elementor-widget elementor-widget-icon-box\" data-id=\"7b35b997\" data-element_type=\"widget\" data-widget_type=\"icon-box.default\">\n\t\t\t\t<div class=\"elementor-widget-container\">\n\t\t\t\t\t<div class=\"elementor-icon-box-wrapper\">\n\n\t\t\t\n\t\t\t\t\t\t<div class=\"elementor-icon-box-content\">\n\n\t\t\t\t\t\t\t\t\t<h3 class=\"elementor-icon-box-title\">\n\t\t\t\t\t\t<span  >\n\t\t\t\t\t\t\tCamisa Fishes Nature\t\t\t\t\t\t<\/span>\n\t\t\t\t\t<\/h3>\n\t\t\t\t\n\t\t\t\t\t\t\t\t\t<p class=\"elementor-icon-box-description\">\n\t\t\t\t\t\tR$1.998,00\nou 4x R$499,50\t\t\t\t\t<\/p>\n\t\t\t\t\n\t\t\t<\/div>\n\t\t\t\n\t\t<\/div>\n\t\t\t\t<\/div>\n\t\t\t\t<\/div>\n\t\t\t\t\t<\/div>\n\t\t<\/div>\n\t\t\t\t<div class=\"elementor-column elementor-col-33 elementor-inner-column elementor-element elementor-element-2896d211\" data-id=\"2896d211\" data-element_type=\"column\">\n\t\t\t<div class=\"elementor-widget-wrap elementor-element-populated\">\n\t\t\t\t\t\t<div class=\"elementor-element elementor-element-602e4140 elementor-widget elementor-widget-image\" data-id=\"602e4140\" data-element_type=\"widget\" data-widget_type=\"image.default\">\n\t\t\t\t<div class=\"elementor-widget-container\">\n\t\t\t\t\t\t\t\t\t\t\t\t\t\t<a href=\"https:\/\/servidorlumen.com.br\/pontos-e-contos\/wp-content\/uploads\/2024\/11\/p50.jpg\" data-elementor-open-lightbox=\"yes\" data-elementor-lightbox-title=\"p50\" data-e-action-hash=\"#elementor-action%3Aaction%3Dlightbox%26settings%3DeyJpZCI6ODcyLCJ1cmwiOiJodHRwczpcL1wvc2Vydmlkb3JsdW1lbi5jb20uYnJcL3BvbnRvcy1lLWNvbnRvc1wvd3AtY29udGVudFwvdXBsb2Fkc1wvMjAyNFwvMTFcL3A1MC5qcGcifQ%3D%3D\">\n\t\t\t\t\t\t\t<img loading=\"lazy\" decoding=\"async\" width=\"800\" height=\"1000\" src=\"https:\/\/servidorlumen.com.br\/pontos-e-contos\/wp-content\/uploads\/2024\/11\/p50-819x1024.jpg\" class=\"attachment-large size-large wp-image-872\" alt=\"\" srcset=\"https:\/\/servidorlumen.com.br\/pontos-e-contos\/wp-content\/uploads\/2024\/11\/p50-819x1024.jpg 819w, https:\/\/servidorlumen.com.br\/pontos-e-contos\/wp-content\/uploads\/2024\/11\/p50-240x300.jpg 240w, https:\/\/servidorlumen.com.br\/pontos-e-contos\/wp-content\/uploads\/2024\/11\/p50-768x960.jpg 768w, https:\/\/servidorlumen.com.br\/pontos-e-contos\/wp-content\/uploads\/2024\/11\/p50.jpg 1080w\" sizes=\"(max-width: 800px) 100vw, 800px\" \/>\t\t\t\t\t\t\t\t<\/a>\n\t\t\t\t\t\t\t\t\t\t\t\t\t<\/div>\n\t\t\t\t<\/div>\n\t\t\t\t<div class=\"elementor-element elementor-element-4b36d92 elementor-align-center elementor-widget elementor-widget-button\" data-id=\"4b36d92\" data-element_type=\"widget\" data-widget_type=\"button.default\">\n\t\t\t\t<div class=\"elementor-widget-container\">\n\t\t\t\t\t\t\t<div class=\"elementor-button-wrapper\">\n\t\t\t\t\t<a class=\"elementor-button elementor-button-link elementor-size-sm\" href=\"https:\/\/api.whatsapp.com\/send\/?phone=5582993316771&#038;text&#038;type=phone_number&#038;app_absent=0\">\n\t\t\t\t\t\t<span class=\"elementor-button-content-wrapper\">\n\t\t\t\t\t\t\t\t\t<span class=\"elementor-button-text\">Comprar<\/span>\n\t\t\t\t\t<\/span>\n\t\t\t\t\t<\/a>\n\t\t\t\t<\/div>\n\t\t\t\t\t\t<\/div>\n\t\t\t\t<\/div>\n\t\t\t\t<div class=\"elementor-element elementor-element-61677a71 elementor-position-left elementor-view-default elementor-mobile-position-top elementor-vertical-align-top elementor-widget elementor-widget-icon-box\" data-id=\"61677a71\" data-element_type=\"widget\" data-widget_type=\"icon-box.default\">\n\t\t\t\t<div class=\"elementor-widget-container\">\n\t\t\t\t\t<div class=\"elementor-icon-box-wrapper\">\n\n\t\t\t\t\t\t<div class=\"elementor-icon-box-icon\">\n\t\t\t\t<span  class=\"elementor-icon elementor-animation-\">\n\t\t\t\t<svg aria-hidden=\"true\" class=\"e-font-icon-svg e-fas-exchange-alt\" viewBox=\"0 0 512 512\" xmlns=\"http:\/\/www.w3.org\/2000\/svg\"><path d=\"M0 168v-16c0-13.255 10.745-24 24-24h360V80c0-21.367 25.899-32.042 40.971-16.971l80 80c9.372 9.373 9.372 24.569 0 33.941l-80 80C409.956 271.982 384 261.456 384 240v-48H24c-13.255 0-24-10.745-24-24zm488 152H128v-48c0-21.314-25.862-32.08-40.971-16.971l-80 80c-9.372 9.373-9.372 24.569 0 33.941l80 80C102.057 463.997 128 453.437 128 432v-48h360c13.255 0 24-10.745 24-24v-16c0-13.255-10.745-24-24-24z\"><\/path><\/svg>\t\t\t\t<\/span>\n\t\t\t<\/div>\n\t\t\t\n\t\t\t\t\t\t<div class=\"elementor-icon-box-content\">\n\n\t\t\t\t\t\t\t\t\t<h3 class=\"elementor-icon-box-title\">\n\t\t\t\t\t\t<span  >\n\t\t\t\t\t\t\tCamisa Rio\t\t\t\t\t\t<\/span>\n\t\t\t\t\t<\/h3>\n\t\t\t\t\n\t\t\t\t\t\t\t\t\t<p class=\"elementor-icon-box-description\">\n\t\t\t\t\t\tR$1.488,00\nou 4x R$372,00\t\t\t\t\t<\/p>\n\t\t\t\t\n\t\t\t<\/div>\n\t\t\t\n\t\t<\/div>\n\t\t\t\t<\/div>\n\t\t\t\t<\/div>\n\t\t\t\t\t<\/div>\n\t\t<\/div>\n\t\t\t\t<div class=\"elementor-column elementor-col-33 elementor-inner-column elementor-element elementor-element-7665e69a\" data-id=\"7665e69a\" data-element_type=\"column\">\n\t\t\t<div class=\"elementor-widget-wrap elementor-element-populated\">\n\t\t\t\t\t\t<div class=\"elementor-element elementor-element-446a8136 elementor-widget elementor-widget-image\" data-id=\"446a8136\" data-element_type=\"widget\" data-widget_type=\"image.default\">\n\t\t\t\t<div class=\"elementor-widget-container\">\n\t\t\t\t\t\t\t\t\t\t\t\t\t\t<a href=\"https:\/\/servidorlumen.com.br\/pontos-e-contos\/wp-content\/uploads\/2024\/11\/p70.jpg\" data-elementor-open-lightbox=\"yes\" data-elementor-lightbox-title=\"p70\" data-e-action-hash=\"#elementor-action%3Aaction%3Dlightbox%26settings%3DeyJpZCI6ODc2LCJ1cmwiOiJodHRwczpcL1wvc2Vydmlkb3JsdW1lbi5jb20uYnJcL3BvbnRvcy1lLWNvbnRvc1wvd3AtY29udGVudFwvdXBsb2Fkc1wvMjAyNFwvMTFcL3A3MC5qcGcifQ%3D%3D\">\n\t\t\t\t\t\t\t<img loading=\"lazy\" decoding=\"async\" width=\"800\" height=\"1000\" src=\"https:\/\/servidorlumen.com.br\/pontos-e-contos\/wp-content\/uploads\/2024\/11\/p70-819x1024.jpg\" class=\"attachment-large size-large wp-image-876\" alt=\"\" srcset=\"https:\/\/servidorlumen.com.br\/pontos-e-contos\/wp-content\/uploads\/2024\/11\/p70-819x1024.jpg 819w, https:\/\/servidorlumen.com.br\/pontos-e-contos\/wp-content\/uploads\/2024\/11\/p70-240x300.jpg 240w, https:\/\/servidorlumen.com.br\/pontos-e-contos\/wp-content\/uploads\/2024\/11\/p70-768x960.jpg 768w, https:\/\/servidorlumen.com.br\/pontos-e-contos\/wp-content\/uploads\/2024\/11\/p70.jpg 1080w\" sizes=\"(max-width: 800px) 100vw, 800px\" \/>\t\t\t\t\t\t\t\t<\/a>\n\t\t\t\t\t\t\t\t\t\t\t\t\t<\/div>\n\t\t\t\t<\/div>\n\t\t\t\t<div class=\"elementor-element elementor-element-348fa9d elementor-align-center elementor-widget elementor-widget-button\" data-id=\"348fa9d\" data-element_type=\"widget\" data-widget_type=\"button.default\">\n\t\t\t\t<div class=\"elementor-widget-container\">\n\t\t\t\t\t\t\t<div class=\"elementor-button-wrapper\">\n\t\t\t\t\t<a class=\"elementor-button elementor-button-link elementor-size-sm\" href=\"https:\/\/api.whatsapp.com\/send\/?phone=5582993316771&#038;text&#038;type=phone_number&#038;app_absent=0\">\n\t\t\t\t\t\t<span class=\"elementor-button-content-wrapper\">\n\t\t\t\t\t\t\t\t\t<span class=\"elementor-button-text\">Comprar<\/span>\n\t\t\t\t\t<\/span>\n\t\t\t\t\t<\/a>\n\t\t\t\t<\/div>\n\t\t\t\t\t\t<\/div>\n\t\t\t\t<\/div>\n\t\t\t\t<div class=\"elementor-element elementor-element-b05eae8 elementor-position-left elementor-view-default elementor-mobile-position-top elementor-vertical-align-top elementor-widget elementor-widget-icon-box\" data-id=\"b05eae8\" data-element_type=\"widget\" data-widget_type=\"icon-box.default\">\n\t\t\t\t<div class=\"elementor-widget-container\">\n\t\t\t\t\t<div class=\"elementor-icon-box-wrapper\">\n\n\t\t\t\t\t\t<div class=\"elementor-icon-box-icon\">\n\t\t\t\t<span  class=\"elementor-icon elementor-animation-\">\n\t\t\t\t<svg aria-hidden=\"true\" class=\"e-font-icon-svg e-fas-flask\" viewBox=\"0 0 448 512\" xmlns=\"http:\/\/www.w3.org\/2000\/svg\"><path d=\"M437.2 403.5L320 215V64h8c13.3 0 24-10.7 24-24V24c0-13.3-10.7-24-24-24H120c-13.3 0-24 10.7-24 24v16c0 13.3 10.7 24 24 24h8v151L10.8 403.5C-18.5 450.6 15.3 512 70.9 512h306.2c55.7 0 89.4-61.5 60.1-108.5zM137.9 320l48.2-77.6c3.7-5.2 5.8-11.6 5.8-18.4V64h64v160c0 6.9 2.2 13.2 5.8 18.4l48.2 77.6h-172z\"><\/path><\/svg>\t\t\t\t<\/span>\n\t\t\t<\/div>\n\t\t\t\n\t\t\t\t\t\t<div class=\"elementor-icon-box-content\">\n\n\t\t\t\t\t\t\t\t\t<h3 class=\"elementor-icon-box-title\">\n\t\t\t\t\t\t<span  >\n\t\t\t\t\t\t\tCamisa Styled City\t\t\t\t\t\t<\/span>\n\t\t\t\t\t<\/h3>\n\t\t\t\t\n\t\t\t\t\t\t\t\t\t<p class=\"elementor-icon-box-description\">\n\t\t\t\t\t\tR$788,00\nou 4x R$197,00\t\t\t\t\t<\/p>\n\t\t\t\t\n\t\t\t<\/div>\n\t\t\t\n\t\t<\/div>\n\t\t\t\t<\/div>\n\t\t\t\t<\/div>\n\t\t\t\t\t<\/div>\n\t\t<\/div>\n\t\t\t\t\t<\/div>\n\t\t<\/section>\n\t\t\t\t\t<\/div>\n\t\t<\/div>\n\t\t\t\t\t<\/div>\n\t\t<\/section>\n\t\t\t\t<section class=\"elementor-section elementor-top-section elementor-element elementor-element-3856cecb elementor-section-boxed elementor-section-height-default elementor-section-height-default\" data-id=\"3856cecb\" data-element_type=\"section\" data-settings=\"{&quot;background_background&quot;:&quot;classic&quot;}\">\n\t\t\t\t\t\t<div class=\"elementor-container elementor-column-gap-no\">\n\t\t\t\t\t<div class=\"elementor-column elementor-col-100 elementor-top-column elementor-element elementor-element-6e8be7ed\" data-id=\"6e8be7ed\" data-element_type=\"column\">\n\t\t\t<div class=\"elementor-widget-wrap elementor-element-populated\">\n\t\t\t\t\t\t<div class=\"elementor-element elementor-element-2aa9c00f elementor-widget elementor-widget-image\" data-id=\"2aa9c00f\" data-element_type=\"widget\" data-widget_type=\"image.default\">\n\t\t\t\t<div class=\"elementor-widget-container\">\n\t\t\t\t\t\t\t\t\t\t\t\t\t<img loading=\"lazy\" decoding=\"async\" width=\"599\" height=\"173\" src=\"https:\/\/servidorlumen.com.br\/pontos-e-contos\/wp-content\/uploads\/2024\/11\/scissors-clip.png\" class=\"attachment-full size-full wp-image-635\" alt=\"\" srcset=\"https:\/\/servidorlumen.com.br\/pontos-e-contos\/wp-content\/uploads\/2024\/11\/scissors-clip.png 599w, https:\/\/servidorlumen.com.br\/pontos-e-contos\/wp-content\/uploads\/2024\/11\/scissors-clip-300x87.png 300w\" sizes=\"(max-width: 599px) 100vw, 599px\" \/>\t\t\t\t\t\t\t\t\t\t\t\t\t<\/div>\n\t\t\t\t<\/div>\n\t\t\t\t<div class=\"elementor-element elementor-element-1ca5aa4c animated-slow elementor-invisible elementor-widget elementor-widget-heading\" data-id=\"1ca5aa4c\" data-element_type=\"widget\" data-settings=\"{&quot;_animation&quot;:&quot;fadeIn&quot;}\" data-widget_type=\"heading.default\">\n\t\t\t\t<div class=\"elementor-widget-container\">\n\t\t\t<h2 class=\"elementor-heading-title elementor-size-default\">Leve a Arte consigo<\/h2>\t\t<\/div>\n\t\t\t\t<\/div>\n\t\t\t\t<div class=\"elementor-element elementor-element-5c8458b6 elementor-invisible elementor-widget elementor-widget-text-editor\" data-id=\"5c8458b6\" data-element_type=\"widget\" data-settings=\"{&quot;_animation&quot;:&quot;fadeInUp&quot;,&quot;_animation_delay&quot;:300}\" data-widget_type=\"text-editor.default\">\n\t\t\t\t<div class=\"elementor-widget-container\">\n\t\t\t\t\t\t\t<p>Explore nossa cole\u00e7\u00e3o exclusiva de bordados, onde cada pe\u00e7a \u00e9 criada com dedica\u00e7\u00e3o e prop\u00f3sito. Ao adquirir um de nossos produtos, voc\u00ea leva para casa n\u00e3o apenas uma obra de arte, mas tamb\u00e9m uma hist\u00f3ria e uma contribui\u00e7\u00e3o para o desenvolvimento social de nossa comunidade. Escolha o que mais combina com voc\u00ea e apoie essa causa transformadora!<\/p>\t\t\t\t\t\t<\/div>\n\t\t\t\t<\/div>\n\t\t\t\t\t<\/div>\n\t\t<\/div>\n\t\t\t\t<div class=\"elementor-column elementor-col-100 elementor-top-column elementor-element elementor-element-7c96fe4e\" data-id=\"7c96fe4e\" data-element_type=\"column\">\n\t\t\t<div class=\"elementor-widget-wrap elementor-element-populated\">\n\t\t\t\t\t\t<div class=\"elementor-element elementor-element-2b06da2e elementor-align-right elementor-tablet-align-center elementor-widget elementor-widget-button\" data-id=\"2b06da2e\" data-element_type=\"widget\" data-widget_type=\"button.default\">\n\t\t\t\t<div class=\"elementor-widget-container\">\n\t\t\t\t\t\t\t<div class=\"elementor-button-wrapper\">\n\t\t\t\t\t<a class=\"elementor-button elementor-button-link elementor-size-lg\" href=\"#\">\n\t\t\t\t\t\t<span class=\"elementor-button-content-wrapper\">\n\t\t\t\t\t\t\t\t\t<span class=\"elementor-button-text\">Comprar Agora<\/span>\n\t\t\t\t\t<\/span>\n\t\t\t\t\t<\/a>\n\t\t\t\t<\/div>\n\t\t\t\t\t\t<\/div>\n\t\t\t\t<\/div>\n\t\t\t\t\t<\/div>\n\t\t<\/div>\n\t\t\t\t\t<\/div>\n\t\t<\/section>\n\t\t\t\t<\/div>\n\t\t","protected":false},"excerpt":{"rendered":"<p>Comprar Camisa City R$1.628,00 ou 4x R$407,00 Comprar camisa Nature Flowers R$1.118,00 ou 4x R$279,50 Comprar Vestido neoli R$2.698,00 ou 4x R$674,50 Comprar Camisa Fishes Nature R$1.998,00 ou 4x R$499,50 Comprar Camisa Rio R$1.488,00 ou 4x R$372,00 Comprar Camisa Styled City R$788,00 ou 4x R$197,00 Leve a Arte consigo Explore nossa cole\u00e7\u00e3o exclusiva de bordados, [&hellip;]<\/p>\n","protected":false},"author":1,"featured_media":0,"parent":0,"menu_order":0,"comment_status":"closed","ping_status":"closed","template":"","meta":{"footnotes":""},"class_list":["post-788","page","type-page","status-publish","hentry"],"_links":{"self":[{"href":"https:\/\/servidorlumen.com.br\/pontos-e-contos\/wp-json\/wp\/v2\/pages\/788","targetHints":{"allow":["GET"]}}],"collection":[{"href":"https:\/\/servidorlumen.com.br\/pontos-e-contos\/wp-json\/wp\/v2\/pages"}],"about":[{"href":"https:\/\/servidorlumen.com.br\/pontos-e-contos\/wp-json\/wp\/v2\/types\/page"}],"author":[{"embeddable":true,"href":"https:\/\/servidorlumen.com.br\/pontos-e-contos\/wp-json\/wp\/v2\/users\/1"}],"replies":[{"embeddable":true,"href":"https:\/\/servidorlumen.com.br\/pontos-e-contos\/wp-json\/wp\/v2\/comments?post=788"}],"version-history":[{"count":79,"href":"https:\/\/servidorlumen.com.br\/pontos-e-contos\/wp-json\/wp\/v2\/pages\/788\/revisions"}],"predecessor-version":[{"id":929,"href":"https:\/\/servidorlumen.com.br\/pontos-e-contos\/wp-json\/wp\/v2\/pages\/788\/revisions\/929"}],"wp:attachment":[{"href":"https:\/\/servidorlumen.com.br\/pontos-e-contos\/wp-json\/wp\/v2\/media?parent=788"}],"curies":[{"name":"wp","href":"https:\/\/api.w.org\/{rel}","templated":true}]}}