{"id":908,"date":"2026-03-11T08:26:17","date_gmt":"2026-03-11T08:26:17","guid":{"rendered":"https:\/\/servidorlumen.com.br\/mvv_verde\/?page_id=908"},"modified":"2026-03-11T08:50:42","modified_gmt":"2026-03-11T08:50:42","slug":"trabalhe-conosco","status":"publish","type":"page","link":"https:\/\/servidorlumen.com.br\/mvv_verde\/trabalhe-conosco\/","title":{"rendered":"Trabalhe Conosco"},"content":{"rendered":"\t\t<div data-elementor-type=\"wp-page\" data-elementor-id=\"908\" class=\"elementor elementor-908\">\n\t\t\t\t<div class=\"elementor-element elementor-element-3bbcb77 e-flex e-con-boxed wpr-particle-no wpr-jarallax-no wpr-parallax-no wpr-sticky-section-no e-con e-parent\" data-id=\"3bbcb77\" data-element_type=\"container\" data-e-type=\"container\">\n\t\t\t\t\t<div class=\"e-con-inner\">\n\t\t<div class=\"elementor-element elementor-element-48cae3b e-con-full e-flex wpr-particle-no wpr-jarallax-no wpr-parallax-no wpr-sticky-section-no e-con e-child\" data-id=\"48cae3b\" data-element_type=\"container\" data-e-type=\"container\">\n\t\t\t\t<div class=\"elementor-element elementor-element-8cea2c4 elementor-widget elementor-widget-heading\" data-id=\"8cea2c4\" data-element_type=\"widget\" data-e-type=\"widget\" data-widget_type=\"heading.default\">\n\t\t\t\t\t<h2 class=\"elementor-heading-title elementor-size-default\">TRABALHE CONOSCO<\/h2>\t\t\t\t<\/div>\n\t\t\t\t<div class=\"elementor-element elementor-element-ccebef2 elementor-widget-divider--view-line elementor-widget elementor-widget-divider\" data-id=\"ccebef2\" data-element_type=\"widget\" data-e-type=\"widget\" data-widget_type=\"divider.default\">\n\t\t\t\t\t\t\t<div class=\"elementor-divider\">\n\t\t\t<span class=\"elementor-divider-separator\">\n\t\t\t\t\t\t<\/span>\n\t\t<\/div>\n\t\t\t\t\t\t<\/div>\n\t\t\t\t<div class=\"elementor-element elementor-element-37963e5 elementor-widget elementor-widget-text-editor\" data-id=\"37963e5\" data-element_type=\"widget\" data-e-type=\"widget\" data-widget_type=\"text-editor.default\">\n\t\t\t\t\t\t\t\t\t<div class=\"wpb_text_column wpb_content_element \"><div class=\"wpb_wrapper\"><p>A Minera\u00e7\u00e3o Vale Verde est\u00e1 sempre em busca de talentos para compor e aprimorar o seu time! Nossa premissa \u00e9 a valoriza\u00e7\u00e3o profissional baseada nos mais elevados padr\u00f5es \u00e9ticos, de diversidade e integridade nas rela\u00e7\u00f5es de trabalho. Tratamos a seguran\u00e7a e o respeito ao meio ambiente como prioridade no nosso dia-a-dia. Se voc\u00ea se identifica com esses valores e tem a vontade de trabalhar em um ambiente din\u00e2mico e em constante transforma\u00e7\u00e3o e crescimento, acesse o nosso site de recrutamento e se candidate a uma vaga.<\/p><\/div><\/div><div class=\"divider-wrap\"><div class=\"divider\">\u00a0<\/div><\/div>\t\t\t\t\t\t\t\t<\/div>\n\t\t\t\t<div class=\"elementor-element elementor-element-6fbc3e1 elementor-widget elementor-widget-button\" data-id=\"6fbc3e1\" data-element_type=\"widget\" data-e-type=\"widget\" data-widget_type=\"button.default\">\n\t\t\t\t\t\t\t\t\t\t<a class=\"elementor-button elementor-button-link elementor-size-sm\" href=\"#\">\n\t\t\t\t\t\t<span class=\"elementor-button-content-wrapper\">\n\t\t\t\t\t\t\t\t\t<span class=\"elementor-button-text\">Candidate-se<\/span>\n\t\t\t\t\t<\/span>\n\t\t\t\t\t<\/a>\n\t\t\t\t\t\t\t\t<\/div>\n\t\t\t\t<div class=\"elementor-element elementor-element-aa8d7ad elementor-widget elementor-widget-button\" data-id=\"aa8d7ad\" data-element_type=\"widget\" data-e-type=\"widget\" data-widget_type=\"button.default\">\n\t\t\t\t\t\t\t\t\t\t<a class=\"elementor-button elementor-button-link elementor-size-sm\" href=\"#\">\n\t\t\t\t\t\t<span class=\"elementor-button-content-wrapper\">\n\t\t\t\t\t\t\t\t\t<span class=\"elementor-button-text\">Vagas em Aberto<\/span>\n\t\t\t\t\t<\/span>\n\t\t\t\t\t<\/a>\n\t\t\t\t\t\t\t\t<\/div>\n\t\t\t\t<\/div>\n\t\t\t\t\t<\/div>\n\t\t\t\t<\/div>\n\t\t\t\t<\/div>\n\t\t","protected":false},"excerpt":{"rendered":"<p>TRABALHE CONOSCO A Minera\u00e7\u00e3o Vale Verde est\u00e1 sempre em busca de talentos para compor e aprimorar o seu time! Nossa premissa \u00e9 a valoriza\u00e7\u00e3o profissional baseada nos mais elevados padr\u00f5es \u00e9ticos, de diversidade e integridade nas rela\u00e7\u00f5es de trabalho. Tratamos a seguran\u00e7a e o respeito ao meio ambiente como prioridade no nosso dia-a-dia. Se voc\u00ea se identifica com esses valores e tem a vontade de trabalhar em um ambiente din\u00e2mico e em constante transforma\u00e7\u00e3o e crescimento, acesse o nosso site de recrutamento e se candidate a uma vaga. \u00a0 Candidate-se Vagas em Aberto<\/p>\n","protected":false},"author":1,"featured_media":0,"parent":0,"menu_order":0,"comment_status":"closed","ping_status":"closed","template":"","meta":{"footnotes":""},"class_list":["post-908","page","type-page","status-publish","hentry"],"_links":{"self":[{"href":"https:\/\/servidorlumen.com.br\/mvv_verde\/wp-json\/wp\/v2\/pages\/908","targetHints":{"allow":["GET"]}}],"collection":[{"href":"https:\/\/servidorlumen.com.br\/mvv_verde\/wp-json\/wp\/v2\/pages"}],"about":[{"href":"https:\/\/servidorlumen.com.br\/mvv_verde\/wp-json\/wp\/v2\/types\/page"}],"author":[{"embeddable":true,"href":"https:\/\/servidorlumen.com.br\/mvv_verde\/wp-json\/wp\/v2\/users\/1"}],"replies":[{"embeddable":true,"href":"https:\/\/servidorlumen.com.br\/mvv_verde\/wp-json\/wp\/v2\/comments?post=908"}],"version-history":[{"count":4,"href":"https:\/\/servidorlumen.com.br\/mvv_verde\/wp-json\/wp\/v2\/pages\/908\/revisions"}],"predecessor-version":[{"id":1140,"href":"https:\/\/servidorlumen.com.br\/mvv_verde\/wp-json\/wp\/v2\/pages\/908\/revisions\/1140"}],"wp:attachment":[{"href":"https:\/\/servidorlumen.com.br\/mvv_verde\/wp-json\/wp\/v2\/media?parent=908"}],"curies":[{"name":"wp","href":"https:\/\/api.w.org\/{rel}","templated":true}]}}