{"id":899,"date":"2026-03-11T08:23:31","date_gmt":"2026-03-11T08:23:31","guid":{"rendered":"https:\/\/servidorlumen.com.br\/mvv_verde\/?page_id=899"},"modified":"2026-03-11T08:45:16","modified_gmt":"2026-03-11T08:45:16","slug":"educacao-ambiental","status":"publish","type":"page","link":"https:\/\/servidorlumen.com.br\/mvv_verde\/educacao-ambiental\/","title":{"rendered":"Educa\u00e7\u00e3o Ambiental"},"content":{"rendered":"\t\t<div data-elementor-type=\"wp-page\" data-elementor-id=\"899\" class=\"elementor elementor-899\">\n\t\t\t\t<div class=\"elementor-element elementor-element-2a3acbd e-flex e-con-boxed wpr-particle-no wpr-jarallax-no wpr-parallax-no wpr-sticky-section-no e-con e-parent\" data-id=\"2a3acbd\" data-element_type=\"container\" data-e-type=\"container\">\n\t\t\t\t\t<div class=\"e-con-inner\">\n\t\t<div class=\"elementor-element elementor-element-88c07f1 e-con-full e-flex wpr-particle-no wpr-jarallax-no wpr-parallax-no wpr-sticky-section-no e-con e-child\" data-id=\"88c07f1\" data-element_type=\"container\" data-e-type=\"container\">\n\t\t\t\t<div class=\"elementor-element elementor-element-311cade elementor-widget elementor-widget-heading\" data-id=\"311cade\" data-element_type=\"widget\" data-e-type=\"widget\" data-widget_type=\"heading.default\">\n\t\t\t\t\t<h2 class=\"elementor-heading-title elementor-size-default\">EDUCA\u00c7\u00c3O AMBIENTAL<\/h2>\t\t\t\t<\/div>\n\t\t\t\t<div class=\"elementor-element elementor-element-cac7e97 elementor-widget-divider--view-line elementor-widget elementor-widget-divider\" data-id=\"cac7e97\" data-element_type=\"widget\" data-e-type=\"widget\" data-widget_type=\"divider.default\">\n\t\t\t\t\t\t\t<div class=\"elementor-divider\">\n\t\t\t<span class=\"elementor-divider-separator\">\n\t\t\t\t\t\t<\/span>\n\t\t<\/div>\n\t\t\t\t\t\t<\/div>\n\t\t\t\t<\/div>\n\t\t<div class=\"elementor-element elementor-element-d2a292e e-con-full e-flex wpr-particle-no wpr-jarallax-no wpr-parallax-no wpr-sticky-section-no e-con e-child\" data-id=\"d2a292e\" data-element_type=\"container\" data-e-type=\"container\">\n\t\t<div class=\"elementor-element elementor-element-a6635a1 e-con-full e-flex wpr-particle-no wpr-jarallax-no wpr-parallax-no wpr-sticky-section-no e-con e-child\" data-id=\"a6635a1\" data-element_type=\"container\" data-e-type=\"container\">\n\t\t\t\t<div class=\"elementor-element elementor-element-308ddcb elementor-widget elementor-widget-text-editor\" data-id=\"308ddcb\" data-element_type=\"widget\" data-e-type=\"widget\" data-widget_type=\"text-editor.default\">\n\t\t\t\t\t\t\t\t\t<p>A Minera\u00e7\u00e3o Vale Verde pratica a Educa\u00e7\u00e3o Ambiental junto \u00e0s comunidades pr\u00f3ximas ao Projeto Serrote, contribuindo assim para a forma\u00e7\u00e3o de cidad\u00e3os conscientes sobre a import\u00e2ncia de se preservar os recursos naturais existentes.<\/p><p>Em\u00a02009, foi criado o\u00a0<strong>Centro de Educa\u00e7\u00e3o Ambiental (CEA)\u00a0<\/strong>da MVV,\u00a0sediado na Fazenda Uru\u00e7u, a cinco km do escrit\u00f3rio administrativo do Projeto. A Fazenda foi adquirida de uma fam\u00edlia de agricultores que criavam gado leiteiro. Ao comprar a propriedade, a Minera\u00e7\u00e3o Vale Verde manteve a arquitetura das instala\u00e7\u00f5es em formato original, fazendo pequenas adapta\u00e7\u00f5es para receber seu p\u00fablico-alvo. O CEA est\u00e1 localizado no interior da reserva legal do empreendimento, o que possibilita maior intera\u00e7\u00e3o para a realiza\u00e7\u00e3o de estudos e observa\u00e7\u00e3o do bioma, al\u00e9m de viabilizar a coleta de sementes para a produ\u00e7\u00e3o de mudas nativas.<\/p><p>Atrav\u00e9s da realiza\u00e7\u00e3o de palestras em sua sede e nas escolas da regi\u00e3o sobre a fitofisionomia da caatinga e outros temas ambientais, beneficiamos cerca de cinco mil pessoas em 2019, entre professores e alunos de escolas da \u00e1rea de Influ\u00eancia do projeto, universidades locais e empregados do empreendimento. Nossa reserva legal abriga uma trilha ecol\u00f3gica de tr\u00eas quil\u00f4metros onde \u00e9 poss\u00edvel apreciar as belezas da caatinga e experimentar uma viv\u00eancia imersiva no bioma. Se voc\u00ea \u00e9 representante de uma institui\u00e7\u00e3o de ensino e tem interesse em realizar essa experi\u00eancia conosco, envie uma mensagem de WhatsApp para (82) 98189-6016 e entraremos em contato.<\/p>\t\t\t\t\t\t\t\t<\/div>\n\t\t\t\t<\/div>\n\t\t<div class=\"elementor-element elementor-element-efa1883 e-con-full e-flex wpr-particle-no wpr-jarallax-no wpr-parallax-no wpr-sticky-section-no e-con e-child\" data-id=\"efa1883\" data-element_type=\"container\" data-e-type=\"container\">\n\t\t\t\t<div class=\"elementor-element elementor-element-865ee22 elementor-widget elementor-widget-image\" data-id=\"865ee22\" data-element_type=\"widget\" data-e-type=\"widget\" data-widget_type=\"image.default\">\n\t\t\t\t\t\t\t\t\t\t\t\t\t\t\t<img fetchpriority=\"high\" decoding=\"async\" width=\"960\" height=\"720\" src=\"https:\/\/servidorlumen.com.br\/mvv_verde\/wp-content\/uploads\/2026\/03\/IMG_20181101_105859869-scaled-1-1024x768.jpg\" class=\"attachment-large size-large wp-image-956\" alt=\"\" srcset=\"https:\/\/servidorlumen.com.br\/mvv_verde\/wp-content\/uploads\/2026\/03\/IMG_20181101_105859869-scaled-1-1024x768.jpg 1024w, https:\/\/servidorlumen.com.br\/mvv_verde\/wp-content\/uploads\/2026\/03\/IMG_20181101_105859869-scaled-1-300x225.jpg 300w, https:\/\/servidorlumen.com.br\/mvv_verde\/wp-content\/uploads\/2026\/03\/IMG_20181101_105859869-scaled-1-768x576.jpg 768w, https:\/\/servidorlumen.com.br\/mvv_verde\/wp-content\/uploads\/2026\/03\/IMG_20181101_105859869-scaled-1-1536x1152.jpg 1536w, https:\/\/servidorlumen.com.br\/mvv_verde\/wp-content\/uploads\/2026\/03\/IMG_20181101_105859869-scaled-1-2048x1536.jpg 2048w\" sizes=\"(max-width: 960px) 100vw, 960px\" \/>\t\t\t\t\t\t\t\t\t\t\t\t\t\t\t<\/div>\n\t\t\t\t<\/div>\n\t\t\t\t<\/div>\n\t\t\t\t\t<\/div>\n\t\t\t\t<\/div>\n\t\t\t\t<\/div>\n\t\t","protected":false},"excerpt":{"rendered":"<p>EDUCA\u00c7\u00c3O AMBIENTAL A Minera\u00e7\u00e3o Vale Verde pratica a Educa\u00e7\u00e3o Ambiental junto \u00e0s comunidades pr\u00f3ximas ao Projeto Serrote, contribuindo assim para a forma\u00e7\u00e3o de cidad\u00e3os conscientes sobre a import\u00e2ncia de se preservar os recursos naturais existentes. Em\u00a02009, foi criado o\u00a0Centro de Educa\u00e7\u00e3o Ambiental (CEA)\u00a0da MVV,\u00a0sediado na Fazenda Uru\u00e7u, a cinco km do escrit\u00f3rio administrativo do Projeto. A Fazenda foi adquirida de uma fam\u00edlia de agricultores que criavam gado leiteiro. Ao comprar a propriedade, a Minera\u00e7\u00e3o Vale Verde manteve a arquitetura das instala\u00e7\u00f5es em formato original, fazendo pequenas adapta\u00e7\u00f5es para receber seu p\u00fablico-alvo. O CEA est\u00e1 localizado no interior da reserva legal do empreendimento, o que possibilita maior intera\u00e7\u00e3o para a realiza\u00e7\u00e3o de estudos e observa\u00e7\u00e3o do bioma, al\u00e9m de viabilizar a coleta de sementes para a produ\u00e7\u00e3o de mudas nativas. Atrav\u00e9s da realiza\u00e7\u00e3o de palestras em sua sede e nas escolas da regi\u00e3o sobre a fitofisionomia da caatinga e outros temas ambientais, beneficiamos cerca de cinco mil pessoas em 2019, entre professores e alunos de escolas da \u00e1rea de Influ\u00eancia do projeto, universidades locais e empregados do empreendimento. Nossa reserva legal abriga uma trilha ecol\u00f3gica de tr\u00eas quil\u00f4metros onde \u00e9 poss\u00edvel apreciar as belezas da caatinga e experimentar uma viv\u00eancia imersiva no bioma. Se voc\u00ea \u00e9 representante de uma institui\u00e7\u00e3o de ensino e tem interesse em realizar essa experi\u00eancia conosco, envie uma mensagem de WhatsApp para (82) 98189-6016 e entraremos em contato.<\/p>\n","protected":false},"author":1,"featured_media":0,"parent":0,"menu_order":0,"comment_status":"closed","ping_status":"closed","template":"","meta":{"footnotes":""},"class_list":["post-899","page","type-page","status-publish","hentry"],"_links":{"self":[{"href":"https:\/\/servidorlumen.com.br\/mvv_verde\/wp-json\/wp\/v2\/pages\/899","targetHints":{"allow":["GET"]}}],"collection":[{"href":"https:\/\/servidorlumen.com.br\/mvv_verde\/wp-json\/wp\/v2\/pages"}],"about":[{"href":"https:\/\/servidorlumen.com.br\/mvv_verde\/wp-json\/wp\/v2\/types\/page"}],"author":[{"embeddable":true,"href":"https:\/\/servidorlumen.com.br\/mvv_verde\/wp-json\/wp\/v2\/users\/1"}],"replies":[{"embeddable":true,"href":"https:\/\/servidorlumen.com.br\/mvv_verde\/wp-json\/wp\/v2\/comments?post=899"}],"version-history":[{"count":4,"href":"https:\/\/servidorlumen.com.br\/mvv_verde\/wp-json\/wp\/v2\/pages\/899\/revisions"}],"predecessor-version":[{"id":965,"href":"https:\/\/servidorlumen.com.br\/mvv_verde\/wp-json\/wp\/v2\/pages\/899\/revisions\/965"}],"wp:attachment":[{"href":"https:\/\/servidorlumen.com.br\/mvv_verde\/wp-json\/wp\/v2\/media?parent=899"}],"curies":[{"name":"wp","href":"https:\/\/api.w.org\/{rel}","templated":true}]}}