{"id":896,"date":"2026-03-11T08:22:32","date_gmt":"2026-03-11T08:22:32","guid":{"rendered":"https:\/\/servidorlumen.com.br\/mvv_verde\/?page_id=896"},"modified":"2026-03-11T08:43:13","modified_gmt":"2026-03-11T08:43:13","slug":"ficha-tecnica","status":"publish","type":"page","link":"https:\/\/servidorlumen.com.br\/mvv_verde\/ficha-tecnica\/","title":{"rendered":"Ficha T\u00e9cnica"},"content":{"rendered":"\t\t<div data-elementor-type=\"wp-page\" data-elementor-id=\"896\" class=\"elementor elementor-896\">\n\t\t\t\t<div class=\"elementor-element elementor-element-69b2d47 e-flex e-con-boxed wpr-particle-no wpr-jarallax-no wpr-parallax-no wpr-sticky-section-no e-con e-parent\" data-id=\"69b2d47\" data-element_type=\"container\" data-e-type=\"container\">\n\t\t\t\t\t<div class=\"e-con-inner\">\n\t\t<div class=\"elementor-element elementor-element-fe4a66a e-con-full e-flex wpr-particle-no wpr-jarallax-no wpr-parallax-no wpr-sticky-section-no e-con e-child\" data-id=\"fe4a66a\" data-element_type=\"container\" data-e-type=\"container\">\n\t\t\t\t<div class=\"elementor-element elementor-element-145ed41 elementor-widget elementor-widget-heading\" data-id=\"145ed41\" data-element_type=\"widget\" data-e-type=\"widget\" data-widget_type=\"heading.default\">\n\t\t\t\t\t<h2 class=\"elementor-heading-title elementor-size-default\">MINA SERROTE<\/h2>\t\t\t\t<\/div>\n\t\t\t\t<div class=\"elementor-element elementor-element-99c4eb0 elementor-widget-divider--view-line elementor-widget elementor-widget-divider\" data-id=\"99c4eb0\" data-element_type=\"widget\" data-e-type=\"widget\" data-widget_type=\"divider.default\">\n\t\t\t\t\t\t\t<div class=\"elementor-divider\">\n\t\t\t<span class=\"elementor-divider-separator\">\n\t\t\t\t\t\t<\/span>\n\t\t<\/div>\n\t\t\t\t\t\t<\/div>\n\t\t\t\t<div class=\"elementor-element elementor-element-06bab50 elementor-widget elementor-widget-text-editor\" data-id=\"06bab50\" data-element_type=\"widget\" data-e-type=\"widget\" data-widget_type=\"text-editor.default\">\n\t\t\t\t\t\t\t\t\t<div class=\"wpb_text_column wpb_content_element \"><div class=\"wpb_wrapper\"><p>A Minera\u00e7\u00e3o Vale Verde, integrante do grupo Baiyin Nonferrous, atua h\u00e1 4 anos com um prop\u00f3sito claro: minerar o futuro de forma segura, respons\u00e1vel e sustent\u00e1vel. Nosso empreendimento est\u00e1 localizado em Cra\u00edbas, no Agreste Alagoano, e desde a implanta\u00e7\u00e3o do Projeto Serrote mantemos um compromisso com a valoriza\u00e7\u00e3o da m\u00e3o de obra local, empregando cerca de 70% dos profissionais da regi\u00e3o \u2013 uma premissa que continua na fase de opera\u00e7\u00e3o.<\/p><p>Nosso objetivo \u00e9 operar uma mina a c\u00e9u aberto para o beneficiamento e produ\u00e7\u00e3o do concentrado de cobre, exportado majorit\u00e1ria mente para o mercado asi\u00e1tico. A expectativa \u00e9 lavrar cerca de 4,1 milh\u00f5es de toneladas de min\u00e9rio por ano, com uma vida \u00fatil estimada de 14 anos, podendo ser ampliada com novas pesquisas minerais. A planta de beneficiamento, compacta e eficiente, abriga processos de britagem, moagem, flota\u00e7\u00e3o e filtragem, garantindo produtividade com menor impacto ambiental.<\/p><\/div><\/div><div class=\"divider-wrap\">\u00a0<\/div>\t\t\t\t\t\t\t\t<\/div>\n\t\t\t\t<div class=\"elementor-element elementor-element-559ce1d elementor-widget elementor-widget-heading\" data-id=\"559ce1d\" data-element_type=\"widget\" data-e-type=\"widget\" data-widget_type=\"heading.default\">\n\t\t\t\t\t<h2 class=\"elementor-heading-title elementor-size-default\">COMPROMISSO COM UMA TRANSI\u00c7\u00c3O ENERG\u00c9TICA JUSTA<\/h2>\t\t\t\t<\/div>\n\t\t\t\t<div class=\"elementor-element elementor-element-69c1383 elementor-widget-divider--view-line elementor-widget elementor-widget-divider\" data-id=\"69c1383\" data-element_type=\"widget\" data-e-type=\"widget\" data-widget_type=\"divider.default\">\n\t\t\t\t\t\t\t<div class=\"elementor-divider\">\n\t\t\t<span class=\"elementor-divider-separator\">\n\t\t\t\t\t\t<\/span>\n\t\t<\/div>\n\t\t\t\t\t\t<\/div>\n\t\t\t\t<div class=\"elementor-element elementor-element-6ae9ff3 elementor-widget elementor-widget-text-editor\" data-id=\"6ae9ff3\" data-element_type=\"widget\" data-e-type=\"widget\" data-widget_type=\"text-editor.default\">\n\t\t\t\t\t\t\t\t\t<div class=\"wpb_text_column wpb_content_element \"><div class=\"wpb_wrapper\"><p>A MVV acredita que a transi\u00e7\u00e3o energ\u00e9tica deve ser justa e inclusiva, beneficiando n\u00e3o apenas o setor industrial, mas tamb\u00e9m as comunidades onde estamos inseridos. Por isso, investimos em desenvolvimento territorial, gera\u00e7\u00e3o de empregos, capacita\u00e7\u00e3o profissional e projetos sociais que fortalecem a economia local e melhoram a qualidade de vida.<\/p><p>O cobre, nosso principal produto, \u00e9 um elemento-chave para essa transforma\u00e7\u00e3o. Ele est\u00e1 presente em:<br \/>Energia limpa: turbinas e\u00f3licas, pain\u00e9is solares e redes el\u00e9tricas inteligentes dependem do cobre para efici\u00eancia.<br \/>Mobilidade el\u00e9trica: cada ve\u00edculo el\u00e9trico utiliza at\u00e9 80 kg de cobre, tornando o metal vital para reduzir emiss\u00f5es.<br \/>Infraestrutura de recarga e transmiss\u00e3o: cabos, transformadores e sistemas de armazenamento de energia usam cobre para garantir seguran\u00e7a e desempenho.<\/p><p>Segundo a Ag\u00eancia Internacional de Energia, 45% da demanda global de cobre at\u00e9 2040 vir\u00e1 da transi\u00e7\u00e3o energ\u00e9tica, impulsionada a pela eletrifica\u00e7\u00e3o e expans\u00e3o das energias renov\u00e1veis.<\/p><\/div><\/div>\t\t\t\t\t\t\t\t<\/div>\n\t\t\t\t<div class=\"elementor-element elementor-element-d328561 elementor-widget elementor-widget-heading\" data-id=\"d328561\" data-element_type=\"widget\" data-e-type=\"widget\" data-widget_type=\"heading.default\">\n\t\t\t\t\t<h2 class=\"elementor-heading-title elementor-size-default\">CARACTER\u00cdSTICAS DO COBRE<\/h2>\t\t\t\t<\/div>\n\t\t\t\t<div class=\"elementor-element elementor-element-e93ed6f elementor-widget-divider--view-line elementor-widget elementor-widget-divider\" data-id=\"e93ed6f\" data-element_type=\"widget\" data-e-type=\"widget\" data-widget_type=\"divider.default\">\n\t\t\t\t\t\t\t<div class=\"elementor-divider\">\n\t\t\t<span class=\"elementor-divider-separator\">\n\t\t\t\t\t\t<\/span>\n\t\t<\/div>\n\t\t\t\t\t\t<\/div>\n\t\t\t\t<\/div>\n\t\t\t\t\t<\/div>\n\t\t\t\t<\/div>\n\t\t\t\t<\/div>\n\t\t","protected":false},"excerpt":{"rendered":"<p>MINA SERROTE A Minera\u00e7\u00e3o Vale Verde, integrante do grupo Baiyin Nonferrous, atua h\u00e1 4 anos com um prop\u00f3sito claro: minerar o futuro de forma segura, respons\u00e1vel e sustent\u00e1vel. Nosso empreendimento est\u00e1 localizado em Cra\u00edbas, no Agreste Alagoano, e desde a implanta\u00e7\u00e3o do Projeto Serrote mantemos um compromisso com a valoriza\u00e7\u00e3o da m\u00e3o de obra local, empregando cerca de 70% dos profissionais da regi\u00e3o \u2013 uma premissa que continua na fase de opera\u00e7\u00e3o. Nosso objetivo \u00e9 operar uma mina a c\u00e9u aberto para o beneficiamento e produ\u00e7\u00e3o do concentrado de cobre, exportado majorit\u00e1ria mente para o mercado asi\u00e1tico. A expectativa \u00e9 lavrar cerca de 4,1 milh\u00f5es de toneladas de min\u00e9rio por ano, com uma vida \u00fatil estimada de 14 anos, podendo ser ampliada com novas pesquisas minerais. A planta de beneficiamento, compacta e eficiente, abriga processos de britagem, moagem, flota\u00e7\u00e3o e filtragem, garantindo produtividade com menor impacto ambiental. \u00a0 COMPROMISSO COM UMA TRANSI\u00c7\u00c3O ENERG\u00c9TICA JUSTA A MVV acredita que a transi\u00e7\u00e3o energ\u00e9tica deve ser justa e inclusiva, beneficiando n\u00e3o apenas o setor industrial, mas tamb\u00e9m as comunidades onde estamos inseridos. Por isso, investimos em desenvolvimento territorial, gera\u00e7\u00e3o de empregos, capacita\u00e7\u00e3o profissional e projetos sociais que fortalecem a economia local e melhoram a qualidade de vida. O cobre, nosso principal produto, \u00e9 um elemento-chave para essa transforma\u00e7\u00e3o. Ele est\u00e1 presente em:Energia limpa: turbinas e\u00f3licas, pain\u00e9is solares e redes el\u00e9tricas inteligentes dependem do cobre para efici\u00eancia.Mobilidade el\u00e9trica: cada ve\u00edculo el\u00e9trico utiliza at\u00e9 80 kg de cobre, tornando o metal vital para reduzir emiss\u00f5es.Infraestrutura de recarga e transmiss\u00e3o: cabos, transformadores e sistemas de armazenamento de energia usam cobre para garantir seguran\u00e7a e desempenho. Segundo a Ag\u00eancia Internacional de Energia, 45% da demanda global de cobre at\u00e9 2040 vir\u00e1 da transi\u00e7\u00e3o energ\u00e9tica, impulsionada a pela eletrifica\u00e7\u00e3o e expans\u00e3o das energias renov\u00e1veis. CARACTER\u00cdSTICAS DO COBRE<\/p>\n","protected":false},"author":1,"featured_media":0,"parent":0,"menu_order":0,"comment_status":"closed","ping_status":"closed","template":"","meta":{"footnotes":""},"class_list":["post-896","page","type-page","status-publish","hentry"],"_links":{"self":[{"href":"https:\/\/servidorlumen.com.br\/mvv_verde\/wp-json\/wp\/v2\/pages\/896","targetHints":{"allow":["GET"]}}],"collection":[{"href":"https:\/\/servidorlumen.com.br\/mvv_verde\/wp-json\/wp\/v2\/pages"}],"about":[{"href":"https:\/\/servidorlumen.com.br\/mvv_verde\/wp-json\/wp\/v2\/types\/page"}],"author":[{"embeddable":true,"href":"https:\/\/servidorlumen.com.br\/mvv_verde\/wp-json\/wp\/v2\/users\/1"}],"replies":[{"embeddable":true,"href":"https:\/\/servidorlumen.com.br\/mvv_verde\/wp-json\/wp\/v2\/comments?post=896"}],"version-history":[{"count":4,"href":"https:\/\/servidorlumen.com.br\/mvv_verde\/wp-json\/wp\/v2\/pages\/896\/revisions"}],"predecessor-version":[{"id":949,"href":"https:\/\/servidorlumen.com.br\/mvv_verde\/wp-json\/wp\/v2\/pages\/896\/revisions\/949"}],"wp:attachment":[{"href":"https:\/\/servidorlumen.com.br\/mvv_verde\/wp-json\/wp\/v2\/media?parent=896"}],"curies":[{"name":"wp","href":"https:\/\/api.w.org\/{rel}","templated":true}]}}