{"id":893,"date":"2026-03-11T08:15:07","date_gmt":"2026-03-11T08:15:07","guid":{"rendered":"https:\/\/servidorlumen.com.br\/mvv_verde\/?page_id=893"},"modified":"2026-03-11T08:41:56","modified_gmt":"2026-03-11T08:41:56","slug":"codigo-de-conduta","status":"publish","type":"page","link":"https:\/\/servidorlumen.com.br\/mvv_verde\/codigo-de-conduta\/","title":{"rendered":"C\u00f3digo de Conduta"},"content":{"rendered":"\t\t<div data-elementor-type=\"wp-page\" data-elementor-id=\"893\" class=\"elementor elementor-893\">\n\t\t\t\t<div class=\"elementor-element elementor-element-a35e2ab e-flex e-con-boxed wpr-particle-no wpr-jarallax-no wpr-parallax-no wpr-sticky-section-no e-con e-parent\" data-id=\"a35e2ab\" data-element_type=\"container\" data-e-type=\"container\">\n\t\t\t\t\t<div class=\"e-con-inner\">\n\t\t<div class=\"elementor-element elementor-element-299fa8c e-con-full e-flex wpr-particle-no wpr-jarallax-no wpr-parallax-no wpr-sticky-section-no e-con e-child\" data-id=\"299fa8c\" data-element_type=\"container\" data-e-type=\"container\">\n\t\t\t\t<div class=\"elementor-element elementor-element-fb3c053 elementor-widget elementor-widget-heading\" data-id=\"fb3c053\" data-element_type=\"widget\" data-e-type=\"widget\" data-widget_type=\"heading.default\">\n\t\t\t\t\t<h2 class=\"elementor-heading-title elementor-size-default\">C\u00d3DIGO DE CONDUTA<\/h2>\t\t\t\t<\/div>\n\t\t\t\t<div class=\"elementor-element elementor-element-f3c0b43 elementor-widget-divider--view-line elementor-widget elementor-widget-divider\" data-id=\"f3c0b43\" data-element_type=\"widget\" data-e-type=\"widget\" data-widget_type=\"divider.default\">\n\t\t\t\t\t\t\t<div class=\"elementor-divider\">\n\t\t\t<span class=\"elementor-divider-separator\">\n\t\t\t\t\t\t<\/span>\n\t\t<\/div>\n\t\t\t\t\t\t<\/div>\n\t\t\t\t<div class=\"elementor-element elementor-element-a9aaf75 elementor-widget elementor-widget-text-editor\" data-id=\"a9aaf75\" data-element_type=\"widget\" data-e-type=\"widget\" data-widget_type=\"text-editor.default\">\n\t\t\t\t\t\t\t\t\t<div class=\"wpb_text_column wpb_content_element \"><div class=\"wpb_wrapper\"><p>Obrigado por contatar a Linha \u00c9tica da Minera\u00e7\u00e3o Vale Verde. Este canal foi desenvolvido para permitir o registro de relatos sobre situa\u00e7\u00f5es em que houve descumprimento do C\u00f3digo de Conduta. A Linha \u00c9tica da Minera\u00e7\u00e3o Vale Verde \u00e9 um canal independente, administrado pela empresa KPMG, que possui a experi\u00eancia necess\u00e1ria para obter informa\u00e7\u00f5es sobre situa\u00e7\u00f5es como m\u00e1 conduta, fraude e desvios de recursos, garantindo o anonimato e a confidencialidade das informa\u00e7\u00f5es recebidas.<br \/>Para entrar em contato com a Linha \u00c9tica, qualquer pessoa pode utilizar um dos quatro canais dispon\u00edveis:<\/p><\/div><\/div><div class=\"divider-wrap\">\u00a0<\/div>\t\t\t\t\t\t\t\t<\/div>\n\t\t\t\t<div class=\"elementor-element elementor-element-2554d1e elementor-widget elementor-widget-heading\" data-id=\"2554d1e\" data-element_type=\"widget\" data-e-type=\"widget\" data-widget_type=\"heading.default\">\n\t\t\t\t\t<h2 class=\"elementor-heading-title elementor-size-default\">COMO ENTRAR EM CONTATO<\/h2>\t\t\t\t<\/div>\n\t\t\t\t<div class=\"elementor-element elementor-element-068c8d1 elementor-widget-divider--view-line elementor-widget elementor-widget-divider\" data-id=\"068c8d1\" data-element_type=\"widget\" data-e-type=\"widget\" data-widget_type=\"divider.default\">\n\t\t\t\t\t\t\t<div class=\"elementor-divider\">\n\t\t\t<span class=\"elementor-divider-separator\">\n\t\t\t\t\t\t<\/span>\n\t\t<\/div>\n\t\t\t\t\t\t<\/div>\n\t\t\t\t<div class=\"elementor-element elementor-element-0b7011c elementor-widget elementor-widget-heading\" data-id=\"0b7011c\" data-element_type=\"widget\" data-e-type=\"widget\" data-widget_type=\"heading.default\">\n\t\t\t\t\t<h2 class=\"elementor-heading-title elementor-size-default\">Telefone:<\/h2>\t\t\t\t<\/div>\n\t\t\t\t<div class=\"elementor-element elementor-element-773a56e elementor-widget elementor-widget-text-editor\" data-id=\"773a56e\" data-element_type=\"widget\" data-e-type=\"widget\" data-widget_type=\"text-editor.default\">\n\t\t\t\t\t\t\t\t\t<div class=\"wpb_text_column wpb_content_element \"><div class=\"wpb_wrapper\"><p>Ligando gratuitamente para 0800-713-0104<\/p><div class=\"wpb_text_column wpb_content_element \"><div class=\"wpb_wrapper\"><p>Voc\u00ea pode permanecer an\u00f4nimo se desejar<\/p><\/div><\/div><\/div><\/div>\t\t\t\t\t\t\t\t<\/div>\n\t\t\t\t<div class=\"elementor-element elementor-element-664d21e elementor-widget elementor-widget-heading\" data-id=\"664d21e\" data-element_type=\"widget\" data-e-type=\"widget\" data-widget_type=\"heading.default\">\n\t\t\t\t\t<h2 class=\"elementor-heading-title elementor-size-default\">Internet:<\/h2>\t\t\t\t<\/div>\n\t\t\t\t<div class=\"elementor-element elementor-element-31b5117 elementor-widget elementor-widget-text-editor\" data-id=\"31b5117\" data-element_type=\"widget\" data-e-type=\"widget\" data-widget_type=\"text-editor.default\">\n\t\t\t\t\t\t\t\t\t<div class=\"wpb_text_column wpb_content_element \"><div class=\"wpb_wrapper\"><p>No endere\u00e7o eletr\u00f4nico:<\/p><p>https:\/\/www.linhaetica.com.br\/etica\/mvv<\/p><\/div><\/div>\t\t\t\t\t\t\t\t<\/div>\n\t\t\t\t<div class=\"elementor-element elementor-element-83b4f58 elementor-widget elementor-widget-heading\" data-id=\"83b4f58\" data-element_type=\"widget\" data-e-type=\"widget\" data-widget_type=\"heading.default\">\n\t\t\t\t\t<h2 class=\"elementor-heading-title elementor-size-default\">Email:<\/h2>\t\t\t\t<\/div>\n\t\t\t\t<div class=\"elementor-element elementor-element-c9621cf elementor-widget elementor-widget-text-editor\" data-id=\"c9621cf\" data-element_type=\"widget\" data-e-type=\"widget\" data-widget_type=\"text-editor.default\">\n\t\t\t\t\t\t\t\t\t<p>mvv@linhaetica.com.br<\/p>\t\t\t\t\t\t\t\t<\/div>\n\t\t\t\t<div class=\"elementor-element elementor-element-4a6523e elementor-widget elementor-widget-heading\" data-id=\"4a6523e\" data-element_type=\"widget\" data-e-type=\"widget\" data-widget_type=\"heading.default\">\n\t\t\t\t\t<h2 class=\"elementor-heading-title elementor-size-default\">Correspond\u00eancia:<\/h2>\t\t\t\t<\/div>\n\t\t\t\t<div class=\"elementor-element elementor-element-dfe7823 elementor-widget elementor-widget-text-editor\" data-id=\"dfe7823\" data-element_type=\"widget\" data-e-type=\"widget\" data-widget_type=\"text-editor.default\">\n\t\t\t\t\t\t\t\t\t<p>Linha \u00c9tica Minera\u00e7\u00e3o Vale Verde<br \/>Caixa Postal 79518<br \/>S\u00e3o Paulo, SP \u2013 CEP 04711-904<\/p>\t\t\t\t\t\t\t\t<\/div>\n\t\t\t\t<div class=\"elementor-element elementor-element-dfaab06 elementor-widget elementor-widget-heading\" data-id=\"dfaab06\" data-element_type=\"widget\" data-e-type=\"widget\" data-widget_type=\"heading.default\">\n\t\t\t\t\t<h2 class=\"elementor-heading-title elementor-size-default\">CONFIRA ABAIXO NOSSO C\u00d3DIGO DE CONDUTA<\/h2>\t\t\t\t<\/div>\n\t\t\t\t<div class=\"elementor-element elementor-element-5005cc6 elementor-widget-divider--view-line elementor-widget elementor-widget-divider\" data-id=\"5005cc6\" data-element_type=\"widget\" data-e-type=\"widget\" data-widget_type=\"divider.default\">\n\t\t\t\t\t\t\t<div class=\"elementor-divider\">\n\t\t\t<span class=\"elementor-divider-separator\">\n\t\t\t\t\t\t<\/span>\n\t\t<\/div>\n\t\t\t\t\t\t<\/div>\n\t\t\t\t<div class=\"elementor-element elementor-element-ac74748 elementor-widget elementor-widget-button\" data-id=\"ac74748\" data-element_type=\"widget\" data-e-type=\"widget\" data-widget_type=\"button.default\">\n\t\t\t\t\t\t\t\t\t\t<a class=\"elementor-button elementor-button-link elementor-size-sm\" href=\"https:\/\/servidorlumen.com.br\/mvv\/wp-content\/uploads\/2026\/03\/Cartilha_CodigoDeConduta_MVV20200929.pdf\" target=\"_blank\">\n\t\t\t\t\t\t<span class=\"elementor-button-content-wrapper\">\n\t\t\t\t\t\t\t\t\t<span class=\"elementor-button-text\">Clique aqui para ver.<\/span>\n\t\t\t\t\t<\/span>\n\t\t\t\t\t<\/a>\n\t\t\t\t\t\t\t\t<\/div>\n\t\t\t\t<\/div>\n\t\t\t\t\t<\/div>\n\t\t\t\t<\/div>\n\t\t\t\t<\/div>\n\t\t","protected":false},"excerpt":{"rendered":"<p>C\u00d3DIGO DE CONDUTA Obrigado por contatar a Linha \u00c9tica da Minera\u00e7\u00e3o Vale Verde. Este canal foi desenvolvido para permitir o registro de relatos sobre situa\u00e7\u00f5es em que houve descumprimento do C\u00f3digo de Conduta. A Linha \u00c9tica da Minera\u00e7\u00e3o Vale Verde \u00e9 um canal independente, administrado pela empresa KPMG, que possui a experi\u00eancia necess\u00e1ria para obter informa\u00e7\u00f5es sobre situa\u00e7\u00f5es como m\u00e1 conduta, fraude e desvios de recursos, garantindo o anonimato e a confidencialidade das informa\u00e7\u00f5es recebidas.Para entrar em contato com a Linha \u00c9tica, qualquer pessoa pode utilizar um dos quatro canais dispon\u00edveis: \u00a0 COMO ENTRAR EM CONTATO Telefone: Ligando gratuitamente para 0800-713-0104 Voc\u00ea pode permanecer an\u00f4nimo se desejar Internet: No endere\u00e7o eletr\u00f4nico: https:\/\/www.linhaetica.com.br\/etica\/mvv Email: mvv@linhaetica.com.br Correspond\u00eancia: Linha \u00c9tica Minera\u00e7\u00e3o Vale VerdeCaixa Postal 79518S\u00e3o Paulo, SP \u2013 CEP 04711-904 CONFIRA ABAIXO NOSSO C\u00d3DIGO DE CONDUTA Clique aqui para ver.<\/p>\n","protected":false},"author":1,"featured_media":0,"parent":0,"menu_order":0,"comment_status":"closed","ping_status":"closed","template":"elementor_header_footer","meta":{"footnotes":""},"class_list":["post-893","page","type-page","status-publish","hentry"],"_links":{"self":[{"href":"https:\/\/servidorlumen.com.br\/mvv_verde\/wp-json\/wp\/v2\/pages\/893","targetHints":{"allow":["GET"]}}],"collection":[{"href":"https:\/\/servidorlumen.com.br\/mvv_verde\/wp-json\/wp\/v2\/pages"}],"about":[{"href":"https:\/\/servidorlumen.com.br\/mvv_verde\/wp-json\/wp\/v2\/types\/page"}],"author":[{"embeddable":true,"href":"https:\/\/servidorlumen.com.br\/mvv_verde\/wp-json\/wp\/v2\/users\/1"}],"replies":[{"embeddable":true,"href":"https:\/\/servidorlumen.com.br\/mvv_verde\/wp-json\/wp\/v2\/comments?post=893"}],"version-history":[{"count":4,"href":"https:\/\/servidorlumen.com.br\/mvv_verde\/wp-json\/wp\/v2\/pages\/893\/revisions"}],"predecessor-version":[{"id":943,"href":"https:\/\/servidorlumen.com.br\/mvv_verde\/wp-json\/wp\/v2\/pages\/893\/revisions\/943"}],"wp:attachment":[{"href":"https:\/\/servidorlumen.com.br\/mvv_verde\/wp-json\/wp\/v2\/media?parent=893"}],"curies":[{"name":"wp","href":"https:\/\/api.w.org\/{rel}","templated":true}]}}