{"id":890,"date":"2026-03-11T08:14:39","date_gmt":"2026-03-11T08:14:39","guid":{"rendered":"https:\/\/servidorlumen.com.br\/mvv_verde\/?page_id=890"},"modified":"2026-03-11T08:40:26","modified_gmt":"2026-03-11T08:40:26","slug":"integridade","status":"publish","type":"page","link":"https:\/\/servidorlumen.com.br\/mvv_verde\/integridade\/","title":{"rendered":"Integridade"},"content":{"rendered":"\t\t<div data-elementor-type=\"wp-page\" data-elementor-id=\"890\" class=\"elementor elementor-890\">\n\t\t\t\t<div class=\"elementor-element elementor-element-4c08b2d e-flex e-con-boxed wpr-particle-no wpr-jarallax-no wpr-parallax-no wpr-sticky-section-no e-con e-parent\" data-id=\"4c08b2d\" data-element_type=\"container\" data-e-type=\"container\">\n\t\t\t\t\t<div class=\"e-con-inner\">\n\t\t<div class=\"elementor-element elementor-element-de0db44 e-con-full e-flex wpr-particle-no wpr-jarallax-no wpr-parallax-no wpr-sticky-section-no e-con e-child\" data-id=\"de0db44\" data-element_type=\"container\" data-e-type=\"container\">\n\t\t\t\t<div class=\"elementor-element elementor-element-da4696b elementor-widget elementor-widget-heading\" data-id=\"da4696b\" data-element_type=\"widget\" data-e-type=\"widget\" data-widget_type=\"heading.default\">\n\t\t\t\t\t<h2 class=\"elementor-heading-title elementor-size-default\">LINHA DE \u00c9TICA VALE VERDE<\/h2>\t\t\t\t<\/div>\n\t\t\t\t<div class=\"elementor-element elementor-element-337bcb7 elementor-widget-divider--view-line elementor-widget elementor-widget-divider\" data-id=\"337bcb7\" data-element_type=\"widget\" data-e-type=\"widget\" data-widget_type=\"divider.default\">\n\t\t\t\t\t\t\t<div class=\"elementor-divider\">\n\t\t\t<span class=\"elementor-divider-separator\">\n\t\t\t\t\t\t<\/span>\n\t\t<\/div>\n\t\t\t\t\t\t<\/div>\n\t\t\t\t<div class=\"elementor-element elementor-element-b9f0734 elementor-widget elementor-widget-text-editor\" data-id=\"b9f0734\" data-element_type=\"widget\" data-e-type=\"widget\" data-widget_type=\"text-editor.default\">\n\t\t\t\t\t\t\t\t\t<div class=\"wpb_text_column wpb_content_element \"><div class=\"wpb_wrapper\"><p>Obrigado por contatar a Linha \u00c9tica da Minera\u00e7\u00e3o Vale Verde. Este canal foi desenvolvido para permitir o registro de relatos sobre situa\u00e7\u00f5es em que houve descumprimento do C\u00f3digo de Conduta. A Linha \u00c9tica da Minera\u00e7\u00e3o Vale Verde \u00e9 um canal independente, administrado pela empresa KPMG, que possui a experi\u00eancia necess\u00e1ria para obter informa\u00e7\u00f5es sobre situa\u00e7\u00f5es como m\u00e1 conduta, fraude e desvios de recursos, garantindo o anonimato e a confidencialidade das informa\u00e7\u00f5es recebidas.<br \/>Para entrar em contato com a Linha \u00c9tica, qualquer pessoa pode utilizar um dos quatro canais dispon\u00edveis:<\/p><\/div><\/div><div class=\"divider-wrap\">\u00a0<\/div>\t\t\t\t\t\t\t\t<\/div>\n\t\t\t\t<div class=\"elementor-element elementor-element-6a9a644 elementor-widget elementor-widget-heading\" data-id=\"6a9a644\" data-element_type=\"widget\" data-e-type=\"widget\" data-widget_type=\"heading.default\">\n\t\t\t\t\t<h2 class=\"elementor-heading-title elementor-size-default\">COMO ENTRAR EM CONTATO<\/h2>\t\t\t\t<\/div>\n\t\t\t\t<div class=\"elementor-element elementor-element-78e5988 elementor-widget-divider--view-line elementor-widget elementor-widget-divider\" data-id=\"78e5988\" data-element_type=\"widget\" data-e-type=\"widget\" data-widget_type=\"divider.default\">\n\t\t\t\t\t\t\t<div class=\"elementor-divider\">\n\t\t\t<span class=\"elementor-divider-separator\">\n\t\t\t\t\t\t<\/span>\n\t\t<\/div>\n\t\t\t\t\t\t<\/div>\n\t\t\t\t<div class=\"elementor-element elementor-element-93c93ed elementor-widget elementor-widget-heading\" data-id=\"93c93ed\" data-element_type=\"widget\" data-e-type=\"widget\" data-widget_type=\"heading.default\">\n\t\t\t\t\t<h2 class=\"elementor-heading-title elementor-size-default\">Telefone:<\/h2>\t\t\t\t<\/div>\n\t\t\t\t<div class=\"elementor-element elementor-element-7c680ab elementor-widget elementor-widget-text-editor\" data-id=\"7c680ab\" data-element_type=\"widget\" data-e-type=\"widget\" data-widget_type=\"text-editor.default\">\n\t\t\t\t\t\t\t\t\t<div class=\"wpb_text_column wpb_content_element \"><div class=\"wpb_wrapper\"><p>Ligando gratuitamente para 0800-713-0104<\/p><div class=\"wpb_text_column wpb_content_element \"><div class=\"wpb_wrapper\"><p>Voc\u00ea pode permanecer an\u00f4nimo se desejar<\/p><\/div><\/div><\/div><\/div>\t\t\t\t\t\t\t\t<\/div>\n\t\t\t\t<div class=\"elementor-element elementor-element-0606b3b elementor-widget elementor-widget-heading\" data-id=\"0606b3b\" data-element_type=\"widget\" data-e-type=\"widget\" data-widget_type=\"heading.default\">\n\t\t\t\t\t<h2 class=\"elementor-heading-title elementor-size-default\">Internet:<\/h2>\t\t\t\t<\/div>\n\t\t\t\t<div class=\"elementor-element elementor-element-97edc5d elementor-widget elementor-widget-text-editor\" data-id=\"97edc5d\" data-element_type=\"widget\" data-e-type=\"widget\" data-widget_type=\"text-editor.default\">\n\t\t\t\t\t\t\t\t\t<div class=\"wpb_text_column wpb_content_element \"><div class=\"wpb_wrapper\"><p>No endere\u00e7o eletr\u00f4nico:<\/p><\/div><\/div>\t\t\t\t\t\t\t\t<\/div>\n\t\t\t\t<div class=\"elementor-element elementor-element-5b01228 elementor-widget elementor-widget-text-editor\" data-id=\"5b01228\" data-element_type=\"widget\" data-e-type=\"widget\" data-widget_type=\"text-editor.default\">\n\t\t\t\t\t\t\t\t\t<p>https:\/\/www.linhaetica.com.br\/etica\/mvv<\/p>\t\t\t\t\t\t\t\t<\/div>\n\t\t\t\t<div class=\"elementor-element elementor-element-93dc95a elementor-widget elementor-widget-heading\" data-id=\"93dc95a\" data-element_type=\"widget\" data-e-type=\"widget\" data-widget_type=\"heading.default\">\n\t\t\t\t\t<h2 class=\"elementor-heading-title elementor-size-default\">Email:<\/h2>\t\t\t\t<\/div>\n\t\t\t\t<div class=\"elementor-element elementor-element-0796dea elementor-widget elementor-widget-text-editor\" data-id=\"0796dea\" data-element_type=\"widget\" data-e-type=\"widget\" data-widget_type=\"text-editor.default\">\n\t\t\t\t\t\t\t\t\t<p>mvv@linhaetica.com.br<\/p>\t\t\t\t\t\t\t\t<\/div>\n\t\t\t\t<div class=\"elementor-element elementor-element-900f4a2 elementor-widget elementor-widget-heading\" data-id=\"900f4a2\" data-element_type=\"widget\" data-e-type=\"widget\" data-widget_type=\"heading.default\">\n\t\t\t\t\t<h2 class=\"elementor-heading-title elementor-size-default\">Correspond\u00eancia:<\/h2>\t\t\t\t<\/div>\n\t\t\t\t<div class=\"elementor-element elementor-element-00d2a11 elementor-widget elementor-widget-text-editor\" data-id=\"00d2a11\" data-element_type=\"widget\" data-e-type=\"widget\" data-widget_type=\"text-editor.default\">\n\t\t\t\t\t\t\t\t\t<p>Linha \u00c9tica Minera\u00e7\u00e3o Vale Verde<br \/>Caixa Postal 79518<br \/>S\u00e3o Paulo, SP \u2013 CEP 04711-904<\/p>\t\t\t\t\t\t\t\t<\/div>\n\t\t\t\t<div class=\"elementor-element elementor-element-9a8339a elementor-widget elementor-widget-heading\" data-id=\"9a8339a\" data-element_type=\"widget\" data-e-type=\"widget\" data-widget_type=\"heading.default\">\n\t\t\t\t\t<h2 class=\"elementor-heading-title elementor-size-default\">CONFIRA ABAIXO NOSSO C\u00d3DIGO DE CONDUTA<\/h2>\t\t\t\t<\/div>\n\t\t\t\t<div class=\"elementor-element elementor-element-b93bab4 elementor-widget-divider--view-line elementor-widget elementor-widget-divider\" data-id=\"b93bab4\" data-element_type=\"widget\" data-e-type=\"widget\" data-widget_type=\"divider.default\">\n\t\t\t\t\t\t\t<div class=\"elementor-divider\">\n\t\t\t<span class=\"elementor-divider-separator\">\n\t\t\t\t\t\t<\/span>\n\t\t<\/div>\n\t\t\t\t\t\t<\/div>\n\t\t\t\t<div class=\"elementor-element elementor-element-063ce82 elementor-widget elementor-widget-image\" data-id=\"063ce82\" data-element_type=\"widget\" data-e-type=\"widget\" data-widget_type=\"image.default\">\n\t\t\t\t\t\t\t\t\t\t\t\t\t\t\t<img fetchpriority=\"high\" decoding=\"async\" width=\"960\" height=\"640\" src=\"https:\/\/servidorlumen.com.br\/mvv_verde\/wp-content\/uploads\/2026\/03\/placeholder-6-1024x683.png\" class=\"attachment-large size-large wp-image-930\" alt=\"\" srcset=\"https:\/\/servidorlumen.com.br\/mvv_verde\/wp-content\/uploads\/2026\/03\/placeholder-6-1024x683.png 1024w, https:\/\/servidorlumen.com.br\/mvv_verde\/wp-content\/uploads\/2026\/03\/placeholder-6-300x200.png 300w, https:\/\/servidorlumen.com.br\/mvv_verde\/wp-content\/uploads\/2026\/03\/placeholder-6-768x512.png 768w, https:\/\/servidorlumen.com.br\/mvv_verde\/wp-content\/uploads\/2026\/03\/placeholder-6.png 1200w\" sizes=\"(max-width: 960px) 100vw, 960px\" \/>\t\t\t\t\t\t\t\t\t\t\t\t\t\t\t<\/div>\n\t\t\t\t<div class=\"elementor-element elementor-element-b999fae elementor-widget elementor-widget-heading\" data-id=\"b999fae\" data-element_type=\"widget\" data-e-type=\"widget\" data-widget_type=\"heading.default\">\n\t\t\t\t\t<h2 class=\"elementor-heading-title elementor-size-default\">POL\u00cdTICA ANTICORRUP\u00c7\u00c3O MVV<\/h2>\t\t\t\t<\/div>\n\t\t\t\t<div class=\"elementor-element elementor-element-7f1f4a6 elementor-widget-divider--view-line elementor-widget elementor-widget-divider\" data-id=\"7f1f4a6\" data-element_type=\"widget\" data-e-type=\"widget\" data-widget_type=\"divider.default\">\n\t\t\t\t\t\t\t<div class=\"elementor-divider\">\n\t\t\t<span class=\"elementor-divider-separator\">\n\t\t\t\t\t\t<\/span>\n\t\t<\/div>\n\t\t\t\t\t\t<\/div>\n\t\t\t\t<div class=\"elementor-element elementor-element-31fd753 elementor-widget elementor-widget-text-editor\" data-id=\"31fd753\" data-element_type=\"widget\" data-e-type=\"widget\" data-widget_type=\"text-editor.default\">\n\t\t\t\t\t\t\t\t\t<p>A corrup\u00e7\u00e3o \u00e9 um problema mundial, que afeta os neg\u00f3cios e a sociedade. A Minera\u00e7\u00e3o Vale Verde est\u00e1 empenhada em combater este mal em todas as suas formas e esta Pol\u00edtica Anticorrup\u00e7\u00e3o \u00e9 uma declara\u00e7\u00e3o deste compromisso. Neste documento voc\u00ea encontrar\u00e1 informa\u00e7\u00f5es importantes sobre como nosso pessoal e nossos parceiros de neg\u00f3cios devem agir para assegurar que nossa cultura de integridade seja refer\u00eancia positiva em todos os lugares onde operamos.<\/p>\t\t\t\t\t\t\t\t<\/div>\n\t\t\t\t<div class=\"elementor-element elementor-element-cf8f29c elementor-widget elementor-widget-button\" data-id=\"cf8f29c\" data-element_type=\"widget\" data-e-type=\"widget\" data-widget_type=\"button.default\">\n\t\t\t\t\t\t\t\t\t\t<a class=\"elementor-button elementor-button-link elementor-size-sm\" href=\"https:\/\/servidorlumen.com.br\/mvv\/wp-content\/uploads\/2026\/03\/Politica-Anticorrupcao-MVV.pdf\" target=\"_blank\">\n\t\t\t\t\t\t<span class=\"elementor-button-content-wrapper\">\n\t\t\t\t\t\t\t\t\t<span class=\"elementor-button-text\">Clique aqui para ver.<\/span>\n\t\t\t\t\t<\/span>\n\t\t\t\t\t<\/a>\n\t\t\t\t\t\t\t\t<\/div>\n\t\t\t\t<div class=\"elementor-element elementor-element-1b66f30 elementor-widget elementor-widget-heading\" data-id=\"1b66f30\" data-element_type=\"widget\" data-e-type=\"widget\" data-widget_type=\"heading.default\">\n\t\t\t\t\t<h2 class=\"elementor-heading-title elementor-size-default\">POL\u00cdTICA DE DIREITOS HUMANOS<\/h2>\t\t\t\t<\/div>\n\t\t\t\t<div class=\"elementor-element elementor-element-d1c5ad0 elementor-widget-divider--view-line elementor-widget elementor-widget-divider\" data-id=\"d1c5ad0\" data-element_type=\"widget\" data-e-type=\"widget\" data-widget_type=\"divider.default\">\n\t\t\t\t\t\t\t<div class=\"elementor-divider\">\n\t\t\t<span class=\"elementor-divider-separator\">\n\t\t\t\t\t\t<\/span>\n\t\t<\/div>\n\t\t\t\t\t\t<\/div>\n\t\t\t\t<div class=\"elementor-element elementor-element-131c904 elementor-widget elementor-widget-button\" data-id=\"131c904\" data-element_type=\"widget\" data-e-type=\"widget\" data-widget_type=\"button.default\">\n\t\t\t\t\t\t\t\t\t\t<a class=\"elementor-button elementor-button-link elementor-size-sm\" href=\"https:\/\/servidorlumen.com.br\/mvv\/wp-content\/uploads\/2026\/03\/Politica-de-Direitos-Humanos-20200310.pdf\" target=\"_blank\">\n\t\t\t\t\t\t<span class=\"elementor-button-content-wrapper\">\n\t\t\t\t\t\t\t\t\t<span class=\"elementor-button-text\">Clique aqui para ver.<\/span>\n\t\t\t\t\t<\/span>\n\t\t\t\t\t<\/a>\n\t\t\t\t\t\t\t\t<\/div>\n\t\t\t\t<\/div>\n\t\t\t\t\t<\/div>\n\t\t\t\t<\/div>\n\t\t\t\t<\/div>\n\t\t","protected":false},"excerpt":{"rendered":"<p>LINHA DE \u00c9TICA VALE VERDE Obrigado por contatar a Linha \u00c9tica da Minera\u00e7\u00e3o Vale Verde. Este canal foi desenvolvido para permitir o registro de relatos sobre situa\u00e7\u00f5es em que houve descumprimento do C\u00f3digo de Conduta. A Linha \u00c9tica da Minera\u00e7\u00e3o Vale Verde \u00e9 um canal independente, administrado pela empresa KPMG, que possui a experi\u00eancia necess\u00e1ria para obter informa\u00e7\u00f5es sobre situa\u00e7\u00f5es como m\u00e1 conduta, fraude e desvios de recursos, garantindo o anonimato e a confidencialidade das informa\u00e7\u00f5es recebidas.Para entrar em contato com a Linha \u00c9tica, qualquer pessoa pode utilizar um dos quatro canais dispon\u00edveis: \u00a0 COMO ENTRAR EM CONTATO Telefone: Ligando gratuitamente para 0800-713-0104 Voc\u00ea pode permanecer an\u00f4nimo se desejar Internet: No endere\u00e7o eletr\u00f4nico: https:\/\/www.linhaetica.com.br\/etica\/mvv Email: mvv@linhaetica.com.br Correspond\u00eancia: Linha \u00c9tica Minera\u00e7\u00e3o Vale VerdeCaixa Postal 79518S\u00e3o Paulo, SP \u2013 CEP 04711-904 CONFIRA ABAIXO NOSSO C\u00d3DIGO DE CONDUTA POL\u00cdTICA ANTICORRUP\u00c7\u00c3O MVV A corrup\u00e7\u00e3o \u00e9 um problema mundial, que afeta os neg\u00f3cios e a sociedade. A Minera\u00e7\u00e3o Vale Verde est\u00e1 empenhada em combater este mal em todas as suas formas e esta Pol\u00edtica Anticorrup\u00e7\u00e3o \u00e9 uma declara\u00e7\u00e3o deste compromisso. Neste documento voc\u00ea encontrar\u00e1 informa\u00e7\u00f5es importantes sobre como nosso pessoal e nossos parceiros de neg\u00f3cios devem agir para assegurar que nossa cultura de integridade seja refer\u00eancia positiva em todos os lugares onde operamos. Clique aqui para ver. POL\u00cdTICA DE DIREITOS HUMANOS Clique aqui para ver.<\/p>\n","protected":false},"author":1,"featured_media":0,"parent":0,"menu_order":0,"comment_status":"closed","ping_status":"closed","template":"elementor_header_footer","meta":{"footnotes":""},"class_list":["post-890","page","type-page","status-publish","hentry"],"_links":{"self":[{"href":"https:\/\/servidorlumen.com.br\/mvv_verde\/wp-json\/wp\/v2\/pages\/890","targetHints":{"allow":["GET"]}}],"collection":[{"href":"https:\/\/servidorlumen.com.br\/mvv_verde\/wp-json\/wp\/v2\/pages"}],"about":[{"href":"https:\/\/servidorlumen.com.br\/mvv_verde\/wp-json\/wp\/v2\/types\/page"}],"author":[{"embeddable":true,"href":"https:\/\/servidorlumen.com.br\/mvv_verde\/wp-json\/wp\/v2\/users\/1"}],"replies":[{"embeddable":true,"href":"https:\/\/servidorlumen.com.br\/mvv_verde\/wp-json\/wp\/v2\/comments?post=890"}],"version-history":[{"count":4,"href":"https:\/\/servidorlumen.com.br\/mvv_verde\/wp-json\/wp\/v2\/pages\/890\/revisions"}],"predecessor-version":[{"id":936,"href":"https:\/\/servidorlumen.com.br\/mvv_verde\/wp-json\/wp\/v2\/pages\/890\/revisions\/936"}],"wp:attachment":[{"href":"https:\/\/servidorlumen.com.br\/mvv_verde\/wp-json\/wp\/v2\/media?parent=890"}],"curies":[{"name":"wp","href":"https:\/\/api.w.org\/{rel}","templated":true}]}}