{"id":763,"date":"2026-03-06T14:07:00","date_gmt":"2026-03-06T14:07:00","guid":{"rendered":"https:\/\/servidorlumen.com.br\/mvv\/?page_id=763"},"modified":"2026-04-01T21:12:45","modified_gmt":"2026-04-01T21:12:45","slug":"edital-projeto-social","status":"publish","type":"page","link":"https:\/\/servidorlumen.com.br\/mvv\/edital-projeto-social\/","title":{"rendered":"Edital Projeto Social"},"content":{"rendered":"\t\t<div data-elementor-type=\"wp-page\" data-elementor-id=\"763\" class=\"elementor elementor-763\">\n\t\t\t\t<div class=\"elementor-element elementor-element-f17ac6e e-con-full e-flex wpr-particle-no wpr-jarallax-no wpr-parallax-no wpr-sticky-section-no e-con e-parent\" data-id=\"f17ac6e\" data-element_type=\"container\" data-e-type=\"container\">\n\t\t<div class=\"elementor-element elementor-element-bd37732 e-con-full e-flex wpr-particle-no wpr-jarallax-no wpr-parallax-no wpr-sticky-section-no e-con e-child\" data-id=\"bd37732\" data-element_type=\"container\" data-e-type=\"container\" data-settings=\"{&quot;background_background&quot;:&quot;classic&quot;}\">\n\t\t\t\t<\/div>\n\t\t\t\t<\/div>\n\t\t<div class=\"elementor-element elementor-element-3381018 e-con-full e-flex wpr-particle-no wpr-jarallax-no wpr-parallax-no wpr-sticky-section-no e-con e-parent\" data-id=\"3381018\" data-element_type=\"container\" data-e-type=\"container\">\n\t\t\t\t<div class=\"elementor-element elementor-element-5cda164 elementor-widget elementor-widget-heading\" data-id=\"5cda164\" data-element_type=\"widget\" data-e-type=\"widget\" data-widget_type=\"heading.default\">\n\t\t\t\t\t<h2 class=\"elementor-heading-title elementor-size-default\">\n5\u00ba EDITAL DE PATROC\u00cdNIO A PROJETOS SOCIAIS<\/h2>\t\t\t\t<\/div>\n\t\t\t\t<div class=\"elementor-element elementor-element-cd09703 elementor-widget-divider--view-line elementor-widget elementor-widget-divider\" data-id=\"cd09703\" data-element_type=\"widget\" data-e-type=\"widget\" data-widget_type=\"divider.default\">\n\t\t\t\t\t\t\t<div class=\"elementor-divider\">\n\t\t\t<span class=\"elementor-divider-separator\">\n\t\t\t\t\t\t<\/span>\n\t\t<\/div>\n\t\t\t\t\t\t<\/div>\n\t\t\t\t<\/div>\n\t\t<div class=\"elementor-element elementor-element-b14c24d e-flex e-con-boxed wpr-particle-no wpr-jarallax-no wpr-parallax-no wpr-sticky-section-no e-con e-parent\" data-id=\"b14c24d\" data-element_type=\"container\" data-e-type=\"container\">\n\t\t\t\t\t<div class=\"e-con-inner\">\n\t\t\t\t<div class=\"elementor-element elementor-element-1bdfd31 elementor-widget elementor-widget-text-editor\" data-id=\"1bdfd31\" data-element_type=\"widget\" data-e-type=\"widget\" data-widget_type=\"text-editor.default\">\n\t\t\t\t\t\t\t\t\t<div id=\"fws_69cd55dc8599e\" class=\"wpb_row vc_row-fluid vc_row standard_section   \" data-midnight=\"dark\" data-bg-mobile-hidden=\"\"><div class=\"col span_12 dark left\"><div class=\"vc_col-sm-12 wpb_column column_container vc_column_container col no-extra-padding instance-0\" data-border-radius=\"none\" data-shadow=\"none\" data-border-animation=\"\" data-border-animation-delay=\"\" data-border-width=\"none\" data-border-style=\"solid\" data-border-color=\"\" data-bg-cover=\"\" data-padding-pos=\"all\" data-has-bg-color=\"false\" data-bg-color=\"\" data-bg-opacity=\"1\" data-hover-bg=\"\" data-hover-bg-opacity=\"1\" data-animation=\"\" data-delay=\"0\"><div class=\"vc_column-inner\"><div class=\"wpb_wrapper\"><div class=\"wpb_text_column wpb_content_element \"><div class=\"wpb_wrapper\"><p>Exclusivo para projetos das cidades de Cra\u00edbas e Arapiraca, no Agreste alagoano, o presente edital est\u00e1 com inscri\u00e7\u00f5es abertas de 27\/03 a 27\/04\/2026, at\u00e9 as 23h59.<\/p><p>Clique no bot\u00e3o abaixo para visualizar o documento na \u00edntegra:<\/p><\/div><\/div><\/div><\/div><\/div><\/div><\/div><div id=\"fws_69cd55dc86173\" class=\"wpb_row vc_row-fluid vc_row standard_section   \" data-midnight=\"dark\" data-bg-mobile-hidden=\"\"><div class=\"row-bg-wrap instance-1\"><div class=\"inner-wrap\">\u00a0<\/div><\/div><\/div>\t\t\t\t\t\t\t\t<\/div>\n\t\t\t\t<div class=\"elementor-element elementor-element-13d954e elementor-align-center elementor-widget elementor-widget-button\" data-id=\"13d954e\" data-element_type=\"widget\" data-e-type=\"widget\" data-widget_type=\"button.default\">\n\t\t\t\t\t\t\t\t\t\t<a class=\"elementor-button elementor-button-link elementor-size-sm\" href=\"https:\/\/vale-verde.com\/wp-content\/uploads\/2026\/03\/Edital-de-Patrocinio-a-Projetos-Sociais-MVV-2026.pdf\" target=\"_blank\">\n\t\t\t\t\t\t<span class=\"elementor-button-content-wrapper\">\n\t\t\t\t\t\t\t\t\t<span class=\"elementor-button-text\">VISUALIZE O EDITAL CLICANDO AQUI <\/span>\n\t\t\t\t\t<\/span>\n\t\t\t\t\t<\/a>\n\t\t\t\t\t\t\t\t<\/div>\n\t\t\t\t\t<\/div>\n\t\t\t\t<\/div>\n\t\t\t\t<\/div>\n\t\t","protected":false},"excerpt":{"rendered":"<p>5\u00ba EDITAL DE PATROC\u00cdNIO A PROJETOS SOCIAIS Exclusivo para projetos das cidades de Cra\u00edbas e Arapiraca, no Agreste alagoano, o presente edital est\u00e1 com inscri\u00e7\u00f5es abertas de 27\/03 a 27\/04\/2026, at\u00e9 as 23h59. Clique no bot\u00e3o abaixo para visualizar o documento na \u00edntegra: \u00a0 VISUALIZE O EDITAL CLICANDO AQUI<\/p>\n","protected":false},"author":1,"featured_media":0,"parent":0,"menu_order":0,"comment_status":"closed","ping_status":"closed","template":"elementor_header_footer","meta":{"footnotes":""},"class_list":["post-763","page","type-page","status-publish","hentry"],"_links":{"self":[{"href":"https:\/\/servidorlumen.com.br\/mvv\/wp-json\/wp\/v2\/pages\/763","targetHints":{"allow":["GET"]}}],"collection":[{"href":"https:\/\/servidorlumen.com.br\/mvv\/wp-json\/wp\/v2\/pages"}],"about":[{"href":"https:\/\/servidorlumen.com.br\/mvv\/wp-json\/wp\/v2\/types\/page"}],"author":[{"embeddable":true,"href":"https:\/\/servidorlumen.com.br\/mvv\/wp-json\/wp\/v2\/users\/1"}],"replies":[{"embeddable":true,"href":"https:\/\/servidorlumen.com.br\/mvv\/wp-json\/wp\/v2\/comments?post=763"}],"version-history":[{"count":34,"href":"https:\/\/servidorlumen.com.br\/mvv\/wp-json\/wp\/v2\/pages\/763\/revisions"}],"predecessor-version":[{"id":2473,"href":"https:\/\/servidorlumen.com.br\/mvv\/wp-json\/wp\/v2\/pages\/763\/revisions\/2473"}],"wp:attachment":[{"href":"https:\/\/servidorlumen.com.br\/mvv\/wp-json\/wp\/v2\/media?parent=763"}],"curies":[{"name":"wp","href":"https:\/\/api.w.org\/{rel}","templated":true}]}}