{"id":760,"date":"2026-03-06T14:05:50","date_gmt":"2026-03-06T14:05:50","guid":{"rendered":"https:\/\/servidorlumen.com.br\/mvv\/?page_id=760"},"modified":"2026-04-15T20:14:35","modified_gmt":"2026-04-15T20:14:35","slug":"paebm","status":"publish","type":"page","link":"https:\/\/servidorlumen.com.br\/mvv\/paebm\/","title":{"rendered":"PAEBM"},"content":{"rendered":"\t\t<div data-elementor-type=\"wp-page\" data-elementor-id=\"760\" class=\"elementor elementor-760\">\n\t\t\t\t<div class=\"elementor-element elementor-element-a76fd4f e-con-full e-flex wpr-particle-no wpr-jarallax-no wpr-parallax-no wpr-sticky-section-no e-con e-parent\" data-id=\"a76fd4f\" data-element_type=\"container\" data-e-type=\"container\">\n\t\t<div class=\"elementor-element elementor-element-3546449 e-con-full e-flex wpr-particle-no wpr-jarallax-no wpr-parallax-no wpr-sticky-section-no e-con e-child\" data-id=\"3546449\" data-element_type=\"container\" data-e-type=\"container\" data-settings=\"{&quot;background_background&quot;:&quot;classic&quot;}\">\n\t\t\t\t<\/div>\n\t\t\t\t<\/div>\n\t\t<div class=\"elementor-element elementor-element-dff2aa4 e-flex e-con-boxed wpr-particle-no wpr-jarallax-no wpr-parallax-no wpr-sticky-section-no e-con e-parent\" data-id=\"dff2aa4\" data-element_type=\"container\" data-e-type=\"container\">\n\t\t\t\t\t<div class=\"e-con-inner\">\n\t\t\t\t<div class=\"elementor-element elementor-element-586767a elementor-widget elementor-widget-heading\" data-id=\"586767a\" data-element_type=\"widget\" data-e-type=\"widget\" data-widget_type=\"heading.default\">\n\t\t\t\t\t<h2 class=\"elementor-heading-title elementor-size-default\">PAEBM<\/h2>\t\t\t\t<\/div>\n\t\t\t\t<div class=\"elementor-element elementor-element-991f712 elementor-widget-divider--view-line elementor-widget elementor-widget-divider\" data-id=\"991f712\" data-element_type=\"widget\" data-e-type=\"widget\" data-widget_type=\"divider.default\">\n\t\t\t\t\t\t\t<div class=\"elementor-divider\">\n\t\t\t<span class=\"elementor-divider-separator\">\n\t\t\t\t\t\t<\/span>\n\t\t<\/div>\n\t\t\t\t\t\t<\/div>\n\t\t\t\t<div class=\"elementor-element elementor-element-ee2b0e1 elementor-widget elementor-widget-text-editor\" data-id=\"ee2b0e1\" data-element_type=\"widget\" data-e-type=\"widget\" data-widget_type=\"text-editor.default\">\n\t\t\t\t\t\t\t\t\t<p>Abaixo voc\u00ea pode acompanhar o nosso Plano de Atendimento de Emerg\u00eancia de Barragem da Minera\u00e7\u00e3o Vale Verde<\/p>\t\t\t\t\t\t\t\t<\/div>\n\t\t\t\t<div class=\"elementor-element elementor-element-39bacbf elementor-widget elementor-widget-html\" data-id=\"39bacbf\" data-element_type=\"widget\" data-e-type=\"widget\" data-widget_type=\"html.default\">\n\t\t\t\t\t<iframe src=\"https:\/\/clear-brown-79afgbxbiq.edgeone.app\/SE-BAR-PL-001-REV-13-250611%20-%20Publico%20(1).pdf\" \r\nwidth=\"100%\" height=\"600px\">\r\n<\/iframe>\t\t\t\t<\/div>\n\t\t\t\t\t<\/div>\n\t\t\t\t<\/div>\n\t\t\t\t<\/div>\n\t\t","protected":false},"excerpt":{"rendered":"<p>PAEBM Abaixo voc\u00ea pode acompanhar o nosso Plano de Atendimento de Emerg\u00eancia de Barragem da Minera\u00e7\u00e3o Vale Verde<\/p>\n","protected":false},"author":1,"featured_media":0,"parent":0,"menu_order":0,"comment_status":"closed","ping_status":"closed","template":"elementor_header_footer","meta":{"footnotes":""},"class_list":["post-760","page","type-page","status-publish","hentry"],"_links":{"self":[{"href":"https:\/\/servidorlumen.com.br\/mvv\/wp-json\/wp\/v2\/pages\/760","targetHints":{"allow":["GET"]}}],"collection":[{"href":"https:\/\/servidorlumen.com.br\/mvv\/wp-json\/wp\/v2\/pages"}],"about":[{"href":"https:\/\/servidorlumen.com.br\/mvv\/wp-json\/wp\/v2\/types\/page"}],"author":[{"embeddable":true,"href":"https:\/\/servidorlumen.com.br\/mvv\/wp-json\/wp\/v2\/users\/1"}],"replies":[{"embeddable":true,"href":"https:\/\/servidorlumen.com.br\/mvv\/wp-json\/wp\/v2\/comments?post=760"}],"version-history":[{"count":40,"href":"https:\/\/servidorlumen.com.br\/mvv\/wp-json\/wp\/v2\/pages\/760\/revisions"}],"predecessor-version":[{"id":2705,"href":"https:\/\/servidorlumen.com.br\/mvv\/wp-json\/wp\/v2\/pages\/760\/revisions\/2705"}],"wp:attachment":[{"href":"https:\/\/servidorlumen.com.br\/mvv\/wp-json\/wp\/v2\/media?parent=760"}],"curies":[{"name":"wp","href":"https:\/\/api.w.org\/{rel}","templated":true}]}}