{"id":751,"date":"2026-03-06T13:56:03","date_gmt":"2026-03-06T13:56:03","guid":{"rendered":"https:\/\/servidorlumen.com.br\/mvv\/?page_id=751"},"modified":"2026-04-02T16:30:37","modified_gmt":"2026-04-02T16:30:37","slug":"meio-ambiente","status":"publish","type":"page","link":"https:\/\/servidorlumen.com.br\/mvv\/meio-ambiente\/","title":{"rendered":"Meio Ambiente"},"content":{"rendered":"\t\t<div data-elementor-type=\"wp-page\" data-elementor-id=\"751\" class=\"elementor elementor-751\">\n\t\t\t\t<div class=\"elementor-element elementor-element-a811f78 e-con-full e-flex wpr-particle-no wpr-jarallax-no wpr-parallax-no wpr-sticky-section-no e-con e-parent\" data-id=\"a811f78\" data-element_type=\"container\" data-e-type=\"container\">\n\t\t<div class=\"elementor-element elementor-element-b6c423d e-con-full e-flex wpr-particle-no wpr-jarallax-no wpr-parallax-no wpr-sticky-section-no e-con e-child\" data-id=\"b6c423d\" data-element_type=\"container\" data-e-type=\"container\" data-settings=\"{&quot;background_background&quot;:&quot;classic&quot;}\">\n\t\t\t\t<div class=\"elementor-element elementor-element-52a7aa9 elementor-widget elementor-widget-heading\" data-id=\"52a7aa9\" data-element_type=\"widget\" data-e-type=\"widget\" data-widget_type=\"heading.default\">\n\t\t\t\t\t<h2 class=\"elementor-heading-title elementor-size-default\">Meio Ambiente<\/h2>\t\t\t\t<\/div>\n\t\t\t\t<\/div>\n\t\t\t\t<\/div>\n\t\t<div class=\"elementor-element elementor-element-9f0ec8d e-flex e-con-boxed wpr-particle-no wpr-jarallax-no wpr-parallax-no wpr-sticky-section-no e-con e-parent\" data-id=\"9f0ec8d\" data-element_type=\"container\" data-e-type=\"container\">\n\t\t\t\t\t<div class=\"e-con-inner\">\n\t\t\t\t<div class=\"elementor-element elementor-element-e216d87 elementor-widget elementor-widget-heading\" data-id=\"e216d87\" data-element_type=\"widget\" data-e-type=\"widget\" data-widget_type=\"heading.default\">\n\t\t\t\t\t<h2 class=\"elementor-heading-title elementor-size-default\">PROTEGENDO NOSSO FUTURO<\/h2>\t\t\t\t<\/div>\n\t\t\t\t<div class=\"elementor-element elementor-element-556246b elementor-widget-divider--view-line elementor-widget elementor-widget-divider\" data-id=\"556246b\" data-element_type=\"widget\" data-e-type=\"widget\" data-widget_type=\"divider.default\">\n\t\t\t\t\t\t\t<div class=\"elementor-divider\">\n\t\t\t<span class=\"elementor-divider-separator\">\n\t\t\t\t\t\t<\/span>\n\t\t<\/div>\n\t\t\t\t\t\t<\/div>\n\t\t\t\t\t<\/div>\n\t\t\t\t<\/div>\n\t\t<div class=\"elementor-element elementor-element-9392cf5 e-flex e-con-boxed wpr-particle-no wpr-jarallax-no wpr-parallax-no wpr-sticky-section-no e-con e-parent\" data-id=\"9392cf5\" data-element_type=\"container\" data-e-type=\"container\">\n\t\t\t\t\t<div class=\"e-con-inner\">\n\t\t<div class=\"elementor-element elementor-element-bacffd9 e-con-full e-flex wpr-particle-no wpr-jarallax-no wpr-parallax-no wpr-sticky-section-no e-con e-child\" data-id=\"bacffd9\" data-element_type=\"container\" data-e-type=\"container\">\n\t\t\t\t<div class=\"elementor-element elementor-element-cdd6325 elementor-widget elementor-widget-image\" data-id=\"cdd6325\" data-element_type=\"widget\" data-e-type=\"widget\" data-widget_type=\"image.default\">\n\t\t\t\t\t\t\t\t\t\t\t\t\t\t\t<img fetchpriority=\"high\" decoding=\"async\" width=\"960\" height=\"557\" src=\"https:\/\/servidorlumen.com.br\/mvv\/wp-content\/uploads\/2026\/03\/meioambiente-1024x594.jpg\" class=\"attachment-large size-large wp-image-1084\" alt=\"\" srcset=\"https:\/\/servidorlumen.com.br\/mvv\/wp-content\/uploads\/2026\/03\/meioambiente-1024x594.jpg 1024w, https:\/\/servidorlumen.com.br\/mvv\/wp-content\/uploads\/2026\/03\/meioambiente-300x174.jpg 300w, https:\/\/servidorlumen.com.br\/mvv\/wp-content\/uploads\/2026\/03\/meioambiente-768x446.jpg 768w, https:\/\/servidorlumen.com.br\/mvv\/wp-content\/uploads\/2026\/03\/meioambiente-1536x892.jpg 1536w, https:\/\/servidorlumen.com.br\/mvv\/wp-content\/uploads\/2026\/03\/meioambiente.jpg 1728w\" sizes=\"(max-width: 960px) 100vw, 960px\" \/>\t\t\t\t\t\t\t\t\t\t\t\t\t\t\t<\/div>\n\t\t\t\t<\/div>\n\t\t<div class=\"elementor-element elementor-element-9b2c9ae e-con-full e-flex wpr-particle-no wpr-jarallax-no wpr-parallax-no wpr-sticky-section-no e-con e-child\" data-id=\"9b2c9ae\" data-element_type=\"container\" data-e-type=\"container\">\n\t\t\t\t<div class=\"elementor-element elementor-element-7f757ec elementor-widget elementor-widget-text-editor\" data-id=\"7f757ec\" data-element_type=\"widget\" data-e-type=\"widget\" data-widget_type=\"text-editor.default\">\n\t\t\t\t\t\t\t\t\t<p>Um dos maiores desafios mundiais no presente momento \u00e9 reverter o avan\u00e7o das mudan\u00e7as clim\u00e1ticas, ocasionado pela a\u00e7\u00e3o do homem. Dentro dessa seara, est\u00e3o as medidas de diminui\u00e7\u00e3o de emiss\u00e3o de gases, por exemplo.<\/p><p>A Minera\u00e7\u00e3o Vale Verde (MVV) concorda e reconhece sua responsabilidade direta nas a\u00e7\u00f5es para proteger os nossos empregados, ativos e comunidades de nossa \u00e1rea de influ\u00eancia direta (AID) diante de eventuais impactos.<\/p>\t\t\t\t\t\t\t\t<\/div>\n\t\t\t\t<\/div>\n\t\t\t\t\t<\/div>\n\t\t\t\t<\/div>\n\t\t<div class=\"elementor-element elementor-element-911cd92 e-flex e-con-boxed wpr-particle-no wpr-jarallax-no wpr-parallax-no wpr-sticky-section-no e-con e-parent\" data-id=\"911cd92\" data-element_type=\"container\" data-e-type=\"container\">\n\t\t\t\t\t<div class=\"e-con-inner\">\n\t\t\t\t<div class=\"elementor-element elementor-element-0ef6b07 elementor-widget elementor-widget-text-editor\" data-id=\"0ef6b07\" data-element_type=\"widget\" data-e-type=\"widget\" data-widget_type=\"text-editor.default\">\n\t\t\t\t\t\t\t\t\t<p>De nossa parte, h\u00e1 o compromisso e engajamento de trabalhar sempre em parceria, di\u00e1logo e respeito com todos os envolvidos, para que, juntos, possamos abordar e corrigir as causas e os impactos dessas mudan\u00e7as clim\u00e1ticas.<\/p><p>Por isso, em 2021, a MVV iniciar\u00e1 a opera\u00e7\u00e3o da planta de beneficiamento do Projeto Serrote, entre as cidades de Arapiraca e Cra\u00edbas, no agreste Alagoano. Para nos adiantarmos, contratamos uma empresa para calcular a previs\u00e3o de emiss\u00e3o de gases do efeito estuda da opera\u00e7\u00e3o da mina.<\/p><p>Averiguamos que em 2021 emitiremos 39 mil toneladas de CO2 \u2014 bem abaixo de 100 mil toneladas, o que obrigaria a empresa a realizar uma an\u00e1lise de alternativas para mitiga\u00e7\u00e3o de suas emiss\u00f5es. Em 2019, tamb\u00e9m realizamos esse c\u00e1lculo e nossos n\u00fameros foram ainda mais modestos: 20,9 mil toneladas.<\/p><p>\u00c9 dessa forma que vamos criando uma \u201cnova economia verde\u201d, com um p\u00e9 no desenvolvimento e outro na real sustentabilidade.<\/p>\t\t\t\t\t\t\t\t<\/div>\n\t\t\t\t\t<\/div>\n\t\t\t\t<\/div>\n\t\t\t\t<\/div>\n\t\t","protected":false},"excerpt":{"rendered":"<p>Meio Ambiente PROTEGENDO NOSSO FUTURO Um dos maiores desafios mundiais no presente momento \u00e9 reverter o avan\u00e7o das mudan\u00e7as clim\u00e1ticas, ocasionado pela a\u00e7\u00e3o do homem. Dentro dessa seara, est\u00e3o as medidas de diminui\u00e7\u00e3o de emiss\u00e3o de gases, por exemplo. A Minera\u00e7\u00e3o Vale Verde (MVV) concorda e reconhece sua responsabilidade direta nas a\u00e7\u00f5es para proteger os nossos empregados, ativos e comunidades de nossa \u00e1rea de influ\u00eancia direta (AID) diante de eventuais impactos. De nossa parte, h\u00e1 o compromisso e engajamento de trabalhar sempre em parceria, di\u00e1logo e respeito com todos os envolvidos, para que, juntos, possamos abordar e corrigir as causas e os impactos dessas mudan\u00e7as clim\u00e1ticas. Por isso, em 2021, a MVV iniciar\u00e1 a opera\u00e7\u00e3o da planta de beneficiamento do Projeto Serrote, entre as cidades de Arapiraca e Cra\u00edbas, no agreste Alagoano. Para nos adiantarmos, contratamos uma empresa para calcular a previs\u00e3o de emiss\u00e3o de gases do efeito estuda da opera\u00e7\u00e3o da mina. Averiguamos que em 2021 emitiremos 39 mil toneladas de CO2 \u2014 bem abaixo de 100 mil toneladas, o que obrigaria a empresa a realizar uma an\u00e1lise de alternativas para mitiga\u00e7\u00e3o de suas emiss\u00f5es. Em 2019, tamb\u00e9m realizamos esse c\u00e1lculo e nossos n\u00fameros foram ainda mais modestos: 20,9 mil toneladas. \u00c9 dessa forma que vamos criando uma \u201cnova economia verde\u201d, com um p\u00e9 no desenvolvimento e outro na real sustentabilidade.<\/p>\n","protected":false},"author":1,"featured_media":0,"parent":0,"menu_order":0,"comment_status":"closed","ping_status":"closed","template":"elementor_header_footer","meta":{"footnotes":""},"class_list":["post-751","page","type-page","status-publish","hentry"],"_links":{"self":[{"href":"https:\/\/servidorlumen.com.br\/mvv\/wp-json\/wp\/v2\/pages\/751","targetHints":{"allow":["GET"]}}],"collection":[{"href":"https:\/\/servidorlumen.com.br\/mvv\/wp-json\/wp\/v2\/pages"}],"about":[{"href":"https:\/\/servidorlumen.com.br\/mvv\/wp-json\/wp\/v2\/types\/page"}],"author":[{"embeddable":true,"href":"https:\/\/servidorlumen.com.br\/mvv\/wp-json\/wp\/v2\/users\/1"}],"replies":[{"embeddable":true,"href":"https:\/\/servidorlumen.com.br\/mvv\/wp-json\/wp\/v2\/comments?post=751"}],"version-history":[{"count":25,"href":"https:\/\/servidorlumen.com.br\/mvv\/wp-json\/wp\/v2\/pages\/751\/revisions"}],"predecessor-version":[{"id":2660,"href":"https:\/\/servidorlumen.com.br\/mvv\/wp-json\/wp\/v2\/pages\/751\/revisions\/2660"}],"wp:attachment":[{"href":"https:\/\/servidorlumen.com.br\/mvv\/wp-json\/wp\/v2\/media?parent=751"}],"curies":[{"name":"wp","href":"https:\/\/api.w.org\/{rel}","templated":true}]}}