{"id":745,"date":"2026-03-06T13:42:44","date_gmt":"2026-03-06T13:42:44","guid":{"rendered":"https:\/\/servidorlumen.com.br\/mvv\/?page_id=745"},"modified":"2026-03-27T14:01:36","modified_gmt":"2026-03-27T14:01:36","slug":"trabalhe-conosco","status":"publish","type":"page","link":"https:\/\/servidorlumen.com.br\/mvv\/trabalhe-conosco\/","title":{"rendered":"Trabalhe Conosco"},"content":{"rendered":"\t\t<div data-elementor-type=\"wp-page\" data-elementor-id=\"745\" class=\"elementor elementor-745\">\n\t\t\t\t<div class=\"elementor-element elementor-element-5427c13 e-flex e-con-boxed wpr-particle-no wpr-jarallax-no wpr-parallax-no wpr-sticky-section-no e-con e-parent\" data-id=\"5427c13\" data-element_type=\"container\" data-e-type=\"container\">\n\t\t\t\t\t<div class=\"e-con-inner\">\n\t\t<div class=\"elementor-element elementor-element-cb8a1f7 e-con-full e-flex wpr-particle-no wpr-jarallax-no wpr-parallax-no wpr-sticky-section-no e-con e-child\" data-id=\"cb8a1f7\" data-element_type=\"container\" data-e-type=\"container\" data-settings=\"{&quot;background_background&quot;:&quot;classic&quot;}\">\n\t\t\t\t<div class=\"elementor-element elementor-element-c57ca65 elementor-widget elementor-widget-heading\" data-id=\"c57ca65\" data-element_type=\"widget\" data-e-type=\"widget\" data-widget_type=\"heading.default\">\n\t\t\t\t\t<h2 class=\"elementor-heading-title elementor-size-default\">Trabalhe Conosco<\/h2>\t\t\t\t<\/div>\n\t\t\t\t<\/div>\n\t\t\t\t\t<\/div>\n\t\t\t\t<\/div>\n\t\t<div class=\"elementor-element elementor-element-6999421 e-flex e-con-boxed wpr-particle-no wpr-jarallax-no wpr-parallax-no wpr-sticky-section-no e-con e-parent\" data-id=\"6999421\" data-element_type=\"container\" data-e-type=\"container\">\n\t\t\t\t\t<div class=\"e-con-inner\">\n\t\t\t\t<div class=\"elementor-element elementor-element-32fa9e5 elementor-widget elementor-widget-button\" data-id=\"32fa9e5\" data-element_type=\"widget\" data-e-type=\"widget\" data-widget_type=\"button.default\">\n\t\t\t\t\t\t\t\t\t\t<a class=\"elementor-button elementor-button-link elementor-size-sm\" href=\"#\">\n\t\t\t\t\t\t<span class=\"elementor-button-content-wrapper\">\n\t\t\t\t\t\t\t\t\t<span class=\"elementor-button-text\">ORGULHO DE SER MINERA\u00c7\u00c3O VALE VERDE<\/span>\n\t\t\t\t\t<\/span>\n\t\t\t\t\t<\/a>\n\t\t\t\t\t\t\t\t<\/div>\n\t\t\t\t<div class=\"elementor-element elementor-element-41dc100 elementor-widget elementor-widget-heading\" data-id=\"41dc100\" data-element_type=\"widget\" data-e-type=\"widget\" data-widget_type=\"heading.default\">\n\t\t\t\t\t<h2 class=\"elementor-heading-title elementor-size-default\">TRABALHE CONOSCO<\/h2>\t\t\t\t<\/div>\n\t\t\t\t<div class=\"elementor-element elementor-element-5495d98 elementor-widget-divider--view-line elementor-widget elementor-widget-divider\" data-id=\"5495d98\" data-element_type=\"widget\" data-e-type=\"widget\" data-widget_type=\"divider.default\">\n\t\t\t\t\t\t\t<div class=\"elementor-divider\">\n\t\t\t<span class=\"elementor-divider-separator\">\n\t\t\t\t\t\t<\/span>\n\t\t<\/div>\n\t\t\t\t\t\t<\/div>\n\t\t\t\t<div class=\"elementor-element elementor-element-6133f01 elementor-widget elementor-widget-text-editor\" data-id=\"6133f01\" data-element_type=\"widget\" data-e-type=\"widget\" data-widget_type=\"text-editor.default\">\n\t\t\t\t\t\t\t\t\t<div class=\"wpb_text_column wpb_content_element \"><div class=\"wpb_wrapper\"><p>A Minera\u00e7\u00e3o Vale Verde est\u00e1 sempre em busca de talentos para compor e aprimorar o seu time! Nossa premissa \u00e9 a valoriza\u00e7\u00e3o profissional baseada nos mais elevados padr\u00f5es \u00e9ticos, de diversidade e integridade nas rela\u00e7\u00f5es de trabalho. Tratamos a seguran\u00e7a e o respeito ao meio ambiente como prioridade no nosso dia-a-dia. Se voc\u00ea se identifica com esses valores e tem a vontade de trabalhar em um ambiente din\u00e2mico e em constante transforma\u00e7\u00e3o e crescimento, acesse o nosso site de recrutamento e se candidate a uma vaga.<\/p><\/div><\/div><div class=\"divider-wrap\"><div class=\"divider\">\u00a0<\/div><\/div>\t\t\t\t\t\t\t\t<\/div>\n\t\t<div class=\"elementor-element elementor-element-6cf0298 e-con-full e-flex wpr-particle-no wpr-jarallax-no wpr-parallax-no wpr-sticky-section-no e-con e-child\" data-id=\"6cf0298\" data-element_type=\"container\" data-e-type=\"container\" data-settings=\"{&quot;background_background&quot;:&quot;classic&quot;}\">\n\t\t\t\t<div class=\"elementor-element elementor-element-f17434a elementor-widget elementor-widget-heading\" data-id=\"f17434a\" data-element_type=\"widget\" data-e-type=\"widget\" data-widget_type=\"heading.default\">\n\t\t\t\t\t<h2 class=\"elementor-heading-title elementor-size-default\">VEM SER MINERA\u00c7\u00c3O VALE VERDE<\/h2>\t\t\t\t<\/div>\n\t\t\t\t<div class=\"elementor-element elementor-element-f480f42 elementor-widget elementor-widget-text-editor\" data-id=\"f480f42\" data-element_type=\"widget\" data-e-type=\"widget\" data-widget_type=\"text-editor.default\">\n\t\t\t\t\t\t\t\t\t<p>Fa\u00e7a parte do nosso time e nos ajude a impactar o setor de bioenergia.<\/p>\t\t\t\t\t\t\t\t<\/div>\n\t\t\t\t<div class=\"elementor-element elementor-element-3711b01 elementor-align-center elementor-widget elementor-widget-button\" data-id=\"3711b01\" data-element_type=\"widget\" data-e-type=\"widget\" data-widget_type=\"button.default\">\n\t\t\t\t\t\t\t\t\t\t<a class=\"elementor-button elementor-button-link elementor-size-sm\" href=\"https:\/\/vale-verde.gupy.io\/\">\n\t\t\t\t\t\t<span class=\"elementor-button-content-wrapper\">\n\t\t\t\t\t\t\t\t\t<span class=\"elementor-button-text\">CANDIDATE-SE<\/span>\n\t\t\t\t\t<\/span>\n\t\t\t\t\t<\/a>\n\t\t\t\t\t\t\t\t<\/div>\n\t\t\t\t<\/div>\n\t\t\t\t<div class=\"elementor-element elementor-element-f975146 elementor-align-center elementor-widget elementor-widget-button\" data-id=\"f975146\" data-element_type=\"widget\" data-e-type=\"widget\" data-widget_type=\"button.default\">\n\t\t\t\t\t\t\t\t\t\t<a class=\"elementor-button elementor-button-link elementor-size-sm\" href=\"https:\/\/linktr.ee\/mineracaovaleverde?utm_source=ig&#038;utm_medium=social&#038;utm_content=link_in_bio&#038;fbclid=PAZXh0bgNhZW0CMTEAc3J0YwZhcHBfaWQMMjU2MjgxMDQwNTU4AAGnGr9deSkNZFk-OQRbnt4gs6apdjAdMiYu2c_IIomN1QcvNOhOdSRdDxtdJnI_aem_si0gt9RtHzt-kM0mtcJyuQ\">\n\t\t\t\t\t\t<span class=\"elementor-button-content-wrapper\">\n\t\t\t\t\t\t\t\t\t<span class=\"elementor-button-text\">CONFIRA AS VAGAS DISPON\u00cdVEIS<\/span>\n\t\t\t\t\t<\/span>\n\t\t\t\t\t<\/a>\n\t\t\t\t\t\t\t\t<\/div>\n\t\t\t\t\t<\/div>\n\t\t\t\t<\/div>\n\t\t\t\t<\/div>\n\t\t","protected":false},"excerpt":{"rendered":"<p>Trabalhe Conosco ORGULHO DE SER MINERA\u00c7\u00c3O VALE VERDE TRABALHE CONOSCO A Minera\u00e7\u00e3o Vale Verde est\u00e1 sempre em busca de talentos para compor e aprimorar o seu time! Nossa premissa \u00e9 a valoriza\u00e7\u00e3o profissional baseada nos mais elevados padr\u00f5es \u00e9ticos, de diversidade e integridade nas rela\u00e7\u00f5es de trabalho. Tratamos a seguran\u00e7a e o respeito ao meio ambiente como prioridade no nosso dia-a-dia. Se voc\u00ea se identifica com esses valores e tem a vontade de trabalhar em um ambiente din\u00e2mico e em constante transforma\u00e7\u00e3o e crescimento, acesse o nosso site de recrutamento e se candidate a uma vaga. \u00a0 VEM SER MINERA\u00c7\u00c3O VALE VERDE Fa\u00e7a parte do nosso time e nos ajude a impactar o setor de bioenergia. CANDIDATE-SE CONFIRA AS VAGAS DISPON\u00cdVEIS<\/p>\n","protected":false},"author":1,"featured_media":0,"parent":0,"menu_order":0,"comment_status":"closed","ping_status":"closed","template":"elementor_header_footer","meta":{"footnotes":""},"class_list":["post-745","page","type-page","status-publish","hentry"],"_links":{"self":[{"href":"https:\/\/servidorlumen.com.br\/mvv\/wp-json\/wp\/v2\/pages\/745","targetHints":{"allow":["GET"]}}],"collection":[{"href":"https:\/\/servidorlumen.com.br\/mvv\/wp-json\/wp\/v2\/pages"}],"about":[{"href":"https:\/\/servidorlumen.com.br\/mvv\/wp-json\/wp\/v2\/types\/page"}],"author":[{"embeddable":true,"href":"https:\/\/servidorlumen.com.br\/mvv\/wp-json\/wp\/v2\/users\/1"}],"replies":[{"embeddable":true,"href":"https:\/\/servidorlumen.com.br\/mvv\/wp-json\/wp\/v2\/comments?post=745"}],"version-history":[{"count":55,"href":"https:\/\/servidorlumen.com.br\/mvv\/wp-json\/wp\/v2\/pages\/745\/revisions"}],"predecessor-version":[{"id":2375,"href":"https:\/\/servidorlumen.com.br\/mvv\/wp-json\/wp\/v2\/pages\/745\/revisions\/2375"}],"wp:attachment":[{"href":"https:\/\/servidorlumen.com.br\/mvv\/wp-json\/wp\/v2\/media?parent=745"}],"curies":[{"name":"wp","href":"https:\/\/api.w.org\/{rel}","templated":true}]}}