{"id":739,"date":"2026-03-06T13:35:17","date_gmt":"2026-03-06T13:35:17","guid":{"rendered":"https:\/\/servidorlumen.com.br\/mvv\/?page_id=739"},"modified":"2026-03-20T11:19:26","modified_gmt":"2026-03-20T11:19:26","slug":"educacional-ambiental","status":"publish","type":"page","link":"https:\/\/servidorlumen.com.br\/mvv\/educacional-ambiental\/","title":{"rendered":"Educacional Ambiental"},"content":{"rendered":"\t\t<div data-elementor-type=\"wp-page\" data-elementor-id=\"739\" class=\"elementor elementor-739\">\n\t\t\t\t<div class=\"elementor-element elementor-element-fbb9b03 e-flex e-con-boxed wpr-particle-no wpr-jarallax-no wpr-parallax-no wpr-sticky-section-no e-con e-parent\" data-id=\"fbb9b03\" data-element_type=\"container\" data-e-type=\"container\" data-settings=\"{&quot;background_background&quot;:&quot;classic&quot;}\">\n\t\t\t\t\t<div class=\"e-con-inner\">\n\t\t\t\t<div class=\"elementor-element elementor-element-6d68802 elementor-widget elementor-widget-heading\" data-id=\"6d68802\" data-element_type=\"widget\" data-e-type=\"widget\" data-widget_type=\"heading.default\">\n\t\t\t\t\t<h2 class=\"elementor-heading-title elementor-size-default\">Formar indiv\u00edduos preocupados com as quest\u00f5es ambientais do territ\u00f3rio onde estamos inseridos e que busquem a conserva\u00e7\u00e3o e a preserva\u00e7\u00e3o dos recursos naturais e a sustentabilidade da caatinga, considerando os aspectos econ\u00f4micos, sociais, pol\u00edticos e culturais relacionados a esse bioma \u00e9 um compromisso da MVV.<\/h2>\t\t\t\t<\/div>\n\t\t\t\t\t<\/div>\n\t\t\t\t<\/div>\n\t\t<div class=\"elementor-element elementor-element-3bb5199 e-flex e-con-boxed wpr-particle-no wpr-jarallax-no wpr-parallax-no wpr-sticky-section-no e-con e-parent\" data-id=\"3bb5199\" data-element_type=\"container\" data-e-type=\"container\" data-settings=\"{&quot;background_background&quot;:&quot;classic&quot;}\">\n\t\t\t\t\t<div class=\"e-con-inner\">\n\t\t\t\t\t<\/div>\n\t\t\t\t<\/div>\n\t\t<div class=\"elementor-element elementor-element-33a64a5 e-flex e-con-boxed wpr-particle-no wpr-jarallax-no wpr-parallax-no wpr-sticky-section-no e-con e-parent\" data-id=\"33a64a5\" data-element_type=\"container\" data-e-type=\"container\">\n\t\t\t\t\t<div class=\"e-con-inner\">\n\t\t\t\t<div class=\"elementor-element elementor-element-fb2e159 elementor-widget elementor-widget-heading\" data-id=\"fb2e159\" data-element_type=\"widget\" data-e-type=\"widget\" data-widget_type=\"heading.default\">\n\t\t\t\t\t<h2 class=\"elementor-heading-title elementor-size-default\">EDUCA\u00c7\u00c3O AMBIENTAL<\/h2>\t\t\t\t<\/div>\n\t\t\t\t<div class=\"elementor-element elementor-element-dfa8739 elementor-widget-divider--view-line elementor-widget elementor-widget-divider\" data-id=\"dfa8739\" data-element_type=\"widget\" data-e-type=\"widget\" data-widget_type=\"divider.default\">\n\t\t\t\t\t\t\t<div class=\"elementor-divider\">\n\t\t\t<span class=\"elementor-divider-separator\">\n\t\t\t\t\t\t<\/span>\n\t\t<\/div>\n\t\t\t\t\t\t<\/div>\n\t\t\t\t\t<\/div>\n\t\t\t\t<\/div>\n\t\t<div class=\"elementor-element elementor-element-d5af09d e-flex e-con-boxed wpr-particle-no wpr-jarallax-no wpr-parallax-no wpr-sticky-section-no e-con e-parent\" data-id=\"d5af09d\" data-element_type=\"container\" data-e-type=\"container\">\n\t\t\t\t\t<div class=\"e-con-inner\">\n\t\t<div class=\"elementor-element elementor-element-4702c6d e-con-full e-flex wpr-particle-no wpr-jarallax-no wpr-parallax-no wpr-sticky-section-no e-con e-child\" data-id=\"4702c6d\" data-element_type=\"container\" data-e-type=\"container\">\n\t\t\t\t<div class=\"elementor-element elementor-element-5f1dd57 elementor-widget elementor-widget-text-editor\" data-id=\"5f1dd57\" data-element_type=\"widget\" data-e-type=\"widget\" data-widget_type=\"text-editor.default\">\n\t\t\t\t\t\t\t\t\t<p>A Minera\u00e7\u00e3o Vale Verde pratica a Educa\u00e7\u00e3o Ambiental junto \u00e0s comunidades pr\u00f3ximas ao Projeto Serrote, contribuindo assim para a forma\u00e7\u00e3o de cidad\u00e3os conscientes sobre a import\u00e2ncia de se preservar os recursos naturais existentes.<\/p><p>Em\u00a02009, foi criado o\u00a0<strong>Centro de Educa\u00e7\u00e3o Ambiental (CEA)\u00a0<\/strong>da MVV,\u00a0sediado na Fazenda Uru\u00e7u, a cinco km do escrit\u00f3rio administrativo do Projeto. A Fazenda foi adquirida de uma fam\u00edlia de agricultores que criavam gado leiteiro. Ao comprar a propriedade, a Minera\u00e7\u00e3o Vale Verde manteve a arquitetura das instala\u00e7\u00f5es em formato original, fazendo pequenas adapta\u00e7\u00f5es para receber seu p\u00fablico-alvo. O CEA est\u00e1 localizado no interior da reserva legal do empreendimento, o que possibilita maior intera\u00e7\u00e3o para a realiza\u00e7\u00e3o de estudos e observa\u00e7\u00e3o do bioma, al\u00e9m de viabilizar a coleta de sementes para a produ\u00e7\u00e3o de mudas nativas.<\/p><p>Atrav\u00e9s da realiza\u00e7\u00e3o de palestras em sua sede e nas escolas da regi\u00e3o sobre a fitofisionomia da caatinga e outros temas ambientais, beneficiamos cerca de cinco mil pessoas em 2019, entre professores e alunos de escolas da \u00e1rea de Influ\u00eancia do projeto, universidades locais e empregados do empreendimento. Nossa reserva legal abriga uma trilha ecol\u00f3gica de tr\u00eas quil\u00f4metros onde \u00e9 poss\u00edvel apreciar as belezas da caatinga e experimentar uma viv\u00eancia imersiva no bioma. Se voc\u00ea \u00e9 representante de uma institui\u00e7\u00e3o de ensino e tem interesse em realizar essa experi\u00eancia conosco, envie uma mensagem de WhatsApp para (82) 98189-6016 e entraremos em contato.<\/p>\t\t\t\t\t\t\t\t<\/div>\n\t\t\t\t<\/div>\n\t\t<div class=\"elementor-element elementor-element-6ca87f3 e-con-full e-flex wpr-particle-no wpr-jarallax-no wpr-parallax-no wpr-sticky-section-no e-con e-child\" data-id=\"6ca87f3\" data-element_type=\"container\" data-e-type=\"container\">\n\t\t\t\t<div class=\"elementor-element elementor-element-cf6d4c9 elementor-widget elementor-widget-image\" data-id=\"cf6d4c9\" data-element_type=\"widget\" data-e-type=\"widget\" data-widget_type=\"image.default\">\n\t\t\t\t\t\t\t\t\t\t\t\t\t\t\t<img fetchpriority=\"high\" decoding=\"async\" width=\"960\" height=\"640\" src=\"https:\/\/servidorlumen.com.br\/mvv\/wp-content\/uploads\/2026\/03\/DSC00994-1024x683.jpg\" class=\"attachment-large size-large wp-image-2179\" alt=\"\" srcset=\"https:\/\/servidorlumen.com.br\/mvv\/wp-content\/uploads\/2026\/03\/DSC00994-1024x683.jpg 1024w, https:\/\/servidorlumen.com.br\/mvv\/wp-content\/uploads\/2026\/03\/DSC00994-300x200.jpg 300w, https:\/\/servidorlumen.com.br\/mvv\/wp-content\/uploads\/2026\/03\/DSC00994-768x512.jpg 768w, https:\/\/servidorlumen.com.br\/mvv\/wp-content\/uploads\/2026\/03\/DSC00994-1536x1024.jpg 1536w, https:\/\/servidorlumen.com.br\/mvv\/wp-content\/uploads\/2026\/03\/DSC00994-2048x1365.jpg 2048w\" sizes=\"(max-width: 960px) 100vw, 960px\" \/>\t\t\t\t\t\t\t\t\t\t\t\t\t\t\t<\/div>\n\t\t\t\t<\/div>\n\t\t\t\t\t<\/div>\n\t\t\t\t<\/div>\n\t\t<div class=\"elementor-element elementor-element-eed1f07 e-flex e-con-boxed wpr-particle-no wpr-jarallax-no wpr-parallax-no wpr-sticky-section-no elementor-invisible e-con e-parent\" data-id=\"eed1f07\" data-element_type=\"container\" data-e-type=\"container\" data-settings=\"{&quot;animation&quot;:&quot;fadeIn&quot;}\">\n\t\t\t\t\t<div class=\"e-con-inner\">\n\t\t<div class=\"elementor-element elementor-element-0af4f6f e-con-full e-flex wpr-particle-no wpr-jarallax-no wpr-parallax-no wpr-sticky-section-no e-con e-child\" data-id=\"0af4f6f\" data-element_type=\"container\" data-e-type=\"container\" data-settings=\"{&quot;background_background&quot;:&quot;classic&quot;}\">\n\t\t\t\t<div class=\"elementor-element elementor-element-336b325 elementor-view-default elementor-widget elementor-widget-icon\" data-id=\"336b325\" data-element_type=\"widget\" data-e-type=\"widget\" data-widget_type=\"icon.default\">\n\t\t\t\t\t\t\t<div class=\"elementor-icon-wrapper\">\n\t\t\t<div class=\"elementor-icon\">\n\t\t\t<svg aria-hidden=\"true\" class=\"e-font-icon-svg e-fas-globe-americas\" viewBox=\"0 0 496 512\" xmlns=\"http:\/\/www.w3.org\/2000\/svg\"><path d=\"M248 8C111.03 8 0 119.03 0 256s111.03 248 248 248 248-111.03 248-248S384.97 8 248 8zm82.29 357.6c-3.9 3.88-7.99 7.95-11.31 11.28-2.99 3-5.1 6.7-6.17 10.71-1.51 5.66-2.73 11.38-4.77 16.87l-17.39 46.85c-13.76 3-28 4.69-42.65 4.69v-27.38c1.69-12.62-7.64-36.26-22.63-51.25-6-6-9.37-14.14-9.37-22.63v-32.01c0-11.64-6.27-22.34-16.46-27.97-14.37-7.95-34.81-19.06-48.81-26.11-11.48-5.78-22.1-13.14-31.65-21.75l-.8-.72a114.792 114.792 0 0 1-18.06-20.74c-9.38-13.77-24.66-36.42-34.59-51.14 20.47-45.5 57.36-82.04 103.2-101.89l24.01 12.01C203.48 89.74 216 82.01 216 70.11v-11.3c7.99-1.29 16.12-2.11 24.39-2.42l28.3 28.3c6.25 6.25 6.25 16.38 0 22.63L264 112l-10.34 10.34c-3.12 3.12-3.12 8.19 0 11.31l4.69 4.69c3.12 3.12 3.12 8.19 0 11.31l-8 8a8.008 8.008 0 0 1-5.66 2.34h-8.99c-2.08 0-4.08.81-5.58 2.27l-9.92 9.65a8.008 8.008 0 0 0-1.58 9.31l15.59 31.19c2.66 5.32-1.21 11.58-7.15 11.58h-5.64c-1.93 0-3.79-.7-5.24-1.96l-9.28-8.06a16.017 16.017 0 0 0-15.55-3.1l-31.17 10.39a11.95 11.95 0 0 0-8.17 11.34c0 4.53 2.56 8.66 6.61 10.69l11.08 5.54c9.41 4.71 19.79 7.16 30.31 7.16s22.59 27.29 32 32h66.75c8.49 0 16.62 3.37 22.63 9.37l13.69 13.69a30.503 30.503 0 0 1 8.93 21.57 46.536 46.536 0 0 1-13.72 32.98zM417 274.25c-5.79-1.45-10.84-5-14.15-9.97l-17.98-26.97a23.97 23.97 0 0 1 0-26.62l19.59-29.38c2.32-3.47 5.5-6.29 9.24-8.15l12.98-6.49C440.2 193.59 448 223.87 448 256c0 8.67-.74 17.16-1.82 25.54L417 274.25z\"><\/path><\/svg>\t\t\t<\/div>\n\t\t<\/div>\n\t\t\t\t\t\t<\/div>\n\t\t\t\t<div class=\"elementor-element elementor-element-8c0f430 elementor-widget elementor-widget-heading\" data-id=\"8c0f430\" data-element_type=\"widget\" data-e-type=\"widget\" data-widget_type=\"heading.default\">\n\t\t\t\t\t<h2 class=\"elementor-heading-title elementor-size-default\">5 Selos Ouro<\/h2>\t\t\t\t<\/div>\n\t\t\t\t<div class=\"elementor-element elementor-element-ced1fbd elementor-widget elementor-widget-heading\" data-id=\"ced1fbd\" data-element_type=\"widget\" data-e-type=\"widget\" data-widget_type=\"heading.default\">\n\t\t\t\t\t<h2 class=\"elementor-heading-title elementor-size-default\">MVV foi premiada pelo Programa\n\nBrasileiro GHG Protocol da FGV<\/h2>\t\t\t\t<\/div>\n\t\t\t\t<\/div>\n\t\t<div class=\"elementor-element elementor-element-d48d352 e-con-full e-flex wpr-particle-no wpr-jarallax-no wpr-parallax-no wpr-sticky-section-no e-con e-child\" data-id=\"d48d352\" data-element_type=\"container\" data-e-type=\"container\" data-settings=\"{&quot;background_background&quot;:&quot;classic&quot;}\">\n\t\t\t\t<div class=\"elementor-element elementor-element-41a36f4 elementor-view-default elementor-widget elementor-widget-icon\" data-id=\"41a36f4\" data-element_type=\"widget\" data-e-type=\"widget\" data-widget_type=\"icon.default\">\n\t\t\t\t\t\t\t<div class=\"elementor-icon-wrapper\">\n\t\t\t<div class=\"elementor-icon\">\n\t\t\t<svg aria-hidden=\"true\" class=\"e-font-icon-svg e-fas-tree\" viewBox=\"0 0 384 512\" xmlns=\"http:\/\/www.w3.org\/2000\/svg\"><path d=\"M378.31 378.49L298.42 288h30.63c9.01 0 16.98-5 20.78-13.06 3.8-8.04 2.55-17.26-3.28-24.05L268.42 160h28.89c9.1 0 17.3-5.35 20.86-13.61 3.52-8.13 1.86-17.59-4.24-24.08L203.66 4.83c-6.03-6.45-17.28-6.45-23.32 0L70.06 122.31c-6.1 6.49-7.75 15.95-4.24 24.08C69.38 154.65 77.59 160 86.69 160h28.89l-78.14 90.91c-5.81 6.78-7.06 15.99-3.27 24.04C37.97 283 45.93 288 54.95 288h30.63L5.69 378.49c-6 6.79-7.36 16.09-3.56 24.26 3.75 8.05 12 13.25 21.01 13.25H160v24.45l-30.29 48.4c-5.32 10.64 2.42 23.16 14.31 23.16h95.96c11.89 0 19.63-12.52 14.31-23.16L224 440.45V416h136.86c9.01 0 17.26-5.2 21.01-13.25 3.8-8.17 2.44-17.47-3.56-24.26z\"><\/path><\/svg>\t\t\t<\/div>\n\t\t<\/div>\n\t\t\t\t\t\t<\/div>\n\t\t\t\t<div class=\"elementor-element elementor-element-5614a75 elementor-widget elementor-widget-heading\" data-id=\"5614a75\" data-element_type=\"widget\" data-e-type=\"widget\" data-widget_type=\"heading.default\">\n\t\t\t\t\t<h2 class=\"elementor-heading-title elementor-size-default\">551 hectares<\/h2>\t\t\t\t<\/div>\n\t\t\t\t<div class=\"elementor-element elementor-element-7d73b2e elementor-widget elementor-widget-heading\" data-id=\"7d73b2e\" data-element_type=\"widget\" data-e-type=\"widget\" data-widget_type=\"heading.default\">\n\t\t\t\t\t<h2 class=\"elementor-heading-title elementor-size-default\">MVV possui mais de 770 campos de futebol de mata preservada <\/h2>\t\t\t\t<\/div>\n\t\t\t\t<\/div>\n\t\t<div class=\"elementor-element elementor-element-834f454 e-con-full e-flex wpr-particle-no wpr-jarallax-no wpr-parallax-no wpr-sticky-section-no e-con e-child\" data-id=\"834f454\" data-element_type=\"container\" data-e-type=\"container\" data-settings=\"{&quot;background_background&quot;:&quot;classic&quot;}\">\n\t\t\t\t<div class=\"elementor-element elementor-element-aa90ac7 elementor-view-default elementor-widget elementor-widget-icon\" data-id=\"aa90ac7\" data-element_type=\"widget\" data-e-type=\"widget\" data-widget_type=\"icon.default\">\n\t\t\t\t\t\t\t<div class=\"elementor-icon-wrapper\">\n\t\t\t<div class=\"elementor-icon\">\n\t\t\t<svg aria-hidden=\"true\" class=\"e-font-icon-svg e-fas-person-booth\" viewBox=\"0 0 576 512\" xmlns=\"http:\/\/www.w3.org\/2000\/svg\"><path d=\"M192 496c0 8.8 7.2 16 16 16h32c8.8 0 16-7.2 16-16V320h-64v176zm32-272h-50.9l-45.2-45.3C115.8 166.6 99.7 160 82.7 160H64c-17.1 0-33.2 6.7-45.3 18.8C6.7 190.9 0 207 0 224.1L.2 320 0 480c0 17.7 14.3 32 31.9 32 17.6 0 32-14.3 32-32l.1-100.7c.9.5 1.6 1.3 2.5 1.7l29.1 43v56c0 17.7 14.3 32 32 32s32-14.3 32-32v-56.5c0-9.9-2.3-19.8-6.7-28.6l-41.2-61.3V253l20.9 20.9c9.1 9.1 21.1 14.1 33.9 14.1H224c17.7 0 32-14.3 32-32s-14.3-32-32-32zM64 128c26.5 0 48-21.5 48-48S90.5 32 64 32 16 53.5 16 80s21.5 48 48 48zm224-96l31.5 223.1-30.9 154.6c-4.3 21.6 13 38.3 31.4 38.3 15.2 0 28-9.1 32.3-30.4.9 16.9 14.6 30.4 31.7 30.4 17.7 0 32-14.3 32-32 0 17.7 14.3 32 32 32s32-14.3 32-32V0H288v32zm-96 0v160h64V0h-32c-17.7 0-32 14.3-32 32zM544 0h-32v496c0 8.8 7.2 16 16 16h32c8.8 0 16-7.2 16-16V32c0-17.7-14.3-32-32-32z\"><\/path><\/svg>\t\t\t<\/div>\n\t\t<\/div>\n\t\t\t\t\t\t<\/div>\n\t\t\t\t<div class=\"elementor-element elementor-element-f553255 elementor-widget elementor-widget-heading\" data-id=\"f553255\" data-element_type=\"widget\" data-e-type=\"widget\" data-widget_type=\"heading.default\">\n\t\t\t\t\t<h2 class=\"elementor-heading-title elementor-size-default\">6,5 Milh\u00f5es<\/h2>\t\t\t\t<\/div>\n\t\t\t\t<div class=\"elementor-element elementor-element-bca016d elementor-widget elementor-widget-heading\" data-id=\"bca016d\" data-element_type=\"widget\" data-e-type=\"widget\" data-widget_type=\"heading.default\">\n\t\t\t\t\t<h2 class=\"elementor-heading-title elementor-size-default\">MVV possui 6,5 milh\u00f5es em projetos socioculturais<\/h2>\t\t\t\t<\/div>\n\t\t\t\t<\/div>\n\t\t\t\t\t<\/div>\n\t\t\t\t<\/div>\n\t\t<div class=\"elementor-element elementor-element-90994ad e-flex e-con-boxed wpr-particle-no wpr-jarallax-no wpr-parallax-no wpr-sticky-section-no e-con e-parent\" data-id=\"90994ad\" data-element_type=\"container\" data-e-type=\"container\">\n\t\t\t\t\t<div class=\"e-con-inner\">\n\t\t<div class=\"elementor-element elementor-element-f929c45 e-con-full e-flex wpr-particle-no wpr-jarallax-no wpr-parallax-no wpr-sticky-section-no e-con e-child\" data-id=\"f929c45\" data-element_type=\"container\" data-e-type=\"container\" data-settings=\"{&quot;background_background&quot;:&quot;classic&quot;}\">\n\t\t\t\t<div class=\"elementor-element elementor-element-6940ced elementor-widget elementor-widget-image\" data-id=\"6940ced\" data-element_type=\"widget\" data-e-type=\"widget\" data-widget_type=\"image.default\">\n\t\t\t\t\t\t\t\t\t\t\t\t\t\t\t<img decoding=\"async\" width=\"960\" height=\"640\" src=\"https:\/\/servidorlumen.com.br\/mvv\/wp-content\/uploads\/2026\/03\/20240426CS02494-1024x683.jpg\" class=\"attachment-large size-large wp-image-2149\" alt=\"\" srcset=\"https:\/\/servidorlumen.com.br\/mvv\/wp-content\/uploads\/2026\/03\/20240426CS02494-1024x683.jpg 1024w, https:\/\/servidorlumen.com.br\/mvv\/wp-content\/uploads\/2026\/03\/20240426CS02494-300x200.jpg 300w, https:\/\/servidorlumen.com.br\/mvv\/wp-content\/uploads\/2026\/03\/20240426CS02494-768x512.jpg 768w, https:\/\/servidorlumen.com.br\/mvv\/wp-content\/uploads\/2026\/03\/20240426CS02494-1536x1024.jpg 1536w, https:\/\/servidorlumen.com.br\/mvv\/wp-content\/uploads\/2026\/03\/20240426CS02494-2048x1365.jpg 2048w\" sizes=\"(max-width: 960px) 100vw, 960px\" \/>\t\t\t\t\t\t\t\t\t\t\t\t\t\t\t<\/div>\n\t\t\t\t<\/div>\n\t\t<div class=\"elementor-element elementor-element-25cad11 e-con-full e-flex wpr-particle-no wpr-jarallax-no wpr-parallax-no wpr-sticky-section-no e-con e-child\" data-id=\"25cad11\" data-element_type=\"container\" data-e-type=\"container\">\n\t\t\t\t<div class=\"elementor-element elementor-element-4d74a35 elementor-widget elementor-widget-text-editor\" data-id=\"4d74a35\" data-element_type=\"widget\" data-e-type=\"widget\" data-widget_type=\"text-editor.default\">\n\t\t\t\t\t\t\t\t\t<p data-start=\"0\" data-end=\"339\">A Minera\u00e7\u00e3o Vale Verde (MVV) reafirma seu compromisso com a preserva\u00e7\u00e3o do meio ambiente por meio de iniciativas voltadas \u00e0 educa\u00e7\u00e3o ambiental e \u00e0 conscientiza\u00e7\u00e3o da sociedade. A empresa desenvolve a\u00e7\u00f5es sustent\u00e1veis em suas opera\u00e7\u00f5es e promove o uso respons\u00e1vel dos recursos naturais, contribuindo para a prote\u00e7\u00e3o dos ecossistemas locais.<\/p><p data-start=\"341\" data-end=\"695\">Como parte desse compromisso, a MVV investe em programas de treinamento e educa\u00e7\u00e3o para escolas e alunos, proporcionando conhecimento sobre conserva\u00e7\u00e3o ambiental, biodiversidade e pr\u00e1ticas sustent\u00e1veis. Essas iniciativas contam com atividades educativas, palestras e experi\u00eancias que incentivam a forma\u00e7\u00e3o de uma consci\u00eancia ecol\u00f3gica nas novas gera\u00e7\u00f5es.<\/p>\t\t\t\t\t\t\t\t<\/div>\n\t\t<div class=\"elementor-element elementor-element-b3da409 e-con-full e-flex wpr-particle-no wpr-jarallax-no wpr-parallax-no wpr-sticky-section-no e-con e-child\" data-id=\"b3da409\" data-element_type=\"container\" data-e-type=\"container\" data-settings=\"{&quot;background_background&quot;:&quot;classic&quot;}\">\n\t\t\t\t<div class=\"elementor-element elementor-element-4f31ee4 elementor-widget elementor-widget-text-editor\" data-id=\"4f31ee4\" data-element_type=\"widget\" data-e-type=\"widget\" data-widget_type=\"text-editor.default\">\n\t\t\t\t\t\t\t\t\t<strong style=\"color:#002c0b \">Principais a\u00e7\u00f5es:<\/strong> Programas de Educa\u00e7\u00e3o Ambiental, Visitas Guiadas, Palestras em Escolas e Projetos de Conscientiza\u00e7\u00e3o Sustent\u00e1vel. \ud83c\udf31\u26cf\ufe0f\t\t\t\t\t\t\t\t<\/div>\n\t\t\t\t<\/div>\n\t\t\t\t<\/div>\n\t\t\t\t\t<\/div>\n\t\t\t\t<\/div>\n\t\t<div class=\"elementor-element elementor-element-a2868dd e-flex e-con-boxed wpr-particle-no wpr-jarallax-no wpr-parallax-no wpr-sticky-section-no e-con e-parent\" data-id=\"a2868dd\" data-element_type=\"container\" data-e-type=\"container\" data-settings=\"{&quot;background_background&quot;:&quot;classic&quot;}\">\n\t\t\t\t\t<div class=\"e-con-inner\">\n\t\t\t\t\t<\/div>\n\t\t\t\t<\/div>\n\t\t\t\t<\/div>\n\t\t","protected":false},"excerpt":{"rendered":"<p>Formar indiv\u00edduos preocupados com as quest\u00f5es ambientais do territ\u00f3rio onde estamos inseridos e que busquem a conserva\u00e7\u00e3o e a preserva\u00e7\u00e3o dos recursos naturais e a sustentabilidade da caatinga, considerando os aspectos econ\u00f4micos, sociais, pol\u00edticos e culturais relacionados a esse bioma \u00e9 um compromisso da MVV. EDUCA\u00c7\u00c3O AMBIENTAL A Minera\u00e7\u00e3o Vale Verde pratica a Educa\u00e7\u00e3o Ambiental junto \u00e0s comunidades pr\u00f3ximas ao Projeto Serrote, contribuindo assim para a forma\u00e7\u00e3o de cidad\u00e3os conscientes sobre a import\u00e2ncia de se preservar os recursos naturais existentes. Em\u00a02009, foi criado o\u00a0Centro de Educa\u00e7\u00e3o Ambiental (CEA)\u00a0da MVV,\u00a0sediado na Fazenda Uru\u00e7u, a cinco km do escrit\u00f3rio administrativo do Projeto. A Fazenda foi adquirida de uma fam\u00edlia de agricultores que criavam gado leiteiro. Ao comprar a propriedade, a Minera\u00e7\u00e3o Vale Verde manteve a arquitetura das instala\u00e7\u00f5es em formato original, fazendo pequenas adapta\u00e7\u00f5es para receber seu p\u00fablico-alvo. O CEA est\u00e1 localizado no interior da reserva legal do empreendimento, o que possibilita maior intera\u00e7\u00e3o para a realiza\u00e7\u00e3o de estudos e observa\u00e7\u00e3o do bioma, al\u00e9m de viabilizar a coleta de sementes para a produ\u00e7\u00e3o de mudas nativas. Atrav\u00e9s da realiza\u00e7\u00e3o de palestras em sua sede e nas escolas da regi\u00e3o sobre a fitofisionomia da caatinga e outros temas ambientais, beneficiamos cerca de cinco mil pessoas em 2019, entre professores e alunos de escolas da \u00e1rea de Influ\u00eancia do projeto, universidades locais e empregados do empreendimento. Nossa reserva legal abriga uma trilha ecol\u00f3gica de tr\u00eas quil\u00f4metros onde \u00e9 poss\u00edvel apreciar as belezas da caatinga e experimentar uma viv\u00eancia imersiva no bioma. Se voc\u00ea \u00e9 representante de uma institui\u00e7\u00e3o de ensino e tem interesse em realizar essa experi\u00eancia conosco, envie uma mensagem de WhatsApp para (82) 98189-6016 e entraremos em contato. 5 Selos Ouro MVV foi premiada pelo Programa Brasileiro GHG Protocol da FGV 551 hectares MVV possui mais de 770 campos de futebol de mata preservada 6,5 Milh\u00f5es MVV possui 6,5 milh\u00f5es em projetos socioculturais A Minera\u00e7\u00e3o Vale Verde (MVV) reafirma seu compromisso com a preserva\u00e7\u00e3o do meio ambiente por meio de iniciativas voltadas \u00e0 educa\u00e7\u00e3o ambiental e \u00e0 conscientiza\u00e7\u00e3o da sociedade. A empresa desenvolve a\u00e7\u00f5es sustent\u00e1veis em suas opera\u00e7\u00f5es e promove o uso respons\u00e1vel dos recursos naturais, contribuindo para a prote\u00e7\u00e3o dos ecossistemas locais. Como parte desse compromisso, a MVV investe em programas de treinamento e educa\u00e7\u00e3o para escolas e alunos, proporcionando conhecimento sobre conserva\u00e7\u00e3o ambiental, biodiversidade e pr\u00e1ticas sustent\u00e1veis. Essas iniciativas contam com atividades educativas, palestras e experi\u00eancias que incentivam a forma\u00e7\u00e3o de uma consci\u00eancia ecol\u00f3gica nas novas gera\u00e7\u00f5es. Principais a\u00e7\u00f5es: Programas de Educa\u00e7\u00e3o Ambiental, Visitas Guiadas, Palestras em Escolas e Projetos de Conscientiza\u00e7\u00e3o Sustent\u00e1vel. \ud83c\udf31\u26cf\ufe0f<\/p>\n","protected":false},"author":1,"featured_media":0,"parent":0,"menu_order":0,"comment_status":"closed","ping_status":"closed","template":"elementor_header_footer","meta":{"footnotes":""},"class_list":["post-739","page","type-page","status-publish","hentry"],"_links":{"self":[{"href":"https:\/\/servidorlumen.com.br\/mvv\/wp-json\/wp\/v2\/pages\/739","targetHints":{"allow":["GET"]}}],"collection":[{"href":"https:\/\/servidorlumen.com.br\/mvv\/wp-json\/wp\/v2\/pages"}],"about":[{"href":"https:\/\/servidorlumen.com.br\/mvv\/wp-json\/wp\/v2\/types\/page"}],"author":[{"embeddable":true,"href":"https:\/\/servidorlumen.com.br\/mvv\/wp-json\/wp\/v2\/users\/1"}],"replies":[{"embeddable":true,"href":"https:\/\/servidorlumen.com.br\/mvv\/wp-json\/wp\/v2\/comments?post=739"}],"version-history":[{"count":85,"href":"https:\/\/servidorlumen.com.br\/mvv\/wp-json\/wp\/v2\/pages\/739\/revisions"}],"predecessor-version":[{"id":2197,"href":"https:\/\/servidorlumen.com.br\/mvv\/wp-json\/wp\/v2\/pages\/739\/revisions\/2197"}],"wp:attachment":[{"href":"https:\/\/servidorlumen.com.br\/mvv\/wp-json\/wp\/v2\/media?parent=739"}],"curies":[{"name":"wp","href":"https:\/\/api.w.org\/{rel}","templated":true}]}}