{"id":736,"date":"2026-03-06T13:33:35","date_gmt":"2026-03-06T13:33:35","guid":{"rendered":"https:\/\/servidorlumen.com.br\/mvv\/?page_id=736"},"modified":"2026-03-20T00:27:57","modified_gmt":"2026-03-20T00:27:57","slug":"ficha-tecnica","status":"publish","type":"page","link":"https:\/\/servidorlumen.com.br\/mvv\/ficha-tecnica\/","title":{"rendered":"Ficha T\u00e9cnica"},"content":{"rendered":"\t\t<div data-elementor-type=\"wp-page\" data-elementor-id=\"736\" class=\"elementor elementor-736\">\n\t\t\t\t<div class=\"elementor-element elementor-element-e0866b7 e-flex e-con-boxed wpr-particle-no wpr-jarallax-no wpr-parallax-no wpr-sticky-section-no e-con e-parent\" data-id=\"e0866b7\" data-element_type=\"container\" data-e-type=\"container\" data-settings=\"{&quot;background_background&quot;:&quot;classic&quot;}\">\n\t\t\t\t\t<div class=\"e-con-inner\">\n\t\t\t\t<div class=\"elementor-element elementor-element-e3ad5fa elementor-widget elementor-widget-heading\" data-id=\"e3ad5fa\" data-element_type=\"widget\" data-e-type=\"widget\" data-widget_type=\"heading.default\">\n\t\t\t\t\t<h2 class=\"elementor-heading-title elementor-size-default\">A Mina Serrote \u00e9 uma opera\u00e7\u00e3o a c\u00e9u aberto que produz concentrado de cobre com pr\u00e1ticas de seguran\u00e7a e sustentabilidade, essenciais para a transi\u00e7\u00e3o energ\u00e9tica.<\/h2>\t\t\t\t<\/div>\n\t\t\t\t\t<\/div>\n\t\t\t\t<\/div>\n\t\t<div class=\"elementor-element elementor-element-fcb3f31 e-flex e-con-boxed wpr-particle-no wpr-jarallax-no wpr-parallax-no wpr-sticky-section-no e-con e-parent\" data-id=\"fcb3f31\" data-element_type=\"container\" data-e-type=\"container\">\n\t\t\t\t\t<div class=\"e-con-inner\">\n\t\t\t\t<div class=\"elementor-element elementor-element-b686904 elementor-widget elementor-widget-heading\" data-id=\"b686904\" data-element_type=\"widget\" data-e-type=\"widget\" data-widget_type=\"heading.default\">\n\t\t\t\t\t<h2 class=\"elementor-heading-title elementor-size-default\">MINA SERROTE<\/h2>\t\t\t\t<\/div>\n\t\t\t\t<div class=\"elementor-element elementor-element-a12cf3c elementor-widget-divider--view-line elementor-widget elementor-widget-divider\" data-id=\"a12cf3c\" data-element_type=\"widget\" data-e-type=\"widget\" data-widget_type=\"divider.default\">\n\t\t\t\t\t\t\t<div class=\"elementor-divider\">\n\t\t\t<span class=\"elementor-divider-separator\">\n\t\t\t\t\t\t<\/span>\n\t\t<\/div>\n\t\t\t\t\t\t<\/div>\n\t\t\t\t<div class=\"elementor-element elementor-element-64900be elementor-widget elementor-widget-text-editor\" data-id=\"64900be\" data-element_type=\"widget\" data-e-type=\"widget\" data-widget_type=\"text-editor.default\">\n\t\t\t\t\t\t\t\t\t<div class=\"wpb_text_column wpb_content_element \"><div class=\"wpb_wrapper\"><p>A Minera\u00e7\u00e3o Vale Verde, integrante do grupo Baiyin Nonferrous, atua h\u00e1 4 anos com um prop\u00f3sito claro: minerar o futuro de forma segura, respons\u00e1vel e sustent\u00e1vel. Nosso empreendimento est\u00e1 localizado em Cra\u00edbas, no Agreste Alagoano, e desde a implanta\u00e7\u00e3o do Projeto Serrote mantemos um compromisso com a valoriza\u00e7\u00e3o da m\u00e3o de obra local, empregando cerca de 70% dos profissionais da regi\u00e3o \u2013 uma premissa que continua na fase de opera\u00e7\u00e3o.<\/p><p>Nosso objetivo \u00e9 operar uma mina a c\u00e9u aberto para o beneficiamento e produ\u00e7\u00e3o do concentrado de cobre, exportado majorit\u00e1ria mente para o mercado asi\u00e1tico. A expectativa \u00e9 lavrar cerca de 4,1 milh\u00f5es de toneladas de min\u00e9rio por ano, com uma vida \u00fatil estimada de 14 anos, podendo ser ampliada com novas pesquisas minerais. A planta de beneficiamento, compacta e eficiente, abriga processos de britagem, moagem, flota\u00e7\u00e3o e filtragem, garantindo produtividade com menor impacto ambiental.<\/p><\/div><\/div><div class=\"divider-wrap\">\u00a0<\/div>\t\t\t\t\t\t\t\t<\/div>\n\t\t\t\t<div class=\"elementor-element elementor-element-cd229d0 elementor-widget elementor-widget-heading\" data-id=\"cd229d0\" data-element_type=\"widget\" data-e-type=\"widget\" data-widget_type=\"heading.default\">\n\t\t\t\t\t<h2 class=\"elementor-heading-title elementor-size-default\">COMPROMISSO COM UMA TRANSI\u00c7\u00c3O ENERG\u00c9TICA JUSTA<\/h2>\t\t\t\t<\/div>\n\t\t\t\t<div class=\"elementor-element elementor-element-290d599 elementor-widget-divider--view-line elementor-widget elementor-widget-divider\" data-id=\"290d599\" data-element_type=\"widget\" data-e-type=\"widget\" data-widget_type=\"divider.default\">\n\t\t\t\t\t\t\t<div class=\"elementor-divider\">\n\t\t\t<span class=\"elementor-divider-separator\">\n\t\t\t\t\t\t<\/span>\n\t\t<\/div>\n\t\t\t\t\t\t<\/div>\n\t\t\t\t<div class=\"elementor-element elementor-element-59d761a elementor-widget elementor-widget-text-editor\" data-id=\"59d761a\" data-element_type=\"widget\" data-e-type=\"widget\" data-widget_type=\"text-editor.default\">\n\t\t\t\t\t\t\t\t\t<div class=\"wpb_text_column wpb_content_element \"><div class=\"wpb_wrapper\"><p>A MVV acredita que a transi\u00e7\u00e3o energ\u00e9tica deve ser justa e inclusiva, beneficiando n\u00e3o apenas o setor industrial, mas tamb\u00e9m as comunidades onde estamos inseridos. Por isso, investimos em desenvolvimento territorial, gera\u00e7\u00e3o de empregos, capacita\u00e7\u00e3o profissional e projetos sociais que fortalecem a economia local e melhoram a qualidade de vida.<\/p><p>O cobre, nosso principal produto, \u00e9 um elemento-chave para essa transforma\u00e7\u00e3o. Ele est\u00e1 presente em:<br \/>Energia limpa: turbinas e\u00f3licas, pain\u00e9is solares e redes el\u00e9tricas inteligentes dependem do cobre para efici\u00eancia.<br \/>Mobilidade el\u00e9trica: cada ve\u00edculo el\u00e9trico utiliza at\u00e9 80 kg de cobre, tornando o metal vital para reduzir emiss\u00f5es.<br \/>Infraestrutura de recarga e transmiss\u00e3o: cabos, transformadores e sistemas de armazenamento de energia usam cobre para garantir seguran\u00e7a e desempenho.<\/p><p>Segundo a Ag\u00eancia Internacional de Energia, 45% da demanda global de cobre at\u00e9 2040 vir\u00e1 da transi\u00e7\u00e3o energ\u00e9tica, impulsionada a pela eletrifica\u00e7\u00e3o e expans\u00e3o das energias renov\u00e1veis.<\/p><\/div><\/div>\t\t\t\t\t\t\t\t<\/div>\n\t\t\t\t<div class=\"elementor-element elementor-element-2d6136f elementor-widget elementor-widget-heading\" data-id=\"2d6136f\" data-element_type=\"widget\" data-e-type=\"widget\" data-widget_type=\"heading.default\">\n\t\t\t\t\t<h2 class=\"elementor-heading-title elementor-size-default\">CARACTER\u00cdSTICAS DO COBRE<\/h2>\t\t\t\t<\/div>\n\t\t\t\t<div class=\"elementor-element elementor-element-db570e2 elementor-widget-divider--view-line elementor-widget elementor-widget-divider\" data-id=\"db570e2\" data-element_type=\"widget\" data-e-type=\"widget\" data-widget_type=\"divider.default\">\n\t\t\t\t\t\t\t<div class=\"elementor-divider\">\n\t\t\t<span class=\"elementor-divider-separator\">\n\t\t\t\t\t\t<\/span>\n\t\t<\/div>\n\t\t\t\t\t\t<\/div>\n\t\t\t\t\t<\/div>\n\t\t\t\t<\/div>\n\t\t<div class=\"elementor-element elementor-element-decfd5f e-flex e-con-boxed wpr-particle-no wpr-jarallax-no wpr-parallax-no wpr-sticky-section-no e-con e-parent\" data-id=\"decfd5f\" data-element_type=\"container\" data-e-type=\"container\">\n\t\t\t\t\t<div class=\"e-con-inner\">\n\t\t<div class=\"elementor-element elementor-element-6ee983b e-con-full e-flex wpr-particle-no wpr-jarallax-no wpr-parallax-no wpr-sticky-section-no e-con e-child\" data-id=\"6ee983b\" data-element_type=\"container\" data-e-type=\"container\">\n\t\t\t\t<div class=\"elementor-element elementor-element-b473941 elementor-widget elementor-widget-text-editor\" data-id=\"b473941\" data-element_type=\"widget\" data-e-type=\"widget\" data-widget_type=\"text-editor.default\">\n\t\t\t\t\t\t\t\t\t<ul><li>3\u00ba metal mais utilizado no mundo, atr\u00e1s apenas do ferro e do alum\u00ednio.<\/li><li>Male\u00e1vel, recicl\u00e1vel e resistente \u00e0 corros\u00e3o.<\/li><li>Excelente condutor de energia e calor, superando qualquer outro metal comercial.<\/li><li>Presente em fios, cabos, instrumentos musicais, cascos de navios e at\u00e9 na Est\u00e1tua da Liberdade.<\/li><li>Material biost\u00e1tico: superf\u00edcies de cobre ajudam a prevenir a propaga\u00e7\u00e3o de v\u00edrus e bact\u00e9rias, sendo usadas em hospitais.<\/li><\/ul>\t\t\t\t\t\t\t\t<\/div>\n\t\t\t\t<\/div>\n\t\t<div class=\"elementor-element elementor-element-e86a01f e-con-full e-flex wpr-particle-no wpr-jarallax-no wpr-parallax-no wpr-sticky-section-no e-con e-child\" data-id=\"e86a01f\" data-element_type=\"container\" data-e-type=\"container\">\n\t\t\t\t<div class=\"elementor-element elementor-element-b6ab85d elementor-widget elementor-widget-image\" data-id=\"b6ab85d\" data-element_type=\"widget\" data-e-type=\"widget\" data-widget_type=\"image.default\">\n\t\t\t\t\t\t\t\t\t\t\t\t\t\t\t<img fetchpriority=\"high\" decoding=\"async\" width=\"385\" height=\"385\" src=\"https:\/\/servidorlumen.com.br\/mvv\/wp-content\/uploads\/2026\/03\/Caracteristicas-do-Cobre.jpg\" class=\"attachment-large size-large wp-image-891\" alt=\"\" srcset=\"https:\/\/servidorlumen.com.br\/mvv\/wp-content\/uploads\/2026\/03\/Caracteristicas-do-Cobre.jpg 385w, https:\/\/servidorlumen.com.br\/mvv\/wp-content\/uploads\/2026\/03\/Caracteristicas-do-Cobre-300x300.jpg 300w, https:\/\/servidorlumen.com.br\/mvv\/wp-content\/uploads\/2026\/03\/Caracteristicas-do-Cobre-150x150.jpg 150w\" sizes=\"(max-width: 385px) 100vw, 385px\" \/>\t\t\t\t\t\t\t\t\t\t\t\t\t\t\t<\/div>\n\t\t\t\t<\/div>\n\t\t\t\t\t<\/div>\n\t\t\t\t<\/div>\n\t\t<div class=\"elementor-element elementor-element-0665059 e-flex e-con-boxed wpr-particle-no wpr-jarallax-no wpr-parallax-no wpr-sticky-section-no e-con e-parent\" data-id=\"0665059\" data-element_type=\"container\" data-e-type=\"container\">\n\t\t\t\t\t<div class=\"e-con-inner\">\n\t\t\t\t<div class=\"elementor-element elementor-element-04b99ab elementor-widget elementor-widget-heading\" data-id=\"04b99ab\" data-element_type=\"widget\" data-e-type=\"widget\" data-widget_type=\"heading.default\">\n\t\t\t\t\t<h2 class=\"elementor-heading-title elementor-size-default\">NOSSO PROP\u00d3SITO<\/h2>\t\t\t\t<\/div>\n\t\t\t\t<div class=\"elementor-element elementor-element-bd8afb1 elementor-widget-divider--view-line elementor-widget elementor-widget-divider\" data-id=\"bd8afb1\" data-element_type=\"widget\" data-e-type=\"widget\" data-widget_type=\"divider.default\">\n\t\t\t\t\t\t\t<div class=\"elementor-divider\">\n\t\t\t<span class=\"elementor-divider-separator\">\n\t\t\t\t\t\t<\/span>\n\t\t<\/div>\n\t\t\t\t\t\t<\/div>\n\t\t\t\t<div class=\"elementor-element elementor-element-3bf29c1 elementor-widget elementor-widget-text-editor\" data-id=\"3bf29c1\" data-element_type=\"widget\" data-e-type=\"widget\" data-widget_type=\"text-editor.default\">\n\t\t\t\t\t\t\t\t\t<div class=\"wpb_text_column wpb_content_element \"><div class=\"wpb_wrapper\"><p>Com pr\u00e1ticas alinhadas aos mais altos padr\u00f5es de ESG, seguimos firmes no compromisso de minerar o futuro, respeitando pessoas , comunidades e o meio ambiente. A Mina Serrote \u00e9 mais do que um projeto de minera\u00e7\u00e3o: \u00e9 um agente de transforma\u00e7\u00e3o econ\u00f4mica, social e ambiental para Alagoas e para o Brasil.<\/p><\/div><\/div>\t\t\t\t\t\t\t\t<\/div>\n\t\t\t\t\t<\/div>\n\t\t\t\t<\/div>\n\t\t\t\t<\/div>\n\t\t","protected":false},"excerpt":{"rendered":"<p>A Mina Serrote \u00e9 uma opera\u00e7\u00e3o a c\u00e9u aberto que produz concentrado de cobre com pr\u00e1ticas de seguran\u00e7a e sustentabilidade, essenciais para a transi\u00e7\u00e3o energ\u00e9tica. MINA SERROTE A Minera\u00e7\u00e3o Vale Verde, integrante do grupo Baiyin Nonferrous, atua h\u00e1 4 anos com um prop\u00f3sito claro: minerar o futuro de forma segura, respons\u00e1vel e sustent\u00e1vel. Nosso empreendimento est\u00e1 localizado em Cra\u00edbas, no Agreste Alagoano, e desde a implanta\u00e7\u00e3o do Projeto Serrote mantemos um compromisso com a valoriza\u00e7\u00e3o da m\u00e3o de obra local, empregando cerca de 70% dos profissionais da regi\u00e3o \u2013 uma premissa que continua na fase de opera\u00e7\u00e3o. Nosso objetivo \u00e9 operar uma mina a c\u00e9u aberto para o beneficiamento e produ\u00e7\u00e3o do concentrado de cobre, exportado majorit\u00e1ria mente para o mercado asi\u00e1tico. A expectativa \u00e9 lavrar cerca de 4,1 milh\u00f5es de toneladas de min\u00e9rio por ano, com uma vida \u00fatil estimada de 14 anos, podendo ser ampliada com novas pesquisas minerais. A planta de beneficiamento, compacta e eficiente, abriga processos de britagem, moagem, flota\u00e7\u00e3o e filtragem, garantindo produtividade com menor impacto ambiental. \u00a0 COMPROMISSO COM UMA TRANSI\u00c7\u00c3O ENERG\u00c9TICA JUSTA A MVV acredita que a transi\u00e7\u00e3o energ\u00e9tica deve ser justa e inclusiva, beneficiando n\u00e3o apenas o setor industrial, mas tamb\u00e9m as comunidades onde estamos inseridos. Por isso, investimos em desenvolvimento territorial, gera\u00e7\u00e3o de empregos, capacita\u00e7\u00e3o profissional e projetos sociais que fortalecem a economia local e melhoram a qualidade de vida. O cobre, nosso principal produto, \u00e9 um elemento-chave para essa transforma\u00e7\u00e3o. Ele est\u00e1 presente em:Energia limpa: turbinas e\u00f3licas, pain\u00e9is solares e redes el\u00e9tricas inteligentes dependem do cobre para efici\u00eancia.Mobilidade el\u00e9trica: cada ve\u00edculo el\u00e9trico utiliza at\u00e9 80 kg de cobre, tornando o metal vital para reduzir emiss\u00f5es.Infraestrutura de recarga e transmiss\u00e3o: cabos, transformadores e sistemas de armazenamento de energia usam cobre para garantir seguran\u00e7a e desempenho. Segundo a Ag\u00eancia Internacional de Energia, 45% da demanda global de cobre at\u00e9 2040 vir\u00e1 da transi\u00e7\u00e3o energ\u00e9tica, impulsionada a pela eletrifica\u00e7\u00e3o e expans\u00e3o das energias renov\u00e1veis. CARACTER\u00cdSTICAS DO COBRE 3\u00ba metal mais utilizado no mundo, atr\u00e1s apenas do ferro e do alum\u00ednio. Male\u00e1vel, recicl\u00e1vel e resistente \u00e0 corros\u00e3o. Excelente condutor de energia e calor, superando qualquer outro metal comercial. Presente em fios, cabos, instrumentos musicais, cascos de navios e at\u00e9 na Est\u00e1tua da Liberdade. Material biost\u00e1tico: superf\u00edcies de cobre ajudam a prevenir a propaga\u00e7\u00e3o de v\u00edrus e bact\u00e9rias, sendo usadas em hospitais. NOSSO PROP\u00d3SITO Com pr\u00e1ticas alinhadas aos mais altos padr\u00f5es de ESG, seguimos firmes no compromisso de minerar o futuro, respeitando pessoas , comunidades e o meio ambiente. A Mina Serrote \u00e9 mais do que um projeto de minera\u00e7\u00e3o: \u00e9 um agente de transforma\u00e7\u00e3o econ\u00f4mica, social e ambiental para Alagoas e para o Brasil.<\/p>\n","protected":false},"author":1,"featured_media":0,"parent":0,"menu_order":0,"comment_status":"closed","ping_status":"closed","template":"elementor_header_footer","meta":{"footnotes":""},"class_list":["post-736","page","type-page","status-publish","hentry"],"_links":{"self":[{"href":"https:\/\/servidorlumen.com.br\/mvv\/wp-json\/wp\/v2\/pages\/736","targetHints":{"allow":["GET"]}}],"collection":[{"href":"https:\/\/servidorlumen.com.br\/mvv\/wp-json\/wp\/v2\/pages"}],"about":[{"href":"https:\/\/servidorlumen.com.br\/mvv\/wp-json\/wp\/v2\/types\/page"}],"author":[{"embeddable":true,"href":"https:\/\/servidorlumen.com.br\/mvv\/wp-json\/wp\/v2\/users\/1"}],"replies":[{"embeddable":true,"href":"https:\/\/servidorlumen.com.br\/mvv\/wp-json\/wp\/v2\/comments?post=736"}],"version-history":[{"count":52,"href":"https:\/\/servidorlumen.com.br\/mvv\/wp-json\/wp\/v2\/pages\/736\/revisions"}],"predecessor-version":[{"id":2159,"href":"https:\/\/servidorlumen.com.br\/mvv\/wp-json\/wp\/v2\/pages\/736\/revisions\/2159"}],"wp:attachment":[{"href":"https:\/\/servidorlumen.com.br\/mvv\/wp-json\/wp\/v2\/media?parent=736"}],"curies":[{"name":"wp","href":"https:\/\/api.w.org\/{rel}","templated":true}]}}