{"id":733,"date":"2026-03-06T13:25:28","date_gmt":"2026-03-06T13:25:28","guid":{"rendered":"https:\/\/servidorlumen.com.br\/mvv\/?page_id=733"},"modified":"2026-03-20T15:04:17","modified_gmt":"2026-03-20T15:04:17","slug":"codigo-de-conduta","status":"publish","type":"page","link":"https:\/\/servidorlumen.com.br\/mvv\/codigo-de-conduta\/","title":{"rendered":"C\u00f3digo de Conduta"},"content":{"rendered":"\t\t<div data-elementor-type=\"wp-page\" data-elementor-id=\"733\" class=\"elementor elementor-733\">\n\t\t\t\t<div class=\"elementor-element elementor-element-48101e1 e-flex e-con-boxed wpr-particle-no wpr-jarallax-no wpr-parallax-no wpr-sticky-section-no e-con e-parent\" data-id=\"48101e1\" data-element_type=\"container\" data-e-type=\"container\" data-settings=\"{&quot;background_background&quot;:&quot;classic&quot;}\">\n\t\t\t\t\t<div class=\"e-con-inner\">\n\t\t\t\t<div class=\"elementor-element elementor-element-f0faed5 elementor-widget elementor-widget-heading\" data-id=\"f0faed5\" data-element_type=\"widget\" data-e-type=\"widget\" data-widget_type=\"heading.default\">\n\t\t\t\t\t<h2 class=\"elementor-heading-title elementor-size-default\">C\u00f3digo de Conduta<\/h2>\t\t\t\t<\/div>\n\t\t\t\t\t<\/div>\n\t\t\t\t<\/div>\n\t\t<div class=\"elementor-element elementor-element-f64f965 e-flex e-con-boxed wpr-particle-no wpr-jarallax-no wpr-parallax-no wpr-sticky-section-no e-con e-parent\" data-id=\"f64f965\" data-element_type=\"container\" data-e-type=\"container\">\n\t\t\t\t\t<div class=\"e-con-inner\">\n\t\t\t\t<div class=\"elementor-element elementor-element-e29c88e elementor-widget elementor-widget-heading\" data-id=\"e29c88e\" data-element_type=\"widget\" data-e-type=\"widget\" data-widget_type=\"heading.default\">\n\t\t\t\t\t<h2 class=\"elementor-heading-title elementor-size-default\">C\u00d3DIGO DE CONDUTA<\/h2>\t\t\t\t<\/div>\n\t\t\t\t<div class=\"elementor-element elementor-element-58c2e25 elementor-widget-divider--view-line elementor-widget elementor-widget-divider\" data-id=\"58c2e25\" data-element_type=\"widget\" data-e-type=\"widget\" data-widget_type=\"divider.default\">\n\t\t\t\t\t\t\t<div class=\"elementor-divider\">\n\t\t\t<span class=\"elementor-divider-separator\">\n\t\t\t\t\t\t<\/span>\n\t\t<\/div>\n\t\t\t\t\t\t<\/div>\n\t\t\t\t<div class=\"elementor-element elementor-element-2976892 elementor-widget elementor-widget-text-editor\" data-id=\"2976892\" data-element_type=\"widget\" data-e-type=\"widget\" data-widget_type=\"text-editor.default\">\n\t\t\t\t\t\t\t\t\t<div class=\"wpb_text_column wpb_content_element \"><div class=\"wpb_wrapper\"><p>Obrigado por contatar a Linha \u00c9tica da Minera\u00e7\u00e3o Vale Verde. Este canal foi desenvolvido para permitir o registro de relatos sobre situa\u00e7\u00f5es em que houve descumprimento do C\u00f3digo de Conduta. A Linha \u00c9tica da Minera\u00e7\u00e3o Vale Verde \u00e9 um canal independente, administrado pela empresa KPMG, que possui a experi\u00eancia necess\u00e1ria para obter informa\u00e7\u00f5es sobre situa\u00e7\u00f5es como m\u00e1 conduta, fraude e desvios de recursos, garantindo o anonimato e a confidencialidade das informa\u00e7\u00f5es recebidas.<br \/>Para entrar em contato com a Linha \u00c9tica, qualquer pessoa pode utilizar um dos quatro canais dispon\u00edveis:<\/p><\/div><\/div><div class=\"divider-wrap\">\u00a0<\/div>\t\t\t\t\t\t\t\t<\/div>\n\t\t\t\t<div class=\"elementor-element elementor-element-6a00550 elementor-widget elementor-widget-heading\" data-id=\"6a00550\" data-element_type=\"widget\" data-e-type=\"widget\" data-widget_type=\"heading.default\">\n\t\t\t\t\t<h2 class=\"elementor-heading-title elementor-size-default\">COMO ENTRAR EM CONTATO<\/h2>\t\t\t\t<\/div>\n\t\t\t\t<div class=\"elementor-element elementor-element-2edbeda elementor-widget-divider--view-line elementor-widget elementor-widget-divider\" data-id=\"2edbeda\" data-element_type=\"widget\" data-e-type=\"widget\" data-widget_type=\"divider.default\">\n\t\t\t\t\t\t\t<div class=\"elementor-divider\">\n\t\t\t<span class=\"elementor-divider-separator\">\n\t\t\t\t\t\t<\/span>\n\t\t<\/div>\n\t\t\t\t\t\t<\/div>\n\t\t\t\t<div class=\"elementor-element elementor-element-1b7c5eb elementor-widget elementor-widget-heading\" data-id=\"1b7c5eb\" data-element_type=\"widget\" data-e-type=\"widget\" data-widget_type=\"heading.default\">\n\t\t\t\t\t<h2 class=\"elementor-heading-title elementor-size-default\">Telefone:<\/h2>\t\t\t\t<\/div>\n\t\t\t\t<div class=\"elementor-element elementor-element-6f5101d elementor-widget elementor-widget-text-editor\" data-id=\"6f5101d\" data-element_type=\"widget\" data-e-type=\"widget\" data-widget_type=\"text-editor.default\">\n\t\t\t\t\t\t\t\t\t<div class=\"wpb_text_column wpb_content_element \"><div class=\"wpb_wrapper\"><p>Ligando gratuitamente para 0800-713-0104<\/p><div class=\"wpb_text_column wpb_content_element \"><div class=\"wpb_wrapper\"><p>Voc\u00ea pode permanecer an\u00f4nimo se desejar<\/p><\/div><\/div><\/div><\/div>\t\t\t\t\t\t\t\t<\/div>\n\t\t\t\t<div class=\"elementor-element elementor-element-a3b6f47 elementor-widget elementor-widget-heading\" data-id=\"a3b6f47\" data-element_type=\"widget\" data-e-type=\"widget\" data-widget_type=\"heading.default\">\n\t\t\t\t\t<h2 class=\"elementor-heading-title elementor-size-default\">Internet:<\/h2>\t\t\t\t<\/div>\n\t\t\t\t<div class=\"elementor-element elementor-element-37700d0 elementor-widget elementor-widget-text-editor\" data-id=\"37700d0\" data-element_type=\"widget\" data-e-type=\"widget\" data-widget_type=\"text-editor.default\">\n\t\t\t\t\t\t\t\t\t<div class=\"wpb_text_column wpb_content_element \"><div class=\"wpb_wrapper\"><p>No endere\u00e7o eletr\u00f4nico:<\/p><p>https:\/\/www.linhaetica.com.br\/etica\/mvv<\/p><\/div><\/div>\t\t\t\t\t\t\t\t<\/div>\n\t\t\t\t<div class=\"elementor-element elementor-element-4a2577c elementor-widget elementor-widget-heading\" data-id=\"4a2577c\" data-element_type=\"widget\" data-e-type=\"widget\" data-widget_type=\"heading.default\">\n\t\t\t\t\t<h2 class=\"elementor-heading-title elementor-size-default\">Email:<\/h2>\t\t\t\t<\/div>\n\t\t\t\t<div class=\"elementor-element elementor-element-9838c29 elementor-widget elementor-widget-text-editor\" data-id=\"9838c29\" data-element_type=\"widget\" data-e-type=\"widget\" data-widget_type=\"text-editor.default\">\n\t\t\t\t\t\t\t\t\t<p>mvv@linhaetica.com.br<\/p>\t\t\t\t\t\t\t\t<\/div>\n\t\t\t\t<div class=\"elementor-element elementor-element-bc73d56 elementor-widget elementor-widget-heading\" data-id=\"bc73d56\" data-element_type=\"widget\" data-e-type=\"widget\" data-widget_type=\"heading.default\">\n\t\t\t\t\t<h2 class=\"elementor-heading-title elementor-size-default\">Correspond\u00eancia:<\/h2>\t\t\t\t<\/div>\n\t\t\t\t<div class=\"elementor-element elementor-element-9909822 elementor-widget elementor-widget-text-editor\" data-id=\"9909822\" data-element_type=\"widget\" data-e-type=\"widget\" data-widget_type=\"text-editor.default\">\n\t\t\t\t\t\t\t\t\t<p>Linha \u00c9tica Minera\u00e7\u00e3o Vale Verde<br \/>Caixa Postal 79518<br \/>S\u00e3o Paulo, SP \u2013 CEP 04711-904<\/p>\t\t\t\t\t\t\t\t<\/div>\n\t\t\t\t<div class=\"elementor-element elementor-element-c72c762 elementor-widget elementor-widget-heading\" data-id=\"c72c762\" data-element_type=\"widget\" data-e-type=\"widget\" data-widget_type=\"heading.default\">\n\t\t\t\t\t<h2 class=\"elementor-heading-title elementor-size-default\">CONFIRA ABAIXO NOSSO C\u00d3DIGO DE CONDUTA<\/h2>\t\t\t\t<\/div>\n\t\t\t\t<div class=\"elementor-element elementor-element-24d0666 elementor-widget-divider--view-line elementor-widget elementor-widget-divider\" data-id=\"24d0666\" data-element_type=\"widget\" data-e-type=\"widget\" data-widget_type=\"divider.default\">\n\t\t\t\t\t\t\t<div class=\"elementor-divider\">\n\t\t\t<span class=\"elementor-divider-separator\">\n\t\t\t\t\t\t<\/span>\n\t\t<\/div>\n\t\t\t\t\t\t<\/div>\n\t\t\t\t<div class=\"elementor-element elementor-element-23e68b1 elementor-widget elementor-widget-html\" data-id=\"23e68b1\" data-element_type=\"widget\" data-e-type=\"widget\" data-widget_type=\"html.default\">\n\t\t\t\t\t<iframe src=\"https:\/\/vale-verde.com\/wp-content\/uploads\/2025\/06\/Cartilha_CodigoDeConduta_MVV20200929.pdf\" \r\nwidth=\"100%\" height=\"600px\">\r\n<\/iframe>\t\t\t\t<\/div>\n\t\t\t\t<div class=\"elementor-element elementor-element-3043f3c elementor-widget elementor-widget-button\" data-id=\"3043f3c\" data-element_type=\"widget\" data-e-type=\"widget\" data-widget_type=\"button.default\">\n\t\t\t\t\t\t\t\t\t\t<a class=\"elementor-button elementor-button-link elementor-size-sm\" href=\"https:\/\/servidorlumen.com.br\/mvv\/wp-content\/uploads\/2026\/03\/Cartilha_CodigoDeConduta_MVV20200929.pdf\" target=\"_blank\">\n\t\t\t\t\t\t<span class=\"elementor-button-content-wrapper\">\n\t\t\t\t\t\t\t\t\t<span class=\"elementor-button-text\">C\u00d3DIGO DE CONDUTA<\/span>\n\t\t\t\t\t<\/span>\n\t\t\t\t\t<\/a>\n\t\t\t\t\t\t\t\t<\/div>\n\t\t\t\t\t<\/div>\n\t\t\t\t<\/div>\n\t\t\t\t<\/div>\n\t\t","protected":false},"excerpt":{"rendered":"<p>C\u00f3digo de Conduta C\u00d3DIGO DE CONDUTA Obrigado por contatar a Linha \u00c9tica da Minera\u00e7\u00e3o Vale Verde. Este canal foi desenvolvido para permitir o registro de relatos sobre situa\u00e7\u00f5es em que houve descumprimento do C\u00f3digo de Conduta. A Linha \u00c9tica da Minera\u00e7\u00e3o Vale Verde \u00e9 um canal independente, administrado pela empresa KPMG, que possui a experi\u00eancia necess\u00e1ria para obter informa\u00e7\u00f5es sobre situa\u00e7\u00f5es como m\u00e1 conduta, fraude e desvios de recursos, garantindo o anonimato e a confidencialidade das informa\u00e7\u00f5es recebidas.Para entrar em contato com a Linha \u00c9tica, qualquer pessoa pode utilizar um dos quatro canais dispon\u00edveis: \u00a0 COMO ENTRAR EM CONTATO Telefone: Ligando gratuitamente para 0800-713-0104 Voc\u00ea pode permanecer an\u00f4nimo se desejar Internet: No endere\u00e7o eletr\u00f4nico: https:\/\/www.linhaetica.com.br\/etica\/mvv Email: mvv@linhaetica.com.br Correspond\u00eancia: Linha \u00c9tica Minera\u00e7\u00e3o Vale VerdeCaixa Postal 79518S\u00e3o Paulo, SP \u2013 CEP 04711-904 CONFIRA ABAIXO NOSSO C\u00d3DIGO DE CONDUTA C\u00d3DIGO DE CONDUTA<\/p>\n","protected":false},"author":1,"featured_media":0,"parent":0,"menu_order":0,"comment_status":"closed","ping_status":"closed","template":"elementor_header_footer","meta":{"footnotes":""},"class_list":["post-733","page","type-page","status-publish","hentry"],"_links":{"self":[{"href":"https:\/\/servidorlumen.com.br\/mvv\/wp-json\/wp\/v2\/pages\/733","targetHints":{"allow":["GET"]}}],"collection":[{"href":"https:\/\/servidorlumen.com.br\/mvv\/wp-json\/wp\/v2\/pages"}],"about":[{"href":"https:\/\/servidorlumen.com.br\/mvv\/wp-json\/wp\/v2\/types\/page"}],"author":[{"embeddable":true,"href":"https:\/\/servidorlumen.com.br\/mvv\/wp-json\/wp\/v2\/users\/1"}],"replies":[{"embeddable":true,"href":"https:\/\/servidorlumen.com.br\/mvv\/wp-json\/wp\/v2\/comments?post=733"}],"version-history":[{"count":43,"href":"https:\/\/servidorlumen.com.br\/mvv\/wp-json\/wp\/v2\/pages\/733\/revisions"}],"predecessor-version":[{"id":2225,"href":"https:\/\/servidorlumen.com.br\/mvv\/wp-json\/wp\/v2\/pages\/733\/revisions\/2225"}],"wp:attachment":[{"href":"https:\/\/servidorlumen.com.br\/mvv\/wp-json\/wp\/v2\/media?parent=733"}],"curies":[{"name":"wp","href":"https:\/\/api.w.org\/{rel}","templated":true}]}}