{"id":730,"date":"2026-03-06T13:22:53","date_gmt":"2026-03-06T13:22:53","guid":{"rendered":"https:\/\/servidorlumen.com.br\/mvv\/?page_id=730"},"modified":"2026-03-20T16:10:32","modified_gmt":"2026-03-20T16:10:32","slug":"integridade","status":"publish","type":"page","link":"https:\/\/servidorlumen.com.br\/mvv\/integridade\/","title":{"rendered":"Integridade"},"content":{"rendered":"\t\t<div data-elementor-type=\"wp-page\" data-elementor-id=\"730\" class=\"elementor elementor-730\">\n\t\t\t\t<div class=\"elementor-element elementor-element-a739973 e-flex e-con-boxed wpr-particle-no wpr-jarallax-no wpr-parallax-no wpr-sticky-section-no e-con e-parent\" data-id=\"a739973\" data-element_type=\"container\" data-e-type=\"container\" data-settings=\"{&quot;background_background&quot;:&quot;classic&quot;}\">\n\t\t\t\t\t<div class=\"e-con-inner\">\n\t\t\t\t<div class=\"elementor-element elementor-element-26ab7c5 elementor-widget elementor-widget-heading\" data-id=\"26ab7c5\" data-element_type=\"widget\" data-e-type=\"widget\" data-widget_type=\"heading.default\">\n\t\t\t\t\t<h2 class=\"elementor-heading-title elementor-size-default\">\u00c9tica e Integridade<\/h2>\t\t\t\t<\/div>\n\t\t\t\t\t<\/div>\n\t\t\t\t<\/div>\n\t\t<div class=\"elementor-element elementor-element-7c180d9 e-flex e-con-boxed wpr-particle-no wpr-jarallax-no wpr-parallax-no wpr-sticky-section-no e-con e-parent\" data-id=\"7c180d9\" data-element_type=\"container\" data-e-type=\"container\">\n\t\t\t\t\t<div class=\"e-con-inner\">\n\t\t\t\t<div class=\"elementor-element elementor-element-350eb96 elementor-widget elementor-widget-heading\" data-id=\"350eb96\" data-element_type=\"widget\" data-e-type=\"widget\" data-widget_type=\"heading.default\">\n\t\t\t\t\t<h2 class=\"elementor-heading-title elementor-size-default\">LINHA DE \u00c9TICA VALE VERDE<\/h2>\t\t\t\t<\/div>\n\t\t\t\t<div class=\"elementor-element elementor-element-d43ac62 elementor-widget-divider--view-line elementor-widget elementor-widget-divider\" data-id=\"d43ac62\" data-element_type=\"widget\" data-e-type=\"widget\" data-widget_type=\"divider.default\">\n\t\t\t\t\t\t\t<div class=\"elementor-divider\">\n\t\t\t<span class=\"elementor-divider-separator\">\n\t\t\t\t\t\t<\/span>\n\t\t<\/div>\n\t\t\t\t\t\t<\/div>\n\t\t\t\t<div class=\"elementor-element elementor-element-7ae9111 elementor-widget elementor-widget-text-editor\" data-id=\"7ae9111\" data-element_type=\"widget\" data-e-type=\"widget\" data-widget_type=\"text-editor.default\">\n\t\t\t\t\t\t\t\t\t<div class=\"wpb_text_column wpb_content_element \"><div class=\"wpb_wrapper\"><p>Obrigado por contatar a Linha \u00c9tica da Minera\u00e7\u00e3o Vale Verde. Este canal foi desenvolvido para permitir o registro de relatos sobre situa\u00e7\u00f5es em que houve descumprimento do C\u00f3digo de Conduta. A Linha \u00c9tica da Minera\u00e7\u00e3o Vale Verde \u00e9 um canal independente, administrado pela empresa KPMG, que possui a experi\u00eancia necess\u00e1ria para obter informa\u00e7\u00f5es sobre situa\u00e7\u00f5es como m\u00e1 conduta, fraude e desvios de recursos, garantindo o anonimato e a confidencialidade das informa\u00e7\u00f5es recebidas.<br \/>Para entrar em contato com a Linha \u00c9tica, qualquer pessoa pode utilizar um dos quatro canais dispon\u00edveis:<\/p><\/div><\/div><div class=\"divider-wrap\">\u00a0<\/div>\t\t\t\t\t\t\t\t<\/div>\n\t\t\t\t<div class=\"elementor-element elementor-element-83af195 elementor-widget elementor-widget-heading\" data-id=\"83af195\" data-element_type=\"widget\" data-e-type=\"widget\" data-widget_type=\"heading.default\">\n\t\t\t\t\t<h2 class=\"elementor-heading-title elementor-size-default\">COMO ENTRAR EM CONTATO<\/h2>\t\t\t\t<\/div>\n\t\t\t\t<div class=\"elementor-element elementor-element-6df832c elementor-widget-divider--view-line elementor-widget elementor-widget-divider\" data-id=\"6df832c\" data-element_type=\"widget\" data-e-type=\"widget\" data-widget_type=\"divider.default\">\n\t\t\t\t\t\t\t<div class=\"elementor-divider\">\n\t\t\t<span class=\"elementor-divider-separator\">\n\t\t\t\t\t\t<\/span>\n\t\t<\/div>\n\t\t\t\t\t\t<\/div>\n\t\t\t\t<div class=\"elementor-element elementor-element-be31e76 elementor-widget elementor-widget-heading\" data-id=\"be31e76\" data-element_type=\"widget\" data-e-type=\"widget\" data-widget_type=\"heading.default\">\n\t\t\t\t\t<h2 class=\"elementor-heading-title elementor-size-default\">Telefone:<\/h2>\t\t\t\t<\/div>\n\t\t\t\t<div class=\"elementor-element elementor-element-4f4573c elementor-widget elementor-widget-text-editor\" data-id=\"4f4573c\" data-element_type=\"widget\" data-e-type=\"widget\" data-widget_type=\"text-editor.default\">\n\t\t\t\t\t\t\t\t\t<div class=\"wpb_text_column wpb_content_element \"><div class=\"wpb_wrapper\"><p>Ligando gratuitamente para 0800-713-0104<\/p><div class=\"wpb_text_column wpb_content_element \"><div class=\"wpb_wrapper\"><p>Voc\u00ea pode permanecer an\u00f4nimo se desejar<\/p><\/div><\/div><\/div><\/div>\t\t\t\t\t\t\t\t<\/div>\n\t\t\t\t<div class=\"elementor-element elementor-element-f8813b6 elementor-widget elementor-widget-heading\" data-id=\"f8813b6\" data-element_type=\"widget\" data-e-type=\"widget\" data-widget_type=\"heading.default\">\n\t\t\t\t\t<h2 class=\"elementor-heading-title elementor-size-default\">Internet:<\/h2>\t\t\t\t<\/div>\n\t\t\t\t<div class=\"elementor-element elementor-element-1e89ac0 elementor-widget elementor-widget-text-editor\" data-id=\"1e89ac0\" data-element_type=\"widget\" data-e-type=\"widget\" data-widget_type=\"text-editor.default\">\n\t\t\t\t\t\t\t\t\t<div class=\"wpb_text_column wpb_content_element \"><div class=\"wpb_wrapper\"><p>No endere\u00e7o eletr\u00f4nico:<\/p><\/div><\/div>\t\t\t\t\t\t\t\t<\/div>\n\t\t\t\t<div class=\"elementor-element elementor-element-95ccb7d elementor-widget elementor-widget-text-editor\" data-id=\"95ccb7d\" data-element_type=\"widget\" data-e-type=\"widget\" data-widget_type=\"text-editor.default\">\n\t\t\t\t\t\t\t\t\t<p>https:\/\/www.linhaetica.com.br\/etica\/mvv<\/p>\t\t\t\t\t\t\t\t<\/div>\n\t\t\t\t<div class=\"elementor-element elementor-element-4733a2f elementor-widget elementor-widget-heading\" data-id=\"4733a2f\" data-element_type=\"widget\" data-e-type=\"widget\" data-widget_type=\"heading.default\">\n\t\t\t\t\t<h2 class=\"elementor-heading-title elementor-size-default\">Email:<\/h2>\t\t\t\t<\/div>\n\t\t\t\t<div class=\"elementor-element elementor-element-2756ba7 elementor-widget elementor-widget-text-editor\" data-id=\"2756ba7\" data-element_type=\"widget\" data-e-type=\"widget\" data-widget_type=\"text-editor.default\">\n\t\t\t\t\t\t\t\t\t<p>mvv@linhaetica.com.br<\/p>\t\t\t\t\t\t\t\t<\/div>\n\t\t\t\t<div class=\"elementor-element elementor-element-4232879 elementor-widget elementor-widget-heading\" data-id=\"4232879\" data-element_type=\"widget\" data-e-type=\"widget\" data-widget_type=\"heading.default\">\n\t\t\t\t\t<h2 class=\"elementor-heading-title elementor-size-default\">Correspond\u00eancia:<\/h2>\t\t\t\t<\/div>\n\t\t\t\t<div class=\"elementor-element elementor-element-a9e2b69 elementor-widget elementor-widget-text-editor\" data-id=\"a9e2b69\" data-element_type=\"widget\" data-e-type=\"widget\" data-widget_type=\"text-editor.default\">\n\t\t\t\t\t\t\t\t\t<p>Linha \u00c9tica Minera\u00e7\u00e3o Vale Verde<br \/>Caixa Postal 79518<br \/>S\u00e3o Paulo, SP \u2013 CEP 04711-904<\/p>\t\t\t\t\t\t\t\t<\/div>\n\t\t\t\t<div class=\"elementor-element elementor-element-095b050 elementor-widget elementor-widget-heading\" data-id=\"095b050\" data-element_type=\"widget\" data-e-type=\"widget\" data-widget_type=\"heading.default\">\n\t\t\t\t\t<h2 class=\"elementor-heading-title elementor-size-default\">CONFIRA ABAIXO NOSSO C\u00d3DIGO DE CONDUTA<\/h2>\t\t\t\t<\/div>\n\t\t\t\t<div class=\"elementor-element elementor-element-6ba55ac elementor-widget-divider--view-line elementor-widget elementor-widget-divider\" data-id=\"6ba55ac\" data-element_type=\"widget\" data-e-type=\"widget\" data-widget_type=\"divider.default\">\n\t\t\t\t\t\t\t<div class=\"elementor-divider\">\n\t\t\t<span class=\"elementor-divider-separator\">\n\t\t\t\t\t\t<\/span>\n\t\t<\/div>\n\t\t\t\t\t\t<\/div>\n\t\t\t\t<div class=\"elementor-element elementor-element-1337f78 elementor-widget elementor-widget-heading\" data-id=\"1337f78\" data-element_type=\"widget\" data-e-type=\"widget\" data-widget_type=\"heading.default\">\n\t\t\t\t\t<h2 class=\"elementor-heading-title elementor-size-default\">POL\u00cdTICA ANTICORRUP\u00c7\u00c3O MVV<\/h2>\t\t\t\t<\/div>\n\t\t\t\t<div class=\"elementor-element elementor-element-d95134d elementor-widget-divider--view-line elementor-widget elementor-widget-divider\" data-id=\"d95134d\" data-element_type=\"widget\" data-e-type=\"widget\" data-widget_type=\"divider.default\">\n\t\t\t\t\t\t\t<div class=\"elementor-divider\">\n\t\t\t<span class=\"elementor-divider-separator\">\n\t\t\t\t\t\t<\/span>\n\t\t<\/div>\n\t\t\t\t\t\t<\/div>\n\t\t\t\t<div class=\"elementor-element elementor-element-9797862 elementor-widget elementor-widget-text-editor\" data-id=\"9797862\" data-element_type=\"widget\" data-e-type=\"widget\" data-widget_type=\"text-editor.default\">\n\t\t\t\t\t\t\t\t\t<p>A corrup\u00e7\u00e3o \u00e9 um problema mundial, que afeta os neg\u00f3cios e a sociedade. A Minera\u00e7\u00e3o Vale Verde est\u00e1 empenhada em combater este mal em todas as suas formas e esta Pol\u00edtica Anticorrup\u00e7\u00e3o \u00e9 uma declara\u00e7\u00e3o deste compromisso. Neste documento voc\u00ea encontrar\u00e1 informa\u00e7\u00f5es importantes sobre como nosso pessoal e nossos parceiros de neg\u00f3cios devem agir para assegurar que nossa cultura de integridade seja refer\u00eancia positiva em todos os lugares onde operamos.<\/p>\t\t\t\t\t\t\t\t<\/div>\n\t\t\t\t<div class=\"elementor-element elementor-element-b492bd8 elementor-widget elementor-widget-button\" data-id=\"b492bd8\" data-element_type=\"widget\" data-e-type=\"widget\" data-widget_type=\"button.default\">\n\t\t\t\t\t\t\t\t\t\t<a class=\"elementor-button elementor-button-link elementor-size-sm\" href=\"#\" target=\"_blank\">\n\t\t\t\t\t\t<span class=\"elementor-button-content-wrapper\">\n\t\t\t\t\t\t\t\t\t<span class=\"elementor-button-text\">POL\u00cdTICA ANTICORRUP\u00c7\u00c3O MVV<\/span>\n\t\t\t\t\t<\/span>\n\t\t\t\t\t<\/a>\n\t\t\t\t\t\t\t\t<\/div>\n\t\t\t\t<div class=\"elementor-element elementor-element-1c1a013 elementor-widget elementor-widget-heading\" data-id=\"1c1a013\" data-element_type=\"widget\" data-e-type=\"widget\" data-widget_type=\"heading.default\">\n\t\t\t\t\t<h2 class=\"elementor-heading-title elementor-size-default\">POL\u00cdTICA DE DIREITOS HUMANOS<\/h2>\t\t\t\t<\/div>\n\t\t\t\t<div class=\"elementor-element elementor-element-a53c869 elementor-widget-divider--view-line elementor-widget elementor-widget-divider\" data-id=\"a53c869\" data-element_type=\"widget\" data-e-type=\"widget\" data-widget_type=\"divider.default\">\n\t\t\t\t\t\t\t<div class=\"elementor-divider\">\n\t\t\t<span class=\"elementor-divider-separator\">\n\t\t\t\t\t\t<\/span>\n\t\t<\/div>\n\t\t\t\t\t\t<\/div>\n\t\t\t\t<div class=\"elementor-element elementor-element-3034354 elementor-widget elementor-widget-button\" data-id=\"3034354\" data-element_type=\"widget\" data-e-type=\"widget\" data-widget_type=\"button.default\">\n\t\t\t\t\t\t\t\t\t\t<a class=\"elementor-button elementor-button-link elementor-size-sm\" href=\"#\" target=\"_blank\">\n\t\t\t\t\t\t<span class=\"elementor-button-content-wrapper\">\n\t\t\t\t\t\t\t\t\t<span class=\"elementor-button-text\">POL\u00cdTICA DE DIREITOS HUMANOS<\/span>\n\t\t\t\t\t<\/span>\n\t\t\t\t\t<\/a>\n\t\t\t\t\t\t\t\t<\/div>\n\t\t\t\t\t<\/div>\n\t\t\t\t<\/div>\n\t\t\t\t<\/div>\n\t\t","protected":false},"excerpt":{"rendered":"<p>\u00c9tica e Integridade LINHA DE \u00c9TICA VALE VERDE Obrigado por contatar a Linha \u00c9tica da Minera\u00e7\u00e3o Vale Verde. Este canal foi desenvolvido para permitir o registro de relatos sobre situa\u00e7\u00f5es em que houve descumprimento do C\u00f3digo de Conduta. A Linha \u00c9tica da Minera\u00e7\u00e3o Vale Verde \u00e9 um canal independente, administrado pela empresa KPMG, que possui a experi\u00eancia necess\u00e1ria para obter informa\u00e7\u00f5es sobre situa\u00e7\u00f5es como m\u00e1 conduta, fraude e desvios de recursos, garantindo o anonimato e a confidencialidade das informa\u00e7\u00f5es recebidas.Para entrar em contato com a Linha \u00c9tica, qualquer pessoa pode utilizar um dos quatro canais dispon\u00edveis: \u00a0 COMO ENTRAR EM CONTATO Telefone: Ligando gratuitamente para 0800-713-0104 Voc\u00ea pode permanecer an\u00f4nimo se desejar Internet: No endere\u00e7o eletr\u00f4nico: https:\/\/www.linhaetica.com.br\/etica\/mvv Email: mvv@linhaetica.com.br Correspond\u00eancia: Linha \u00c9tica Minera\u00e7\u00e3o Vale VerdeCaixa Postal 79518S\u00e3o Paulo, SP \u2013 CEP 04711-904 CONFIRA ABAIXO NOSSO C\u00d3DIGO DE CONDUTA POL\u00cdTICA ANTICORRUP\u00c7\u00c3O MVV A corrup\u00e7\u00e3o \u00e9 um problema mundial, que afeta os neg\u00f3cios e a sociedade. A Minera\u00e7\u00e3o Vale Verde est\u00e1 empenhada em combater este mal em todas as suas formas e esta Pol\u00edtica Anticorrup\u00e7\u00e3o \u00e9 uma declara\u00e7\u00e3o deste compromisso. Neste documento voc\u00ea encontrar\u00e1 informa\u00e7\u00f5es importantes sobre como nosso pessoal e nossos parceiros de neg\u00f3cios devem agir para assegurar que nossa cultura de integridade seja refer\u00eancia positiva em todos os lugares onde operamos. POL\u00cdTICA ANTICORRUP\u00c7\u00c3O MVV POL\u00cdTICA DE DIREITOS HUMANOS POL\u00cdTICA DE DIREITOS HUMANOS<\/p>\n","protected":false},"author":1,"featured_media":0,"parent":0,"menu_order":0,"comment_status":"closed","ping_status":"closed","template":"elementor_header_footer","meta":{"footnotes":""},"class_list":["post-730","page","type-page","status-publish","hentry"],"_links":{"self":[{"href":"https:\/\/servidorlumen.com.br\/mvv\/wp-json\/wp\/v2\/pages\/730","targetHints":{"allow":["GET"]}}],"collection":[{"href":"https:\/\/servidorlumen.com.br\/mvv\/wp-json\/wp\/v2\/pages"}],"about":[{"href":"https:\/\/servidorlumen.com.br\/mvv\/wp-json\/wp\/v2\/types\/page"}],"author":[{"embeddable":true,"href":"https:\/\/servidorlumen.com.br\/mvv\/wp-json\/wp\/v2\/users\/1"}],"replies":[{"embeddable":true,"href":"https:\/\/servidorlumen.com.br\/mvv\/wp-json\/wp\/v2\/comments?post=730"}],"version-history":[{"count":124,"href":"https:\/\/servidorlumen.com.br\/mvv\/wp-json\/wp\/v2\/pages\/730\/revisions"}],"predecessor-version":[{"id":2244,"href":"https:\/\/servidorlumen.com.br\/mvv\/wp-json\/wp\/v2\/pages\/730\/revisions\/2244"}],"wp:attachment":[{"href":"https:\/\/servidorlumen.com.br\/mvv\/wp-json\/wp\/v2\/media?parent=730"}],"curies":[{"name":"wp","href":"https:\/\/api.w.org\/{rel}","templated":true}]}}