{"id":601,"date":"2026-03-05T22:35:33","date_gmt":"2026-03-05T22:35:33","guid":{"rendered":"https:\/\/servidorlumen.com.br\/mvv\/?page_id=601"},"modified":"2026-04-02T02:45:45","modified_gmt":"2026-04-02T02:45:45","slug":"fornecedores","status":"publish","type":"page","link":"https:\/\/servidorlumen.com.br\/mvv\/fornecedores\/","title":{"rendered":"Fornecedores"},"content":{"rendered":"\t\t<div data-elementor-type=\"wp-page\" data-elementor-id=\"601\" class=\"elementor elementor-601\">\n\t\t\t\t<div class=\"elementor-element elementor-element-015e1db e-con-full e-flex wpr-particle-no wpr-jarallax-no wpr-parallax-no wpr-sticky-section-no e-con e-parent\" data-id=\"015e1db\" data-element_type=\"container\" data-e-type=\"container\">\n\t\t<div class=\"elementor-element elementor-element-dde8fa6 e-con-full e-flex wpr-particle-no wpr-jarallax-no wpr-parallax-no wpr-sticky-section-no e-con e-child\" data-id=\"dde8fa6\" data-element_type=\"container\" data-e-type=\"container\" data-settings=\"{&quot;background_background&quot;:&quot;classic&quot;}\">\n\t\t\t\t<div class=\"elementor-element elementor-element-fe7e386 elementor-widget elementor-widget-heading\" data-id=\"fe7e386\" data-element_type=\"widget\" data-e-type=\"widget\" data-widget_type=\"heading.default\">\n\t\t\t\t\t<h2 class=\"elementor-heading-title elementor-size-default\">Fornecedores<\/h2>\t\t\t\t<\/div>\n\t\t\t\t<\/div>\n\t\t\t\t<\/div>\n\t\t<div class=\"elementor-element elementor-element-8ec8813 e-flex e-con-boxed wpr-particle-no wpr-jarallax-no wpr-parallax-no wpr-sticky-section-no e-con e-parent\" data-id=\"8ec8813\" data-element_type=\"container\" data-e-type=\"container\">\n\t\t\t\t\t<div class=\"e-con-inner\">\n\t\t\t\t<div class=\"elementor-element elementor-element-6cb6d2d elementor-widget elementor-widget-text-editor\" data-id=\"6cb6d2d\" data-element_type=\"widget\" data-e-type=\"widget\" data-widget_type=\"text-editor.default\">\n\t\t\t\t\t\t\t\t\t<p>Estamos abertos a conhecer novas op\u00e7\u00f5es de fornecimento de materiais e servi\u00e7os para nossa opera\u00e7\u00e3o.<\/p>\t\t\t\t\t\t\t\t<\/div>\n\t\t\t\t<div class=\"elementor-element elementor-element-b68cc3d elementor-widget elementor-widget-heading\" data-id=\"b68cc3d\" data-element_type=\"widget\" data-e-type=\"widget\" data-widget_type=\"heading.default\">\n\t\t\t\t\t<h2 class=\"elementor-heading-title elementor-size-default\">O QUE DEVO FAZER PARA SER UM FORNECEDOR?<\/h2>\t\t\t\t<\/div>\n\t\t\t\t<div class=\"elementor-element elementor-element-d518f52 elementor-widget elementor-widget-text-editor\" data-id=\"d518f52\" data-element_type=\"widget\" data-e-type=\"widget\" data-widget_type=\"text-editor.default\">\n\t\t\t\t\t\t\t\t\t<p>Se a sua empresa tem interesse em fazer parte do nosso quadro de fornecedores, realize o seu pr\u00e9-cadastro e caso exista uma oportunidade relacionada ao seu produto\/servi\u00e7o, voc\u00ea receber\u00e1 um e-mail com os pr\u00f3ximos passos do processo de homologa\u00e7\u00e3o.<\/p><p>Para saber mais e realizar o pr\u00e9-cadastro,\u00a0<a href=\"https:\/\/www.sistemas-equipo.com.br\/hoc-portal-fornecedor\/pages\/login.jsf?authType=basic&amp;customerOrigin=default\" target=\"_blank\" rel=\"noopener\">clique aqui<\/a>\u00a0para acessar ao portal.<\/p><p>Apenas os fornecedores que tiverem homologados, atrav\u00e9s da Equipo, permanecer\u00e3o ativos e dispon\u00edveis para potencial contrata\u00e7\u00e3o na base de fornecedores da nossa empresa.<\/p>\t\t\t\t\t\t\t\t<\/div>\n\t\t\t\t<div class=\"elementor-element elementor-element-bf8f682 elementor-widget elementor-widget-heading\" data-id=\"bf8f682\" data-element_type=\"widget\" data-e-type=\"widget\" data-widget_type=\"heading.default\">\n\t\t\t\t\t<h2 class=\"elementor-heading-title elementor-size-default\">J\u00c1 SOU FORNECEDOR, PRECISO ME HOMOLOGAR?<\/h2>\t\t\t\t<\/div>\n\t\t\t\t<div class=\"elementor-element elementor-element-5ade520 elementor-widget elementor-widget-text-editor\" data-id=\"5ade520\" data-element_type=\"widget\" data-e-type=\"widget\" data-widget_type=\"text-editor.default\">\n\t\t\t\t\t\t\t\t\t<p>Caso n\u00e3o seja homologado sim, precisa. Todos os nossos parceiros devem ser homologados.<\/p>\t\t\t\t\t\t\t\t<\/div>\n\t\t\t\t<div class=\"elementor-element elementor-element-99468ae elementor-widget elementor-widget-heading\" data-id=\"99468ae\" data-element_type=\"widget\" data-e-type=\"widget\" data-widget_type=\"heading.default\">\n\t\t\t\t\t<h2 class=\"elementor-heading-title elementor-size-default\">REALIZEI O PR\u00c9 CADASTRO, MAS AINDA N\u00c3O RECEBI RETORNO, O QUE DEVO FAZER?<\/h2>\t\t\t\t<\/div>\n\t\t\t\t<div class=\"elementor-element elementor-element-d5898ab elementor-widget elementor-widget-text-editor\" data-id=\"d5898ab\" data-element_type=\"widget\" data-e-type=\"widget\" data-widget_type=\"text-editor.default\">\n\t\t\t\t\t\t\t\t\t<p>Se voc\u00ea j\u00e1 fez um pr\u00e9-cadastro, aguarde. Essa etapa permite que os nossos compradores tenham acesso aos seus dados e, quando tiver uma oportunidade, voc\u00ea poder\u00e1 ser convidado a participar do processo.<\/p>\t\t\t\t\t\t\t\t<\/div>\n\t\t\t\t<div class=\"elementor-element elementor-element-516b27f elementor-widget elementor-widget-heading\" data-id=\"516b27f\" data-element_type=\"widget\" data-e-type=\"widget\" data-widget_type=\"heading.default\">\n\t\t\t\t\t<h2 class=\"elementor-heading-title elementor-size-default\">IMPORTANTE:<\/h2>\t\t\t\t<\/div>\n\t\t\t\t<div class=\"elementor-element elementor-element-f84fe1a elementor-widget elementor-widget-text-editor\" data-id=\"f84fe1a\" data-element_type=\"widget\" data-e-type=\"widget\" data-widget_type=\"text-editor.default\">\n\t\t\t\t\t\t\t\t\t<p>O envio das informa\u00e7\u00f5es e o registro atrav\u00e9s do nosso canal n\u00e3o garantem a obriga\u00e7\u00e3o da nossa empresa em realizar cota\u00e7\u00f5es e\/ou negocia\u00e7\u00f5es com a sua empresa. Todas as informa\u00e7\u00f5es ser\u00e3o analisadas e, quando necess\u00e1rio, ser\u00e3o solicitados dados adicionais pelos profissionais ou equipes respons\u00e1veis.<\/p><p>Caso tenha alguma dificuldade, entre em contato pelo e-mail<strong>\u00a0<\/strong><a href=\"https:\/\/vale-verde.com\/index.php\/fornecedores\/gestao.fornecedores@vale-verde.com\">gestao.fornecedores@vale-verde.com<\/a><\/p>\t\t\t\t\t\t\t\t<\/div>\n\t\t\t\t\t<\/div>\n\t\t\t\t<\/div>\n\t\t\t\t<\/div>\n\t\t","protected":false},"excerpt":{"rendered":"<p>Fornecedores Estamos abertos a conhecer novas op\u00e7\u00f5es de fornecimento de materiais e servi\u00e7os para nossa opera\u00e7\u00e3o. O QUE DEVO FAZER PARA SER UM FORNECEDOR? Se a sua empresa tem interesse em fazer parte do nosso quadro de fornecedores, realize o seu pr\u00e9-cadastro e caso exista uma oportunidade relacionada ao seu produto\/servi\u00e7o, voc\u00ea receber\u00e1 um e-mail com os pr\u00f3ximos passos do processo de homologa\u00e7\u00e3o. Para saber mais e realizar o pr\u00e9-cadastro,\u00a0clique aqui\u00a0para acessar ao portal. Apenas os fornecedores que tiverem homologados, atrav\u00e9s da Equipo, permanecer\u00e3o ativos e dispon\u00edveis para potencial contrata\u00e7\u00e3o na base de fornecedores da nossa empresa. J\u00c1 SOU FORNECEDOR, PRECISO ME HOMOLOGAR? Caso n\u00e3o seja homologado sim, precisa. Todos os nossos parceiros devem ser homologados. REALIZEI O PR\u00c9 CADASTRO, MAS AINDA N\u00c3O RECEBI RETORNO, O QUE DEVO FAZER? Se voc\u00ea j\u00e1 fez um pr\u00e9-cadastro, aguarde. Essa etapa permite que os nossos compradores tenham acesso aos seus dados e, quando tiver uma oportunidade, voc\u00ea poder\u00e1 ser convidado a participar do processo. IMPORTANTE: O envio das informa\u00e7\u00f5es e o registro atrav\u00e9s do nosso canal n\u00e3o garantem a obriga\u00e7\u00e3o da nossa empresa em realizar cota\u00e7\u00f5es e\/ou negocia\u00e7\u00f5es com a sua empresa. Todas as informa\u00e7\u00f5es ser\u00e3o analisadas e, quando necess\u00e1rio, ser\u00e3o solicitados dados adicionais pelos profissionais ou equipes respons\u00e1veis. Caso tenha alguma dificuldade, entre em contato pelo e-mail\u00a0gestao.fornecedores@vale-verde.com<\/p>\n","protected":false},"author":1,"featured_media":0,"parent":0,"menu_order":0,"comment_status":"closed","ping_status":"closed","template":"elementor_header_footer","meta":{"footnotes":""},"class_list":["post-601","page","type-page","status-publish","hentry"],"_links":{"self":[{"href":"https:\/\/servidorlumen.com.br\/mvv\/wp-json\/wp\/v2\/pages\/601","targetHints":{"allow":["GET"]}}],"collection":[{"href":"https:\/\/servidorlumen.com.br\/mvv\/wp-json\/wp\/v2\/pages"}],"about":[{"href":"https:\/\/servidorlumen.com.br\/mvv\/wp-json\/wp\/v2\/types\/page"}],"author":[{"embeddable":true,"href":"https:\/\/servidorlumen.com.br\/mvv\/wp-json\/wp\/v2\/users\/1"}],"replies":[{"embeddable":true,"href":"https:\/\/servidorlumen.com.br\/mvv\/wp-json\/wp\/v2\/comments?post=601"}],"version-history":[{"count":49,"href":"https:\/\/servidorlumen.com.br\/mvv\/wp-json\/wp\/v2\/pages\/601\/revisions"}],"predecessor-version":[{"id":2524,"href":"https:\/\/servidorlumen.com.br\/mvv\/wp-json\/wp\/v2\/pages\/601\/revisions\/2524"}],"wp:attachment":[{"href":"https:\/\/servidorlumen.com.br\/mvv\/wp-json\/wp\/v2\/media?parent=601"}],"curies":[{"name":"wp","href":"https:\/\/api.w.org\/{rel}","templated":true}]}}