{"id":1317,"date":"2026-03-13T11:04:57","date_gmt":"2026-03-13T11:04:57","guid":{"rendered":"https:\/\/servidorlumen.com.br\/mvv\/?page_id=1317"},"modified":"2026-03-19T22:26:46","modified_gmt":"2026-03-19T22:26:46","slug":"visao-geral","status":"publish","type":"page","link":"https:\/\/servidorlumen.com.br\/mvv\/visao-geral\/","title":{"rendered":"Vis\u00e3o Geral"},"content":{"rendered":"\t\t<div data-elementor-type=\"wp-page\" data-elementor-id=\"1317\" class=\"elementor elementor-1317\">\n\t\t\t\t<div class=\"elementor-element elementor-element-389ebcb e-flex e-con-boxed wpr-particle-no wpr-jarallax-no wpr-parallax-no wpr-sticky-section-no e-con e-parent\" data-id=\"389ebcb\" data-element_type=\"container\" data-e-type=\"container\" data-settings=\"{&quot;background_background&quot;:&quot;classic&quot;}\">\n\t\t\t\t\t<div class=\"e-con-inner\">\n\t\t<div class=\"elementor-element elementor-element-29ccee6 e-con-full e-flex wpr-particle-no wpr-jarallax-no wpr-parallax-no wpr-sticky-section-no e-con e-child\" data-id=\"29ccee6\" data-element_type=\"container\" data-e-type=\"container\">\n\t\t\t\t<div class=\"elementor-element elementor-element-33034e1 elementor-widget elementor-widget-heading\" data-id=\"33034e1\" data-element_type=\"widget\" data-e-type=\"widget\" data-widget_type=\"heading.default\">\n\t\t\t\t\t<h2 class=\"elementor-heading-title elementor-size-default\">A Minera\u00e7\u00e3o Vale Verde atua com respeito e integridade junto aos seus p\u00fablicos interno e externo.<\/h2>\t\t\t\t<\/div>\n\t\t\t\t<\/div>\n\t\t\t\t\t<\/div>\n\t\t\t\t<\/div>\n\t\t<div class=\"elementor-element elementor-element-1c19d36 e-flex e-con-boxed wpr-particle-no wpr-jarallax-no wpr-parallax-no wpr-sticky-section-no e-con e-parent\" data-id=\"1c19d36\" data-element_type=\"container\" data-e-type=\"container\">\n\t\t\t\t\t<div class=\"e-con-inner\">\n\t\t\t\t<div class=\"elementor-element elementor-element-2290366 elementor-invisible elementor-widget elementor-widget-heading\" data-id=\"2290366\" data-element_type=\"widget\" data-e-type=\"widget\" data-settings=\"{&quot;_animation&quot;:&quot;fadeIn&quot;}\" data-widget_type=\"heading.default\">\n\t\t\t\t\t<h2 class=\"elementor-heading-title elementor-size-default\"> A MINERA\u00c7\u00c3O VALE VERDE<\/h2>\t\t\t\t<\/div>\n\t\t\t\t<div class=\"elementor-element elementor-element-da5d2dc elementor-widget-divider--view-line elementor-widget elementor-widget-divider\" data-id=\"da5d2dc\" data-element_type=\"widget\" data-e-type=\"widget\" data-widget_type=\"divider.default\">\n\t\t\t\t\t\t\t<div class=\"elementor-divider\">\n\t\t\t<span class=\"elementor-divider-separator\">\n\t\t\t\t\t\t<\/span>\n\t\t<\/div>\n\t\t\t\t\t\t<\/div>\n\t\t\t\t\t<\/div>\n\t\t\t\t<\/div>\n\t\t<div class=\"elementor-element elementor-element-404c7f0 e-flex e-con-boxed wpr-particle-no wpr-jarallax-no wpr-parallax-no wpr-sticky-section-no elementor-invisible e-con e-parent\" data-id=\"404c7f0\" data-element_type=\"container\" data-e-type=\"container\" data-settings=\"{&quot;animation&quot;:&quot;fadeIn&quot;}\">\n\t\t\t\t\t<div class=\"e-con-inner\">\n\t\t<div class=\"elementor-element elementor-element-1a45f7e e-con-full e-flex wpr-particle-no wpr-jarallax-no wpr-parallax-no wpr-sticky-section-no e-con e-child\" data-id=\"1a45f7e\" data-element_type=\"container\" data-e-type=\"container\">\n\t\t\t\t<div class=\"elementor-element elementor-element-821a3ae elementor-widget elementor-widget-text-editor\" data-id=\"821a3ae\" data-element_type=\"widget\" data-e-type=\"widget\" data-widget_type=\"text-editor.default\">\n\t\t\t\t\t\t\t\t\t<p>A Minera\u00e7\u00e3o Vale Verde pertence ao grupo Baiyin Nonferrous, um dos maiores players globais no setor de metais n\u00e3o ferrosos. Estamos operando h\u00e1 4 anos, com o compromisso de minerar o futuro por meio do cobre, um metal essencial para a transi\u00e7\u00e3o energ\u00e9tica e para o desenvolvimento de tecnologias sustent\u00e1veis. Nosso empreendimento est\u00e1 localizado em Cra\u00edbas, no Agreste Alagoano, na divisa com Arapiraca. Desde o in\u00edcio das opera\u00e7\u00f5es, temos gerado empregos, movimentado a economia local e contribu\u00eddo para o desenvolvimento da regi\u00e3o. O Projeto Serrote \u00e9 um marco para a minera\u00e7\u00e3o no Brasil. Com capacidade instalada para produzir 20 mil toneladas de cobre contido por ano e cerca de 84,5 mil toneladas anuais de concentrado de cobre, a planta processa aproximadamente 4,1 milh\u00f5es de toneladas de min\u00e9rio por ano.<\/p>\t\t\t\t\t\t\t\t<\/div>\n\t\t\t\t<\/div>\n\t\t<div class=\"elementor-element elementor-element-a392007 e-con-full e-flex wpr-particle-no wpr-jarallax-no wpr-parallax-no wpr-sticky-section-no e-con e-child\" data-id=\"a392007\" data-element_type=\"container\" data-e-type=\"container\">\n\t\t\t\t<div class=\"elementor-element elementor-element-163bca1 elementor-widget elementor-widget-text-editor\" data-id=\"163bca1\" data-element_type=\"widget\" data-e-type=\"widget\" data-widget_type=\"text-editor.default\">\n\t\t\t\t\t\t\t\t\t<p>A vida \u00fatil inicial da mina \u00e9 estimada em 14 anos, podendo ser ampliada com novas pesquisas minerais. Desde 2021, j\u00e1 exportamos mais de 310 mil toneladas secas de concentrado de cobre para mercados da \u00c1sia e Europa. Al\u00e9m do impacto econ\u00f4mico, nosso papel \u00e9 estrat\u00e9gico para um mundo mais sustent\u00e1vel. O cobre \u00e9 indispens\u00e1vel para: Energia limpa: turbinas e\u00f3licas, pain\u00e9is solares e redes el\u00e9tricas inteligentes. Mobilidade el\u00e9trica: cada ve\u00edculo el\u00e9trico utiliza at\u00e9 80 kg de cobre. Infraestrutura de recarga e transmiss\u00e3o: cabos, transformadores e sistemas de armazenamento de energia dependem do metal para efici\u00eancia e seguran\u00e7a.<\/p>\t\t\t\t\t\t\t\t<\/div>\n\t\t\t\t<\/div>\n\t\t<div class=\"elementor-element elementor-element-4ee2493 e-con-full e-flex wpr-particle-no wpr-jarallax-no wpr-parallax-no wpr-sticky-section-no e-con e-child\" data-id=\"4ee2493\" data-element_type=\"container\" data-e-type=\"container\">\n\t\t\t\t<div class=\"elementor-element elementor-element-ea535d4 elementor-widget elementor-widget-text-editor\" data-id=\"ea535d4\" data-element_type=\"widget\" data-e-type=\"widget\" data-widget_type=\"text-editor.default\">\n\t\t\t\t\t\t\t\t\t<p>Segundo a Ag\u00eancia Internacional de Energia, 45% da demanda global de cobre at\u00e9 2040 vir\u00e1 da transi\u00e7\u00e3o energ\u00e9tica, impulsionada pela eletrifica\u00e7\u00e3o da economia e pela expans\u00e3o das energias renov\u00e1veis. Com pr\u00e1ticas alinhadas aos mais altos padr\u00f5es de seguran\u00e7a, responsabilidade social e sustentabilidade, seguimos firmes no prop\u00f3sito de minerar o futuro e contribuir para um planeta mais verde.<\/p>\t\t\t\t\t\t\t\t<\/div>\n\t\t\t\t<\/div>\n\t\t\t\t<div class=\"elementor-element elementor-element-91cc5d8 elementor-widget elementor-widget-heading\" data-id=\"91cc5d8\" data-element_type=\"widget\" data-e-type=\"widget\" data-widget_type=\"heading.default\">\n\t\t\t\t\t<h2 class=\"elementor-heading-title elementor-size-default\">NOSSOS VALORES<\/h2>\t\t\t\t<\/div>\n\t\t\t\t<div class=\"elementor-element elementor-element-2cea8d9 elementor-widget-divider--view-line elementor-widget elementor-widget-divider\" data-id=\"2cea8d9\" data-element_type=\"widget\" data-e-type=\"widget\" data-widget_type=\"divider.default\">\n\t\t\t\t\t\t\t<div class=\"elementor-divider\">\n\t\t\t<span class=\"elementor-divider-separator\">\n\t\t\t\t\t\t<\/span>\n\t\t<\/div>\n\t\t\t\t\t\t<\/div>\n\t\t\t\t\t<\/div>\n\t\t\t\t<\/div>\n\t\t<div class=\"elementor-element elementor-element-ade4d4e e-flex e-con-boxed wpr-particle-no wpr-jarallax-no wpr-parallax-no wpr-sticky-section-no e-con e-parent\" data-id=\"ade4d4e\" data-element_type=\"container\" data-e-type=\"container\">\n\t\t\t\t\t<div class=\"e-con-inner\">\n\t\t<div class=\"elementor-element elementor-element-f4c24cb e-con-full e-flex wpr-particle-no wpr-jarallax-no wpr-parallax-no wpr-sticky-section-no elementor-invisible e-con e-child\" data-id=\"f4c24cb\" data-element_type=\"container\" data-e-type=\"container\" data-settings=\"{&quot;background_background&quot;:&quot;classic&quot;,&quot;animation&quot;:&quot;fadeInLeft&quot;}\">\n\t\t\t\t<div class=\"elementor-element elementor-element-5f11eda elementor-widget elementor-widget-heading\" data-id=\"5f11eda\" data-element_type=\"widget\" data-e-type=\"widget\" data-widget_type=\"heading.default\">\n\t\t\t\t\t<h2 class=\"elementor-heading-title elementor-size-default\">Seguran\u00e7a<\/h2>\t\t\t\t<\/div>\n\t\t\t\t<div class=\"elementor-element elementor-element-a92b940 elementor-widget elementor-widget-text-editor\" data-id=\"a92b940\" data-element_type=\"widget\" data-e-type=\"widget\" data-widget_type=\"text-editor.default\">\n\t\t\t\t\t\t\t\t\t<p>\u2192 Primeiramente, sempre, o direito e a obriga\u00e7\u00e3o de voltar para casa em seguran\u00e7a;<\/p>\t\t\t\t\t\t\t\t<\/div>\n\t\t\t\t<\/div>\n\t\t<div class=\"elementor-element elementor-element-c110014 e-con-full e-flex wpr-particle-no wpr-jarallax-no wpr-parallax-no wpr-sticky-section-no elementor-invisible e-con e-child\" data-id=\"c110014\" data-element_type=\"container\" data-e-type=\"container\" data-settings=\"{&quot;background_background&quot;:&quot;classic&quot;,&quot;animation&quot;:&quot;fadeInUp&quot;}\">\n\t\t\t\t<div class=\"elementor-element elementor-element-f4145c3 elementor-widget elementor-widget-heading\" data-id=\"f4145c3\" data-element_type=\"widget\" data-e-type=\"widget\" data-widget_type=\"heading.default\">\n\t\t\t\t\t<h2 class=\"elementor-heading-title elementor-size-default\">Integridade<\/h2>\t\t\t\t<\/div>\n\t\t\t\t<div class=\"elementor-element elementor-element-8bb8d57 elementor-widget elementor-widget-text-editor\" data-id=\"8bb8d57\" data-element_type=\"widget\" data-e-type=\"widget\" data-widget_type=\"text-editor.default\">\n\t\t\t\t\t\t\t\t\t<p>\u2192\u00a0N\u00f3s constru\u00edmos confian\u00e7a sendo honestos e disciplinados; aderimos \u00e0s regras e aos princ\u00edpios \u00e9ticos; e cumprimos as nossas promessas pontualmente;<\/p><p>\u2192 N\u00f3s somos relevantes, confi\u00e1veis e abertos na forma em que comunicamos;<\/p>\t\t\t\t\t\t\t\t<\/div>\n\t\t\t\t<\/div>\n\t\t<div class=\"elementor-element elementor-element-8c93d59 e-con-full e-flex wpr-particle-no wpr-jarallax-no wpr-parallax-no wpr-sticky-section-no elementor-invisible e-con e-child\" data-id=\"8c93d59\" data-element_type=\"container\" data-e-type=\"container\" data-settings=\"{&quot;background_background&quot;:&quot;classic&quot;,&quot;animation&quot;:&quot;fadeInRight&quot;}\">\n\t\t\t\t<div class=\"elementor-element elementor-element-2ca1c85 elementor-widget elementor-widget-heading\" data-id=\"2ca1c85\" data-element_type=\"widget\" data-e-type=\"widget\" data-widget_type=\"heading.default\">\n\t\t\t\t\t<h2 class=\"elementor-heading-title elementor-size-default\">Colabora\u00e7\u00e3o<\/h2>\t\t\t\t<\/div>\n\t\t\t\t<div class=\"elementor-element elementor-element-c416d26 elementor-widget elementor-widget-text-editor\" data-id=\"c416d26\" data-element_type=\"widget\" data-e-type=\"widget\" data-widget_type=\"text-editor.default\">\n\t\t\t\t\t\t\t\t\t<p>\u2192 N\u00f3s dividimos o compromisso de manter as nossas opera\u00e7\u00f5es seguras, fazer o neg\u00f3cio ser bem-sucedido e ajudar cada um de n\u00f3s a crescer;<\/p><p>\u2192 N\u00f3s balanceamos nossa expertise t\u00e9cnica, financeira e operacional e conectamos com todo o grupo Baiyin efetivamente para potencializar a nossa performance;<\/p>\t\t\t\t\t\t\t\t<\/div>\n\t\t\t\t<\/div>\n\t\t\t\t\t<\/div>\n\t\t\t\t<\/div>\n\t\t<div class=\"elementor-element elementor-element-e10d92b e-flex e-con-boxed wpr-particle-no wpr-jarallax-no wpr-parallax-no wpr-sticky-section-no e-con e-parent\" data-id=\"e10d92b\" data-element_type=\"container\" data-e-type=\"container\">\n\t\t\t\t\t<div class=\"e-con-inner\">\n\t\t<div class=\"elementor-element elementor-element-9c664ed e-con-full e-flex wpr-particle-no wpr-jarallax-no wpr-parallax-no wpr-sticky-section-no elementor-invisible e-con e-child\" data-id=\"9c664ed\" data-element_type=\"container\" data-e-type=\"container\" data-settings=\"{&quot;background_background&quot;:&quot;classic&quot;,&quot;animation&quot;:&quot;fadeInLeft&quot;}\">\n\t\t\t\t<div class=\"elementor-element elementor-element-174d71d elementor-widget elementor-widget-heading\" data-id=\"174d71d\" data-element_type=\"widget\" data-e-type=\"widget\" data-widget_type=\"heading.default\">\n\t\t\t\t\t<h2 class=\"elementor-heading-title elementor-size-default\">Realiza\u00e7\u00e3o<\/h2>\t\t\t\t<\/div>\n\t\t\t\t<div class=\"elementor-element elementor-element-99a6184 elementor-widget elementor-widget-text-editor\" data-id=\"99a6184\" data-element_type=\"widget\" data-e-type=\"widget\" data-widget_type=\"text-editor.default\">\n\t\t\t\t\t\t\t\t\t<p>\u2192 N\u00f3s aprendemos e continuamente melhoramos como iremos adicionar valor ao nosso time, ao nosso neg\u00f3cio e \u00e0s nossas comunidades;<\/p><p>\u2192 N\u00f3s prestamos aten\u00e7\u00e3o aos detalhes e buscamos excel\u00eancia para assim podermos ser os melhores em nosso campo e promover pr\u00e1ticas seguras e compat\u00edveis com o meio ambiente;<\/p>\t\t\t\t\t\t\t\t<\/div>\n\t\t\t\t<\/div>\n\t\t<div class=\"elementor-element elementor-element-0bdb0d1 e-con-full e-flex wpr-particle-no wpr-jarallax-no wpr-parallax-no wpr-sticky-section-no elementor-invisible e-con e-child\" data-id=\"0bdb0d1\" data-element_type=\"container\" data-e-type=\"container\" data-settings=\"{&quot;background_background&quot;:&quot;classic&quot;,&quot;animation&quot;:&quot;fadeInUp&quot;}\">\n\t\t\t\t<div class=\"elementor-element elementor-element-d3aa8f4 elementor-widget elementor-widget-heading\" data-id=\"d3aa8f4\" data-element_type=\"widget\" data-e-type=\"widget\" data-widget_type=\"heading.default\">\n\t\t\t\t\t<h2 class=\"elementor-heading-title elementor-size-default\">Empreendedorismo<\/h2>\t\t\t\t<\/div>\n\t\t\t\t<div class=\"elementor-element elementor-element-5bcebaa elementor-widget elementor-widget-text-editor\" data-id=\"5bcebaa\" data-element_type=\"widget\" data-e-type=\"widget\" data-widget_type=\"text-editor.default\">\n\t\t\t\t\t\t\t\t\t<p>\u2192 N\u00f3s temos vis\u00e3o de futuro, somos responsivos, habilidosos e inovadores na forma em que implementamos melhorias operacionais;<\/p><p>\u2192 N\u00f3s somos diligentes e perspicazes em nossas opera\u00e7\u00f5es para assegurar que sejamos seguros e eficientes tanto quanto poss\u00edvel;<\/p>\t\t\t\t\t\t\t\t<\/div>\n\t\t\t\t<\/div>\n\t\t<div class=\"elementor-element elementor-element-fc78058 e-con-full e-flex wpr-particle-no wpr-jarallax-no wpr-parallax-no wpr-sticky-section-no elementor-invisible e-con e-child\" data-id=\"fc78058\" data-element_type=\"container\" data-e-type=\"container\" data-settings=\"{&quot;background_background&quot;:&quot;classic&quot;,&quot;animation&quot;:&quot;fadeInRight&quot;}\">\n\t\t\t\t<div class=\"elementor-element elementor-element-b03e3d2 elementor-widget elementor-widget-heading\" data-id=\"b03e3d2\" data-element_type=\"widget\" data-e-type=\"widget\" data-widget_type=\"heading.default\">\n\t\t\t\t\t<h2 class=\"elementor-heading-title elementor-size-default\">Ecologia<\/h2>\t\t\t\t<\/div>\n\t\t\t\t<div class=\"elementor-element elementor-element-83bb542 elementor-widget elementor-widget-text-editor\" data-id=\"83bb542\" data-element_type=\"widget\" data-e-type=\"widget\" data-widget_type=\"text-editor.default\">\n\t\t\t\t\t\t\t\t\t<p>\u2192 Na Minera\u00e7\u00e3o Vale Verde (MVV), a preserva\u00e7\u00e3o do meio ambiente \u00e9 um valor essencial. Atuamos com responsabilidade, adotando pr\u00e1ticas sustent\u00e1veis que minimizam impactos ambientais e garantem o uso consciente dos recursos naturais. Nosso compromisso \u00e9 contribuir para o equil\u00edbrio ecol\u00f3gico e para um futuro mais sustent\u00e1vel para as pr\u00f3ximas gera\u00e7\u00f5es.<\/p>\t\t\t\t\t\t\t\t<\/div>\n\t\t\t\t<\/div>\n\t\t\t\t\t<\/div>\n\t\t\t\t<\/div>\n\t\t<div class=\"elementor-element elementor-element-c3450f9 e-flex e-con-boxed wpr-particle-no wpr-jarallax-no wpr-parallax-no wpr-sticky-section-no e-con e-parent\" data-id=\"c3450f9\" data-element_type=\"container\" data-e-type=\"container\">\n\t\t\t\t\t<div class=\"e-con-inner\">\n\t\t\t\t<div class=\"elementor-element elementor-element-773b5e4 elementor-widget elementor-widget-heading\" data-id=\"773b5e4\" data-element_type=\"widget\" data-e-type=\"widget\" data-widget_type=\"heading.default\">\n\t\t\t\t\t<h2 class=\"elementor-heading-title elementor-size-default\">NOSSA MISS\u00c3O<\/h2>\t\t\t\t<\/div>\n\t\t\t\t<div class=\"elementor-element elementor-element-53a816d elementor-widget-divider--view-line elementor-widget elementor-widget-divider\" data-id=\"53a816d\" data-element_type=\"widget\" data-e-type=\"widget\" data-widget_type=\"divider.default\">\n\t\t\t\t\t\t\t<div class=\"elementor-divider\">\n\t\t\t<span class=\"elementor-divider-separator\">\n\t\t\t\t\t\t<\/span>\n\t\t<\/div>\n\t\t\t\t\t\t<\/div>\n\t\t\t\t<div class=\"elementor-element elementor-element-b34cd9e elementor-widget elementor-widget-text-editor\" data-id=\"b34cd9e\" data-element_type=\"widget\" data-e-type=\"widget\" data-widget_type=\"text-editor.default\">\n\t\t\t\t\t\t\t\t\t<p>Promover o desenvolvimento humano e tecnol\u00f3gico por meio da extra\u00e7\u00e3o de recursos\u00a0naturais com responsabilidade e \u00e9tica, agregando valor para os clientes e acionistas.<\/p>\t\t\t\t\t\t\t\t<\/div>\n\t\t\t\t\t<\/div>\n\t\t\t\t<\/div>\n\t\t<div class=\"elementor-element elementor-element-71e6416 e-flex e-con-boxed wpr-particle-no wpr-jarallax-no wpr-parallax-no wpr-sticky-section-no e-con e-parent\" data-id=\"71e6416\" data-element_type=\"container\" data-e-type=\"container\">\n\t\t\t\t\t<div class=\"e-con-inner\">\n\t\t\t\t<div class=\"elementor-element elementor-element-4739398 elementor-widget elementor-widget-heading\" data-id=\"4739398\" data-element_type=\"widget\" data-e-type=\"widget\" data-widget_type=\"heading.default\">\n\t\t\t\t\t<h2 class=\"elementor-heading-title elementor-size-default\">NOSSA VIS\u00c3O<\/h2>\t\t\t\t<\/div>\n\t\t\t\t<div class=\"elementor-element elementor-element-115f7a8 elementor-widget-divider--view-line elementor-widget elementor-widget-divider\" data-id=\"115f7a8\" data-element_type=\"widget\" data-e-type=\"widget\" data-widget_type=\"divider.default\">\n\t\t\t\t\t\t\t<div class=\"elementor-divider\">\n\t\t\t<span class=\"elementor-divider-separator\">\n\t\t\t\t\t\t<\/span>\n\t\t<\/div>\n\t\t\t\t\t\t<\/div>\n\t\t\t\t<div class=\"elementor-element elementor-element-6e9d624 elementor-widget elementor-widget-text-editor\" data-id=\"6e9d624\" data-element_type=\"widget\" data-e-type=\"widget\" data-widget_type=\"text-editor.default\">\n\t\t\t\t\t\t\t\t\t<div id=\"fws_69b39d03737d0\" class=\"wpb_row vc_row-fluid vc_row standard_section   \" data-midnight=\"dark\" data-bg-mobile-hidden=\"\"><div class=\"col span_12 dark left\"><div class=\"vc_col-sm-12 wpb_column column_container vc_column_container col no-extra-padding instance-18\" data-border-radius=\"none\" data-shadow=\"none\" data-border-animation=\"\" data-border-animation-delay=\"\" data-border-width=\"none\" data-border-style=\"solid\" data-border-color=\"\" data-bg-cover=\"\" data-padding-pos=\"all\" data-has-bg-color=\"false\" data-bg-color=\"\" data-bg-opacity=\"1\" data-hover-bg=\"\" data-hover-bg-opacity=\"1\" data-animation=\"\" data-delay=\"0\"><div class=\"vc_column-inner\"><div class=\"wpb_wrapper\"><div class=\"wpb_text_column wpb_content_element \"><div class=\"wpb_wrapper\"><div id=\"fws_69b39d03737d0\" class=\"wpb_row vc_row-fluid vc_row standard_section   \" data-midnight=\"dark\" data-bg-mobile-hidden=\"\"><div class=\"col span_12 dark left\"><div class=\"vc_col-sm-12 wpb_column column_container vc_column_container col no-extra-padding instance-18\" data-border-radius=\"none\" data-shadow=\"none\" data-border-animation=\"\" data-border-animation-delay=\"\" data-border-width=\"none\" data-border-style=\"solid\" data-border-color=\"\" data-bg-cover=\"\" data-padding-pos=\"all\" data-has-bg-color=\"false\" data-bg-color=\"\" data-bg-opacity=\"1\" data-hover-bg=\"\" data-hover-bg-opacity=\"1\" data-animation=\"\" data-delay=\"0\"><div class=\"vc_column-inner\"><div class=\"wpb_wrapper\"><div class=\"wpb_text_column wpb_content_element \"><div class=\"wpb_wrapper\"><p>Ser a primeira mina de metais b\u00e1sicos em opera\u00e7\u00e3o no estado de Alagoas, atuando de forma reconhecidamente eficiente no cen\u00e1rio nacional.<\/p><\/div><\/div><\/div><\/div><\/div><\/div><\/div><\/div><\/div><\/div><\/div><\/div><\/div><\/div>\t\t\t\t\t\t\t\t<\/div>\n\t\t\t\t\t<\/div>\n\t\t\t\t<\/div>\n\t\t<div class=\"elementor-element elementor-element-16448bb e-flex e-con-boxed wpr-particle-no wpr-jarallax-no wpr-parallax-no wpr-sticky-section-no e-con e-parent\" data-id=\"16448bb\" data-element_type=\"container\" data-e-type=\"container\">\n\t\t\t\t\t<div class=\"e-con-inner\">\n\t\t\t\t\t<\/div>\n\t\t\t\t<\/div>\n\t\t\t\t<\/div>\n\t\t","protected":false},"excerpt":{"rendered":"<p>A Minera\u00e7\u00e3o Vale Verde atua com respeito e integridade junto aos seus p\u00fablicos interno e externo. A MINERA\u00c7\u00c3O VALE VERDE A Minera\u00e7\u00e3o Vale Verde pertence ao grupo Baiyin Nonferrous, um dos maiores players globais no setor de metais n\u00e3o ferrosos. Estamos operando h\u00e1 4 anos, com o compromisso de minerar o futuro por meio do cobre, um metal essencial para a transi\u00e7\u00e3o energ\u00e9tica e para o desenvolvimento de tecnologias sustent\u00e1veis. Nosso empreendimento est\u00e1 localizado em Cra\u00edbas, no Agreste Alagoano, na divisa com Arapiraca. Desde o in\u00edcio das opera\u00e7\u00f5es, temos gerado empregos, movimentado a economia local e contribu\u00eddo para o desenvolvimento da regi\u00e3o. O Projeto Serrote \u00e9 um marco para a minera\u00e7\u00e3o no Brasil. Com capacidade instalada para produzir 20 mil toneladas de cobre contido por ano e cerca de 84,5 mil toneladas anuais de concentrado de cobre, a planta processa aproximadamente 4,1 milh\u00f5es de toneladas de min\u00e9rio por ano. A vida \u00fatil inicial da mina \u00e9 estimada em 14 anos, podendo ser ampliada com novas pesquisas minerais. Desde 2021, j\u00e1 exportamos mais de 310 mil toneladas secas de concentrado de cobre para mercados da \u00c1sia e Europa. Al\u00e9m do impacto econ\u00f4mico, nosso papel \u00e9 estrat\u00e9gico para um mundo mais sustent\u00e1vel. O cobre \u00e9 indispens\u00e1vel para: Energia limpa: turbinas e\u00f3licas, pain\u00e9is solares e redes el\u00e9tricas inteligentes. Mobilidade el\u00e9trica: cada ve\u00edculo el\u00e9trico utiliza at\u00e9 80 kg de cobre. Infraestrutura de recarga e transmiss\u00e3o: cabos, transformadores e sistemas de armazenamento de energia dependem do metal para efici\u00eancia e seguran\u00e7a. Segundo a Ag\u00eancia Internacional de Energia, 45% da demanda global de cobre at\u00e9 2040 vir\u00e1 da transi\u00e7\u00e3o energ\u00e9tica, impulsionada pela eletrifica\u00e7\u00e3o da economia e pela expans\u00e3o das energias renov\u00e1veis. Com pr\u00e1ticas alinhadas aos mais altos padr\u00f5es de seguran\u00e7a, responsabilidade social e sustentabilidade, seguimos firmes no prop\u00f3sito de minerar o futuro e contribuir para um planeta mais verde. NOSSOS VALORES Seguran\u00e7a \u2192 Primeiramente, sempre, o direito e a obriga\u00e7\u00e3o de voltar para casa em seguran\u00e7a; Integridade \u2192\u00a0N\u00f3s constru\u00edmos confian\u00e7a sendo honestos e disciplinados; aderimos \u00e0s regras e aos princ\u00edpios \u00e9ticos; e cumprimos as nossas promessas pontualmente; \u2192 N\u00f3s somos relevantes, confi\u00e1veis e abertos na forma em que comunicamos; Colabora\u00e7\u00e3o \u2192 N\u00f3s dividimos o compromisso de manter as nossas opera\u00e7\u00f5es seguras, fazer o neg\u00f3cio ser bem-sucedido e ajudar cada um de n\u00f3s a crescer; \u2192 N\u00f3s balanceamos nossa expertise t\u00e9cnica, financeira e operacional e conectamos com todo o grupo Baiyin efetivamente para potencializar a nossa performance; Realiza\u00e7\u00e3o \u2192 N\u00f3s aprendemos e continuamente melhoramos como iremos adicionar valor ao nosso time, ao nosso neg\u00f3cio e \u00e0s nossas comunidades; \u2192 N\u00f3s prestamos aten\u00e7\u00e3o aos detalhes e buscamos excel\u00eancia para assim podermos ser os melhores em nosso campo e promover pr\u00e1ticas seguras e compat\u00edveis com o meio ambiente; Empreendedorismo \u2192 N\u00f3s temos vis\u00e3o de futuro, somos responsivos, habilidosos e inovadores na forma em que implementamos melhorias operacionais; \u2192 N\u00f3s somos diligentes e perspicazes em nossas opera\u00e7\u00f5es para assegurar que sejamos seguros e eficientes tanto quanto poss\u00edvel; Ecologia \u2192 Na Minera\u00e7\u00e3o Vale Verde (MVV), a preserva\u00e7\u00e3o do meio ambiente \u00e9 um valor essencial. Atuamos com responsabilidade, adotando pr\u00e1ticas sustent\u00e1veis que minimizam impactos ambientais e garantem o uso consciente dos recursos naturais. Nosso compromisso \u00e9 contribuir para o equil\u00edbrio ecol\u00f3gico e para um futuro mais sustent\u00e1vel para as pr\u00f3ximas gera\u00e7\u00f5es. NOSSA MISS\u00c3O Promover o desenvolvimento humano e tecnol\u00f3gico por meio da extra\u00e7\u00e3o de recursos\u00a0naturais com responsabilidade e \u00e9tica, agregando valor para os clientes e acionistas. NOSSA VIS\u00c3O Ser a primeira mina de metais b\u00e1sicos em opera\u00e7\u00e3o no estado de Alagoas, atuando de forma reconhecidamente eficiente no cen\u00e1rio nacional.<\/p>\n","protected":false},"author":1,"featured_media":0,"parent":0,"menu_order":0,"comment_status":"closed","ping_status":"closed","template":"elementor_header_footer","meta":{"footnotes":""},"class_list":["post-1317","page","type-page","status-publish","hentry"],"_links":{"self":[{"href":"https:\/\/servidorlumen.com.br\/mvv\/wp-json\/wp\/v2\/pages\/1317","targetHints":{"allow":["GET"]}}],"collection":[{"href":"https:\/\/servidorlumen.com.br\/mvv\/wp-json\/wp\/v2\/pages"}],"about":[{"href":"https:\/\/servidorlumen.com.br\/mvv\/wp-json\/wp\/v2\/types\/page"}],"author":[{"embeddable":true,"href":"https:\/\/servidorlumen.com.br\/mvv\/wp-json\/wp\/v2\/users\/1"}],"replies":[{"embeddable":true,"href":"https:\/\/servidorlumen.com.br\/mvv\/wp-json\/wp\/v2\/comments?post=1317"}],"version-history":[{"count":184,"href":"https:\/\/servidorlumen.com.br\/mvv\/wp-json\/wp\/v2\/pages\/1317\/revisions"}],"predecessor-version":[{"id":2052,"href":"https:\/\/servidorlumen.com.br\/mvv\/wp-json\/wp\/v2\/pages\/1317\/revisions\/2052"}],"wp:attachment":[{"href":"https:\/\/servidorlumen.com.br\/mvv\/wp-json\/wp\/v2\/media?parent=1317"}],"curies":[{"name":"wp","href":"https:\/\/api.w.org\/{rel}","templated":true}]}}