{"id":91,"date":"2024-10-30T03:31:45","date_gmt":"2024-10-30T03:31:45","guid":{"rendered":"https:\/\/servidorlumen.com.br\/machado-junior\/?page_id=91"},"modified":"2024-12-03T15:16:59","modified_gmt":"2024-12-03T15:16:59","slug":"portfolio","status":"publish","type":"page","link":"https:\/\/servidorlumen.com.br\/machado-junior\/portfolio\/","title":{"rendered":"Servi\u00e7os"},"content":{"rendered":"\t\t<div data-elementor-type=\"wp-page\" data-elementor-id=\"91\" class=\"elementor elementor-91\" data-elementor-settings=\"{&quot;ha_cmc_init_switcher&quot;:&quot;no&quot;}\">\n\t\t\t\t\t\t<section class=\"elementor-section elementor-top-section elementor-element elementor-element-e3e4f9f elementor-section-height-min-height elementor-section-content-middle elementor-section-boxed elementor-section-height-default elementor-section-items-middle\" data-id=\"e3e4f9f\" data-element_type=\"section\" data-settings=\"{&quot;background_background&quot;:&quot;classic&quot;,&quot;_ha_eqh_enable&quot;:false}\">\n\t\t\t\t\t\t<div class=\"elementor-container elementor-column-gap-default\">\n\t\t\t\t\t<div class=\"elementor-column elementor-col-100 elementor-top-column elementor-element elementor-element-2a2188bf\" data-id=\"2a2188bf\" data-element_type=\"column\">\n\t\t\t<div class=\"elementor-widget-wrap elementor-element-populated\">\n\t\t\t\t\t\t<div class=\"elementor-element elementor-element-243f7d36 elementor-widget elementor-widget-heading\" data-id=\"243f7d36\" data-element_type=\"widget\" data-widget_type=\"heading.default\">\n\t\t\t\t<div class=\"elementor-widget-container\">\n\t\t\t<h1 class=\"elementor-heading-title elementor-size-default\">Servi\u00e7os<\/h1>\t\t<\/div>\n\t\t\t\t<\/div>\n\t\t\t\t<div class=\"elementor-element elementor-element-3f80f244 elementor-widget elementor-widget-spacer\" data-id=\"3f80f244\" data-element_type=\"widget\" data-widget_type=\"spacer.default\">\n\t\t\t\t<div class=\"elementor-widget-container\">\n\t\t\t\t\t<div class=\"elementor-spacer\">\n\t\t\t<div class=\"elementor-spacer-inner\"><\/div>\n\t\t<\/div>\n\t\t\t\t<\/div>\n\t\t\t\t<\/div>\n\t\t\t\t\t<\/div>\n\t\t<\/div>\n\t\t\t\t\t<\/div>\n\t\t<\/section>\n\t\t\t\t<section class=\"elementor-section elementor-top-section elementor-element elementor-element-7d7e28d0 elementor-section-boxed elementor-section-height-default elementor-section-height-default\" data-id=\"7d7e28d0\" data-element_type=\"section\" data-settings=\"{&quot;background_background&quot;:&quot;classic&quot;,&quot;_ha_eqh_enable&quot;:false}\">\n\t\t\t\t\t\t<div class=\"elementor-container elementor-column-gap-default\">\n\t\t\t\t\t<div class=\"elementor-column elementor-col-33 elementor-top-column elementor-element elementor-element-58de2c52\" data-id=\"58de2c52\" data-element_type=\"column\">\n\t\t\t<div class=\"elementor-widget-wrap elementor-element-populated\">\n\t\t\t\t\t\t<div class=\"elementor-element elementor-element-13146d10 elementor-widget elementor-widget-heading\" data-id=\"13146d10\" data-element_type=\"widget\" data-widget_type=\"heading.default\">\n\t\t\t\t<div class=\"elementor-widget-container\">\n\t\t\t<h2 class=\"elementor-heading-title elementor-size-default\"><a href=\"#\">Produ\u00e7\u00e3o de V\u00eddeo<\/a><\/h2>\t\t<\/div>\n\t\t\t\t<\/div>\n\t\t\t\t<div class=\"elementor-element elementor-element-2d4c1191 elementor-widget elementor-widget-text-editor\" data-id=\"2d4c1191\" data-element_type=\"widget\" data-widget_type=\"text-editor.default\">\n\t\t\t\t<div class=\"elementor-widget-container\">\n\t\t\t\t\t\t\t<p>Transformando ideias em hist\u00f3rias visuais impactantes<\/p>\t\t\t\t\t\t<\/div>\n\t\t\t\t<\/div>\n\t\t\t\t\t<\/div>\n\t\t<\/div>\n\t\t\t\t<div class=\"elementor-column elementor-col-33 elementor-top-column elementor-element elementor-element-756efa6d\" data-id=\"756efa6d\" data-element_type=\"column\">\n\t\t\t<div class=\"elementor-widget-wrap elementor-element-populated\">\n\t\t\t\t\t\t<div class=\"elementor-element elementor-element-2fc2db4f elementor-widget elementor-widget-text-editor\" data-id=\"2fc2db4f\" data-element_type=\"widget\" data-widget_type=\"text-editor.default\">\n\t\t\t\t<div class=\"elementor-widget-container\">\n\t\t\t\t\t\t\t<p>A produ\u00e7\u00e3o de v\u00eddeo \u00e9 uma arte que exige t\u00e9cnica e sensibilidade. Transformo ideias em hist\u00f3rias visuais que capturam a aten\u00e7\u00e3o e o cora\u00e7\u00e3o do p\u00fablico, seja para marcas que querem se destacar, seja para eventos pessoais que merecem ser lembrados. Do planejamento \u00e0 finaliza\u00e7\u00e3o, cada etapa \u00e9 pensada para criar conte\u00fados aut\u00eanticos e impactantes, prontos para serem vividos e revividos.<\/p>\t\t\t\t\t\t<\/div>\n\t\t\t\t<\/div>\n\t\t\t\t\t<\/div>\n\t\t<\/div>\n\t\t\t\t<div class=\"elementor-column elementor-col-33 elementor-top-column elementor-element elementor-element-21a7706a\" data-id=\"21a7706a\" data-element_type=\"column\">\n\t\t\t<div class=\"elementor-widget-wrap elementor-element-populated\">\n\t\t\t\t\t\t<div class=\"elementor-element elementor-element-4e75a56b elementor-widget elementor-widget-text-editor\" data-id=\"4e75a56b\" data-element_type=\"widget\" data-widget_type=\"text-editor.default\">\n\t\t\t\t<div class=\"elementor-widget-container\">\n\t\t\t\t\t\t\t<p>Na cria\u00e7\u00e3o de v\u00eddeos, cada detalhe importa. Meu trabalho vai al\u00e9m de apenas filmar: envolve planejamento, dire\u00e7\u00e3o e uma edi\u00e7\u00e3o cuidadosa, garantindo que cada projeto seja \u00fanico e inesquec\u00edvel. Desde a cria\u00e7\u00e3o de conte\u00fado para redes sociais at\u00e9 v\u00eddeos institucionais e curtas-metragens, meu objetivo \u00e9 entregar v\u00eddeos que comuniquem o valor e a ess\u00eancia de cada cliente de forma envolvente e memor\u00e1vel.<\/p>\t\t\t\t\t\t<\/div>\n\t\t\t\t<\/div>\n\t\t\t\t\t<\/div>\n\t\t<\/div>\n\t\t\t\t\t<\/div>\n\t\t<\/section>\n\t\t\t\t<section class=\"elementor-section elementor-top-section elementor-element elementor-element-34bf193 elementor-section-boxed elementor-section-height-default elementor-section-height-default\" data-id=\"34bf193\" data-element_type=\"section\" data-settings=\"{&quot;background_background&quot;:&quot;classic&quot;,&quot;_ha_eqh_enable&quot;:false}\">\n\t\t\t\t\t\t<div class=\"elementor-container elementor-column-gap-default\">\n\t\t\t\t\t<div class=\"elementor-column elementor-col-33 elementor-top-column elementor-element elementor-element-fe84629\" data-id=\"fe84629\" data-element_type=\"column\">\n\t\t\t<div class=\"elementor-widget-wrap elementor-element-populated\">\n\t\t\t\t\t\t<div class=\"elementor-element elementor-element-f1f4547 elementor-widget elementor-widget-heading\" data-id=\"f1f4547\" data-element_type=\"widget\" data-widget_type=\"heading.default\">\n\t\t\t\t<div class=\"elementor-widget-container\">\n\t\t\t<h2 class=\"elementor-heading-title elementor-size-default\"><a href=\"#\">Fotografia<\/a><\/h2>\t\t<\/div>\n\t\t\t\t<\/div>\n\t\t\t\t<div class=\"elementor-element elementor-element-787b5f5 elementor-widget elementor-widget-text-editor\" data-id=\"787b5f5\" data-element_type=\"widget\" data-widget_type=\"text-editor.default\">\n\t\t\t\t<div class=\"elementor-widget-container\">\n\t\t\t\t\t\t\t<p>Capturando a ess\u00eancia de cada momento em imagens \u00fanicas<\/p>\t\t\t\t\t\t<\/div>\n\t\t\t\t<\/div>\n\t\t\t\t\t<\/div>\n\t\t<\/div>\n\t\t\t\t<div class=\"elementor-column elementor-col-33 elementor-top-column elementor-element elementor-element-10e9aa6\" data-id=\"10e9aa6\" data-element_type=\"column\">\n\t\t\t<div class=\"elementor-widget-wrap elementor-element-populated\">\n\t\t\t\t\t\t<div class=\"elementor-element elementor-element-3f4b5aa elementor-widget elementor-widget-text-editor\" data-id=\"3f4b5aa\" data-element_type=\"widget\" data-widget_type=\"text-editor.default\">\n\t\t\t\t<div class=\"elementor-widget-container\">\n\t\t\t\t\t\t\t<p>Sou Machado J\u00fanior, fot\u00f3grafo e produtor de v\u00eddeo baseado em Penedo, Alagoas. Com experi\u00eancia em capturar momentos \u00fanicos para empreendimentos e eventos especiais, meu objetivo \u00e9 oferecer solu\u00e7\u00f5es visuais inovadoras para empres\u00e1rios e marcas que desejam se destacar nas redes sociais. Com paix\u00e3o pela arte e compromisso com a qualidade, estou aqui para transformar suas hist\u00f3rias em imagens impactantes<\/p>\t\t\t\t\t\t<\/div>\n\t\t\t\t<\/div>\n\t\t\t\t\t<\/div>\n\t\t<\/div>\n\t\t\t\t<div class=\"elementor-column elementor-col-33 elementor-top-column elementor-element elementor-element-95f31b7\" data-id=\"95f31b7\" data-element_type=\"column\">\n\t\t\t<div class=\"elementor-widget-wrap elementor-element-populated\">\n\t\t\t\t\t\t<div class=\"elementor-element elementor-element-da7af8e elementor-widget elementor-widget-text-editor\" data-id=\"da7af8e\" data-element_type=\"widget\" data-widget_type=\"text-editor.default\">\n\t\t\t\t<div class=\"elementor-widget-container\">\n\t\t\t\t\t\t\t<p>Oferecemos uma gama completa de servi\u00e7os de fotografia e produ\u00e7\u00e3o de v\u00eddeo para atender \u00e0s necessidades de seus neg\u00f3cios. Nossos servi\u00e7os incluem:<\/p>\n<p>&#8211; Fotografia corporativa<br \/>&#8211; V\u00eddeo para redes sociais<br \/>&#8211; Cobertura de eventos<br \/>&#8211; Produ\u00e7\u00e3o de curtas-metragens<br \/>&#8211; Edi\u00e7\u00e3o e finaliza\u00e7\u00e3o<\/p>\n<p>Seja para criar conte\u00fado atraente para suas redes sociais ou registrar momentos especiais, estou aqui para capturar a ess\u00eancia da sua marca e hist\u00f3ria<\/p>\t\t\t\t\t\t<\/div>\n\t\t\t\t<\/div>\n\t\t\t\t\t<\/div>\n\t\t<\/div>\n\t\t\t\t\t<\/div>\n\t\t<\/section>\n\t\t\t\t<section class=\"elementor-section elementor-top-section elementor-element elementor-element-5fde5056 elementor-section-boxed elementor-section-height-default elementor-section-height-default\" data-id=\"5fde5056\" data-element_type=\"section\" data-settings=\"{&quot;background_background&quot;:&quot;classic&quot;,&quot;_ha_eqh_enable&quot;:false}\">\n\t\t\t\t\t\t<div class=\"elementor-container elementor-column-gap-default\">\n\t\t\t\t\t<div class=\"elementor-column elementor-col-100 elementor-top-column elementor-element elementor-element-6cf8ed6a\" data-id=\"6cf8ed6a\" data-element_type=\"column\">\n\t\t\t<div class=\"elementor-widget-wrap elementor-element-populated\">\n\t\t\t\t\t\t<div class=\"elementor-element elementor-element-541ddbb4 elementor-widget-divider--view-line elementor-widget elementor-widget-divider\" data-id=\"541ddbb4\" data-element_type=\"widget\" data-widget_type=\"divider.default\">\n\t\t\t\t<div class=\"elementor-widget-container\">\n\t\t\t\t\t<div class=\"elementor-divider\">\n\t\t\t<span class=\"elementor-divider-separator\">\n\t\t\t\t\t\t<\/span>\n\t\t<\/div>\n\t\t\t\t<\/div>\n\t\t\t\t<\/div>\n\t\t\t\t<section class=\"elementor-section elementor-inner-section elementor-element elementor-element-37ec69ff elementor-section-boxed elementor-section-height-default elementor-section-height-default\" data-id=\"37ec69ff\" data-element_type=\"section\" data-settings=\"{&quot;_ha_eqh_enable&quot;:false}\">\n\t\t\t\t\t\t<div class=\"elementor-container elementor-column-gap-default\">\n\t\t\t\t\t<div class=\"elementor-column elementor-col-100 elementor-inner-column elementor-element elementor-element-710c1877\" data-id=\"710c1877\" data-element_type=\"column\">\n\t\t\t<div class=\"elementor-widget-wrap elementor-element-populated\">\n\t\t\t\t\t\t<div class=\"elementor-element elementor-element-6b7a13f8 elementor-widget elementor-widget-testimonial\" data-id=\"6b7a13f8\" data-element_type=\"widget\" data-widget_type=\"testimonial.default\">\n\t\t\t\t<div class=\"elementor-widget-container\">\n\t\t\t\t\t<div class=\"elementor-testimonial-wrapper\">\n\t\t\t\t\t\t\t<div class=\"elementor-testimonial-content\">\"Conheci o trabalho do Machado J\u00fanior atrav\u00e9s de uma indica\u00e7\u00e3o, e posso dizer que foi uma das melhores experi\u00eancias que j\u00e1 tive. Ele capturou com tanta sensibilidade cada detalhe do meu evento, transformando momentos simples em mem\u00f3rias preciosas. Desde o in\u00edcio, foi muito atencioso e entendeu exatamente o que eu queria, transmitindo em cada foto a emo\u00e7\u00e3o daquele dia. Ver o resultado final me emocionou profundamente, pois ele conseguiu captar o que as palavras n\u00e3o conseguem expressar. Recomendo o trabalho do Machado a todos que querem mais do que imagens, mas lembran\u00e7as para toda a vida.\"<\/div>\n\t\t\t\n\t\t\t\t\t\t<div class=\"elementor-testimonial-meta elementor-has-image elementor-testimonial-image-position-aside\">\n\t\t\t\t<div class=\"elementor-testimonial-meta-inner\">\n\t\t\t\t\t\t\t\t\t\t\t<div class=\"elementor-testimonial-image\">\n\t\t\t\t\t\t\t<img decoding=\"async\" width=\"200\" height=\"200\" src=\"https:\/\/servidorlumen.com.br\/machado-junior\/wp-content\/uploads\/2024\/10\/sonnie-hiles-674739-unsplash.jpg\" class=\"attachment-full size-full wp-image-55\" alt=\"\" srcset=\"https:\/\/servidorlumen.com.br\/machado-junior\/wp-content\/uploads\/2024\/10\/sonnie-hiles-674739-unsplash.jpg 200w, https:\/\/servidorlumen.com.br\/machado-junior\/wp-content\/uploads\/2024\/10\/sonnie-hiles-674739-unsplash-150x150.jpg 150w\" sizes=\"(max-width: 200px) 100vw, 200px\" \/>\t\t\t\t\t\t<\/div>\n\t\t\t\t\t\n\t\t\t\t\t\t\t\t\t\t<div class=\"elementor-testimonial-details\">\n\t\t\t\t\t\t\t\t\t\t\t\t\t\t<div class=\"elementor-testimonial-name\">Ana Perez<\/div>\n\t\t\t\t\t\t\t\t\t\t\t\t\t\t\t\t\t\t\t\t\t\t<div class=\"elementor-testimonial-job\">Penedo<\/div>\n\t\t\t\t\t\t\t\t\t\t\t\t\t<\/div>\n\t\t\t\t\t\t\t\t\t<\/div>\n\t\t\t<\/div>\n\t\t\t\t\t<\/div>\n\t\t\t\t<\/div>\n\t\t\t\t<\/div>\n\t\t\t\t\t<\/div>\n\t\t<\/div>\n\t\t\t\t\t<\/div>\n\t\t<\/section>\n\t\t\t\t<div class=\"elementor-element elementor-element-4c7d9e97 elementor-widget elementor-widget-image\" data-id=\"4c7d9e97\" data-element_type=\"widget\" data-widget_type=\"image.default\">\n\t\t\t\t<div class=\"elementor-widget-container\">\n\t\t\t\t\t\t\t\t\t\t\t\t\t<img fetchpriority=\"high\" decoding=\"async\" width=\"1280\" height=\"1282\" src=\"https:\/\/servidorlumen.com.br\/machado-junior\/wp-content\/uploads\/2024\/10\/pic02-1.png\" class=\"attachment-full size-full wp-image-302\" alt=\"\" srcset=\"https:\/\/servidorlumen.com.br\/machado-junior\/wp-content\/uploads\/2024\/10\/pic02-1.png 1280w, https:\/\/servidorlumen.com.br\/machado-junior\/wp-content\/uploads\/2024\/10\/pic02-1-300x300.png 300w, https:\/\/servidorlumen.com.br\/machado-junior\/wp-content\/uploads\/2024\/10\/pic02-1-1022x1024.png 1022w, https:\/\/servidorlumen.com.br\/machado-junior\/wp-content\/uploads\/2024\/10\/pic02-1-150x150.png 150w, https:\/\/servidorlumen.com.br\/machado-junior\/wp-content\/uploads\/2024\/10\/pic02-1-768x769.png 768w\" sizes=\"(max-width: 1280px) 100vw, 1280px\" \/>\t\t\t\t\t\t\t\t\t\t\t\t\t<\/div>\n\t\t\t\t<\/div>\n\t\t\t\t\t<\/div>\n\t\t<\/div>\n\t\t\t\t\t<\/div>\n\t\t<\/section>\n\t\t\t\t<section class=\"elementor-section elementor-top-section elementor-element elementor-element-1a6ddb8d elementor-section-full_width elementor-section-height-default elementor-section-height-default elementor-invisible\" data-id=\"1a6ddb8d\" data-element_type=\"section\" data-settings=\"{&quot;background_background&quot;:&quot;classic&quot;,&quot;animation&quot;:&quot;fadeIn&quot;,&quot;animation_delay&quot;:400,&quot;_ha_eqh_enable&quot;:false}\">\n\t\t\t\t\t\t<div class=\"elementor-container elementor-column-gap-default\">\n\t\t\t\t\t<div class=\"elementor-column elementor-col-100 elementor-top-column elementor-element elementor-element-5ef35220\" data-id=\"5ef35220\" data-element_type=\"column\">\n\t\t\t<div class=\"elementor-widget-wrap elementor-element-populated\">\n\t\t\t\t\t\t<div class=\"elementor-element elementor-element-3a9ddac7 envato-kit-161-caption elementor-pagination-position-outside elementor-invisible elementor-widget elementor-widget-image-carousel\" data-id=\"3a9ddac7\" data-element_type=\"widget\" data-settings=\"{&quot;slides_to_show&quot;:&quot;3&quot;,&quot;slides_to_scroll&quot;:&quot;1&quot;,&quot;navigation&quot;:&quot;dots&quot;,&quot;pause_on_hover&quot;:&quot;no&quot;,&quot;_animation&quot;:&quot;fadeIn&quot;,&quot;autoplay&quot;:&quot;yes&quot;,&quot;pause_on_interaction&quot;:&quot;yes&quot;,&quot;autoplay_speed&quot;:5000,&quot;infinite&quot;:&quot;yes&quot;,&quot;speed&quot;:500,&quot;image_spacing_custom&quot;:{&quot;unit&quot;:&quot;px&quot;,&quot;size&quot;:20,&quot;sizes&quot;:[]},&quot;image_spacing_custom_tablet&quot;:{&quot;unit&quot;:&quot;px&quot;,&quot;size&quot;:&quot;&quot;,&quot;sizes&quot;:[]},&quot;image_spacing_custom_mobile&quot;:{&quot;unit&quot;:&quot;px&quot;,&quot;size&quot;:&quot;&quot;,&quot;sizes&quot;:[]}}\" data-widget_type=\"image-carousel.default\">\n\t\t\t\t<div class=\"elementor-widget-container\">\n\t\t\t\t\t<div class=\"elementor-image-carousel-wrapper swiper\" dir=\"ltr\">\n\t\t\t<div class=\"elementor-image-carousel swiper-wrapper swiper-image-stretch\" aria-live=\"off\">\n\t\t\t\t\t\t\t\t<div class=\"swiper-slide\" role=\"group\" aria-roledescription=\"slide\" aria-label=\"1 de 5\"><figure class=\"swiper-slide-inner\"><img decoding=\"async\" class=\"swiper-slide-image\" src=\"https:\/\/servidorlumen.com.br\/machado-junior\/wp-content\/uploads\/elementor\/thumbs\/pic01-qwbtgy9rphpckpssj2hqqfz2t5v8uu1lhss82c49kg.png\" alt=\"pic01\" \/><\/figure><\/div><div class=\"swiper-slide\" role=\"group\" aria-roledescription=\"slide\" aria-label=\"2 de 5\"><figure class=\"swiper-slide-inner\"><img decoding=\"async\" class=\"swiper-slide-image\" src=\"https:\/\/servidorlumen.com.br\/machado-junior\/wp-content\/uploads\/elementor\/thumbs\/pic02-1-qwbtyt7dk65h5zuw8sek3xqd4pub3sxzy70cblmzcg.png\" alt=\"pic02 (1)\" \/><\/figure><\/div><div class=\"swiper-slide\" role=\"group\" aria-roledescription=\"slide\" aria-label=\"3 de 5\"><figure class=\"swiper-slide-inner\"><img decoding=\"async\" class=\"swiper-slide-image\" src=\"https:\/\/servidorlumen.com.br\/machado-junior\/wp-content\/uploads\/elementor\/thumbs\/pic03-1-qwbu0hd1pkftt1fihieojijv5dlssfktigrf1b5sa8.png\" alt=\"pic03 (1)\" \/><\/figure><\/div><div class=\"swiper-slide\" role=\"group\" aria-roledescription=\"slide\" aria-label=\"4 de 5\"><figure class=\"swiper-slide-inner\"><img decoding=\"async\" class=\"swiper-slide-image\" src=\"https:\/\/servidorlumen.com.br\/machado-junior\/wp-content\/uploads\/elementor\/thumbs\/pic04-1-qwbu25ipuyq6g304q8esz3dd61dah27n2qihr0ol80.png\" alt=\"pic04 (1)\" \/><\/figure><\/div><div class=\"swiper-slide\" role=\"group\" aria-roledescription=\"slide\" aria-label=\"5 de 5\"><figure class=\"swiper-slide-inner\"><img decoding=\"async\" class=\"swiper-slide-image\" src=\"https:\/\/servidorlumen.com.br\/machado-junior\/wp-content\/uploads\/elementor\/thumbs\/pic013-1-qwbw01so2gers7h3ky32vyebeiuvusp30oxbgr1oj4.png\" alt=\"pic013 (1)\" \/><\/figure><\/div>\t\t\t<\/div>\n\t\t\t\t\t\t\t\n\t\t\t\t\t\t\t\t\t<div class=\"swiper-pagination\"><\/div>\n\t\t\t\t\t\t\t\t\t<\/div>\n\t\t\t\t<\/div>\n\t\t\t\t<\/div>\n\t\t\t\t\t<\/div>\n\t\t<\/div>\n\t\t\t\t\t<\/div>\n\t\t<\/section>\n\t\t\t\t<\/div>\n\t\t","protected":false},"excerpt":{"rendered":"<p>Servi\u00e7os Produ\u00e7\u00e3o de V\u00eddeo Transformando ideias em hist\u00f3rias visuais impactantes A produ\u00e7\u00e3o de v\u00eddeo \u00e9 uma arte que exige t\u00e9cnica e sensibilidade. Transformo ideias em hist\u00f3rias visuais que capturam a aten\u00e7\u00e3o e o cora\u00e7\u00e3o do p\u00fablico, seja para marcas que querem se destacar, seja para eventos pessoais que merecem ser lembrados. Do planejamento \u00e0 finaliza\u00e7\u00e3o, [&hellip;]<\/p>\n","protected":false},"author":1,"featured_media":0,"parent":0,"menu_order":0,"comment_status":"closed","ping_status":"closed","template":"elementor_header_footer","meta":{"footnotes":""},"class_list":["post-91","page","type-page","status-publish","hentry"],"_links":{"self":[{"href":"https:\/\/servidorlumen.com.br\/machado-junior\/wp-json\/wp\/v2\/pages\/91","targetHints":{"allow":["GET"]}}],"collection":[{"href":"https:\/\/servidorlumen.com.br\/machado-junior\/wp-json\/wp\/v2\/pages"}],"about":[{"href":"https:\/\/servidorlumen.com.br\/machado-junior\/wp-json\/wp\/v2\/types\/page"}],"author":[{"embeddable":true,"href":"https:\/\/servidorlumen.com.br\/machado-junior\/wp-json\/wp\/v2\/users\/1"}],"replies":[{"embeddable":true,"href":"https:\/\/servidorlumen.com.br\/machado-junior\/wp-json\/wp\/v2\/comments?post=91"}],"version-history":[{"count":50,"href":"https:\/\/servidorlumen.com.br\/machado-junior\/wp-json\/wp\/v2\/pages\/91\/revisions"}],"predecessor-version":[{"id":759,"href":"https:\/\/servidorlumen.com.br\/machado-junior\/wp-json\/wp\/v2\/pages\/91\/revisions\/759"}],"wp:attachment":[{"href":"https:\/\/servidorlumen.com.br\/machado-junior\/wp-json\/wp\/v2\/media?parent=91"}],"curies":[{"name":"wp","href":"https:\/\/api.w.org\/{rel}","templated":true}]}}