{"id":203,"date":"2024-10-10T02:58:53","date_gmt":"2024-10-10T02:58:53","guid":{"rendered":"http:\/\/servidorlumen.com.br\/cea\/?page_id=203"},"modified":"2024-11-08T23:29:00","modified_gmt":"2024-11-08T23:29:00","slug":"sobre-2","status":"publish","type":"page","link":"https:\/\/servidorlumen.com.br\/cea\/sobre-2\/","title":{"rendered":"Sobre"},"content":{"rendered":"\t\t<div data-elementor-type=\"wp-page\" data-elementor-id=\"203\" class=\"elementor elementor-203\">\n\t\t\t\t<div class=\"elementor-element elementor-element-99dfdd7 e-con-full e-flex e-con e-parent\" data-id=\"99dfdd7\" data-element_type=\"container\" data-settings=\"{&quot;background_background&quot;:&quot;classic&quot;}\">\n\t\t\t\t<div class=\"elementor-element elementor-element-5b88e07 elementor-widget__width-initial elementor-widget elementor-widget-image\" data-id=\"5b88e07\" data-element_type=\"widget\" data-widget_type=\"image.default\">\n\t\t\t\t<div class=\"elementor-widget-container\">\n\t\t\t\t\t\t\t\t\t\t\t\t\t\t<a href=\"http:\/\/servidorlumen.com.br\/cea\/\">\n\t\t\t\t\t\t\t<img fetchpriority=\"high\" decoding=\"async\" width=\"1719\" height=\"1328\" src=\"https:\/\/servidorlumen.com.br\/cea\/wp-content\/uploads\/2024\/10\/Design-sem-nome-30.png\" class=\"attachment-full size-full wp-image-36\" alt=\"\" srcset=\"https:\/\/servidorlumen.com.br\/cea\/wp-content\/uploads\/2024\/10\/Design-sem-nome-30.png 1719w, https:\/\/servidorlumen.com.br\/cea\/wp-content\/uploads\/2024\/10\/Design-sem-nome-30-300x232.png 300w, https:\/\/servidorlumen.com.br\/cea\/wp-content\/uploads\/2024\/10\/Design-sem-nome-30-1024x791.png 1024w, https:\/\/servidorlumen.com.br\/cea\/wp-content\/uploads\/2024\/10\/Design-sem-nome-30-768x593.png 768w, https:\/\/servidorlumen.com.br\/cea\/wp-content\/uploads\/2024\/10\/Design-sem-nome-30-1536x1187.png 1536w, https:\/\/servidorlumen.com.br\/cea\/wp-content\/uploads\/2024\/10\/Design-sem-nome-30-600x464.png 600w\" sizes=\"(max-width: 1719px) 100vw, 1719px\" \/>\t\t\t\t\t\t\t\t<\/a>\n\t\t\t\t\t\t\t\t\t\t\t\t\t<\/div>\n\t\t\t\t<\/div>\n\t\t\t\t<div class=\"elementor-element elementor-element-f48d0b6 elementor-widget__width-initial hfe-nav-menu__align-center elementor-widget-mobile__width-initial hfe-submenu-icon-arrow hfe-submenu-animation-none hfe-link-redirect-child hfe-nav-menu__breakpoint-tablet elementor-widget elementor-widget-navigation-menu\" data-id=\"f48d0b6\" data-element_type=\"widget\" data-settings=\"{&quot;padding_horizontal_menu_item&quot;:{&quot;unit&quot;:&quot;px&quot;,&quot;size&quot;:12,&quot;sizes&quot;:[]},&quot;toggle_size_mobile&quot;:{&quot;unit&quot;:&quot;px&quot;,&quot;size&quot;:22,&quot;sizes&quot;:[]},&quot;toggle_border_width_mobile&quot;:{&quot;unit&quot;:&quot;px&quot;,&quot;size&quot;:0,&quot;sizes&quot;:[]},&quot;padding_horizontal_menu_item_tablet&quot;:{&quot;unit&quot;:&quot;px&quot;,&quot;size&quot;:&quot;&quot;,&quot;sizes&quot;:[]},&quot;padding_horizontal_menu_item_mobile&quot;:{&quot;unit&quot;:&quot;px&quot;,&quot;size&quot;:&quot;&quot;,&quot;sizes&quot;:[]},&quot;padding_vertical_menu_item&quot;:{&quot;unit&quot;:&quot;px&quot;,&quot;size&quot;:15,&quot;sizes&quot;:[]},&quot;padding_vertical_menu_item_tablet&quot;:{&quot;unit&quot;:&quot;px&quot;,&quot;size&quot;:&quot;&quot;,&quot;sizes&quot;:[]},&quot;padding_vertical_menu_item_mobile&quot;:{&quot;unit&quot;:&quot;px&quot;,&quot;size&quot;:&quot;&quot;,&quot;sizes&quot;:[]},&quot;menu_space_between&quot;:{&quot;unit&quot;:&quot;px&quot;,&quot;size&quot;:&quot;&quot;,&quot;sizes&quot;:[]},&quot;menu_space_between_tablet&quot;:{&quot;unit&quot;:&quot;px&quot;,&quot;size&quot;:&quot;&quot;,&quot;sizes&quot;:[]},&quot;menu_space_between_mobile&quot;:{&quot;unit&quot;:&quot;px&quot;,&quot;size&quot;:&quot;&quot;,&quot;sizes&quot;:[]},&quot;menu_row_space&quot;:{&quot;unit&quot;:&quot;px&quot;,&quot;size&quot;:&quot;&quot;,&quot;sizes&quot;:[]},&quot;menu_row_space_tablet&quot;:{&quot;unit&quot;:&quot;px&quot;,&quot;size&quot;:&quot;&quot;,&quot;sizes&quot;:[]},&quot;menu_row_space_mobile&quot;:{&quot;unit&quot;:&quot;px&quot;,&quot;size&quot;:&quot;&quot;,&quot;sizes&quot;:[]},&quot;dropdown_border_radius&quot;:{&quot;unit&quot;:&quot;px&quot;,&quot;top&quot;:&quot;&quot;,&quot;right&quot;:&quot;&quot;,&quot;bottom&quot;:&quot;&quot;,&quot;left&quot;:&quot;&quot;,&quot;isLinked&quot;:true},&quot;dropdown_border_radius_tablet&quot;:{&quot;unit&quot;:&quot;px&quot;,&quot;top&quot;:&quot;&quot;,&quot;right&quot;:&quot;&quot;,&quot;bottom&quot;:&quot;&quot;,&quot;left&quot;:&quot;&quot;,&quot;isLinked&quot;:true},&quot;dropdown_border_radius_mobile&quot;:{&quot;unit&quot;:&quot;px&quot;,&quot;top&quot;:&quot;&quot;,&quot;right&quot;:&quot;&quot;,&quot;bottom&quot;:&quot;&quot;,&quot;left&quot;:&quot;&quot;,&quot;isLinked&quot;:true},&quot;width_dropdown_item&quot;:{&quot;unit&quot;:&quot;px&quot;,&quot;size&quot;:&quot;220&quot;,&quot;sizes&quot;:[]},&quot;width_dropdown_item_tablet&quot;:{&quot;unit&quot;:&quot;px&quot;,&quot;size&quot;:&quot;&quot;,&quot;sizes&quot;:[]},&quot;width_dropdown_item_mobile&quot;:{&quot;unit&quot;:&quot;px&quot;,&quot;size&quot;:&quot;&quot;,&quot;sizes&quot;:[]},&quot;padding_horizontal_dropdown_item&quot;:{&quot;unit&quot;:&quot;px&quot;,&quot;size&quot;:&quot;&quot;,&quot;sizes&quot;:[]},&quot;padding_horizontal_dropdown_item_tablet&quot;:{&quot;unit&quot;:&quot;px&quot;,&quot;size&quot;:&quot;&quot;,&quot;sizes&quot;:[]},&quot;padding_horizontal_dropdown_item_mobile&quot;:{&quot;unit&quot;:&quot;px&quot;,&quot;size&quot;:&quot;&quot;,&quot;sizes&quot;:[]},&quot;padding_vertical_dropdown_item&quot;:{&quot;unit&quot;:&quot;px&quot;,&quot;size&quot;:15,&quot;sizes&quot;:[]},&quot;padding_vertical_dropdown_item_tablet&quot;:{&quot;unit&quot;:&quot;px&quot;,&quot;size&quot;:&quot;&quot;,&quot;sizes&quot;:[]},&quot;padding_vertical_dropdown_item_mobile&quot;:{&quot;unit&quot;:&quot;px&quot;,&quot;size&quot;:&quot;&quot;,&quot;sizes&quot;:[]},&quot;distance_from_menu&quot;:{&quot;unit&quot;:&quot;px&quot;,&quot;size&quot;:&quot;&quot;,&quot;sizes&quot;:[]},&quot;distance_from_menu_tablet&quot;:{&quot;unit&quot;:&quot;px&quot;,&quot;size&quot;:&quot;&quot;,&quot;sizes&quot;:[]},&quot;distance_from_menu_mobile&quot;:{&quot;unit&quot;:&quot;px&quot;,&quot;size&quot;:&quot;&quot;,&quot;sizes&quot;:[]},&quot;toggle_size&quot;:{&quot;unit&quot;:&quot;px&quot;,&quot;size&quot;:&quot;&quot;,&quot;sizes&quot;:[]},&quot;toggle_size_tablet&quot;:{&quot;unit&quot;:&quot;px&quot;,&quot;size&quot;:&quot;&quot;,&quot;sizes&quot;:[]},&quot;toggle_border_width&quot;:{&quot;unit&quot;:&quot;px&quot;,&quot;size&quot;:&quot;&quot;,&quot;sizes&quot;:[]},&quot;toggle_border_width_tablet&quot;:{&quot;unit&quot;:&quot;px&quot;,&quot;size&quot;:&quot;&quot;,&quot;sizes&quot;:[]},&quot;toggle_border_radius&quot;:{&quot;unit&quot;:&quot;px&quot;,&quot;size&quot;:&quot;&quot;,&quot;sizes&quot;:[]},&quot;toggle_border_radius_tablet&quot;:{&quot;unit&quot;:&quot;px&quot;,&quot;size&quot;:&quot;&quot;,&quot;sizes&quot;:[]},&quot;toggle_border_radius_mobile&quot;:{&quot;unit&quot;:&quot;px&quot;,&quot;size&quot;:&quot;&quot;,&quot;sizes&quot;:[]}}\" data-widget_type=\"navigation-menu.default\">\n\t\t\t\t<div class=\"elementor-widget-container\">\n\t\t\t\t\t\t<div class=\"hfe-nav-menu hfe-layout-horizontal hfe-nav-menu-layout horizontal hfe-pointer__none\" data-layout=\"horizontal\">\n\t\t\t\t<div role=\"button\" class=\"hfe-nav-menu__toggle elementor-clickable\">\n\t\t\t\t\t<span class=\"screen-reader-text\">Menu<\/span>\n\t\t\t\t\t<div class=\"hfe-nav-menu-icon\">\n\t\t\t\t\t\t<svg aria-hidden=\"true\"  class=\"e-font-icon-svg e-fas-align-justify\" viewBox=\"0 0 448 512\" xmlns=\"http:\/\/www.w3.org\/2000\/svg\"><path d=\"M432 416H16a16 16 0 0 0-16 16v32a16 16 0 0 0 16 16h416a16 16 0 0 0 16-16v-32a16 16 0 0 0-16-16zm0-128H16a16 16 0 0 0-16 16v32a16 16 0 0 0 16 16h416a16 16 0 0 0 16-16v-32a16 16 0 0 0-16-16zm0-128H16a16 16 0 0 0-16 16v32a16 16 0 0 0 16 16h416a16 16 0 0 0 16-16v-32a16 16 0 0 0-16-16zm0-128H16A16 16 0 0 0 0 48v32a16 16 0 0 0 16 16h416a16 16 0 0 0 16-16V48a16 16 0 0 0-16-16z\"><\/path><\/svg>\t\t\t\t\t<\/div>\n\t\t\t\t<\/div>\n\t\t\t\t<nav class=\"hfe-nav-menu__layout-horizontal hfe-nav-menu__submenu-arrow\" data-toggle-icon=\"&lt;svg aria-hidden=&quot;true&quot; tabindex=&quot;0&quot; class=&quot;e-font-icon-svg e-fas-align-justify&quot; viewBox=&quot;0 0 448 512&quot; xmlns=&quot;http:\/\/www.w3.org\/2000\/svg&quot;&gt;&lt;path d=&quot;M432 416H16a16 16 0 0 0-16 16v32a16 16 0 0 0 16 16h416a16 16 0 0 0 16-16v-32a16 16 0 0 0-16-16zm0-128H16a16 16 0 0 0-16 16v32a16 16 0 0 0 16 16h416a16 16 0 0 0 16-16v-32a16 16 0 0 0-16-16zm0-128H16a16 16 0 0 0-16 16v32a16 16 0 0 0 16 16h416a16 16 0 0 0 16-16v-32a16 16 0 0 0-16-16zm0-128H16A16 16 0 0 0 0 48v32a16 16 0 0 0 16 16h416a16 16 0 0 0 16-16V48a16 16 0 0 0-16-16z&quot;&gt;&lt;\/path&gt;&lt;\/svg&gt;\" data-close-icon=\"&lt;svg aria-hidden=&quot;true&quot; tabindex=&quot;0&quot; class=&quot;e-font-icon-svg e-far-window-close&quot; viewBox=&quot;0 0 512 512&quot; xmlns=&quot;http:\/\/www.w3.org\/2000\/svg&quot;&gt;&lt;path d=&quot;M464 32H48C21.5 32 0 53.5 0 80v352c0 26.5 21.5 48 48 48h416c26.5 0 48-21.5 48-48V80c0-26.5-21.5-48-48-48zm0 394c0 3.3-2.7 6-6 6H54c-3.3 0-6-2.7-6-6V86c0-3.3 2.7-6 6-6h404c3.3 0 6 2.7 6 6v340zM356.5 194.6L295.1 256l61.4 61.4c4.6 4.6 4.6 12.1 0 16.8l-22.3 22.3c-4.6 4.6-12.1 4.6-16.8 0L256 295.1l-61.4 61.4c-4.6 4.6-12.1 4.6-16.8 0l-22.3-22.3c-4.6-4.6-4.6-12.1 0-16.8l61.4-61.4-61.4-61.4c-4.6-4.6-4.6-12.1 0-16.8l22.3-22.3c4.6-4.6 12.1-4.6 16.8 0l61.4 61.4 61.4-61.4c4.6-4.6 12.1-4.6 16.8 0l22.3 22.3c4.7 4.6 4.7 12.1 0 16.8z&quot;&gt;&lt;\/path&gt;&lt;\/svg&gt;\" data-full-width=\"yes\">\n\t\t\t\t\t<ul id=\"menu-1-f48d0b6\" class=\"hfe-nav-menu\"><li id=\"menu-item-24\" class=\"menu-item menu-item-type-post_type menu-item-object-page menu-item-home parent hfe-creative-menu\"><a href=\"https:\/\/servidorlumen.com.br\/cea\/\" class = \"hfe-menu-item\">Home<\/a><\/li>\n<li id=\"menu-item-210\" class=\"menu-item menu-item-type-post_type menu-item-object-page parent hfe-creative-menu\"><a href=\"https:\/\/servidorlumen.com.br\/cea\/sobre-2\/\" class = \"hfe-menu-item\">Sobre<\/a><\/li>\n<li id=\"menu-item-218\" class=\"menu-item menu-item-type-post_type menu-item-object-page parent hfe-creative-menu\"><a href=\"https:\/\/servidorlumen.com.br\/cea\/servicos-2\/\" class = \"hfe-menu-item\">Servi\u00e7os<\/a><\/li>\n<li id=\"menu-item-228\" class=\"menu-item menu-item-type-post_type menu-item-object-page parent hfe-creative-menu\"><a href=\"https:\/\/servidorlumen.com.br\/cea\/informativos\/\" class = \"hfe-menu-item\">Informativos<\/a><\/li>\n<li id=\"menu-item-257\" class=\"menu-item menu-item-type-post_type menu-item-object-page parent hfe-creative-menu\"><a href=\"https:\/\/servidorlumen.com.br\/cea\/galeria\/\" class = \"hfe-menu-item\">Galeria<\/a><\/li>\n<li id=\"menu-item-227\" class=\"menu-item menu-item-type-post_type menu-item-object-page parent hfe-creative-menu\"><a href=\"https:\/\/servidorlumen.com.br\/cea\/contato\/\" class = \"hfe-menu-item\">Contato<\/a><\/li>\n<\/ul> \n\t\t\t\t<\/nav>\n\t\t\t<\/div>\n\t\t\t\t\t<\/div>\n\t\t\t\t<\/div>\n\t\t\t\t<\/div>\n\t\t<div class=\"elementor-element elementor-element-06a74ff e-flex e-con-boxed e-con e-parent\" data-id=\"06a74ff\" data-element_type=\"container\">\n\t\t\t\t\t<div class=\"e-con-inner\">\n\t\t\t\t<div class=\"elementor-element elementor-element-255d12f elementor-widget elementor-widget-heading\" data-id=\"255d12f\" data-element_type=\"widget\" data-widget_type=\"heading.default\">\n\t\t\t\t<div class=\"elementor-widget-container\">\n\t\t\t<h2 class=\"elementor-heading-title elementor-size-default\">Sobre n\u00f3s<\/h2>\t\t<\/div>\n\t\t\t\t<\/div>\n\t\t<div class=\"elementor-element elementor-element-93e1c9d e-con-full e-flex e-con e-child\" data-id=\"93e1c9d\" data-element_type=\"container\">\n\t\t\t\t<div class=\"elementor-element elementor-element-7842bc0 elementor-widget__width-initial elementor-widget-tablet__width-inherit elementor-widget elementor-widget-text-editor\" data-id=\"7842bc0\" data-element_type=\"widget\" data-widget_type=\"text-editor.default\">\n\t\t\t\t<div class=\"elementor-widget-container\">\n\t\t\t\t\t\t\t<p>Com mais de<strong> 26 anos<\/strong> de hist\u00f3ria, o CEA \u00e9 uma <strong>refer\u00eancia<\/strong> em educa\u00e7\u00e3o, oferecendo ensino de <strong>qualidade<\/strong> para crian\u00e7as, jovens e adultos. Do ber\u00e7\u00e1rio ao ensino superior, proporcionamos um <strong>ambiente acolhedor<\/strong>, onde a forma\u00e7\u00e3o acad\u00eamica \u00e9 combinada com o <strong>desenvolvimento pessoal<\/strong> <strong>e social<\/strong>.<\/p><p>Somos tamb\u00e9m um <strong>Polo EAD da Universidade Paulista<\/strong>, possibilitando a continuidade dos estudos de forma pr\u00e1tica e acess\u00edvel.<\/p>\t\t\t\t\t\t<\/div>\n\t\t\t\t<\/div>\n\t\t\t\t<div class=\"elementor-element elementor-element-2b8d4e6 elementor-widget elementor-widget-image\" data-id=\"2b8d4e6\" data-element_type=\"widget\" data-widget_type=\"image.default\">\n\t\t\t\t<div class=\"elementor-widget-container\">\n\t\t\t\t\t\t\t\t\t\t\t\t\t<img decoding=\"async\" width=\"663\" height=\"484\" src=\"https:\/\/servidorlumen.com.br\/cea\/wp-content\/uploads\/2024\/10\/image-3.png\" class=\"attachment-large size-large wp-image-154\" alt=\"\" srcset=\"https:\/\/servidorlumen.com.br\/cea\/wp-content\/uploads\/2024\/10\/image-3.png 663w, https:\/\/servidorlumen.com.br\/cea\/wp-content\/uploads\/2024\/10\/image-3-300x219.png 300w, https:\/\/servidorlumen.com.br\/cea\/wp-content\/uploads\/2024\/10\/image-3-600x438.png 600w\" sizes=\"(max-width: 663px) 100vw, 663px\" \/>\t\t\t\t\t\t\t\t\t\t\t\t\t<\/div>\n\t\t\t\t<\/div>\n\t\t\t\t<\/div>\n\t\t<div class=\"elementor-element elementor-element-4f20e0f e-con-full e-flex e-con e-child\" data-id=\"4f20e0f\" data-element_type=\"container\">\n\t\t\t\t<div class=\"elementor-element elementor-element-5c8cd92 elementor-widget elementor-widget-image\" data-id=\"5c8cd92\" data-element_type=\"widget\" data-widget_type=\"image.default\">\n\t\t\t\t<div class=\"elementor-widget-container\">\n\t\t\t\t\t\t\t\t\t\t\t\t\t<img decoding=\"async\" width=\"425\" height=\"78\" src=\"https:\/\/servidorlumen.com.br\/cea\/wp-content\/uploads\/2024\/10\/Group-3.png\" class=\"attachment-full size-full wp-image-156\" alt=\"\" srcset=\"https:\/\/servidorlumen.com.br\/cea\/wp-content\/uploads\/2024\/10\/Group-3.png 425w, https:\/\/servidorlumen.com.br\/cea\/wp-content\/uploads\/2024\/10\/Group-3-300x55.png 300w\" sizes=\"(max-width: 425px) 100vw, 425px\" \/>\t\t\t\t\t\t\t\t\t\t\t\t\t<\/div>\n\t\t\t\t<\/div>\n\t\t\t\t<div class=\"elementor-element elementor-element-3212fc9 elementor-widget elementor-widget-image\" data-id=\"3212fc9\" data-element_type=\"widget\" data-widget_type=\"image.default\">\n\t\t\t\t<div class=\"elementor-widget-container\">\n\t\t\t\t\t\t\t\t\t\t\t\t\t<img loading=\"lazy\" decoding=\"async\" width=\"586\" height=\"78\" src=\"https:\/\/servidorlumen.com.br\/cea\/wp-content\/uploads\/2024\/10\/Group-2.png\" class=\"attachment-full size-full wp-image-155\" alt=\"\" srcset=\"https:\/\/servidorlumen.com.br\/cea\/wp-content\/uploads\/2024\/10\/Group-2.png 586w, https:\/\/servidorlumen.com.br\/cea\/wp-content\/uploads\/2024\/10\/Group-2-300x40.png 300w\" sizes=\"(max-width: 586px) 100vw, 586px\" \/>\t\t\t\t\t\t\t\t\t\t\t\t\t<\/div>\n\t\t\t\t<\/div>\n\t\t\t\t<div class=\"elementor-element elementor-element-8550bd9 elementor-widget elementor-widget-image\" data-id=\"8550bd9\" data-element_type=\"widget\" data-widget_type=\"image.default\">\n\t\t\t\t<div class=\"elementor-widget-container\">\n\t\t\t\t\t\t\t\t\t\t\t\t\t<img loading=\"lazy\" decoding=\"async\" width=\"452\" height=\"78\" src=\"https:\/\/servidorlumen.com.br\/cea\/wp-content\/uploads\/2024\/10\/Group-4-1.png\" class=\"attachment-full size-full wp-image-159\" alt=\"\" srcset=\"https:\/\/servidorlumen.com.br\/cea\/wp-content\/uploads\/2024\/10\/Group-4-1.png 452w, https:\/\/servidorlumen.com.br\/cea\/wp-content\/uploads\/2024\/10\/Group-4-1-300x52.png 300w\" sizes=\"(max-width: 452px) 100vw, 452px\" \/>\t\t\t\t\t\t\t\t\t\t\t\t\t<\/div>\n\t\t\t\t<\/div>\n\t\t\t\t<\/div>\n\t\t\t\t\t<\/div>\n\t\t\t\t<\/div>\n\t\t<div class=\"elementor-element elementor-element-4ec8624 e-flex e-con-boxed e-con e-parent\" data-id=\"4ec8624\" data-element_type=\"container\">\n\t\t\t\t\t<div class=\"e-con-inner\">\n\t\t<div class=\"elementor-element elementor-element-126c90f e-con-full e-flex e-con e-child\" data-id=\"126c90f\" data-element_type=\"container\" data-settings=\"{&quot;background_background&quot;:&quot;classic&quot;}\">\n\t\t\t\t<div class=\"elementor-element elementor-element-0634ac1 elementor-widget elementor-widget-image\" data-id=\"0634ac1\" data-element_type=\"widget\" data-widget_type=\"image.default\">\n\t\t\t\t<div class=\"elementor-widget-container\">\n\t\t\t\t\t\t\t\t\t\t\t\t\t<img loading=\"lazy\" decoding=\"async\" width=\"256\" height=\"256\" src=\"https:\/\/servidorlumen.com.br\/cea\/wp-content\/uploads\/2024\/11\/mission.png\" class=\"attachment-full size-full wp-image-570\" alt=\"\" srcset=\"https:\/\/servidorlumen.com.br\/cea\/wp-content\/uploads\/2024\/11\/mission.png 256w, https:\/\/servidorlumen.com.br\/cea\/wp-content\/uploads\/2024\/11\/mission-150x150.png 150w, https:\/\/servidorlumen.com.br\/cea\/wp-content\/uploads\/2024\/11\/mission-230x230.png 230w\" sizes=\"(max-width: 256px) 100vw, 256px\" \/>\t\t\t\t\t\t\t\t\t\t\t\t\t<\/div>\n\t\t\t\t<\/div>\n\t\t\t\t<div class=\"elementor-element elementor-element-67cfdf3 elementor-widget elementor-widget-heading\" data-id=\"67cfdf3\" data-element_type=\"widget\" data-widget_type=\"heading.default\">\n\t\t\t\t<div class=\"elementor-widget-container\">\n\t\t\t<h2 class=\"elementor-heading-title elementor-size-default\">Miss\u00e3o<\/h2>\t\t<\/div>\n\t\t\t\t<\/div>\n\t\t\t\t<div class=\"elementor-element elementor-element-1c46080 elementor-widget elementor-widget-text-editor\" data-id=\"1c46080\" data-element_type=\"widget\" data-widget_type=\"text-editor.default\">\n\t\t\t\t<div class=\"elementor-widget-container\">\n\t\t\t\t\t\t\t<p>Valorizar a tr\u00edade aluno, fam\u00edlia, escola, atrav\u00e9s de pr\u00e1ticas pedag\u00f3gicas inovadoras e desafiadoras, com a participa\u00e7\u00e3o ativa da fam\u00edlia, desenvolvendo o protagonismo do aluno, zelando pela disciplina e a qualidade do ensino, com excel\u00eancia acad\u00eamica e educando para a vida.<\/p>\t\t\t\t\t\t<\/div>\n\t\t\t\t<\/div>\n\t\t\t\t<\/div>\n\t\t<div class=\"elementor-element elementor-element-c5aa713 e-con-full e-flex e-con e-child\" data-id=\"c5aa713\" data-element_type=\"container\" data-settings=\"{&quot;background_background&quot;:&quot;classic&quot;}\">\n\t\t\t\t<div class=\"elementor-element elementor-element-f09772b elementor-widget elementor-widget-image\" data-id=\"f09772b\" data-element_type=\"widget\" data-widget_type=\"image.default\">\n\t\t\t\t<div class=\"elementor-widget-container\">\n\t\t\t\t\t\t\t\t\t\t\t\t\t<img loading=\"lazy\" decoding=\"async\" width=\"256\" height=\"256\" src=\"https:\/\/servidorlumen.com.br\/cea\/wp-content\/uploads\/2024\/11\/bullseye-1.png\" class=\"attachment-full size-full wp-image-571\" alt=\"\" srcset=\"https:\/\/servidorlumen.com.br\/cea\/wp-content\/uploads\/2024\/11\/bullseye-1.png 256w, https:\/\/servidorlumen.com.br\/cea\/wp-content\/uploads\/2024\/11\/bullseye-1-150x150.png 150w, https:\/\/servidorlumen.com.br\/cea\/wp-content\/uploads\/2024\/11\/bullseye-1-230x230.png 230w\" sizes=\"(max-width: 256px) 100vw, 256px\" \/>\t\t\t\t\t\t\t\t\t\t\t\t\t<\/div>\n\t\t\t\t<\/div>\n\t\t\t\t<div class=\"elementor-element elementor-element-b07ee33 elementor-widget elementor-widget-heading\" data-id=\"b07ee33\" data-element_type=\"widget\" data-widget_type=\"heading.default\">\n\t\t\t\t<div class=\"elementor-widget-container\">\n\t\t\t<h2 class=\"elementor-heading-title elementor-size-default\">Vis\u00e3o<\/h2>\t\t<\/div>\n\t\t\t\t<\/div>\n\t\t\t\t<div class=\"elementor-element elementor-element-f2e329e elementor-widget elementor-widget-text-editor\" data-id=\"f2e329e\" data-element_type=\"widget\" data-widget_type=\"text-editor.default\">\n\t\t\t\t<div class=\"elementor-widget-container\">\n\t\t\t\t\t\t\t<p>Permanecer como refer\u00eancia educacional em Alagoas, pelas metodologias inovadores de ensino e aprendizagem, com forma\u00e7\u00e3o humanista, equilibrando a cultura da raz\u00e3o e emo\u00e7\u00e3o.<\/p>\t\t\t\t\t\t<\/div>\n\t\t\t\t<\/div>\n\t\t\t\t<\/div>\n\t\t<div class=\"elementor-element elementor-element-43aaab2 e-con-full e-flex e-con e-child\" data-id=\"43aaab2\" data-element_type=\"container\" data-settings=\"{&quot;background_background&quot;:&quot;classic&quot;}\">\n\t\t\t\t<div class=\"elementor-element elementor-element-290b2e5 elementor-widget elementor-widget-image\" data-id=\"290b2e5\" data-element_type=\"widget\" data-widget_type=\"image.default\">\n\t\t\t\t<div class=\"elementor-widget-container\">\n\t\t\t\t\t\t\t\t\t\t\t\t\t<img loading=\"lazy\" decoding=\"async\" width=\"256\" height=\"256\" src=\"https:\/\/servidorlumen.com.br\/cea\/wp-content\/uploads\/2024\/11\/values.png\" class=\"attachment-full size-full wp-image-572\" alt=\"\" srcset=\"https:\/\/servidorlumen.com.br\/cea\/wp-content\/uploads\/2024\/11\/values.png 256w, https:\/\/servidorlumen.com.br\/cea\/wp-content\/uploads\/2024\/11\/values-150x150.png 150w, https:\/\/servidorlumen.com.br\/cea\/wp-content\/uploads\/2024\/11\/values-230x230.png 230w\" sizes=\"(max-width: 256px) 100vw, 256px\" \/>\t\t\t\t\t\t\t\t\t\t\t\t\t<\/div>\n\t\t\t\t<\/div>\n\t\t\t\t<div class=\"elementor-element elementor-element-1d9df9e elementor-widget elementor-widget-heading\" data-id=\"1d9df9e\" data-element_type=\"widget\" data-widget_type=\"heading.default\">\n\t\t\t\t<div class=\"elementor-widget-container\">\n\t\t\t<h2 class=\"elementor-heading-title elementor-size-default\">Valores<\/h2>\t\t<\/div>\n\t\t\t\t<\/div>\n\t\t\t\t<div class=\"elementor-element elementor-element-a8711c3 elementor-widget elementor-widget-text-editor\" data-id=\"a8711c3\" data-element_type=\"widget\" data-widget_type=\"text-editor.default\">\n\t\t\t\t<div class=\"elementor-widget-container\">\n\t\t\t\t\t\t\t<ul><li>Valoriza\u00e7\u00e3o do ser humano e suas experi\u00eancias;<\/li><li>Autossupera\u00e7\u00e3o;<\/li><li>Respeito \u00e0s diferen\u00e7as culturais, sociais, religiosas e econ\u00f4micas;<\/li><li>\u00c9tica;<\/li><li>Franqueza;<\/li><li>Comprometimento;<\/li><li>Busca da excel\u00eancia;<\/li><li>Foco na meritocracia e nos resultados.<\/li><\/ul>\t\t\t\t\t\t<\/div>\n\t\t\t\t<\/div>\n\t\t\t\t<\/div>\n\t\t\t\t\t<\/div>\n\t\t\t\t<\/div>\n\t\t\t\t<\/div>\n\t\t","protected":false},"excerpt":{"rendered":"<p>Menu Home Sobre Servi\u00e7os Informativos Galeria Contato Sobre n\u00f3s Com mais de 26 anos de hist\u00f3ria, o CEA \u00e9 uma refer\u00eancia em educa\u00e7\u00e3o, oferecendo ensino de qualidade para crian\u00e7as, jovens e adultos. Do ber\u00e7\u00e1rio ao ensino superior, proporcionamos um ambiente acolhedor, onde a forma\u00e7\u00e3o acad\u00eamica \u00e9 combinada com o desenvolvimento pessoal e social. Somos tamb\u00e9m [&hellip;]<\/p>\n","protected":false},"author":1,"featured_media":0,"parent":0,"menu_order":0,"comment_status":"closed","ping_status":"closed","template":"elementor_header_footer","meta":{"footnotes":""},"class_list":["post-203","page","type-page","status-publish","hentry"],"_links":{"self":[{"href":"https:\/\/servidorlumen.com.br\/cea\/wp-json\/wp\/v2\/pages\/203","targetHints":{"allow":["GET"]}}],"collection":[{"href":"https:\/\/servidorlumen.com.br\/cea\/wp-json\/wp\/v2\/pages"}],"about":[{"href":"https:\/\/servidorlumen.com.br\/cea\/wp-json\/wp\/v2\/types\/page"}],"author":[{"embeddable":true,"href":"https:\/\/servidorlumen.com.br\/cea\/wp-json\/wp\/v2\/users\/1"}],"replies":[{"embeddable":true,"href":"https:\/\/servidorlumen.com.br\/cea\/wp-json\/wp\/v2\/comments?post=203"}],"version-history":[{"count":9,"href":"https:\/\/servidorlumen.com.br\/cea\/wp-json\/wp\/v2\/pages\/203\/revisions"}],"predecessor-version":[{"id":575,"href":"https:\/\/servidorlumen.com.br\/cea\/wp-json\/wp\/v2\/pages\/203\/revisions\/575"}],"wp:attachment":[{"href":"https:\/\/servidorlumen.com.br\/cea\/wp-json\/wp\/v2\/media?parent=203"}],"curies":[{"name":"wp","href":"https:\/\/api.w.org\/{rel}","templated":true}]}}