{"id":251,"date":"2024-11-23T00:16:35","date_gmt":"2024-11-23T00:16:35","guid":{"rendered":"https:\/\/servidorlumen.com.br\/barbeariadovaldir\/?page_id=251"},"modified":"2024-11-23T00:24:21","modified_gmt":"2024-11-23T00:24:21","slug":"localizacao","status":"publish","type":"page","link":"https:\/\/servidorlumen.com.br\/barbeariadovaldir\/localizacao\/","title":{"rendered":"Localiza\u00e7\u00e3o"},"content":{"rendered":"\t\t<div data-elementor-type=\"wp-page\" data-elementor-id=\"251\" class=\"elementor elementor-251\">\n\t\t\t\t<div class=\"elementor-element elementor-element-d0dd810 e-flex e-con-boxed e-con e-parent\" data-id=\"d0dd810\" data-element_type=\"container\" data-settings=\"{&quot;background_background&quot;:&quot;classic&quot;,&quot;_ha_eqh_enable&quot;:false}\">\n\t\t\t\t\t<div class=\"e-con-inner\">\n\t\t\t\t<div class=\"elementor-element elementor-element-dc39c19 elementor-widget__width-inherit elementor-widget elementor-widget-heading\" data-id=\"dc39c19\" data-element_type=\"widget\" data-widget_type=\"heading.default\">\n\t\t\t\t<div class=\"elementor-widget-container\">\n\t\t\t<h2 class=\"elementor-heading-title elementor-size-default\">Localiza\u00e7\u00e3o<\/h2>\t\t<\/div>\n\t\t\t\t<\/div>\n\t\t\t\t<div class=\"elementor-element elementor-element-9c7e3c3 elementor-widget-tablet__width-initial elementor-widget elementor-widget-text-editor\" data-id=\"9c7e3c3\" data-element_type=\"widget\" data-widget_type=\"text-editor.default\">\n\t\t\t\t<div class=\"elementor-widget-container\">\n\t\t\t\t\t\t\t<p>Temos tr\u00eas unidades para atender voc\u00ea com conforto e qualidade:<\/p>\t\t\t\t\t\t<\/div>\n\t\t\t\t<\/div>\n\t\t<div class=\"elementor-element elementor-element-35773f2 e-con-full e-flex e-con e-child\" data-id=\"35773f2\" data-element_type=\"container\" data-settings=\"{&quot;_ha_eqh_enable&quot;:false}\">\n\t\t<div class=\"elementor-element elementor-element-7509ea0 e-con-full e-flex e-con e-child\" data-id=\"7509ea0\" data-element_type=\"container\" data-settings=\"{&quot;_ha_eqh_enable&quot;:false}\">\n\t\t\t\t<div class=\"elementor-element elementor-element-fa78cd4 elementor-widget elementor-widget-image\" data-id=\"fa78cd4\" data-element_type=\"widget\" data-widget_type=\"image.default\">\n\t\t\t\t<div class=\"elementor-widget-container\">\n\t\t\t\t\t\t\t\t\t\t\t\t\t<img decoding=\"async\" width=\"95\" height=\"95\" src=\"https:\/\/servidorlumen.com.br\/barbeariadovaldir\/wp-content\/uploads\/2024\/11\/Group-18.png\" class=\"attachment-full size-full wp-image-157\" alt=\"\" \/>\t\t\t\t\t\t\t\t\t\t\t\t\t<\/div>\n\t\t\t\t<\/div>\n\t\t\t\t<div class=\"elementor-element elementor-element-9a8d625 elementor-widget elementor-widget-text-editor\" data-id=\"9a8d625\" data-element_type=\"widget\" data-widget_type=\"text-editor.default\">\n\t\t\t\t<div class=\"elementor-widget-container\">\n\t\t\t\t\t\t\t<p>Matriz<\/p>\t\t\t\t\t\t<\/div>\n\t\t\t\t<\/div>\n\t\t\t\t<div class=\"elementor-element elementor-element-27fa031 elementor-widget elementor-widget-text-editor\" data-id=\"27fa031\" data-element_type=\"widget\" data-widget_type=\"text-editor.default\">\n\t\t\t\t<div class=\"elementor-widget-container\">\n\t\t\t\t\t\t\t<p>Av. Rosinaldo Ferreira Mendes , 74 &#8211; conjunto Graciliano ramos<\/p>\t\t\t\t\t\t<\/div>\n\t\t\t\t<\/div>\n\t\t\t\t<div class=\"elementor-element elementor-element-31d8e22 elementor-widget elementor-widget-google_maps\" data-id=\"31d8e22\" data-element_type=\"widget\" data-widget_type=\"google_maps.default\">\n\t\t\t\t<div class=\"elementor-widget-container\">\n\t\t\t\t\t<div class=\"elementor-custom-embed\">\n\t\t\t<iframe loading=\"lazy\"\n\t\t\t\t\tsrc=\"https:\/\/maps.google.com\/maps?q=Av.%20Rosinaldo%20Ferreira%20Mendes%20%28Cj%20Graciliano%20Ramos%29%2C%2048%20-%20Cidade%20Universit%C3%A1ria%2C%20Macei%C3%B3%20-%20AL%2C%2057084-296&#038;t=m&#038;z=10&#038;output=embed&#038;iwloc=near\"\n\t\t\t\t\ttitle=\"Av. Rosinaldo Ferreira Mendes (Cj Graciliano Ramos), 48 - Cidade Universit\u00e1ria, Macei\u00f3 - AL, 57084-296\"\n\t\t\t\t\taria-label=\"Av. Rosinaldo Ferreira Mendes (Cj Graciliano Ramos), 48 - Cidade Universit\u00e1ria, Macei\u00f3 - AL, 57084-296\"\n\t\t\t><\/iframe>\n\t\t<\/div>\n\t\t\t\t<\/div>\n\t\t\t\t<\/div>\n\t\t<div class=\"elementor-element elementor-element-7a42aac e-con-full e-flex e-con e-child\" data-id=\"7a42aac\" data-element_type=\"container\" data-settings=\"{&quot;background_background&quot;:&quot;classic&quot;,&quot;_ha_eqh_enable&quot;:false}\">\n\t\t\t\t<div class=\"elementor-element elementor-element-e6f213f elementor-widget__width-initial elementor-widget elementor-widget-image\" data-id=\"e6f213f\" data-element_type=\"widget\" data-widget_type=\"image.default\">\n\t\t\t\t<div class=\"elementor-widget-container\">\n\t\t\t\t\t\t\t\t\t\t\t\t\t<img decoding=\"async\" width=\"66\" height=\"66\" src=\"https:\/\/servidorlumen.com.br\/barbeariadovaldir\/wp-content\/uploads\/2024\/11\/watch-2.png\" class=\"attachment-full size-full wp-image-159\" alt=\"\" \/>\t\t\t\t\t\t\t\t\t\t\t\t\t<\/div>\n\t\t\t\t<\/div>\n\t\t\t\t<div class=\"elementor-element elementor-element-0ab655b elementor-widget__width-initial elementor-widget-tablet__width-initial elementor-widget-mobile__width-initial elementor-widget elementor-widget-text-editor\" data-id=\"0ab655b\" data-element_type=\"widget\" data-widget_type=\"text-editor.default\">\n\t\t\t\t<div class=\"elementor-widget-container\">\n\t\t\t\t\t\t\t<p>Segunda a Sexta: 09h &#8211; 20h\u2028Domingo: Fechado<\/p>\t\t\t\t\t\t<\/div>\n\t\t\t\t<\/div>\n\t\t\t\t<\/div>\n\t\t\t\t<\/div>\n\t\t<div class=\"elementor-element elementor-element-24a9f4a e-con-full e-flex e-con e-child\" data-id=\"24a9f4a\" data-element_type=\"container\" data-settings=\"{&quot;_ha_eqh_enable&quot;:false}\">\n\t\t\t\t<div class=\"elementor-element elementor-element-ab18768 elementor-widget elementor-widget-image\" data-id=\"ab18768\" data-element_type=\"widget\" data-widget_type=\"image.default\">\n\t\t\t\t<div class=\"elementor-widget-container\">\n\t\t\t\t\t\t\t\t\t\t\t\t\t<img decoding=\"async\" width=\"95\" height=\"95\" src=\"https:\/\/servidorlumen.com.br\/barbeariadovaldir\/wp-content\/uploads\/2024\/11\/Group-19.png\" class=\"attachment-full size-full wp-image-158\" alt=\"\" \/>\t\t\t\t\t\t\t\t\t\t\t\t\t<\/div>\n\t\t\t\t<\/div>\n\t\t\t\t<div class=\"elementor-element elementor-element-b7af087 elementor-widget elementor-widget-text-editor\" data-id=\"b7af087\" data-element_type=\"widget\" data-widget_type=\"text-editor.default\">\n\t\t\t\t<div class=\"elementor-widget-container\">\n\t\t\t\t\t\t\t<p>Filial<\/p>\t\t\t\t\t\t<\/div>\n\t\t\t\t<\/div>\n\t\t\t\t<div class=\"elementor-element elementor-element-451ea4b elementor-widget elementor-widget-text-editor\" data-id=\"451ea4b\" data-element_type=\"widget\" data-widget_type=\"text-editor.default\">\n\t\t\t\t<div class=\"elementor-widget-container\">\n\t\t\t\t\t\t\t<p>Posto BR, Av. Doutor Fernando do Couto Malta , 469<\/p>\t\t\t\t\t\t<\/div>\n\t\t\t\t<\/div>\n\t\t\t\t<div class=\"elementor-element elementor-element-ec49ba3 elementor-widget elementor-widget-google_maps\" data-id=\"ec49ba3\" data-element_type=\"widget\" data-widget_type=\"google_maps.default\">\n\t\t\t\t<div class=\"elementor-widget-container\">\n\t\t\t\t\t<div class=\"elementor-custom-embed\">\n\t\t\t<iframe loading=\"lazy\"\n\t\t\t\t\tsrc=\"https:\/\/maps.google.com\/maps?q=Av.%20Doutor%20Fernando%20do%20Couto%20Malta%20%2C%20469%2C%20Macei%C3%B3&#038;t=m&#038;z=10&#038;output=embed&#038;iwloc=near\"\n\t\t\t\t\ttitle=\"Av. Doutor Fernando do Couto Malta , 469, Macei\u00f3\"\n\t\t\t\t\taria-label=\"Av. Doutor Fernando do Couto Malta , 469, Macei\u00f3\"\n\t\t\t><\/iframe>\n\t\t<\/div>\n\t\t\t\t<\/div>\n\t\t\t\t<\/div>\n\t\t<div class=\"elementor-element elementor-element-034a415 e-con-full e-flex e-con e-child\" data-id=\"034a415\" data-element_type=\"container\" data-settings=\"{&quot;background_background&quot;:&quot;classic&quot;,&quot;_ha_eqh_enable&quot;:false}\">\n\t\t\t\t<div class=\"elementor-element elementor-element-eb645a0 elementor-widget__width-initial elementor-widget elementor-widget-image\" data-id=\"eb645a0\" data-element_type=\"widget\" data-widget_type=\"image.default\">\n\t\t\t\t<div class=\"elementor-widget-container\">\n\t\t\t\t\t\t\t\t\t\t\t\t\t<img decoding=\"async\" width=\"66\" height=\"66\" src=\"https:\/\/servidorlumen.com.br\/barbeariadovaldir\/wp-content\/uploads\/2024\/11\/watch-2.png\" class=\"attachment-full size-full wp-image-159\" alt=\"\" \/>\t\t\t\t\t\t\t\t\t\t\t\t\t<\/div>\n\t\t\t\t<\/div>\n\t\t\t\t<div class=\"elementor-element elementor-element-065265d elementor-widget__width-initial elementor-widget-tablet__width-initial elementor-widget-mobile__width-initial elementor-widget elementor-widget-text-editor\" data-id=\"065265d\" data-element_type=\"widget\" data-widget_type=\"text-editor.default\">\n\t\t\t\t<div class=\"elementor-widget-container\">\n\t\t\t\t\t\t\t<p>Segunda a S\u00e1bado: 07h &#8211; 00h\u2028Domingo: 07h &#8211; 18h<\/p>\t\t\t\t\t\t<\/div>\n\t\t\t\t<\/div>\n\t\t\t\t<\/div>\n\t\t\t\t<\/div>\n\t\t<div class=\"elementor-element elementor-element-17c0e7e e-con-full e-flex e-con e-child\" data-id=\"17c0e7e\" data-element_type=\"container\" data-settings=\"{&quot;_ha_eqh_enable&quot;:false}\">\n\t\t\t\t<div class=\"elementor-element elementor-element-11e483c elementor-widget elementor-widget-image\" data-id=\"11e483c\" data-element_type=\"widget\" data-widget_type=\"image.default\">\n\t\t\t\t<div class=\"elementor-widget-container\">\n\t\t\t\t\t\t\t\t\t\t\t\t\t<img decoding=\"async\" width=\"95\" height=\"95\" src=\"https:\/\/servidorlumen.com.br\/barbeariadovaldir\/wp-content\/uploads\/2024\/11\/Group-18.png\" class=\"attachment-full size-full wp-image-157\" alt=\"\" \/>\t\t\t\t\t\t\t\t\t\t\t\t\t<\/div>\n\t\t\t\t<\/div>\n\t\t\t\t<div class=\"elementor-element elementor-element-f12e57e elementor-widget elementor-widget-text-editor\" data-id=\"f12e57e\" data-element_type=\"widget\" data-widget_type=\"text-editor.default\">\n\t\t\t\t<div class=\"elementor-widget-container\">\n\t\t\t\t\t\t\t<p>Posto Pratagy<\/p>\t\t\t\t\t\t<\/div>\n\t\t\t\t<\/div>\n\t\t\t\t<div class=\"elementor-element elementor-element-48f1d55 elementor-widget elementor-widget-text-editor\" data-id=\"48f1d55\" data-element_type=\"widget\" data-widget_type=\"text-editor.default\">\n\t\t\t\t<div class=\"elementor-widget-container\">\n\t\t\t\t\t\t\t<p>Av. Ant\u00f4nio Lisboa de Amorim, 760<\/p><p>\u00a0<\/p>\t\t\t\t\t\t<\/div>\n\t\t\t\t<\/div>\n\t\t\t\t<div class=\"elementor-element elementor-element-448935f elementor-widget elementor-widget-google_maps\" data-id=\"448935f\" data-element_type=\"widget\" data-widget_type=\"google_maps.default\">\n\t\t\t\t<div class=\"elementor-widget-container\">\n\t\t\t\t\t<div class=\"elementor-custom-embed\">\n\t\t\t<iframe loading=\"lazy\"\n\t\t\t\t\tsrc=\"https:\/\/maps.google.com\/maps?q=Avenida%20Ant%C3%B4nio%20Lisboa%20de%20Amorim%2C%20760%2C%20Antares%2C%20Macei%C3%B3%2C%2057083-048&#038;t=m&#038;z=10&#038;output=embed&#038;iwloc=near\"\n\t\t\t\t\ttitle=\"Avenida Ant\u00f4nio Lisboa de Amorim, 760, Antares, Macei\u00f3, 57083-048\"\n\t\t\t\t\taria-label=\"Avenida Ant\u00f4nio Lisboa de Amorim, 760, Antares, Macei\u00f3, 57083-048\"\n\t\t\t><\/iframe>\n\t\t<\/div>\n\t\t\t\t<\/div>\n\t\t\t\t<\/div>\n\t\t<div class=\"elementor-element elementor-element-a9f47b4 e-con-full e-flex e-con e-child\" data-id=\"a9f47b4\" data-element_type=\"container\" data-settings=\"{&quot;background_background&quot;:&quot;classic&quot;,&quot;_ha_eqh_enable&quot;:false}\">\n\t\t\t\t<div class=\"elementor-element elementor-element-db1dc86 elementor-widget__width-initial elementor-widget-mobile__width-initial elementor-widget elementor-widget-image\" data-id=\"db1dc86\" data-element_type=\"widget\" data-widget_type=\"image.default\">\n\t\t\t\t<div class=\"elementor-widget-container\">\n\t\t\t\t\t\t\t\t\t\t\t\t\t<img decoding=\"async\" width=\"66\" height=\"66\" src=\"https:\/\/servidorlumen.com.br\/barbeariadovaldir\/wp-content\/uploads\/2024\/11\/watch-2.png\" class=\"attachment-full size-full wp-image-159\" alt=\"\" \/>\t\t\t\t\t\t\t\t\t\t\t\t\t<\/div>\n\t\t\t\t<\/div>\n\t\t<div class=\"elementor-element elementor-element-06e3804 e-con-full e-flex e-con e-child\" data-id=\"06e3804\" data-element_type=\"container\" data-settings=\"{&quot;_ha_eqh_enable&quot;:false}\">\n\t\t\t\t<div class=\"elementor-element elementor-element-bf18079 elementor-widget__width-initial elementor-widget-tablet__width-inherit elementor-widget-mobile__width-inherit elementor-widget elementor-widget-text-editor\" data-id=\"bf18079\" data-element_type=\"widget\" data-widget_type=\"text-editor.default\">\n\t\t\t\t<div class=\"elementor-widget-container\">\n\t\t\t\t\t\t\t<p>Segunda a Domingo: 08h &#8211; 00h<\/p>\t\t\t\t\t\t<\/div>\n\t\t\t\t<\/div>\n\t\t\t\t<\/div>\n\t\t\t\t<\/div>\n\t\t\t\t<\/div>\n\t\t\t\t<\/div>\n\t\t\t\t<div class=\"elementor-element elementor-element-9ced889 elementor-widget-tablet__width-initial elementor-widget__width-initial elementor-widget elementor-widget-text-editor\" data-id=\"9ced889\" data-element_type=\"widget\" data-widget_type=\"text-editor.default\">\n\t\t\t\t<div class=\"elementor-widget-container\">\n\t\t\t\t\t\t\t<p>Agende seu hor\u00e1rio com o barbeiro de sua prefer\u00eancia ou chegue sem compromisso \u2013 sempre haver\u00e1 um lugar para voc\u00ea!<\/p>\t\t\t\t\t\t<\/div>\n\t\t\t\t<\/div>\n\t\t\t\t\t<\/div>\n\t\t\t\t<\/div>\n\t\t\t\t<\/div>\n\t\t","protected":false},"excerpt":{"rendered":"<p>Localiza\u00e7\u00e3o Temos tr\u00eas unidades para atender voc\u00ea com conforto e qualidade: Matriz Av. Rosinaldo Ferreira Mendes , 74 &#8211; conjunto Graciliano ramos Segunda a Sexta: 09h &#8211; 20h\u2028Domingo: Fechado Filial Posto BR, Av. Doutor Fernando do Couto Malta , 469 Segunda a S\u00e1bado: 07h &#8211; 00h\u2028Domingo: 07h &#8211; 18h Posto Pratagy Av. Ant\u00f4nio Lisboa de [&hellip;]<\/p>\n","protected":false},"author":1,"featured_media":0,"parent":0,"menu_order":0,"comment_status":"closed","ping_status":"closed","template":"elementor_header_footer","meta":{"footnotes":""},"class_list":["post-251","page","type-page","status-publish","hentry"],"_links":{"self":[{"href":"https:\/\/servidorlumen.com.br\/barbeariadovaldir\/wp-json\/wp\/v2\/pages\/251","targetHints":{"allow":["GET"]}}],"collection":[{"href":"https:\/\/servidorlumen.com.br\/barbeariadovaldir\/wp-json\/wp\/v2\/pages"}],"about":[{"href":"https:\/\/servidorlumen.com.br\/barbeariadovaldir\/wp-json\/wp\/v2\/types\/page"}],"author":[{"embeddable":true,"href":"https:\/\/servidorlumen.com.br\/barbeariadovaldir\/wp-json\/wp\/v2\/users\/1"}],"replies":[{"embeddable":true,"href":"https:\/\/servidorlumen.com.br\/barbeariadovaldir\/wp-json\/wp\/v2\/comments?post=251"}],"version-history":[{"count":8,"href":"https:\/\/servidorlumen.com.br\/barbeariadovaldir\/wp-json\/wp\/v2\/pages\/251\/revisions"}],"predecessor-version":[{"id":300,"href":"https:\/\/servidorlumen.com.br\/barbeariadovaldir\/wp-json\/wp\/v2\/pages\/251\/revisions\/300"}],"wp:attachment":[{"href":"https:\/\/servidorlumen.com.br\/barbeariadovaldir\/wp-json\/wp\/v2\/media?parent=251"}],"curies":[{"name":"wp","href":"https:\/\/api.w.org\/{rel}","templated":true}]}}