{"id":236,"date":"2024-11-23T00:08:22","date_gmt":"2024-11-23T00:08:22","guid":{"rendered":"https:\/\/servidorlumen.com.br\/barbeariadovaldir\/?page_id=236"},"modified":"2024-11-23T00:10:51","modified_gmt":"2024-11-23T00:10:51","slug":"quem-somos","status":"publish","type":"page","link":"https:\/\/servidorlumen.com.br\/barbeariadovaldir\/quem-somos\/","title":{"rendered":"Quem somos"},"content":{"rendered":"\t\t<div data-elementor-type=\"wp-page\" data-elementor-id=\"236\" class=\"elementor elementor-236\">\n\t\t\t\t<div class=\"elementor-element elementor-element-13bf3e0 e-flex e-con-boxed e-con e-parent\" data-id=\"13bf3e0\" data-element_type=\"container\" data-settings=\"{&quot;background_background&quot;:&quot;classic&quot;,&quot;_ha_eqh_enable&quot;:false}\">\n\t\t\t\t\t<div class=\"e-con-inner\">\n\t\t\t\t<div class=\"elementor-element elementor-element-ac1663e elementor-widget__width-inherit elementor-widget elementor-widget-heading\" data-id=\"ac1663e\" data-element_type=\"widget\" data-widget_type=\"heading.default\">\n\t\t\t\t<div class=\"elementor-widget-container\">\n\t\t\t<h2 class=\"elementor-heading-title elementor-size-default\">Quem somos<\/h2>\t\t<\/div>\n\t\t\t\t<\/div>\n\t\t\t\t<div class=\"elementor-element elementor-element-ad18992 elementor-widget__width-inherit elementor-widget elementor-widget-image\" data-id=\"ad18992\" data-element_type=\"widget\" data-widget_type=\"image.default\">\n\t\t\t\t<div class=\"elementor-widget-container\">\n\t\t\t\t\t\t\t\t\t\t\t\t\t<img fetchpriority=\"high\" decoding=\"async\" width=\"512\" height=\"512\" src=\"https:\/\/servidorlumen.com.br\/barbeariadovaldir\/wp-content\/uploads\/2024\/11\/mustache.png\" class=\"attachment-full size-full wp-image-77\" alt=\"\" srcset=\"https:\/\/servidorlumen.com.br\/barbeariadovaldir\/wp-content\/uploads\/2024\/11\/mustache.png 512w, https:\/\/servidorlumen.com.br\/barbeariadovaldir\/wp-content\/uploads\/2024\/11\/mustache-300x300.png 300w, https:\/\/servidorlumen.com.br\/barbeariadovaldir\/wp-content\/uploads\/2024\/11\/mustache-150x150.png 150w\" sizes=\"(max-width: 512px) 100vw, 512px\" \/>\t\t\t\t\t\t\t\t\t\t\t\t\t<\/div>\n\t\t\t\t<\/div>\n\t\t<div class=\"elementor-element elementor-element-7b17ebf e-con-full e-flex e-con e-child\" data-id=\"7b17ebf\" data-element_type=\"container\" data-settings=\"{&quot;_ha_eqh_enable&quot;:false}\">\n\t\t<div class=\"elementor-element elementor-element-940d900 e-con-full e-flex e-con e-child\" data-id=\"940d900\" data-element_type=\"container\" data-settings=\"{&quot;_ha_eqh_enable&quot;:false}\">\n\t\t\t\t<div class=\"elementor-element elementor-element-a4f9123 elementor-widget-tablet__width-initial elementor-widget elementor-widget-heading\" data-id=\"a4f9123\" data-element_type=\"widget\" data-widget_type=\"heading.default\">\n\t\t\t\t<div class=\"elementor-widget-container\">\n\t\t\t<h2 class=\"elementor-heading-title elementor-size-default\">H\u00e1 28 anos cuidando do seu estilo em Macei\u00f3!<\/h2>\t\t<\/div>\n\t\t\t\t<\/div>\n\t\t\t\t<div class=\"elementor-element elementor-element-87f3d92 elementor-widget-tablet__width-initial elementor-widget elementor-widget-text-editor\" data-id=\"87f3d92\" data-element_type=\"widget\" data-widget_type=\"text-editor.default\">\n\t\t\t\t<div class=\"elementor-widget-container\">\n\t\t\t\t\t\t\t<p>Com quase tr\u00eas d\u00e9cadas de experi\u00eancia, nossa barbearia \u00e9 um verdadeiro ponto de refer\u00eancia para quem busca mais do que um simples corte de cabelo: aqui, cada visita \u00e9 uma experi\u00eancia \u00fanica de cuidado, estilo e tradi\u00e7\u00e3o. Localizada em Macei\u00f3, nossa miss\u00e3o \u00e9 oferecer um servi\u00e7o de qualidade para toda a fam\u00edlia \u2014 de crian\u00e7as a idosos. Nosso atendimento personalizado \u00e9 pensado para cada cliente, com aten\u00e7\u00e3o e dedica\u00e7\u00e3o para atender \u00e0s necessidades de cada idade e estilo.<\/p>\t\t\t\t\t\t<\/div>\n\t\t\t\t<\/div>\n\t\t\t\t<\/div>\n\t\t<div class=\"elementor-element elementor-element-f88e023 e-con-full e-flex e-con e-child\" data-id=\"f88e023\" data-element_type=\"container\" data-settings=\"{&quot;_ha_eqh_enable&quot;:false}\">\n\t\t\t\t<div class=\"elementor-element elementor-element-77ddc65 elementor-widget elementor-widget-image\" data-id=\"77ddc65\" data-element_type=\"widget\" data-widget_type=\"image.default\">\n\t\t\t\t<div class=\"elementor-widget-container\">\n\t\t\t\t\t\t\t\t\t\t\t\t\t<img decoding=\"async\" src=\"https:\/\/servidorlumen.com.br\/barbeariadovaldir\/wp-content\/uploads\/elementor\/thumbs\/crianca-corte-qx7h7le6y2bgq5z951y87vbmc0d71x3ydg1hp300p4.jpg\" title=\"crianca-corte\" alt=\"crianca-corte\" loading=\"lazy\" \/>\t\t\t\t\t\t\t\t\t\t\t\t\t<\/div>\n\t\t\t\t<\/div>\n\t\t\t\t<\/div>\n\t\t\t\t<\/div>\n\t\t\t\t\t<\/div>\n\t\t\t\t<\/div>\n\t\t<div class=\"elementor-element elementor-element-fb0ca08 e-flex e-con-boxed e-con e-parent\" data-id=\"fb0ca08\" data-element_type=\"container\" data-settings=\"{&quot;background_background&quot;:&quot;classic&quot;,&quot;_ha_eqh_enable&quot;:false}\">\n\t\t\t\t\t<div class=\"e-con-inner\">\n\t\t\t\t\t<\/div>\n\t\t\t\t<\/div>\n\t\t<div class=\"elementor-element elementor-element-8c280ae e-flex e-con-boxed e-con e-parent\" data-id=\"8c280ae\" data-element_type=\"container\" data-settings=\"{&quot;background_background&quot;:&quot;classic&quot;,&quot;_ha_eqh_enable&quot;:false}\">\n\t\t\t\t\t<div class=\"e-con-inner\">\n\t\t\t\t<div class=\"elementor-element elementor-element-784a436 elementor-widget__width-inherit elementor-widget elementor-widget-heading\" data-id=\"784a436\" data-element_type=\"widget\" data-widget_type=\"heading.default\">\n\t\t\t\t<div class=\"elementor-widget-container\">\n\t\t\t<h2 class=\"elementor-heading-title elementor-size-default\">Nosso espa\u00e7o<\/h2>\t\t<\/div>\n\t\t\t\t<\/div>\n\t\t<div class=\"elementor-element elementor-element-499103d e-con-full e-flex e-con e-child\" data-id=\"499103d\" data-element_type=\"container\" data-settings=\"{&quot;_ha_eqh_enable&quot;:false}\">\n\t\t\t\t<div class=\"elementor-element elementor-element-44d1255 elementor-widget__width-initial elementor-widget-mobile__width-initial elementor-widget elementor-widget-image\" data-id=\"44d1255\" data-element_type=\"widget\" data-widget_type=\"image.default\">\n\t\t\t\t<div class=\"elementor-widget-container\">\n\t\t\t\t\t\t\t\t\t\t\t\t\t<img decoding=\"async\" width=\"1349\" height=\"1687\" src=\"https:\/\/servidorlumen.com.br\/barbeariadovaldir\/wp-content\/uploads\/2024\/11\/espaco3.jpg\" class=\"attachment-full size-full wp-image-109\" alt=\"\" srcset=\"https:\/\/servidorlumen.com.br\/barbeariadovaldir\/wp-content\/uploads\/2024\/11\/espaco3.jpg 1349w, https:\/\/servidorlumen.com.br\/barbeariadovaldir\/wp-content\/uploads\/2024\/11\/espaco3-240x300.jpg 240w, https:\/\/servidorlumen.com.br\/barbeariadovaldir\/wp-content\/uploads\/2024\/11\/espaco3-819x1024.jpg 819w, https:\/\/servidorlumen.com.br\/barbeariadovaldir\/wp-content\/uploads\/2024\/11\/espaco3-768x960.jpg 768w, https:\/\/servidorlumen.com.br\/barbeariadovaldir\/wp-content\/uploads\/2024\/11\/espaco3-1228x1536.jpg 1228w\" sizes=\"(max-width: 1349px) 100vw, 1349px\" \/>\t\t\t\t\t\t\t\t\t\t\t\t\t<\/div>\n\t\t\t\t<\/div>\n\t\t\t\t<div class=\"elementor-element elementor-element-b1df4ea elementor-widget__width-initial elementor-widget elementor-widget-image\" data-id=\"b1df4ea\" data-element_type=\"widget\" data-widget_type=\"image.default\">\n\t\t\t\t<div class=\"elementor-widget-container\">\n\t\t\t\t\t\t\t\t\t\t\t\t\t<img decoding=\"async\" width=\"1440\" height=\"1800\" src=\"https:\/\/servidorlumen.com.br\/barbeariadovaldir\/wp-content\/uploads\/2024\/11\/locaa.jpg\" class=\"attachment-full size-full wp-image-114\" alt=\"\" srcset=\"https:\/\/servidorlumen.com.br\/barbeariadovaldir\/wp-content\/uploads\/2024\/11\/locaa.jpg 1440w, https:\/\/servidorlumen.com.br\/barbeariadovaldir\/wp-content\/uploads\/2024\/11\/locaa-240x300.jpg 240w, https:\/\/servidorlumen.com.br\/barbeariadovaldir\/wp-content\/uploads\/2024\/11\/locaa-819x1024.jpg 819w, https:\/\/servidorlumen.com.br\/barbeariadovaldir\/wp-content\/uploads\/2024\/11\/locaa-768x960.jpg 768w, https:\/\/servidorlumen.com.br\/barbeariadovaldir\/wp-content\/uploads\/2024\/11\/locaa-1229x1536.jpg 1229w\" sizes=\"(max-width: 1440px) 100vw, 1440px\" \/>\t\t\t\t\t\t\t\t\t\t\t\t\t<\/div>\n\t\t\t\t<\/div>\n\t\t\t\t<div class=\"elementor-element elementor-element-4f4ccb1 elementor-widget__width-initial elementor-widget-mobile__width-initial elementor-widget elementor-widget-image\" data-id=\"4f4ccb1\" data-element_type=\"widget\" data-widget_type=\"image.default\">\n\t\t\t\t<div class=\"elementor-widget-container\">\n\t\t\t\t\t\t\t\t\t\t\t\t\t<img loading=\"lazy\" decoding=\"async\" width=\"1440\" height=\"1800\" src=\"https:\/\/servidorlumen.com.br\/barbeariadovaldir\/wp-content\/uploads\/2024\/11\/espaco2.jpg\" class=\"attachment-full size-full wp-image-108\" alt=\"\" srcset=\"https:\/\/servidorlumen.com.br\/barbeariadovaldir\/wp-content\/uploads\/2024\/11\/espaco2.jpg 1440w, https:\/\/servidorlumen.com.br\/barbeariadovaldir\/wp-content\/uploads\/2024\/11\/espaco2-240x300.jpg 240w, https:\/\/servidorlumen.com.br\/barbeariadovaldir\/wp-content\/uploads\/2024\/11\/espaco2-819x1024.jpg 819w, https:\/\/servidorlumen.com.br\/barbeariadovaldir\/wp-content\/uploads\/2024\/11\/espaco2-768x960.jpg 768w, https:\/\/servidorlumen.com.br\/barbeariadovaldir\/wp-content\/uploads\/2024\/11\/espaco2-1229x1536.jpg 1229w\" sizes=\"(max-width: 1440px) 100vw, 1440px\" \/>\t\t\t\t\t\t\t\t\t\t\t\t\t<\/div>\n\t\t\t\t<\/div>\n\t\t\t\t<div class=\"elementor-element elementor-element-93d76da elementor-widget__width-initial elementor-widget elementor-widget-image\" data-id=\"93d76da\" data-element_type=\"widget\" data-widget_type=\"image.default\">\n\t\t\t\t<div class=\"elementor-widget-container\">\n\t\t\t\t\t\t\t\t\t\t\t\t\t<img loading=\"lazy\" decoding=\"async\" width=\"1440\" height=\"753\" src=\"https:\/\/servidorlumen.com.br\/barbeariadovaldir\/wp-content\/uploads\/2024\/11\/espaco.jpg\" class=\"attachment-full size-full wp-image-107\" alt=\"\" srcset=\"https:\/\/servidorlumen.com.br\/barbeariadovaldir\/wp-content\/uploads\/2024\/11\/espaco.jpg 1440w, https:\/\/servidorlumen.com.br\/barbeariadovaldir\/wp-content\/uploads\/2024\/11\/espaco-300x157.jpg 300w, https:\/\/servidorlumen.com.br\/barbeariadovaldir\/wp-content\/uploads\/2024\/11\/espaco-1024x535.jpg 1024w, https:\/\/servidorlumen.com.br\/barbeariadovaldir\/wp-content\/uploads\/2024\/11\/espaco-768x402.jpg 768w\" sizes=\"(max-width: 1440px) 100vw, 1440px\" \/>\t\t\t\t\t\t\t\t\t\t\t\t\t<\/div>\n\t\t\t\t<\/div>\n\t\t\t\t<div class=\"elementor-element elementor-element-41f9bbe elementor-widget__width-initial elementor-widget elementor-widget-image\" data-id=\"41f9bbe\" data-element_type=\"widget\" data-widget_type=\"image.default\">\n\t\t\t\t<div class=\"elementor-widget-container\">\n\t\t\t\t\t\t\t\t\t\t\t\t\t<img loading=\"lazy\" decoding=\"async\" width=\"640\" height=\"427\" src=\"https:\/\/servidorlumen.com.br\/barbeariadovaldir\/wp-content\/uploads\/2024\/11\/local.jpg\" class=\"attachment-full size-full wp-image-115\" alt=\"\" srcset=\"https:\/\/servidorlumen.com.br\/barbeariadovaldir\/wp-content\/uploads\/2024\/11\/local.jpg 640w, https:\/\/servidorlumen.com.br\/barbeariadovaldir\/wp-content\/uploads\/2024\/11\/local-300x200.jpg 300w\" sizes=\"(max-width: 640px) 100vw, 640px\" \/>\t\t\t\t\t\t\t\t\t\t\t\t\t<\/div>\n\t\t\t\t<\/div>\n\t\t\t\t<\/div>\n\t\t\t\t\t<\/div>\n\t\t\t\t<\/div>\n\t\t<div class=\"elementor-element elementor-element-16eef65 e-flex e-con-boxed e-con e-parent\" data-id=\"16eef65\" data-element_type=\"container\" data-settings=\"{&quot;background_background&quot;:&quot;classic&quot;,&quot;_ha_eqh_enable&quot;:false}\">\n\t\t\t\t\t<div class=\"e-con-inner\">\n\t\t\t\t<div class=\"elementor-element elementor-element-175f157 elementor-icon-list--layout-traditional elementor-list-item-link-full_width elementor-widget elementor-widget-icon-list\" data-id=\"175f157\" data-element_type=\"widget\" data-widget_type=\"icon-list.default\">\n\t\t\t\t<div class=\"elementor-widget-container\">\n\t\t\t\t\t<ul class=\"elementor-icon-list-items\">\n\t\t\t\t\t\t\t<li class=\"elementor-icon-list-item\">\n\t\t\t\t\t\t\t\t\t\t\t<a href=\"https:\/\/www.instagram.com\/barbeariadovaldir_\/\">\n\n\t\t\t\t\t\t\t\t\t\t\t\t<span class=\"elementor-icon-list-icon\">\n\t\t\t\t\t\t\t<svg aria-hidden=\"true\" class=\"e-font-icon-svg e-fab-instagram\" viewBox=\"0 0 448 512\" xmlns=\"http:\/\/www.w3.org\/2000\/svg\"><path d=\"M224.1 141c-63.6 0-114.9 51.3-114.9 114.9s51.3 114.9 114.9 114.9S339 319.5 339 255.9 287.7 141 224.1 141zm0 189.6c-41.1 0-74.7-33.5-74.7-74.7s33.5-74.7 74.7-74.7 74.7 33.5 74.7 74.7-33.6 74.7-74.7 74.7zm146.4-194.3c0 14.9-12 26.8-26.8 26.8-14.9 0-26.8-12-26.8-26.8s12-26.8 26.8-26.8 26.8 12 26.8 26.8zm76.1 27.2c-1.7-35.9-9.9-67.7-36.2-93.9-26.2-26.2-58-34.4-93.9-36.2-37-2.1-147.9-2.1-184.9 0-35.8 1.7-67.6 9.9-93.9 36.1s-34.4 58-36.2 93.9c-2.1 37-2.1 147.9 0 184.9 1.7 35.9 9.9 67.7 36.2 93.9s58 34.4 93.9 36.2c37 2.1 147.9 2.1 184.9 0 35.9-1.7 67.7-9.9 93.9-36.2 26.2-26.2 34.4-58 36.2-93.9 2.1-37 2.1-147.8 0-184.8zM398.8 388c-7.8 19.6-22.9 34.7-42.6 42.6-29.5 11.7-99.5 9-132.1 9s-102.7 2.6-132.1-9c-19.6-7.8-34.7-22.9-42.6-42.6-11.7-29.5-9-99.5-9-132.1s-2.6-102.7 9-132.1c7.8-19.6 22.9-34.7 42.6-42.6 29.5-11.7 99.5-9 132.1-9s102.7-2.6 132.1 9c19.6 7.8 34.7 22.9 42.6 42.6 11.7 29.5 9 99.5 9 132.1s2.7 102.7-9 132.1z\"><\/path><\/svg>\t\t\t\t\t\t<\/span>\n\t\t\t\t\t\t\t\t\t\t<span class=\"elementor-icon-list-text\">Confira nosso Instagram\u200b<\/span>\n\t\t\t\t\t\t\t\t\t\t\t<\/a>\n\t\t\t\t\t\t\t\t\t<\/li>\n\t\t\t\t\t\t<\/ul>\n\t\t\t\t<\/div>\n\t\t\t\t<\/div>\n\t\t\t\t\t<\/div>\n\t\t\t\t<\/div>\n\t\t<div class=\"elementor-element elementor-element-f458479 e-flex e-con-boxed e-con e-parent\" data-id=\"f458479\" data-element_type=\"container\" data-settings=\"{&quot;background_background&quot;:&quot;classic&quot;,&quot;_ha_eqh_enable&quot;:false}\">\n\t\t\t\t\t<div class=\"e-con-inner\">\n\t\t<div class=\"elementor-element elementor-element-7e230ce e-con-full e-flex e-con e-child\" data-id=\"7e230ce\" data-element_type=\"container\" data-settings=\"{&quot;background_background&quot;:&quot;classic&quot;,&quot;_ha_eqh_enable&quot;:false}\">\n\t\t\t\t<div class=\"elementor-element elementor-element-34dcfa3 elementor-widget__width-initial elementor-widget elementor-widget-image\" data-id=\"34dcfa3\" data-element_type=\"widget\" data-widget_type=\"image.default\">\n\t\t\t\t<div class=\"elementor-widget-container\">\n\t\t\t\t\t\t\t\t\t\t\t\t\t\t<a href=\"https:\/\/www.instagram.com\/barbeariadovaldir_\/\">\n\t\t\t\t\t\t\t<img loading=\"lazy\" decoding=\"async\" width=\"913\" height=\"913\" src=\"https:\/\/servidorlumen.com.br\/barbeariadovaldir\/wp-content\/uploads\/2024\/11\/lgoo2.jpg\" class=\"attachment-full size-full wp-image-113\" alt=\"\" srcset=\"https:\/\/servidorlumen.com.br\/barbeariadovaldir\/wp-content\/uploads\/2024\/11\/lgoo2.jpg 913w, https:\/\/servidorlumen.com.br\/barbeariadovaldir\/wp-content\/uploads\/2024\/11\/lgoo2-300x300.jpg 300w, https:\/\/servidorlumen.com.br\/barbeariadovaldir\/wp-content\/uploads\/2024\/11\/lgoo2-150x150.jpg 150w, https:\/\/servidorlumen.com.br\/barbeariadovaldir\/wp-content\/uploads\/2024\/11\/lgoo2-768x768.jpg 768w\" sizes=\"(max-width: 913px) 100vw, 913px\" \/>\t\t\t\t\t\t\t\t<\/a>\n\t\t\t\t\t\t\t\t\t\t\t\t\t<\/div>\n\t\t\t\t<\/div>\n\t\t\t\t<div class=\"elementor-element elementor-element-1137a8b elementor-widget__width-initial elementor-icon-list--layout-traditional elementor-list-item-link-full_width elementor-widget elementor-widget-icon-list\" data-id=\"1137a8b\" data-element_type=\"widget\" data-widget_type=\"icon-list.default\">\n\t\t\t\t<div class=\"elementor-widget-container\">\n\t\t\t\t\t<ul class=\"elementor-icon-list-items\">\n\t\t\t\t\t\t\t<li class=\"elementor-icon-list-item\">\n\t\t\t\t\t\t\t\t\t\t\t<a href=\"https:\/\/www.instagram.com\/barbeariadovaldir_\/\">\n\n\t\t\t\t\t\t\t\t\t\t\t<span class=\"elementor-icon-list-text\">barbeariadovaldir_<\/span>\n\t\t\t\t\t\t\t\t\t\t\t<\/a>\n\t\t\t\t\t\t\t\t\t<\/li>\n\t\t\t\t\t\t<\/ul>\n\t\t\t\t<\/div>\n\t\t\t\t<\/div>\n\t\t\t\t<div class=\"elementor-element elementor-element-a259ac5 elementor-widget__width-initial elementor-widget elementor-widget-text-editor\" data-id=\"a259ac5\" data-element_type=\"widget\" data-widget_type=\"text-editor.default\">\n\t\t\t\t<div class=\"elementor-widget-container\">\n\t\t\t\t\t\t\t<p>Barbearia do Valdir<\/p>\t\t\t\t\t\t<\/div>\n\t\t\t\t<\/div>\n\t\t\t\t<div class=\"elementor-element elementor-element-bb900f4 elementor-widget__width-initial elementor-widget elementor-widget-text-editor\" data-id=\"bb900f4\" data-element_type=\"widget\" data-widget_type=\"text-editor.default\">\n\t\t\t\t<div class=\"elementor-widget-container\">\n\t\t\t\t\t\t\t<p>Empreendedor(a)<\/p>\t\t\t\t\t\t<\/div>\n\t\t\t\t<\/div>\n\t\t\t\t<div class=\"elementor-element elementor-element-9d3fd9e elementor-widget__width-initial elementor-widget-tablet__width-initial elementor-widget elementor-widget-text-editor\" data-id=\"9d3fd9e\" data-element_type=\"widget\" data-widget_type=\"text-editor.default\">\n\t\t\t\t<div class=\"elementor-widget-container\">\n\t\t\t\t\t\t\t<p>Desde 1997 deixando voc\u00ea se acabando de bonito!\ud83d\udc88<\/p><p>\ud83d\udccdGraciliano Ramos\u2028<\/p><p>\ud83d\udccdPosto Prataggy &#8211;<\/p>\t\t\t\t\t\t<\/div>\n\t\t\t\t<\/div>\n\t\t\t\t<\/div>\n\t\t\t\t\t<\/div>\n\t\t\t\t<\/div>\n\t\t\t\t<\/div>\n\t\t","protected":false},"excerpt":{"rendered":"<p>Quem somos H\u00e1 28 anos cuidando do seu estilo em Macei\u00f3! Com quase tr\u00eas d\u00e9cadas de experi\u00eancia, nossa barbearia \u00e9 um verdadeiro ponto de refer\u00eancia para quem busca mais do que um simples corte de cabelo: aqui, cada visita \u00e9 uma experi\u00eancia \u00fanica de cuidado, estilo e tradi\u00e7\u00e3o. Localizada em Macei\u00f3, nossa miss\u00e3o \u00e9 oferecer [&hellip;]<\/p>\n","protected":false},"author":1,"featured_media":0,"parent":0,"menu_order":0,"comment_status":"closed","ping_status":"closed","template":"elementor_header_footer","meta":{"footnotes":""},"class_list":["post-236","page","type-page","status-publish","hentry"],"_links":{"self":[{"href":"https:\/\/servidorlumen.com.br\/barbeariadovaldir\/wp-json\/wp\/v2\/pages\/236","targetHints":{"allow":["GET"]}}],"collection":[{"href":"https:\/\/servidorlumen.com.br\/barbeariadovaldir\/wp-json\/wp\/v2\/pages"}],"about":[{"href":"https:\/\/servidorlumen.com.br\/barbeariadovaldir\/wp-json\/wp\/v2\/types\/page"}],"author":[{"embeddable":true,"href":"https:\/\/servidorlumen.com.br\/barbeariadovaldir\/wp-json\/wp\/v2\/users\/1"}],"replies":[{"embeddable":true,"href":"https:\/\/servidorlumen.com.br\/barbeariadovaldir\/wp-json\/wp\/v2\/comments?post=236"}],"version-history":[{"count":3,"href":"https:\/\/servidorlumen.com.br\/barbeariadovaldir\/wp-json\/wp\/v2\/pages\/236\/revisions"}],"predecessor-version":[{"id":240,"href":"https:\/\/servidorlumen.com.br\/barbeariadovaldir\/wp-json\/wp\/v2\/pages\/236\/revisions\/240"}],"wp:attachment":[{"href":"https:\/\/servidorlumen.com.br\/barbeariadovaldir\/wp-json\/wp\/v2\/media?parent=236"}],"curies":[{"name":"wp","href":"https:\/\/api.w.org\/{rel}","templated":true}]}}