{"id":92,"date":"2019-10-13T09:07:22","date_gmt":"2019-10-13T12:07:22","guid":{"rendered":"https:\/\/servidorlumen.com.br\/andrade-diesel-ltda\/contact\/"},"modified":"2024-10-24T17:20:46","modified_gmt":"2024-10-24T20:20:46","slug":"contact","status":"publish","type":"page","link":"https:\/\/servidorlumen.com.br\/andrade-diesel-ltda\/contact\/","title":{"rendered":"Contato"},"content":{"rendered":"\t\t<div data-elementor-type=\"wp-page\" data-elementor-id=\"92\" class=\"elementor elementor-92\">\n\t\t\t\t\t\t<section class=\"elementor-section elementor-top-section elementor-element elementor-element-3bc2661 elementor-section-boxed elementor-section-height-default elementor-section-height-default\" data-id=\"3bc2661\" data-element_type=\"section\">\n\t\t\t\t\t\t<div class=\"elementor-container elementor-column-gap-no\">\n\t\t\t\t\t<div class=\"aux-parallax-section elementor-column elementor-col-50 elementor-top-column elementor-element elementor-element-6f66ef4\" data-id=\"6f66ef4\" data-element_type=\"column\">\n\t\t\t<div class=\"elementor-widget-wrap elementor-element-populated\">\n\t\t\t\t\t\t<div class=\"elementor-element elementor-element-519a4be aux-appear-watch-animation aux-fade-in-up-1 elementor-widget elementor-widget-aux_modern_heading\" data-id=\"519a4be\" data-element_type=\"widget\" data-widget_type=\"aux_modern_heading.default\">\n\t\t\t\t<div class=\"elementor-widget-container\">\n\t\t\t<section class=\"aux-widget-modern-heading\">\n            <div class=\"aux-widget-inner\"><h5 class=\"aux-modern-heading-primary\">Contato<\/h5><h3 class=\"aux-modern-heading-secondary\"><span class=\"aux-head-before\">Envie-nos uma mensagem<\/span><\/h3><div class=\"aux-modern-heading-description\"><p>Precisa de manuten\u00e7\u00e3o reparo ou socorro para seu ve\u00edculo? Nossa equipe est\u00e1 pronta para ajudar! Entre em contato agora mesmo e agende seu servi\u00e7o. Estamos dispon\u00edveis 24 horas para garantir que voc\u00ea nunca fique parado.<\/p><p>\ud83d\udcde Ligue para n\u00f3s: (82) 3521-2783<\/p><p>\ud83d\udce7 Envie um e-mail: atendimento@andradediesel.com.br<\/p><p>\ud83d\udccc Visite nossa oficina: AL-110 - Rod. Dr. Geraldo Cavalcante Cajueiro, 4477 - Batinga , Arapiraca<\/p><p>Conte com a Andrade Diesel LTDA para manter seu ve\u00edculo em movimento!<\/p><\/div><\/div>\n        <\/section>\t\t<\/div>\n\t\t\t\t<\/div>\n\t\t\t\t\t<\/div>\n\t\t<\/div>\n\t\t\t\t<div class=\"aux-parallax-section elementor-column elementor-col-50 elementor-top-column elementor-element elementor-element-599c58b aux-appear-watch-animation aux-fade-in-left-1\" data-id=\"599c58b\" data-element_type=\"column\" data-settings=\"{&quot;background_background&quot;:&quot;gradient&quot;}\">\n\t\t\t<div class=\"elementor-widget-wrap elementor-element-populated\">\n\t\t\t\t\t\t<div class=\"elementor-element elementor-element-67c0b40 aux-appear-watch-animation aux-fade-in-up-1 elementor-widget elementor-widget-aux_modern_heading\" data-id=\"67c0b40\" data-element_type=\"widget\" data-widget_type=\"aux_modern_heading.default\">\n\t\t\t\t<div class=\"elementor-widget-container\">\n\t\t\t<section class=\"aux-widget-modern-heading\">\n            <div class=\"aux-widget-inner\"><h2 class=\"aux-modern-heading-primary\">Contato<\/h2><\/div>\n        <\/section>\t\t<\/div>\n\t\t\t\t<\/div>\n\t\t\t\t<div class=\"elementor-element elementor-element-68ff004 elementor-widget elementor-widget-aux_divider\" data-id=\"68ff004\" data-element_type=\"widget\" data-widget_type=\"aux_divider.default\">\n\t\t\t\t<div class=\"elementor-widget-container\">\n\t\t\t<hr class=\"aux-divider-center aux-divider-align-center\" >\t\t<\/div>\n\t\t\t\t<\/div>\n\t\t\t\t<section class=\"elementor-section elementor-inner-section elementor-element elementor-element-1100b89 aux-appear-watch-animation aux-fade-in-down-1 elementor-section-boxed elementor-section-height-default elementor-section-height-default\" data-id=\"1100b89\" data-element_type=\"section\">\n\t\t\t\t\t\t<div class=\"elementor-container elementor-column-gap-default\">\n\t\t\t\t\t<div class=\"aux-parallax-section elementor-column elementor-col-50 elementor-inner-column elementor-element elementor-element-745bbdb\" data-id=\"745bbdb\" data-element_type=\"column\">\n\t\t\t<div class=\"elementor-widget-wrap elementor-element-populated\">\n\t\t\t\t\t\t<div class=\"elementor-element elementor-element-d472f64 elementor-widget__width-auto elementor-widget elementor-widget-aux_image\" data-id=\"d472f64\" data-element_type=\"widget\" data-widget_type=\"aux_image.default\">\n\t\t\t\t<div class=\"elementor-widget-container\">\n\t\t\t<section class=\"widget-container aux-widget-image aux-alignnone aux-parent-auf565edfe\">\n    <div class=\"aux-media-hint-frame \">\n        <div class=\"aux-media-image \" >\n        \n            \n\n            \n            <img decoding=\"async\" width=\"33\" height=\"49\" src=\"https:\/\/servidorlumen.com.br\/andrade-diesel-ltda\/wp-content\/uploads\/2021\/06\/placeholder-1.svg\" class=\"aux-attachment aux-featured-image aux-attachment-id-27\" alt=\"demo-attachment-1661-placeholder\" data-ratio=\"0.67\" data-original-w=\"33\" \/>            \n                <\/div>\n    <\/div>\n\n<\/section><!-- widget-container -->\t\t<\/div>\n\t\t\t\t<\/div>\n\t\t\t\t\t<\/div>\n\t\t<\/div>\n\t\t\t\t<div class=\"aux-parallax-section elementor-column elementor-col-50 elementor-inner-column elementor-element elementor-element-83980dc\" data-id=\"83980dc\" data-element_type=\"column\">\n\t\t\t<div class=\"elementor-widget-wrap elementor-element-populated\">\n\t\t\t\t\t\t<div class=\"elementor-element elementor-element-93cb28c elementor-widget elementor-widget-aux_modern_heading\" data-id=\"93cb28c\" data-element_type=\"widget\" data-widget_type=\"aux_modern_heading.default\">\n\t\t\t\t<div class=\"elementor-widget-container\">\n\t\t\t<section class=\"aux-widget-modern-heading\">\n            <div class=\"aux-widget-inner\"><h2 class=\"aux-modern-heading-primary\">Localiza\u00e7\u00e3o<\/h2><div class=\"aux-modern-heading-description\"><p>AL-110-Rod. Dr. Geraldo Cavalcante Cajueiro, 4477 - Batinga , Arapiraca<\/p><\/div><\/div>\n        <\/section>\t\t<\/div>\n\t\t\t\t<\/div>\n\t\t\t\t\t<\/div>\n\t\t<\/div>\n\t\t\t\t\t<\/div>\n\t\t<\/section>\n\t\t\t\t<section class=\"elementor-section elementor-inner-section elementor-element elementor-element-efc6dfe aux-appear-watch-animation aux-scale-up-1 elementor-section-boxed elementor-section-height-default elementor-section-height-default\" data-id=\"efc6dfe\" data-element_type=\"section\">\n\t\t\t\t\t\t<div class=\"elementor-container elementor-column-gap-default\">\n\t\t\t\t\t<div class=\"aux-parallax-section elementor-column elementor-col-50 elementor-inner-column elementor-element elementor-element-8b162c2\" data-id=\"8b162c2\" data-element_type=\"column\">\n\t\t\t<div class=\"elementor-widget-wrap elementor-element-populated\">\n\t\t\t\t\t\t<div class=\"elementor-element elementor-element-1df544f elementor-widget__width-auto elementor-widget elementor-widget-aux_image\" data-id=\"1df544f\" data-element_type=\"widget\" data-widget_type=\"aux_image.default\">\n\t\t\t\t<div class=\"elementor-widget-container\">\n\t\t\t<section class=\"widget-container aux-widget-image aux-alignnone aux-parent-aubc51d76d\">\n    <div class=\"aux-media-hint-frame \">\n        <div class=\"aux-media-image \" >\n        \n            \n\n            \n            <img decoding=\"async\" width=\"49\" height=\"29\" src=\"https:\/\/servidorlumen.com.br\/andrade-diesel-ltda\/wp-content\/uploads\/2021\/06\/send-1.svg\" class=\"aux-attachment aux-featured-image aux-attachment-id-25\" alt=\"demo-attachment-1663-send\" data-ratio=\"1.69\" data-original-w=\"49\" \/>            \n                <\/div>\n    <\/div>\n\n<\/section><!-- widget-container -->\t\t<\/div>\n\t\t\t\t<\/div>\n\t\t\t\t\t<\/div>\n\t\t<\/div>\n\t\t\t\t<div class=\"aux-parallax-section elementor-column elementor-col-50 elementor-inner-column elementor-element elementor-element-2d6a217\" data-id=\"2d6a217\" data-element_type=\"column\">\n\t\t\t<div class=\"elementor-widget-wrap elementor-element-populated\">\n\t\t\t\t\t\t<div class=\"elementor-element elementor-element-25dbce2 elementor-widget elementor-widget-aux_modern_heading\" data-id=\"25dbce2\" data-element_type=\"widget\" data-widget_type=\"aux_modern_heading.default\">\n\t\t\t\t<div class=\"elementor-widget-container\">\n\t\t\t<section class=\"aux-widget-modern-heading\">\n            <div class=\"aux-widget-inner\"><h2 class=\"aux-modern-heading-primary\">Email<\/h2><div class=\"aux-modern-heading-description\"><p>andradedieseloficina@gmail.com<\/p><\/div><\/div>\n        <\/section>\t\t<\/div>\n\t\t\t\t<\/div>\n\t\t\t\t\t<\/div>\n\t\t<\/div>\n\t\t\t\t\t<\/div>\n\t\t<\/section>\n\t\t\t\t<section class=\"elementor-section elementor-inner-section elementor-element elementor-element-ad2b7bf aux-appear-watch-animation aux-fade-in-up-1 elementor-section-boxed elementor-section-height-default elementor-section-height-default\" data-id=\"ad2b7bf\" data-element_type=\"section\">\n\t\t\t\t\t\t<div class=\"elementor-container elementor-column-gap-default\">\n\t\t\t\t\t<div class=\"aux-parallax-section elementor-column elementor-col-50 elementor-inner-column elementor-element elementor-element-c80c102\" data-id=\"c80c102\" data-element_type=\"column\">\n\t\t\t<div class=\"elementor-widget-wrap elementor-element-populated\">\n\t\t\t\t\t\t<div class=\"elementor-element elementor-element-bde21fb elementor-widget__width-auto elementor-widget elementor-widget-aux_image\" data-id=\"bde21fb\" data-element_type=\"widget\" data-widget_type=\"aux_image.default\">\n\t\t\t\t<div class=\"elementor-widget-container\">\n\t\t\t<section class=\"widget-container aux-widget-image aux-alignnone aux-parent-auaf9f1188\">\n    <div class=\"aux-media-hint-frame \">\n        <div class=\"aux-media-image \" >\n        \n            \n\n            \n            <img decoding=\"async\" width=\"27\" height=\"49\" src=\"https:\/\/servidorlumen.com.br\/andrade-diesel-ltda\/wp-content\/uploads\/2021\/06\/iphone-1.svg\" class=\"aux-attachment aux-featured-image aux-attachment-id-26\" alt=\"demo-attachment-1662-iphone\" data-ratio=\"0.55\" data-original-w=\"27\" \/>            \n                <\/div>\n    <\/div>\n\n<\/section><!-- widget-container -->\t\t<\/div>\n\t\t\t\t<\/div>\n\t\t\t\t\t<\/div>\n\t\t<\/div>\n\t\t\t\t<div class=\"aux-parallax-section elementor-column elementor-col-50 elementor-inner-column elementor-element elementor-element-f432850\" data-id=\"f432850\" data-element_type=\"column\">\n\t\t\t<div class=\"elementor-widget-wrap elementor-element-populated\">\n\t\t\t\t\t\t<div class=\"elementor-element elementor-element-8314c19 elementor-widget elementor-widget-aux_modern_heading\" data-id=\"8314c19\" data-element_type=\"widget\" data-widget_type=\"aux_modern_heading.default\">\n\t\t\t\t<div class=\"elementor-widget-container\">\n\t\t\t<section class=\"aux-widget-modern-heading\">\n            <div class=\"aux-widget-inner\"><h2 class=\"aux-modern-heading-primary\">Telefone<\/h2><div class=\"aux-modern-heading-description\"><p>(82) 99931-8514<\/p><\/div><\/div>\n        <\/section>\t\t<\/div>\n\t\t\t\t<\/div>\n\t\t\t\t\t<\/div>\n\t\t<\/div>\n\t\t\t\t\t<\/div>\n\t\t<\/section>\n\t\t\t\t\t<\/div>\n\t\t<\/div>\n\t\t\t\t\t<\/div>\n\t\t<\/section>\n\t\t\t\t<section class=\"elementor-section elementor-top-section elementor-element elementor-element-96010b4 elementor-section-boxed elementor-section-height-default elementor-section-height-default\" data-id=\"96010b4\" data-element_type=\"section\">\n\t\t\t\t\t\t<div class=\"elementor-container elementor-column-gap-no\">\n\t\t\t\t\t<div class=\"aux-parallax-section elementor-column elementor-col-100 elementor-top-column elementor-element elementor-element-e80f93b\" data-id=\"e80f93b\" data-element_type=\"column\">\n\t\t\t<div class=\"elementor-widget-wrap elementor-element-populated\">\n\t\t\t\t\t\t<div class=\"elementor-element elementor-element-5cf8fe4 aux-appear-watch-animation aux-mask-from-top elementor-widget elementor-widget-aux_gmap\" data-id=\"5cf8fe4\" data-element_type=\"widget\" data-widget_type=\"aux_gmap.default\">\n\t\t\t\t<div class=\"elementor-widget-container\">\n\t\t\t            <div class=\"elementor-alert elementor-alert-danger\" role=\"alert\">\n                <span class=\"elementor-alert-title\">\n                    Google Maps API Key Is Missing.                <\/span>\n                <span class=\"elementor-alert-description\">\n                    In order to use google maps on your website, you have to create an api key and insert it in customizer &quot;Google Maps API Key&quot; field.                <\/span>\n            <\/div>\n        \t\t<\/div>\n\t\t\t\t<\/div>\n\t\t\t\t\t<\/div>\n\t\t<\/div>\n\t\t\t\t\t<\/div>\n\t\t<\/section>\n\t\t\t\t<\/div>\n\t\t","protected":false},"excerpt":{"rendered":"<p>Contato Envie-nos uma mensagem Precisa de manuten\u00e7\u00e3o reparo ou socorro para seu ve\u00edculo? Nossa equipe est\u00e1 pronta para ajudar! Entre em contato agora mesmo e agende seu servi\u00e7o. Estamos dispon\u00edveis 24 horas para garantir que voc\u00ea nunca fique parado. \ud83d\udcde Ligue para n\u00f3s: (82) 3521-2783 \ud83d\udce7 Envie um e-mail: atendimento@andradediesel.com.br \ud83d\udccc Visite nossa oficina: AL-110 [&hellip;]<\/p>\n","protected":false},"author":1,"featured_media":0,"parent":0,"menu_order":0,"comment_status":"closed","ping_status":"closed","template":"templates\/page-builder-content.php","meta":{"footnotes":""},"class_list":["post-92","page","type-page","status-publish","hentry"],"_links":{"self":[{"href":"https:\/\/servidorlumen.com.br\/andrade-diesel-ltda\/wp-json\/wp\/v2\/pages\/92","targetHints":{"allow":["GET"]}}],"collection":[{"href":"https:\/\/servidorlumen.com.br\/andrade-diesel-ltda\/wp-json\/wp\/v2\/pages"}],"about":[{"href":"https:\/\/servidorlumen.com.br\/andrade-diesel-ltda\/wp-json\/wp\/v2\/types\/page"}],"author":[{"embeddable":true,"href":"https:\/\/servidorlumen.com.br\/andrade-diesel-ltda\/wp-json\/wp\/v2\/users\/1"}],"replies":[{"embeddable":true,"href":"https:\/\/servidorlumen.com.br\/andrade-diesel-ltda\/wp-json\/wp\/v2\/comments?post=92"}],"version-history":[{"count":52,"href":"https:\/\/servidorlumen.com.br\/andrade-diesel-ltda\/wp-json\/wp\/v2\/pages\/92\/revisions"}],"predecessor-version":[{"id":552,"href":"https:\/\/servidorlumen.com.br\/andrade-diesel-ltda\/wp-json\/wp\/v2\/pages\/92\/revisions\/552"}],"wp:attachment":[{"href":"https:\/\/servidorlumen.com.br\/andrade-diesel-ltda\/wp-json\/wp\/v2\/media?parent=92"}],"curies":[{"name":"wp","href":"https:\/\/api.w.org\/{rel}","templated":true}]}}