{"id":89,"date":"2019-10-13T14:03:28","date_gmt":"2019-10-13T17:03:28","guid":{"rendered":"https:\/\/servidorlumen.com.br\/andrade-diesel-ltda\/booking\/"},"modified":"2024-10-22T00:31:17","modified_gmt":"2024-10-22T03:31:17","slug":"booking","status":"publish","type":"page","link":"https:\/\/servidorlumen.com.br\/andrade-diesel-ltda\/booking\/","title":{"rendered":"Informa\u00e7\u00f5es"},"content":{"rendered":"\t\t<div data-elementor-type=\"wp-page\" data-elementor-id=\"89\" class=\"elementor elementor-89\">\n\t\t\t\t\t\t<section class=\"elementor-section elementor-top-section elementor-element elementor-element-672d6d9 elementor-reverse-tablet elementor-reverse-mobile elementor-section-boxed elementor-section-height-default elementor-section-height-default\" data-id=\"672d6d9\" data-element_type=\"section\">\n\t\t\t\t\t\t<div class=\"elementor-container elementor-column-gap-no\">\n\t\t\t\t\t<div class=\"aux-parallax-section elementor-column elementor-col-50 elementor-top-column elementor-element elementor-element-ff34eab\" data-id=\"ff34eab\" data-element_type=\"column\">\n\t\t\t<div class=\"elementor-widget-wrap elementor-element-populated\">\n\t\t\t\t\t\t<div class=\"elementor-element elementor-element-185f3a7 aux-appear-watch-animation aux-fade-in-up-1 elementor-widget elementor-widget-aux_modern_heading\" data-id=\"185f3a7\" data-element_type=\"widget\" data-widget_type=\"aux_modern_heading.default\">\n\t\t\t\t<div class=\"elementor-widget-container\">\n\t\t\t<section class=\"aux-widget-modern-heading\">\n            <div class=\"aux-widget-inner\"><h5 class=\"aux-modern-heading-primary\">Informa\u00e7\u00f5es<\/h5><h3 class=\"aux-modern-heading-secondary\"><span class=\"aux-head-before\">Pot\u00eancia e Confian\u00e7a para Manter seu Caminho em Movimento<\/span><\/h3><div class=\"aux-modern-heading-description\"><p>Na Andrade Diesel LTDA cuidamos do seu ve\u00edculo como se fosse nosso. Oferecemos servi\u00e7os especializados para camionetas e ve\u00edculos pesados, com a garantia de qualidade, efici\u00eancia e um atendimento dedicado. Seja para manuten\u00e7\u00e3o preventiva, corretiva ou socorros 24H, estamos sempre prontos para manter voc\u00ea na estrada com seguran\u00e7a e desempenho m\u00e1ximo.<\/p><\/div><\/div>\n        <\/section>\t\t<\/div>\n\t\t\t\t<\/div>\n\t\t\t\t<div class=\"elementor-element elementor-element-67900b5 elementor-widget elementor-widget-button\" data-id=\"67900b5\" data-element_type=\"widget\" data-widget_type=\"button.default\">\n\t\t\t\t<div class=\"elementor-widget-container\">\n\t\t\t\t\t<div class=\"elementor-button-wrapper\">\n\t\t\t<a class=\"elementor-button elementor-button-link elementor-size-sm\" href=\"http:\/\/wa.link\/6f7zc5\" target=\"_blank\">\n\t\t\t\t\t\t<span class=\"elementor-button-content-wrapper\">\n\t\t\t\t\t\t\t\t\t<span class=\"elementor-button-text\">Entre em contato<\/span>\n\t\t\t\t\t<\/span>\n\t\t\t\t\t<\/a>\n\t\t<\/div>\n\t\t\t\t<\/div>\n\t\t\t\t<\/div>\n\t\t\t\t\t<\/div>\n\t\t<\/div>\n\t\t\t\t<div class=\"aux-parallax-section elementor-column elementor-col-50 elementor-top-column elementor-element elementor-element-57d364b\" data-id=\"57d364b\" data-element_type=\"column\">\n\t\t\t<div class=\"elementor-widget-wrap elementor-element-populated\">\n\t\t\t\t\t\t<div class=\"elementor-element elementor-element-5216e59 aux-appear-watch-animation aux-mask-from-right elementor-widget elementor-widget-aux_image\" data-id=\"5216e59\" data-element_type=\"widget\" data-widget_type=\"aux_image.default\">\n\t\t\t\t<div class=\"elementor-widget-container\">\n\t\t\t<section class=\"widget-container aux-widget-image aux-alignnone aux-parent-au9697bf1d\">\n    <div class=\"aux-media-hint-frame \">\n        <div class=\"aux-media-image \" >\n        \n            \n\n            \n            <img fetchpriority=\"high\" decoding=\"async\" width=\"510\" height=\"510\" src=\"https:\/\/servidorlumen.com.br\/andrade-diesel-ltda\/wp-content\/uploads\/2024\/10\/masz-1.jpg\" class=\"aux-attachment aux-featured-image aux-attachment-id-450\" alt=\"masz\" data-ratio=\"1\" data-original-w=\"510\" \/>            \n                <\/div>\n    <\/div>\n\n<\/section><!-- widget-container -->\t\t<\/div>\n\t\t\t\t<\/div>\n\t\t\t\t\t<\/div>\n\t\t<\/div>\n\t\t\t\t\t<\/div>\n\t\t<\/section>\n\t\t\t\t<\/div>\n\t\t","protected":false},"excerpt":{"rendered":"<p>Informa\u00e7\u00f5es Pot\u00eancia e Confian\u00e7a para Manter seu Caminho em Movimento Na Andrade Diesel LTDA cuidamos do seu ve\u00edculo como se fosse nosso. Oferecemos servi\u00e7os especializados para camionetas e ve\u00edculos pesados, com a garantia de qualidade, efici\u00eancia e um atendimento dedicado. Seja para manuten\u00e7\u00e3o preventiva, corretiva ou socorros 24H, estamos sempre prontos para manter voc\u00ea na [&hellip;]<\/p>\n","protected":false},"author":1,"featured_media":0,"parent":0,"menu_order":0,"comment_status":"closed","ping_status":"closed","template":"templates\/page-builder-content.php","meta":{"footnotes":""},"class_list":["post-89","page","type-page","status-publish","hentry"],"_links":{"self":[{"href":"https:\/\/servidorlumen.com.br\/andrade-diesel-ltda\/wp-json\/wp\/v2\/pages\/89","targetHints":{"allow":["GET"]}}],"collection":[{"href":"https:\/\/servidorlumen.com.br\/andrade-diesel-ltda\/wp-json\/wp\/v2\/pages"}],"about":[{"href":"https:\/\/servidorlumen.com.br\/andrade-diesel-ltda\/wp-json\/wp\/v2\/types\/page"}],"author":[{"embeddable":true,"href":"https:\/\/servidorlumen.com.br\/andrade-diesel-ltda\/wp-json\/wp\/v2\/users\/1"}],"replies":[{"embeddable":true,"href":"https:\/\/servidorlumen.com.br\/andrade-diesel-ltda\/wp-json\/wp\/v2\/comments?post=89"}],"version-history":[{"count":22,"href":"https:\/\/servidorlumen.com.br\/andrade-diesel-ltda\/wp-json\/wp\/v2\/pages\/89\/revisions"}],"predecessor-version":[{"id":524,"href":"https:\/\/servidorlumen.com.br\/andrade-diesel-ltda\/wp-json\/wp\/v2\/pages\/89\/revisions\/524"}],"wp:attachment":[{"href":"https:\/\/servidorlumen.com.br\/andrade-diesel-ltda\/wp-json\/wp\/v2\/media?parent=89"}],"curies":[{"name":"wp","href":"https:\/\/api.w.org\/{rel}","templated":true}]}}