{"id":145,"date":"2024-11-28T18:54:22","date_gmt":"2024-11-28T18:54:22","guid":{"rendered":"https:\/\/servidorlumen.com.br\/alfit\/?page_id=145"},"modified":"2024-11-28T23:19:18","modified_gmt":"2024-11-28T23:19:18","slug":"localizacao-copy","status":"publish","type":"page","link":"https:\/\/servidorlumen.com.br\/alfit\/localizacao-copy\/","title":{"rendered":"Contato"},"content":{"rendered":"\t\t<div data-elementor-type=\"wp-page\" data-elementor-id=\"145\" class=\"elementor elementor-145\">\n\t\t\t\t<div class=\"elementor-element elementor-element-c1e0eae e-flex e-con-boxed e-con e-parent\" data-id=\"c1e0eae\" data-element_type=\"container\">\n\t\t\t\t\t<div class=\"e-con-inner\">\n\t\t<div class=\"elementor-element elementor-element-d840d8a e-con-full e-flex e-con e-child\" data-id=\"d840d8a\" data-element_type=\"container\">\n\t\t\t\t<div class=\"elementor-element elementor-element-2066320 elementor-widget elementor-widget-heading\" data-id=\"2066320\" data-element_type=\"widget\" data-widget_type=\"heading.default\">\n\t\t\t\t<div class=\"elementor-widget-container\">\n\t\t\t<h2 class=\"elementor-heading-title elementor-size-default\">Contato<\/h2>\t\t<\/div>\n\t\t\t\t<\/div>\n\t\t\t\t<\/div>\n\t\t<div class=\"elementor-element elementor-element-4325e63 e-con-full e-flex e-con e-child\" data-id=\"4325e63\" data-element_type=\"container\">\n\t\t<div class=\"elementor-element elementor-element-de00993 e-con-full e-flex e-con e-child\" data-id=\"de00993\" data-element_type=\"container\">\n\t\t\t\t<div class=\"elementor-element elementor-element-6c5857f elementor-invisible elementor-widget elementor-widget-text-editor\" data-id=\"6c5857f\" data-element_type=\"widget\" data-settings=\"{&quot;_animation&quot;:&quot;fadeInLeft&quot;}\" data-widget_type=\"text-editor.default\">\n\t\t\t\t<div class=\"elementor-widget-container\">\n\t\t\t\t\t\t\t<p>Telefone (Whatsapp)<\/p>\t\t\t\t\t\t<\/div>\n\t\t\t\t<\/div>\n\t\t<div class=\"elementor-element elementor-element-06c8ea5 e-con-full e-flex elementor-invisible e-con e-child\" data-id=\"06c8ea5\" data-element_type=\"container\" data-settings=\"{&quot;background_background&quot;:&quot;classic&quot;,&quot;animation&quot;:&quot;fadeInLeft&quot;}\">\n\t\t\t\t<div class=\"elementor-element elementor-element-6cfbb41 elementor-widget__width-initial elementor-widget elementor-widget-image\" data-id=\"6cfbb41\" data-element_type=\"widget\" data-widget_type=\"image.default\">\n\t\t\t\t<div class=\"elementor-widget-container\">\n\t\t\t\t\t\t\t\t\t\t\t\t\t<img decoding=\"async\" width=\"41\" height=\"41\" src=\"https:\/\/servidorlumen.com.br\/alfit\/wp-content\/uploads\/2024\/11\/Vector-3.png\" class=\"attachment-full size-full wp-image-147\" alt=\"\" \/>\t\t\t\t\t\t\t\t\t\t\t\t\t<\/div>\n\t\t\t\t<\/div>\n\t\t\t\t<div class=\"elementor-element elementor-element-ef2a194 elementor-widget__width-initial elementor-widget elementor-widget-text-editor\" data-id=\"ef2a194\" data-element_type=\"widget\" data-widget_type=\"text-editor.default\">\n\t\t\t\t<div class=\"elementor-widget-container\">\n\t\t\t\t\t\t\t<p>+55 (82) 9 9129-9241<\/p>\t\t\t\t\t\t<\/div>\n\t\t\t\t<\/div>\n\t\t\t\t<\/div>\n\t\t\t\t<div class=\"elementor-element elementor-element-8c857e1 elementor-widget__width-initial elementor-invisible elementor-widget elementor-widget-text-editor\" data-id=\"8c857e1\" data-element_type=\"widget\" data-settings=\"{&quot;_animation&quot;:&quot;fadeInLeft&quot;}\" data-widget_type=\"text-editor.default\">\n\t\t\t\t<div class=\"elementor-widget-container\">\n\t\t\t\t\t\t\t<p>Clique no bot\u00e3o abaixo e fale diretamente conosco para:<\/p><ul><li>Escolher e comprar seus produtos favoritos.<\/li><li>Receber recomenda\u00e7\u00f5es personalizadas.<\/li><li>Tirar d\u00favidas sobre tamanhos, cores ou prazos de entrega.<\/li><\/ul>\t\t\t\t\t\t<\/div>\n\t\t\t\t<\/div>\n\t\t\t\t<div class=\"elementor-element elementor-element-22ceb08 animated-slow elementor-invisible elementor-widget elementor-widget-button\" data-id=\"22ceb08\" data-element_type=\"widget\" data-settings=\"{&quot;_animation&quot;:&quot;zoomIn&quot;,&quot;_animation_delay&quot;:100}\" data-widget_type=\"button.default\">\n\t\t\t\t<div class=\"elementor-widget-container\">\n\t\t\t\t\t\t\t<div class=\"elementor-button-wrapper\">\n\t\t\t\t\t<a class=\"elementor-button elementor-button-link elementor-size-sm elementor-animation-grow\" href=\"#\">\n\t\t\t\t\t\t<span class=\"elementor-button-content-wrapper\">\n\t\t\t\t\t\t<span class=\"elementor-button-icon\">\n\t\t\t\t<svg xmlns=\"http:\/\/www.w3.org\/2000\/svg\" width=\"33\" height=\"33\" viewBox=\"0 0 33 33\" fill=\"none\"><path d=\"M16.502 0.25C25.4769 0.25 32.752 7.52513 32.752 16.5C32.752 25.4749 25.4769 32.75 16.502 32.75C13.6302 32.7549 10.8089 31.9949 8.32823 30.5481L0.258478 32.75L2.45548 24.677C1.00754 22.1955 0.246945 19.373 0.251978 16.5C0.251978 7.52513 7.5271 0.25 16.502 0.25ZM10.964 8.8625L10.639 8.8755C10.4288 8.88998 10.2235 8.94517 10.0345 9.038C9.85829 9.13795 9.69739 9.26273 9.55673 9.4085C9.36173 9.59212 9.25123 9.75137 9.1326 9.90575C8.53155 10.6872 8.20793 11.6466 8.21285 12.6325C8.2161 13.4287 8.4241 14.2039 8.7491 14.9286C9.41373 16.3944 10.5074 17.9462 11.9504 19.3844C12.2981 19.7305 12.6394 20.0782 13.0066 20.4016C14.7997 21.9802 16.9363 23.1186 19.2466 23.7264L20.1696 23.8677C20.4702 23.884 20.7709 23.8612 21.0731 23.8466C21.5463 23.8217 22.0083 23.6936 22.4267 23.4713C22.6394 23.3613 22.847 23.242 23.0491 23.1137C23.0491 23.1137 23.1179 23.0672 23.2522 22.9675C23.4716 22.805 23.6065 22.6896 23.7885 22.4995C23.925 22.3587 24.0387 22.1951 24.1297 22.0087C24.2565 21.7439 24.3832 21.2385 24.4352 20.8176C24.4742 20.4959 24.4629 20.3204 24.458 20.2115C24.4515 20.0376 24.3069 19.8572 24.1492 19.7809L23.2035 19.3567C23.2035 19.3567 21.7897 18.7409 20.9252 18.3476C20.8347 18.3082 20.7378 18.2857 20.6392 18.281C20.528 18.2694 20.4156 18.2818 20.3097 18.3174C20.2037 18.353 20.1066 18.411 20.025 18.4874C20.0169 18.4841 19.908 18.5767 18.7331 20.0002C18.6657 20.0909 18.5728 20.1593 18.4663 20.197C18.3598 20.2346 18.2445 20.2396 18.1351 20.2115C18.0292 20.1833 17.9255 20.1474 17.8247 20.1042C17.6232 20.0197 17.5534 19.9872 17.4152 19.9287C16.4823 19.5223 15.6187 18.9724 14.8559 18.2989C14.6511 18.1201 14.461 17.9251 14.266 17.7366C13.6267 17.1243 13.0696 16.4317 12.6085 15.6761L12.5126 15.5217C12.4448 15.4174 12.3892 15.3056 12.3469 15.1886C12.2851 14.9497 12.446 14.758 12.446 14.758C12.446 14.758 12.8409 14.3257 13.0245 14.0917C13.2032 13.8642 13.3544 13.6432 13.4519 13.4856C13.6436 13.1769 13.7037 12.86 13.603 12.6146C13.148 11.5031 12.6778 10.3976 12.1925 9.298C12.0966 9.08025 11.8122 8.92425 11.5539 8.89337C11.4661 8.88254 11.3784 8.87387 11.2906 8.86737C11.0724 8.85486 10.8536 8.85703 10.6357 8.87387L10.964 8.8625Z\" fill=\"white\"><\/path><\/svg>\t\t\t<\/span>\n\t\t\t\t\t\t\t\t\t<span class=\"elementor-button-text\">FALE CONOSCO<\/span>\n\t\t\t\t\t<\/span>\n\t\t\t\t\t<\/a>\n\t\t\t\t<\/div>\n\t\t\t\t\t\t<\/div>\n\t\t\t\t<\/div>\n\t\t\t\t<\/div>\n\t\t<div class=\"elementor-element elementor-element-fc62905 e-con-full e-flex e-con e-child\" data-id=\"fc62905\" data-element_type=\"container\">\n\t\t<div class=\"elementor-element elementor-element-2bac165 e-con-full e-flex elementor-invisible e-con e-child\" data-id=\"2bac165\" data-element_type=\"container\" data-settings=\"{&quot;background_background&quot;:&quot;classic&quot;,&quot;animation&quot;:&quot;fadeInRight&quot;}\">\n\t\t\t\t<div class=\"elementor-element elementor-element-7f42743 elementor-widget elementor-widget-text-editor\" data-id=\"7f42743\" data-element_type=\"widget\" data-widget_type=\"text-editor.default\">\n\t\t\t\t<div class=\"elementor-widget-container\">\n\t\t\t\t\t\t\t<p>Prefere outra forma de falar com a gente?<\/p>\t\t\t\t\t\t<\/div>\n\t\t\t\t<\/div>\n\t\t\t\t<div class=\"elementor-element elementor-element-1a1f35f elementor-widget__width-initial elementor-widget-tablet__width-initial elementor-widget elementor-widget-text-editor\" data-id=\"1a1f35f\" data-element_type=\"widget\" data-widget_type=\"text-editor.default\">\n\t\t\t\t<div class=\"elementor-widget-container\">\n\t\t\t\t\t\t\t<p>Sem problemas! Voc\u00ea pode nos enviar um e-mail ou, se estiver por perto, nos fazer uma visita. Adoramos receber voc\u00ea de qualquer jeito! \ud83d\ude0a<\/p>\t\t\t\t\t\t<\/div>\n\t\t\t\t<\/div>\n\t\t<div class=\"elementor-element elementor-element-3b0abf8 e-con-full e-flex e-con e-child\" data-id=\"3b0abf8\" data-element_type=\"container\" data-settings=\"{&quot;background_background&quot;:&quot;classic&quot;}\">\n\t\t\t\t<div class=\"elementor-element elementor-element-45b7dbc elementor-widget-mobile__width-initial elementor-widget elementor-widget-image\" data-id=\"45b7dbc\" data-element_type=\"widget\" data-widget_type=\"image.default\">\n\t\t\t\t<div class=\"elementor-widget-container\">\n\t\t\t\t\t\t\t\t\t\t\t\t\t<img decoding=\"async\" width=\"45\" height=\"30\" src=\"https:\/\/servidorlumen.com.br\/alfit\/wp-content\/uploads\/2024\/11\/Group.png\" class=\"attachment-full size-full wp-image-146\" alt=\"\" \/>\t\t\t\t\t\t\t\t\t\t\t\t\t<\/div>\n\t\t\t\t<\/div>\n\t\t\t\t<div class=\"elementor-element elementor-element-2729d2b elementor-widget elementor-widget-text-editor\" data-id=\"2729d2b\" data-element_type=\"widget\" data-widget_type=\"text-editor.default\">\n\t\t\t\t<div class=\"elementor-widget-container\">\n\t\t\t\t\t\t\t<p>alfitmodafitness@gmail.com<\/p>\t\t\t\t\t\t<\/div>\n\t\t\t\t<\/div>\n\t\t\t\t<\/div>\n\t\t\t\t<\/div>\n\t\t\t\t<\/div>\n\t\t\t\t<\/div>\n\t\t\t\t\t<\/div>\n\t\t\t\t<\/div>\n\t\t\t\t<\/div>\n\t\t","protected":false},"excerpt":{"rendered":"<p>Contato Telefone (Whatsapp) +55 (82) 9 9129-9241 Clique no bot\u00e3o abaixo e fale diretamente conosco para: Escolher e comprar seus produtos favoritos. Receber recomenda\u00e7\u00f5es personalizadas. Tirar d\u00favidas sobre tamanhos, cores ou prazos de entrega. FALE CONOSCO Prefere outra forma de falar com a gente? Sem problemas! Voc\u00ea pode nos enviar um e-mail ou, se estiver [&hellip;]<\/p>\n","protected":false},"author":1,"featured_media":0,"parent":0,"menu_order":0,"comment_status":"closed","ping_status":"closed","template":"elementor_header_footer","meta":{"_joinchat":[],"footnotes":""},"class_list":["post-145","page","type-page","status-publish","hentry"],"_links":{"self":[{"href":"https:\/\/servidorlumen.com.br\/alfit\/wp-json\/wp\/v2\/pages\/145","targetHints":{"allow":["GET"]}}],"collection":[{"href":"https:\/\/servidorlumen.com.br\/alfit\/wp-json\/wp\/v2\/pages"}],"about":[{"href":"https:\/\/servidorlumen.com.br\/alfit\/wp-json\/wp\/v2\/types\/page"}],"author":[{"embeddable":true,"href":"https:\/\/servidorlumen.com.br\/alfit\/wp-json\/wp\/v2\/users\/1"}],"replies":[{"embeddable":true,"href":"https:\/\/servidorlumen.com.br\/alfit\/wp-json\/wp\/v2\/comments?post=145"}],"version-history":[{"count":18,"href":"https:\/\/servidorlumen.com.br\/alfit\/wp-json\/wp\/v2\/pages\/145\/revisions"}],"predecessor-version":[{"id":196,"href":"https:\/\/servidorlumen.com.br\/alfit\/wp-json\/wp\/v2\/pages\/145\/revisions\/196"}],"wp:attachment":[{"href":"https:\/\/servidorlumen.com.br\/alfit\/wp-json\/wp\/v2\/media?parent=145"}],"curies":[{"name":"wp","href":"https:\/\/api.w.org\/{rel}","templated":true}]}}