{"id":133,"date":"2024-11-28T18:22:20","date_gmt":"2024-11-28T18:22:20","guid":{"rendered":"https:\/\/servidorlumen.com.br\/alfit\/?page_id=133"},"modified":"2024-12-02T16:16:50","modified_gmt":"2024-12-02T16:16:50","slug":"localizacao","status":"publish","type":"page","link":"https:\/\/servidorlumen.com.br\/alfit\/localizacao\/","title":{"rendered":"Localiza\u00e7\u00e3o"},"content":{"rendered":"\t\t<div data-elementor-type=\"wp-page\" data-elementor-id=\"133\" class=\"elementor elementor-133\">\n\t\t\t\t<div class=\"elementor-element elementor-element-c1e0eae e-flex e-con-boxed e-con e-parent\" data-id=\"c1e0eae\" data-element_type=\"container\">\n\t\t\t\t\t<div class=\"e-con-inner\">\n\t\t<div class=\"elementor-element elementor-element-d840d8a e-con-full e-flex e-con e-child\" data-id=\"d840d8a\" data-element_type=\"container\">\n\t\t\t\t<div class=\"elementor-element elementor-element-a2decb0 elementor-invisible elementor-widget elementor-widget-image\" data-id=\"a2decb0\" data-element_type=\"widget\" data-settings=\"{&quot;_animation&quot;:&quot;zoomIn&quot;}\" data-widget_type=\"image.default\">\n\t\t\t\t<div class=\"elementor-widget-container\">\n\t\t\t\t\t\t\t\t\t\t\t\t\t<img decoding=\"async\" width=\"32\" height=\"39\" src=\"https:\/\/servidorlumen.com.br\/alfit\/wp-content\/uploads\/2024\/11\/Vector-5.svg\" class=\"attachment-large size-large wp-image-117\" alt=\"\" \/>\t\t\t\t\t\t\t\t\t\t\t\t\t<\/div>\n\t\t\t\t<\/div>\n\t\t\t\t<div class=\"elementor-element elementor-element-2066320 elementor-widget elementor-widget-heading\" data-id=\"2066320\" data-element_type=\"widget\" data-widget_type=\"heading.default\">\n\t\t\t\t<div class=\"elementor-widget-container\">\n\t\t\t<h2 class=\"elementor-heading-title elementor-size-default\">Localiza\u00e7\u00e3o<\/h2>\t\t<\/div>\n\t\t\t\t<\/div>\n\t\t\t\t<\/div>\n\t\t<div class=\"elementor-element elementor-element-4325e63 e-con-full e-flex e-con e-child\" data-id=\"4325e63\" data-element_type=\"container\">\n\t\t<div class=\"elementor-element elementor-element-de00993 e-con-full e-flex e-con e-child\" data-id=\"de00993\" data-element_type=\"container\">\n\t\t\t\t<div class=\"elementor-element elementor-element-6c5857f elementor-invisible elementor-widget elementor-widget-text-editor\" data-id=\"6c5857f\" data-element_type=\"widget\" data-settings=\"{&quot;_animation&quot;:&quot;fadeInLeft&quot;}\" data-widget_type=\"text-editor.default\">\n\t\t\t\t<div class=\"elementor-widget-container\">\n\t\t\t\t\t\t\t<p>Venha nos visitar!<\/p>\t\t\t\t\t\t<\/div>\n\t\t\t\t<\/div>\n\t\t\t\t<div class=\"elementor-element elementor-element-8ebaf44 elementor-widget-divider--view-line elementor-invisible elementor-widget elementor-widget-divider\" data-id=\"8ebaf44\" data-element_type=\"widget\" data-settings=\"{&quot;_animation&quot;:&quot;fadeInLeft&quot;}\" data-widget_type=\"divider.default\">\n\t\t\t\t<div class=\"elementor-widget-container\">\n\t\t\t\t\t<div class=\"elementor-divider\">\n\t\t\t<span class=\"elementor-divider-separator\">\n\t\t\t\t\t\t<\/span>\n\t\t<\/div>\n\t\t\t\t<\/div>\n\t\t\t\t<\/div>\n\t\t\t\t<div class=\"elementor-element elementor-element-8c857e1 elementor-widget__width-initial elementor-invisible elementor-widget elementor-widget-text-editor\" data-id=\"8c857e1\" data-element_type=\"widget\" data-settings=\"{&quot;_animation&quot;:&quot;fadeInLeft&quot;}\" data-widget_type=\"text-editor.default\">\n\t\t\t\t<div class=\"elementor-widget-container\">\n\t\t\t\t\t\t\t<p>Gostou de uma pe\u00e7a, mas quer ver como ela fica no seu corpo? Sem problemas! Visite nossa loja f\u00edsica e experimente \u00e0 vontade. Estamos sempre prontos para ajudar voc\u00ea a encontrar o look perfeito para o seu treino!<\/p>\t\t\t\t\t\t<\/div>\n\t\t\t\t<\/div>\n\t\t\t\t<div class=\"elementor-element elementor-element-c402d96 elementor-widget__width-initial elementor-invisible elementor-widget elementor-widget-text-editor\" data-id=\"c402d96\" data-element_type=\"widget\" data-settings=\"{&quot;_animation&quot;:&quot;fadeInLeft&quot;}\" data-widget_type=\"text-editor.default\">\n\t\t\t\t<div class=\"elementor-widget-container\">\n\t\t\t\t\t\t\t<p>Endere\u00e7o<\/p>\t\t\t\t\t\t<\/div>\n\t\t\t\t<\/div>\n\t\t<div class=\"elementor-element elementor-element-06c8ea5 e-con-full e-flex elementor-invisible e-con e-child\" data-id=\"06c8ea5\" data-element_type=\"container\" data-settings=\"{&quot;background_background&quot;:&quot;classic&quot;,&quot;animation&quot;:&quot;fadeInLeft&quot;}\">\n\t\t\t\t<div class=\"elementor-element elementor-element-6cfbb41 elementor-widget elementor-widget-image\" data-id=\"6cfbb41\" data-element_type=\"widget\" data-widget_type=\"image.default\">\n\t\t\t\t<div class=\"elementor-widget-container\">\n\t\t\t\t\t\t\t\t\t\t\t\t\t<img decoding=\"async\" width=\"32\" height=\"39\" src=\"https:\/\/servidorlumen.com.br\/alfit\/wp-content\/uploads\/2024\/11\/Vector-5.svg\" class=\"attachment-large size-large wp-image-117\" alt=\"\" \/>\t\t\t\t\t\t\t\t\t\t\t\t\t<\/div>\n\t\t\t\t<\/div>\n\t\t\t\t<div class=\"elementor-element elementor-element-ef2a194 elementor-widget__width-initial elementor-widget elementor-widget-text-editor\" data-id=\"ef2a194\" data-element_type=\"widget\" data-widget_type=\"text-editor.default\">\n\t\t\t\t<div class=\"elementor-widget-container\">\n\t\t\t\t\t\t\t<p>R. Jos\u00e9 Anat\u00f3lio Leite, 02 &#8211; povoado genipapo, Limoeiro de Anadia &#8211; AL, 57260-000<\/p>\t\t\t\t\t\t<\/div>\n\t\t\t\t<\/div>\n\t\t\t\t<\/div>\n\t\t\t\t<\/div>\n\t\t<div class=\"elementor-element elementor-element-fc62905 e-con-full e-flex e-con e-child\" data-id=\"fc62905\" data-element_type=\"container\">\n\t\t\t\t<div class=\"elementor-element elementor-element-5b17259 elementor-widget__width-initial elementor-widget-mobile__width-inherit elementor-invisible elementor-widget elementor-widget-google_maps\" data-id=\"5b17259\" data-element_type=\"widget\" data-settings=\"{&quot;_animation&quot;:&quot;fadeInRight&quot;}\" data-widget_type=\"google_maps.default\">\n\t\t\t\t<div class=\"elementor-widget-container\">\n\t\t\t\t\t<div class=\"elementor-custom-embed\">\n\t\t\t<iframe loading=\"lazy\"\n\t\t\t\t\tsrc=\"https:\/\/maps.google.com\/maps?q=R.%20Jos%C3%A9%20Anat%C3%B3lio%20Leite%2C%2002%20-%20povoado%20genipapo%2C%20Limoeiro%20de%20Anadia%20-%20AL%2C%2057260-000&#038;t=m&#038;z=13&#038;output=embed&#038;iwloc=near\"\n\t\t\t\t\ttitle=\"R. Jos\u00e9 Anat\u00f3lio Leite, 02 - povoado genipapo, Limoeiro de Anadia - AL, 57260-000\"\n\t\t\t\t\taria-label=\"R. Jos\u00e9 Anat\u00f3lio Leite, 02 - povoado genipapo, Limoeiro de Anadia - AL, 57260-000\"\n\t\t\t><\/iframe>\n\t\t<\/div>\n\t\t\t\t<\/div>\n\t\t\t\t<\/div>\n\t\t<div class=\"elementor-element elementor-element-2dc62c3 e-con-full e-flex elementor-invisible e-con e-child\" data-id=\"2dc62c3\" data-element_type=\"container\" data-settings=\"{&quot;animation&quot;:&quot;fadeInRight&quot;}\">\n\t\t\t\t<div class=\"elementor-element elementor-element-cb98b17 elementor-widget elementor-widget-image\" data-id=\"cb98b17\" data-element_type=\"widget\" data-widget_type=\"image.default\">\n\t\t\t\t<div class=\"elementor-widget-container\">\n\t\t\t\t\t\t\t\t\t\t\t\t\t<img decoding=\"async\" width=\"34\" height=\"34\" src=\"https:\/\/servidorlumen.com.br\/alfit\/wp-content\/uploads\/2024\/11\/Vector-2.png\" class=\"attachment-large size-large wp-image-134\" alt=\"\" \/>\t\t\t\t\t\t\t\t\t\t\t\t\t<\/div>\n\t\t\t\t<\/div>\n\t\t\t\t<div class=\"elementor-element elementor-element-9882056 elementor-widget-mobile__width-initial elementor-widget elementor-widget-text-editor\" data-id=\"9882056\" data-element_type=\"widget\" data-widget_type=\"text-editor.default\">\n\t\t\t\t<div class=\"elementor-widget-container\">\n\t\t\t\t\t\t\t<p>Clique acima e veja como Chegar<\/p>\t\t\t\t\t\t<\/div>\n\t\t\t\t<\/div>\n\t\t\t\t<\/div>\n\t\t\t\t<\/div>\n\t\t\t\t<\/div>\n\t\t\t\t\t<\/div>\n\t\t\t\t<\/div>\n\t\t\t\t<\/div>\n\t\t","protected":false},"excerpt":{"rendered":"<p>Localiza\u00e7\u00e3o Venha nos visitar! Gostou de uma pe\u00e7a, mas quer ver como ela fica no seu corpo? Sem problemas! Visite nossa loja f\u00edsica e experimente \u00e0 vontade. Estamos sempre prontos para ajudar voc\u00ea a encontrar o look perfeito para o seu treino! Endere\u00e7o R. Jos\u00e9 Anat\u00f3lio Leite, 02 &#8211; povoado genipapo, Limoeiro de Anadia &#8211; [&hellip;]<\/p>\n","protected":false},"author":1,"featured_media":0,"parent":0,"menu_order":0,"comment_status":"closed","ping_status":"closed","template":"elementor_header_footer","meta":{"_joinchat":[],"footnotes":""},"class_list":["post-133","page","type-page","status-publish","hentry"],"_links":{"self":[{"href":"https:\/\/servidorlumen.com.br\/alfit\/wp-json\/wp\/v2\/pages\/133","targetHints":{"allow":["GET"]}}],"collection":[{"href":"https:\/\/servidorlumen.com.br\/alfit\/wp-json\/wp\/v2\/pages"}],"about":[{"href":"https:\/\/servidorlumen.com.br\/alfit\/wp-json\/wp\/v2\/types\/page"}],"author":[{"embeddable":true,"href":"https:\/\/servidorlumen.com.br\/alfit\/wp-json\/wp\/v2\/users\/1"}],"replies":[{"embeddable":true,"href":"https:\/\/servidorlumen.com.br\/alfit\/wp-json\/wp\/v2\/comments?post=133"}],"version-history":[{"count":18,"href":"https:\/\/servidorlumen.com.br\/alfit\/wp-json\/wp\/v2\/pages\/133\/revisions"}],"predecessor-version":[{"id":213,"href":"https:\/\/servidorlumen.com.br\/alfit\/wp-json\/wp\/v2\/pages\/133\/revisions\/213"}],"wp:attachment":[{"href":"https:\/\/servidorlumen.com.br\/alfit\/wp-json\/wp\/v2\/media?parent=133"}],"curies":[{"name":"wp","href":"https:\/\/api.w.org\/{rel}","templated":true}]}}