{"id":109,"date":"2024-11-28T18:02:27","date_gmt":"2024-11-28T18:02:27","guid":{"rendered":"https:\/\/servidorlumen.com.br\/alfit\/?page_id=109"},"modified":"2024-11-28T23:13:59","modified_gmt":"2024-11-28T23:13:59","slug":"produtos-copy","status":"publish","type":"page","link":"https:\/\/servidorlumen.com.br\/alfit\/produtos-copy\/","title":{"rendered":"Sobre n\u00f3s"},"content":{"rendered":"\t\t<div data-elementor-type=\"wp-page\" data-elementor-id=\"109\" class=\"elementor elementor-109\">\n\t\t\t\t<div class=\"elementor-element elementor-element-9609730 e-flex e-con-boxed e-con e-parent\" data-id=\"9609730\" data-element_type=\"container\" data-settings=\"{&quot;background_background&quot;:&quot;classic&quot;}\">\n\t\t\t\t\t<div class=\"e-con-inner\">\n\t\t<div class=\"elementor-element elementor-element-dacd8d1 e-con-full e-flex e-con e-child\" data-id=\"dacd8d1\" data-element_type=\"container\">\n\t\t\t\t<div class=\"elementor-element elementor-element-e7c06c7 elementor-invisible elementor-widget elementor-widget-heading\" data-id=\"e7c06c7\" data-element_type=\"widget\" data-settings=\"{&quot;_animation&quot;:&quot;fadeInLeft&quot;}\" data-widget_type=\"heading.default\">\n\t\t\t\t<div class=\"elementor-widget-container\">\n\t\t\t<h2 class=\"elementor-heading-title elementor-size-default\">Sobre n\u00f3s<\/h2>\t\t<\/div>\n\t\t\t\t<\/div>\n\t\t\t\t<div class=\"elementor-element elementor-element-5bdcf95 elementor-invisible elementor-widget elementor-widget-text-editor\" data-id=\"5bdcf95\" data-element_type=\"widget\" data-settings=\"{&quot;_animation&quot;:&quot;fadeInLeft&quot;,&quot;_animation_delay&quot;:100}\" data-widget_type=\"text-editor.default\">\n\t\t\t\t<div class=\"elementor-widget-container\">\n\t\t\t\t\t\t\t<p>Na ALFIT, acreditamos que estilo e conforto devem andar juntos, tanto na academia quanto no dia a dia. Por isso, selecionamos com cuidado as melhores marcas e modelos de moda fitness para oferecer a voc\u00ea pe\u00e7as que aliam qualidade, durabilidade e design moderno.<\/p>\t\t\t\t\t\t<\/div>\n\t\t\t\t<\/div>\n\t\t\t\t<div class=\"elementor-element elementor-element-24af055 elementor-invisible elementor-widget elementor-widget-text-editor\" data-id=\"24af055\" data-element_type=\"widget\" data-settings=\"{&quot;_animation&quot;:&quot;fadeInLeft&quot;,&quot;_animation_delay&quot;:200}\" data-widget_type=\"text-editor.default\">\n\t\t\t\t<div class=\"elementor-widget-container\">\n\t\t\t\t\t\t\t<p>Somos uma loja dedicada a homens e mulheres que buscam roupas que acompanhem seu ritmo, sem abrir m\u00e3o da est\u00e9tica. Com op\u00e7\u00f5es femininas e masculinas, entregamos para todo o Brasil, garantindo que voc\u00ea receba produtos que atendam \u00e0s suas expectativas e valorizem seu treino.<\/p>\t\t\t\t\t\t<\/div>\n\t\t\t\t<\/div>\n\t\t\t\t<\/div>\n\t\t<div class=\"elementor-element elementor-element-e497dda e-con-full e-flex e-con e-child\" data-id=\"e497dda\" data-element_type=\"container\">\n\t\t\t\t<div class=\"elementor-element elementor-element-fe72321 elementor-align-center elementor-widget elementor-widget-button\" data-id=\"fe72321\" data-element_type=\"widget\" data-widget_type=\"button.default\">\n\t\t\t\t<div class=\"elementor-widget-container\">\n\t\t\t\t\t\t\t<div class=\"elementor-button-wrapper\">\n\t\t\t\t\t<a class=\"elementor-button elementor-button-link elementor-size-sm elementor-animation-grow\" href=\"https:\/\/servidorlumen.com.br\/alfit\/localizacao\/\">\n\t\t\t\t\t\t<span class=\"elementor-button-content-wrapper\">\n\t\t\t\t\t\t<span class=\"elementor-button-icon\">\n\t\t\t\t<svg xmlns=\"http:\/\/www.w3.org\/2000\/svg\" width=\"32\" height=\"39\" viewBox=\"0 0 32 39\" fill=\"none\"><path d=\"M12.6489 36.5368C13.7262 37.4146 14.8498 38.217 16 39C17.1527 38.2274 18.2708 37.4055 19.3511 36.5368C21.152 35.0765 22.8468 33.4931 24.4231 31.7983C28.0569 27.8744 32 22.1861 32 15.8008C32 13.7258 31.5861 11.6712 30.7821 9.75412C29.978 7.83708 28.7994 6.0952 27.3137 4.62796C25.828 3.16072 24.0641 1.99683 22.1229 1.20277C20.1817 0.408701 18.1012 0 16 0C13.8989 0 11.8183 0.408701 9.87706 1.20277C7.93586 1.99683 6.17203 3.16072 4.68629 4.62796C3.20055 6.0952 2.022 7.83708 1.21793 9.75412C0.413852 11.6712 -3.13096e-08 13.7258 0 15.8008C0 22.1861 3.94311 27.8727 7.57689 31.7983C9.1531 33.4937 10.8479 35.0759 12.6489 36.5368ZM16 21.5067C14.4676 21.5067 12.998 20.9056 11.9145 19.8355C10.831 18.7654 10.2222 17.3141 10.2222 15.8008C10.2222 14.2876 10.831 12.8362 11.9145 11.7662C12.998 10.6961 14.4676 10.095 16 10.095C17.5324 10.095 19.002 10.6961 20.0855 11.7662C21.169 12.8362 21.7778 14.2876 21.7778 15.8008C21.7778 17.3141 21.169 18.7654 20.0855 19.8355C19.002 20.9056 17.5324 21.5067 16 21.5067Z\" fill=\"#680FE7\"><\/path><\/svg>\t\t\t<\/span>\n\t\t\t\t\t\t\t\t\t<span class=\"elementor-button-text\">NOS VISITE<\/span>\n\t\t\t\t\t<\/span>\n\t\t\t\t\t<\/a>\n\t\t\t\t<\/div>\n\t\t\t\t\t\t<\/div>\n\t\t\t\t<\/div>\n\t\t\t\t<div class=\"elementor-element elementor-element-321209e elementor-widget elementor-widget-button\" data-id=\"321209e\" data-element_type=\"widget\" data-widget_type=\"button.default\">\n\t\t\t\t<div class=\"elementor-widget-container\">\n\t\t\t\t\t\t\t<div class=\"elementor-button-wrapper\">\n\t\t\t\t\t<a class=\"elementor-button elementor-button-link elementor-size-sm elementor-animation-grow\" href=\"#\">\n\t\t\t\t\t\t<span class=\"elementor-button-content-wrapper\">\n\t\t\t\t\t\t<span class=\"elementor-button-icon\">\n\t\t\t\t<svg xmlns=\"http:\/\/www.w3.org\/2000\/svg\" width=\"33\" height=\"33\" viewBox=\"0 0 33 33\" fill=\"none\"><path d=\"M16.502 0.25C25.4769 0.25 32.752 7.52513 32.752 16.5C32.752 25.4749 25.4769 32.75 16.502 32.75C13.6302 32.7549 10.8089 31.9949 8.32823 30.5481L0.258478 32.75L2.45548 24.677C1.00754 22.1955 0.246945 19.373 0.251978 16.5C0.251978 7.52513 7.5271 0.25 16.502 0.25ZM10.964 8.8625L10.639 8.8755C10.4288 8.88998 10.2235 8.94517 10.0345 9.038C9.85829 9.13795 9.69739 9.26273 9.55673 9.4085C9.36173 9.59212 9.25123 9.75137 9.1326 9.90575C8.53155 10.6872 8.20793 11.6466 8.21285 12.6325C8.2161 13.4287 8.4241 14.2039 8.7491 14.9286C9.41373 16.3944 10.5074 17.9462 11.9504 19.3844C12.2981 19.7305 12.6394 20.0782 13.0066 20.4016C14.7997 21.9802 16.9363 23.1186 19.2466 23.7264L20.1696 23.8677C20.4702 23.884 20.7709 23.8612 21.0731 23.8466C21.5463 23.8217 22.0083 23.6936 22.4267 23.4713C22.6394 23.3613 22.847 23.242 23.0491 23.1137C23.0491 23.1137 23.1179 23.0672 23.2522 22.9675C23.4716 22.805 23.6065 22.6896 23.7885 22.4995C23.925 22.3587 24.0387 22.1951 24.1297 22.0087C24.2565 21.7439 24.3832 21.2385 24.4352 20.8176C24.4742 20.4959 24.4629 20.3204 24.458 20.2115C24.4515 20.0376 24.3069 19.8572 24.1492 19.7809L23.2035 19.3567C23.2035 19.3567 21.7897 18.7409 20.9252 18.3476C20.8347 18.3082 20.7378 18.2857 20.6392 18.281C20.528 18.2694 20.4156 18.2818 20.3097 18.3174C20.2037 18.353 20.1066 18.411 20.025 18.4874C20.0169 18.4841 19.908 18.5767 18.7331 20.0002C18.6657 20.0909 18.5728 20.1593 18.4663 20.197C18.3598 20.2346 18.2445 20.2396 18.1351 20.2115C18.0292 20.1833 17.9255 20.1474 17.8247 20.1042C17.6232 20.0197 17.5534 19.9872 17.4152 19.9287C16.4823 19.5223 15.6187 18.9724 14.8559 18.2989C14.6511 18.1201 14.461 17.9251 14.266 17.7366C13.6267 17.1243 13.0696 16.4317 12.6085 15.6761L12.5126 15.5217C12.4448 15.4174 12.3892 15.3056 12.3469 15.1886C12.2851 14.9497 12.446 14.758 12.446 14.758C12.446 14.758 12.8409 14.3257 13.0245 14.0917C13.2032 13.8642 13.3544 13.6432 13.4519 13.4856C13.6436 13.1769 13.7037 12.86 13.603 12.6146C13.148 11.5031 12.6778 10.3976 12.1925 9.298C12.0966 9.08025 11.8122 8.92425 11.5539 8.89337C11.4661 8.88254 11.3784 8.87387 11.2906 8.86737C11.0724 8.85486 10.8536 8.85703 10.6357 8.87387L10.964 8.8625Z\" fill=\"white\"><\/path><\/svg>\t\t\t<\/span>\n\t\t\t\t\t\t\t\t\t<span class=\"elementor-button-text\">FALE CONOSCO<\/span>\n\t\t\t\t\t<\/span>\n\t\t\t\t\t<\/a>\n\t\t\t\t<\/div>\n\t\t\t\t\t\t<\/div>\n\t\t\t\t<\/div>\n\t\t\t\t<\/div>\n\t\t\t\t\t<\/div>\n\t\t\t\t<\/div>\n\t\t<div class=\"elementor-element elementor-element-2bd5221 e-flex e-con-boxed e-con e-parent\" data-id=\"2bd5221\" data-element_type=\"container\">\n\t\t\t\t\t<div class=\"e-con-inner\">\n\t\t<div class=\"elementor-element elementor-element-c560ead e-con-full e-flex e-con e-child\" data-id=\"c560ead\" data-element_type=\"container\">\n\t\t<div class=\"elementor-element elementor-element-11fd49a e-con-full animated-slow e-flex elementor-invisible e-con e-child\" data-id=\"11fd49a\" data-element_type=\"container\" data-settings=\"{&quot;background_background&quot;:&quot;classic&quot;,&quot;animation&quot;:&quot;fadeInRight&quot;,&quot;animation_delay&quot;:300}\">\n\t\t\t\t<div class=\"elementor-element elementor-element-386b297 elementor-widget__width-initial elementor-widget elementor-widget-image\" data-id=\"386b297\" data-element_type=\"widget\" data-widget_type=\"image.default\">\n\t\t\t\t<div class=\"elementor-widget-container\">\n\t\t\t\t\t\t\t\t\t\t\t\t\t<img decoding=\"async\" width=\"88\" height=\"64\" src=\"https:\/\/servidorlumen.com.br\/alfit\/wp-content\/uploads\/2024\/11\/Vector-1.png\" class=\"attachment-full size-full wp-image-70\" alt=\"\" \/>\t\t\t\t\t\t\t\t\t\t\t\t\t<\/div>\n\t\t\t\t<\/div>\n\t\t\t\t<div class=\"elementor-element elementor-element-b5b0a7c elementor-widget__width-initial elementor-widget elementor-widget-text-editor\" data-id=\"b5b0a7c\" data-element_type=\"widget\" data-widget_type=\"text-editor.default\">\n\t\t\t\t<div class=\"elementor-widget-container\">\n\t\t\t\t\t\t\t<p>Entrega para todo o Brasil<\/p>\t\t\t\t\t\t<\/div>\n\t\t\t\t<\/div>\n\t\t\t\t<\/div>\n\t\t<div class=\"elementor-element elementor-element-6ce4f30 e-con-full animated-slow e-flex elementor-invisible e-con e-child\" data-id=\"6ce4f30\" data-element_type=\"container\" data-settings=\"{&quot;background_background&quot;:&quot;classic&quot;,&quot;animation&quot;:&quot;fadeInRight&quot;,&quot;animation_delay&quot;:200}\">\n\t\t\t\t<div class=\"elementor-element elementor-element-fe8e48c elementor-widget__width-initial elementor-widget elementor-widget-image\" data-id=\"fe8e48c\" data-element_type=\"widget\" data-widget_type=\"image.default\">\n\t\t\t\t<div class=\"elementor-widget-container\">\n\t\t\t\t\t\t\t\t\t\t\t\t\t<img fetchpriority=\"high\" decoding=\"async\" width=\"256\" height=\"256\" src=\"https:\/\/servidorlumen.com.br\/alfit\/wp-content\/uploads\/2024\/11\/order.png\" class=\"attachment-full size-full wp-image-20\" alt=\"\" srcset=\"https:\/\/servidorlumen.com.br\/alfit\/wp-content\/uploads\/2024\/11\/order.png 256w, https:\/\/servidorlumen.com.br\/alfit\/wp-content\/uploads\/2024\/11\/order-150x150.png 150w\" sizes=\"(max-width: 256px) 100vw, 256px\" \/>\t\t\t\t\t\t\t\t\t\t\t\t\t<\/div>\n\t\t\t\t<\/div>\n\t\t\t\t<div class=\"elementor-element elementor-element-2f72937 elementor-widget__width-initial elementor-widget elementor-widget-text-editor\" data-id=\"2f72937\" data-element_type=\"widget\" data-widget_type=\"text-editor.default\">\n\t\t\t\t<div class=\"elementor-widget-container\">\n\t\t\t\t\t\t\t<p>Produtos de qualidade<\/p>\t\t\t\t\t\t<\/div>\n\t\t\t\t<\/div>\n\t\t\t\t<\/div>\n\t\t<div class=\"elementor-element elementor-element-ed91b62 e-con-full animated-slow e-flex elementor-invisible e-con e-child\" data-id=\"ed91b62\" data-element_type=\"container\" data-settings=\"{&quot;background_background&quot;:&quot;classic&quot;,&quot;animation&quot;:&quot;fadeInRight&quot;,&quot;animation_delay&quot;:100}\">\n\t\t\t\t<div class=\"elementor-element elementor-element-3bb2480 elementor-widget__width-initial elementor-widget elementor-widget-image\" data-id=\"3bb2480\" data-element_type=\"widget\" data-widget_type=\"image.default\">\n\t\t\t\t<div class=\"elementor-widget-container\">\n\t\t\t\t\t\t\t\t\t\t\t\t\t<img decoding=\"async\" width=\"256\" height=\"256\" src=\"https:\/\/servidorlumen.com.br\/alfit\/wp-content\/uploads\/2024\/11\/unisex.png\" class=\"attachment-full size-full wp-image-25\" alt=\"\" srcset=\"https:\/\/servidorlumen.com.br\/alfit\/wp-content\/uploads\/2024\/11\/unisex.png 256w, https:\/\/servidorlumen.com.br\/alfit\/wp-content\/uploads\/2024\/11\/unisex-150x150.png 150w\" sizes=\"(max-width: 256px) 100vw, 256px\" \/>\t\t\t\t\t\t\t\t\t\t\t\t\t<\/div>\n\t\t\t\t<\/div>\n\t\t\t\t<div class=\"elementor-element elementor-element-1bb46b9 elementor-widget__width-initial elementor-widget elementor-widget-text-editor\" data-id=\"1bb46b9\" data-element_type=\"widget\" data-widget_type=\"text-editor.default\">\n\t\t\t\t<div class=\"elementor-widget-container\">\n\t\t\t\t\t\t\t<p>Femininos e Masculinos<\/p>\t\t\t\t\t\t<\/div>\n\t\t\t\t<\/div>\n\t\t\t\t<\/div>\n\t\t<div class=\"elementor-element elementor-element-8b277b5 e-con-full animated-slow e-flex elementor-invisible e-con e-child\" data-id=\"8b277b5\" data-element_type=\"container\" data-settings=\"{&quot;background_background&quot;:&quot;classic&quot;,&quot;animation&quot;:&quot;fadeInRight&quot;,&quot;animation_delay&quot;:0}\">\n\t\t\t\t<div class=\"elementor-element elementor-element-5d3f7bd elementor-widget__width-initial elementor-widget elementor-widget-image\" data-id=\"5d3f7bd\" data-element_type=\"widget\" data-widget_type=\"image.default\">\n\t\t\t\t<div class=\"elementor-widget-container\">\n\t\t\t\t\t\t\t\t\t\t\t\t\t<img loading=\"lazy\" decoding=\"async\" width=\"256\" height=\"256\" src=\"https:\/\/servidorlumen.com.br\/alfit\/wp-content\/uploads\/2024\/11\/yoga.png\" class=\"attachment-full size-full wp-image-26\" alt=\"\" srcset=\"https:\/\/servidorlumen.com.br\/alfit\/wp-content\/uploads\/2024\/11\/yoga.png 256w, https:\/\/servidorlumen.com.br\/alfit\/wp-content\/uploads\/2024\/11\/yoga-150x150.png 150w\" sizes=\"(max-width: 256px) 100vw, 256px\" \/>\t\t\t\t\t\t\t\t\t\t\t\t\t<\/div>\n\t\t\t\t<\/div>\n\t\t\t\t<div class=\"elementor-element elementor-element-7d03395 elementor-widget__width-initial elementor-widget elementor-widget-text-editor\" data-id=\"7d03395\" data-element_type=\"widget\" data-widget_type=\"text-editor.default\">\n\t\t\t\t<div class=\"elementor-widget-container\">\n\t\t\t\t\t\t\t<p>Conforto Garantido<\/p>\t\t\t\t\t\t<\/div>\n\t\t\t\t<\/div>\n\t\t\t\t<\/div>\n\t\t\t\t<\/div>\n\t\t\t\t\t<\/div>\n\t\t\t\t<\/div>\n\t\t\t\t<\/div>\n\t\t","protected":false},"excerpt":{"rendered":"<p>Sobre n\u00f3s Na ALFIT, acreditamos que estilo e conforto devem andar juntos, tanto na academia quanto no dia a dia. Por isso, selecionamos com cuidado as melhores marcas e modelos de moda fitness para oferecer a voc\u00ea pe\u00e7as que aliam qualidade, durabilidade e design moderno. Somos uma loja dedicada a homens e mulheres que buscam [&hellip;]<\/p>\n","protected":false},"author":1,"featured_media":0,"parent":0,"menu_order":0,"comment_status":"closed","ping_status":"closed","template":"elementor_header_footer","meta":{"_joinchat":[],"footnotes":""},"class_list":["post-109","page","type-page","status-publish","hentry"],"_links":{"self":[{"href":"https:\/\/servidorlumen.com.br\/alfit\/wp-json\/wp\/v2\/pages\/109","targetHints":{"allow":["GET"]}}],"collection":[{"href":"https:\/\/servidorlumen.com.br\/alfit\/wp-json\/wp\/v2\/pages"}],"about":[{"href":"https:\/\/servidorlumen.com.br\/alfit\/wp-json\/wp\/v2\/types\/page"}],"author":[{"embeddable":true,"href":"https:\/\/servidorlumen.com.br\/alfit\/wp-json\/wp\/v2\/users\/1"}],"replies":[{"embeddable":true,"href":"https:\/\/servidorlumen.com.br\/alfit\/wp-json\/wp\/v2\/comments?post=109"}],"version-history":[{"count":24,"href":"https:\/\/servidorlumen.com.br\/alfit\/wp-json\/wp\/v2\/pages\/109\/revisions"}],"predecessor-version":[{"id":188,"href":"https:\/\/servidorlumen.com.br\/alfit\/wp-json\/wp\/v2\/pages\/109\/revisions\/188"}],"wp:attachment":[{"href":"https:\/\/servidorlumen.com.br\/alfit\/wp-json\/wp\/v2\/media?parent=109"}],"curies":[{"name":"wp","href":"https:\/\/api.w.org\/{rel}","templated":true}]}}