{"id":686,"date":"2024-12-02T18:45:27","date_gmt":"2024-12-02T18:45:27","guid":{"rendered":"https:\/\/servidorlumen.com.br\/adoc-solucoes-criativas\/?page_id=686"},"modified":"2024-12-02T18:51:02","modified_gmt":"2024-12-02T18:51:02","slug":"consultoria-financeira","status":"publish","type":"page","link":"https:\/\/servidorlumen.com.br\/adoc-solucoes-criativas\/consultoria-financeira\/","title":{"rendered":"Consultoria Financeira"},"content":{"rendered":"\t\t<div data-elementor-type=\"wp-page\" data-elementor-id=\"686\" class=\"elementor elementor-686\">\n\t\t\t\t<div class=\"elementor-element elementor-element-776c5f1 e-flex e-con-boxed e-con e-parent\" data-id=\"776c5f1\" data-element_type=\"container\" data-settings=\"{&quot;background_background&quot;:&quot;classic&quot;}\">\n\t\t\t\t\t<div class=\"e-con-inner\">\n\t\t<div class=\"elementor-element elementor-element-96f8236 e-con-full e-flex e-con e-child\" data-id=\"96f8236\" data-element_type=\"container\">\n\t\t<div class=\"elementor-element elementor-element-638d142 e-con-full e-flex e-con e-child\" data-id=\"638d142\" data-element_type=\"container\">\n\t\t<div class=\"elementor-element elementor-element-9fe6140 e-con-full e-flex e-con e-child\" data-id=\"9fe6140\" data-element_type=\"container\">\n\t\t\t\t<div class=\"elementor-element elementor-element-8c6b6d6 elementor-widget elementor-widget-text-editor\" data-id=\"8c6b6d6\" data-element_type=\"widget\" data-widget_type=\"text-editor.default\">\n\t\t\t\t<div class=\"elementor-widget-container\">\n\t\t\t\t\t\t\t<p>Adoc solu\u00e7\u00f5es<\/p>\t\t\t\t\t\t<\/div>\n\t\t\t\t<\/div>\n\t\t\t\t<div class=\"elementor-element elementor-element-e5d3b59 elementor-widget__width-initial elementor-widget elementor-widget-heading\" data-id=\"e5d3b59\" data-element_type=\"widget\" data-widget_type=\"heading.default\">\n\t\t\t\t<div class=\"elementor-widget-container\">\n\t\t\t<h2 class=\"elementor-heading-title elementor-size-default\">Consultoria Financeira<\/h2>\t\t<\/div>\n\t\t\t\t<\/div>\n\t\t<div class=\"elementor-element elementor-element-ac5bbe2 e-con-full e-flex e-con e-child\" data-id=\"ac5bbe2\" data-element_type=\"container\">\n\t\t\t\t<div class=\"elementor-element elementor-element-27e25da elementor-widget elementor-widget-text-editor\" data-id=\"27e25da\" data-element_type=\"widget\" data-widget_type=\"text-editor.default\">\n\t\t\t\t<div class=\"elementor-widget-container\">\n\t\t\t\t\t\t\t<p>Consultoria<\/p>\t\t\t\t\t\t<\/div>\n\t\t\t\t<\/div>\n\t\t\t\t<\/div>\n\t\t\t\t<\/div>\n\t\t\t\t<\/div>\n\t\t\t\t<\/div>\n\t\t\t\t<div class=\"elementor-element elementor-element-71aee44 elementor-widget__width-initial elementor-widget-divider--view-line elementor-widget elementor-widget-divider\" data-id=\"71aee44\" data-element_type=\"widget\" data-widget_type=\"divider.default\">\n\t\t\t\t<div class=\"elementor-widget-container\">\n\t\t\t\t\t<div class=\"elementor-divider\">\n\t\t\t<span class=\"elementor-divider-separator\">\n\t\t\t\t\t\t<\/span>\n\t\t<\/div>\n\t\t\t\t<\/div>\n\t\t\t\t<\/div>\n\t\t\t\t<div class=\"elementor-element elementor-element-446eaa1 elementor-widget elementor-widget-text-editor\" data-id=\"446eaa1\" data-element_type=\"widget\" data-widget_type=\"text-editor.default\">\n\t\t\t\t<div class=\"elementor-widget-container\">\n\t\t\t\t\t\t\t<p><strong>Consultoria Financeira: Controle e crescimento para o seu neg\u00f3cio<\/strong><\/p>\t\t\t\t\t\t<\/div>\n\t\t\t\t<\/div>\n\t\t\t\t<div class=\"elementor-element elementor-element-72890d6 elementor-widget elementor-widget-text-editor\" data-id=\"72890d6\" data-element_type=\"widget\" data-widget_type=\"text-editor.default\">\n\t\t\t\t<div class=\"elementor-widget-container\">\n\t\t\t\t\t\t\t<p>Na AdoC Solu\u00e7\u00f5es, ajudamos voc\u00ea a organizar suas finan\u00e7as e tomar decis\u00f5es estrat\u00e9gicas para o crescimento sustent\u00e1vel do seu neg\u00f3cio. Com uma vis\u00e3o clara e pr\u00e1tica, transformamos n\u00fameros em resultados.<\/p>\t\t\t\t\t\t<\/div>\n\t\t\t\t<\/div>\n\t\t<div class=\"elementor-element elementor-element-ebd91f4 e-con-full e-flex e-con e-child\" data-id=\"ebd91f4\" data-element_type=\"container\">\n\t\t<div class=\"elementor-element elementor-element-f41b9a1 e-con-full e-flex e-con e-child\" data-id=\"f41b9a1\" data-element_type=\"container\">\n\t\t<div class=\"elementor-element elementor-element-47ec41d e-con-full e-flex e-con e-child\" data-id=\"47ec41d\" data-element_type=\"container\">\n\t\t\t\t<div class=\"elementor-element elementor-element-1943b63 elementor-widget elementor-widget-heading\" data-id=\"1943b63\" data-element_type=\"widget\" data-widget_type=\"heading.default\">\n\t\t\t\t<div class=\"elementor-widget-container\">\n\t\t\t<h2 class=\"elementor-heading-title elementor-size-default\">\ud83d\udd39 An\u00e1lise detalhada:<\/h2>\t\t<\/div>\n\t\t\t\t<\/div>\n\t\t\t\t<\/div>\n\t\t\t\t<div class=\"elementor-element elementor-element-cf12e00 elementor-widget__width-initial elementor-widget-mobile__width-inherit elementor-widget elementor-widget-text-editor\" data-id=\"cf12e00\" data-element_type=\"widget\" data-widget_type=\"text-editor.default\">\n\t\t\t\t<div class=\"elementor-widget-container\">\n\t\t\t\t\t\t\t<p>Identificamos oportunidades, gargalos e pontos de melhoria nas suas finan\u00e7as.<\/p>\t\t\t\t\t\t<\/div>\n\t\t\t\t<\/div>\n\t\t\t\t<\/div>\n\t\t<div class=\"elementor-element elementor-element-ef8f1ef e-con-full e-flex e-con e-child\" data-id=\"ef8f1ef\" data-element_type=\"container\">\n\t\t<div class=\"elementor-element elementor-element-437ede6 e-con-full e-flex e-con e-child\" data-id=\"437ede6\" data-element_type=\"container\">\n\t\t\t\t<div class=\"elementor-element elementor-element-6055059 elementor-widget elementor-widget-heading\" data-id=\"6055059\" data-element_type=\"widget\" data-widget_type=\"heading.default\">\n\t\t\t\t<div class=\"elementor-widget-container\">\n\t\t\t<h2 class=\"elementor-heading-title elementor-size-default\">\ud83d\udd39 Planejamento financeiro: <\/h2>\t\t<\/div>\n\t\t\t\t<\/div>\n\t\t\t\t<\/div>\n\t\t\t\t<div class=\"elementor-element elementor-element-b449c52 elementor-widget__width-initial elementor-widget-mobile__width-inherit elementor-widget elementor-widget-text-editor\" data-id=\"b449c52\" data-element_type=\"widget\" data-widget_type=\"text-editor.default\">\n\t\t\t\t<div class=\"elementor-widget-container\">\n\t\t\t\t\t\t\t<p>Criamos estrat\u00e9gias personalizadas para maximizar lucro e reduzir custos.<\/p>\t\t\t\t\t\t<\/div>\n\t\t\t\t<\/div>\n\t\t\t\t<\/div>\n\t\t<div class=\"elementor-element elementor-element-5cc80cf e-con-full e-flex e-con e-child\" data-id=\"5cc80cf\" data-element_type=\"container\">\n\t\t<div class=\"elementor-element elementor-element-a083c85 e-con-full e-flex e-con e-child\" data-id=\"a083c85\" data-element_type=\"container\">\n\t\t\t\t<div class=\"elementor-element elementor-element-f4ec861 elementor-widget elementor-widget-heading\" data-id=\"f4ec861\" data-element_type=\"widget\" data-widget_type=\"heading.default\">\n\t\t\t\t<div class=\"elementor-widget-container\">\n\t\t\t<h2 class=\"elementor-heading-title elementor-size-default\">\ud83d\udd39 Gest\u00e3o simplificada:<\/h2>\t\t<\/div>\n\t\t\t\t<\/div>\n\t\t\t\t<\/div>\n\t\t\t\t<div class=\"elementor-element elementor-element-ca652b3 elementor-widget__width-initial elementor-widget-mobile__width-inherit elementor-widget elementor-widget-text-editor\" data-id=\"ca652b3\" data-element_type=\"widget\" data-widget_type=\"text-editor.default\">\n\t\t\t\t<div class=\"elementor-widget-container\">\n\t\t\t\t\t\t\t<p>Ferramentas e orienta\u00e7\u00f5es que facilitam o dia a dia financeiro da sua empresa.<\/p>\t\t\t\t\t\t<\/div>\n\t\t\t\t<\/div>\n\t\t\t\t<\/div>\n\t\t\t\t<\/div>\n\t\t<div class=\"elementor-element elementor-element-fb482a6 e-con-full e-flex e-con e-child\" data-id=\"fb482a6\" data-element_type=\"container\">\n\t\t\t\t<div class=\"elementor-element elementor-element-230d535 elementor-widget elementor-widget-text-editor\" data-id=\"230d535\" data-element_type=\"widget\" data-widget_type=\"text-editor.default\">\n\t\t\t\t<div class=\"elementor-widget-container\">\n\t\t\t\t\t\t\t<p>\ud83d\udcca <strong>Transforme desafios financeiros em conquistas s\u00f3lidas.<\/strong><\/p>\t\t\t\t\t\t<\/div>\n\t\t\t\t<\/div>\n\t\t\t\t<div class=\"elementor-element elementor-element-bdea090 elementor-widget elementor-widget-text-editor\" data-id=\"bdea090\" data-element_type=\"widget\" data-widget_type=\"text-editor.default\">\n\t\t\t\t<div class=\"elementor-widget-container\">\n\t\t\t\t\t\t\t<div class=\"flex max-w-full flex-col flex-grow\"><div class=\"min-h-8 text-message flex w-full flex-col items-end gap-2 whitespace-normal break-words [.text-message+&amp;]:mt-5\" dir=\"auto\" data-message-author-role=\"assistant\" data-message-id=\"fa198bbb-6eb1-4e6c-aa81-bf455831c3a3\" data-message-model-slug=\"gpt-4o\"><div class=\"flex w-full flex-col gap-1 empty:hidden first:pt-[3px]\"><div class=\"markdown prose w-full break-words dark:prose-invert dark\"><p><strong>Contrate nossa consultoria e comece a crescer com seguran\u00e7a!<\/strong><\/p><\/div><\/div><\/div><\/div>\t\t\t\t\t\t<\/div>\n\t\t\t\t<\/div>\n\t\t\t\t<div class=\"elementor-element elementor-element-9281c3f elementor-align-right elementor-widget elementor-widget-button\" data-id=\"9281c3f\" data-element_type=\"widget\" data-widget_type=\"button.default\">\n\t\t\t\t<div class=\"elementor-widget-container\">\n\t\t\t\t\t\t\t<div class=\"elementor-button-wrapper\">\n\t\t\t\t\t<a class=\"elementor-button elementor-button-link elementor-size-sm elementor-animation-grow\" href=\"https:\/\/servidorlumen.com.br\/adoc-solucoes-criativas\/contato\/\">\n\t\t\t\t\t\t<span class=\"elementor-button-content-wrapper\">\n\t\t\t\t\t\t\t\t\t<span class=\"elementor-button-text\">Fale conosco<\/span>\n\t\t\t\t\t<\/span>\n\t\t\t\t\t<\/a>\n\t\t\t\t<\/div>\n\t\t\t\t\t\t<\/div>\n\t\t\t\t<\/div>\n\t\t\t\t<\/div>\n\t\t\t\t\t<\/div>\n\t\t\t\t<\/div>\n\t\t<div class=\"elementor-element elementor-element-92c992c e-flex e-con-boxed e-con e-parent\" data-id=\"92c992c\" data-element_type=\"container\" data-settings=\"{&quot;background_background&quot;:&quot;classic&quot;}\">\n\t\t\t\t\t<div class=\"e-con-inner\">\n\t\t\t\t<div class=\"elementor-element elementor-element-cf37830 elementor-widget__width-initial elementor-widget elementor-widget-button\" data-id=\"cf37830\" data-element_type=\"widget\" data-widget_type=\"button.default\">\n\t\t\t\t<div class=\"elementor-widget-container\">\n\t\t\t\t\t\t\t<div class=\"elementor-button-wrapper\">\n\t\t\t\t\t<a class=\"elementor-button elementor-button-link elementor-size-sm\" href=\"https:\/\/servidorlumen.com.br\/adoc-solucoes-criativas\/\">\n\t\t\t\t\t\t<span class=\"elementor-button-content-wrapper\">\n\t\t\t\t\t\t<span class=\"elementor-button-icon\">\n\t\t\t\t<svg aria-hidden=\"true\" class=\"e-font-icon-svg e-fas-arrow-left\" viewBox=\"0 0 448 512\" xmlns=\"http:\/\/www.w3.org\/2000\/svg\"><path d=\"M257.5 445.1l-22.2 22.2c-9.4 9.4-24.6 9.4-33.9 0L7 273c-9.4-9.4-9.4-24.6 0-33.9L201.4 44.7c9.4-9.4 24.6-9.4 33.9 0l22.2 22.2c9.5 9.5 9.3 25-.4 34.3L136.6 216H424c13.3 0 24 10.7 24 24v32c0 13.3-10.7 24-24 24H136.6l120.5 114.8c9.8 9.3 10 24.8.4 34.3z\"><\/path><\/svg>\t\t\t<\/span>\n\t\t\t\t\t\t\t\t<\/span>\n\t\t\t\t\t<\/a>\n\t\t\t\t<\/div>\n\t\t\t\t\t\t<\/div>\n\t\t\t\t<\/div>\n\t\t\t\t\t<\/div>\n\t\t\t\t<\/div>\n\t\t\t\t<\/div>\n\t\t","protected":false},"excerpt":{"rendered":"<p>Adoc solu\u00e7\u00f5es Consultoria Financeira Consultoria Consultoria Financeira: Controle e crescimento para o seu neg\u00f3cio Na AdoC Solu\u00e7\u00f5es, ajudamos voc\u00ea a organizar suas finan\u00e7as e tomar decis\u00f5es estrat\u00e9gicas para o crescimento sustent\u00e1vel do seu neg\u00f3cio. Com uma vis\u00e3o clara e pr\u00e1tica, transformamos n\u00fameros em resultados. \ud83d\udd39 An\u00e1lise detalhada: Identificamos oportunidades, gargalos e pontos de melhoria nas [&hellip;]<\/p>\n","protected":false},"author":1,"featured_media":0,"parent":0,"menu_order":0,"comment_status":"closed","ping_status":"closed","template":"elementor_header_footer","meta":{"footnotes":""},"class_list":["post-686","page","type-page","status-publish","hentry"],"_links":{"self":[{"href":"https:\/\/servidorlumen.com.br\/adoc-solucoes-criativas\/wp-json\/wp\/v2\/pages\/686","targetHints":{"allow":["GET"]}}],"collection":[{"href":"https:\/\/servidorlumen.com.br\/adoc-solucoes-criativas\/wp-json\/wp\/v2\/pages"}],"about":[{"href":"https:\/\/servidorlumen.com.br\/adoc-solucoes-criativas\/wp-json\/wp\/v2\/types\/page"}],"author":[{"embeddable":true,"href":"https:\/\/servidorlumen.com.br\/adoc-solucoes-criativas\/wp-json\/wp\/v2\/users\/1"}],"replies":[{"embeddable":true,"href":"https:\/\/servidorlumen.com.br\/adoc-solucoes-criativas\/wp-json\/wp\/v2\/comments?post=686"}],"version-history":[{"count":12,"href":"https:\/\/servidorlumen.com.br\/adoc-solucoes-criativas\/wp-json\/wp\/v2\/pages\/686\/revisions"}],"predecessor-version":[{"id":703,"href":"https:\/\/servidorlumen.com.br\/adoc-solucoes-criativas\/wp-json\/wp\/v2\/pages\/686\/revisions\/703"}],"wp:attachment":[{"href":"https:\/\/servidorlumen.com.br\/adoc-solucoes-criativas\/wp-json\/wp\/v2\/media?parent=686"}],"curies":[{"name":"wp","href":"https:\/\/api.w.org\/{rel}","templated":true}]}}