{"id":652,"date":"2024-12-02T18:21:23","date_gmt":"2024-12-02T18:21:23","guid":{"rendered":"https:\/\/servidorlumen.com.br\/adoc-solucoes-criativas\/?page_id=652"},"modified":"2024-12-02T18:33:36","modified_gmt":"2024-12-02T18:33:36","slug":"criacao-de-identidade-visual","status":"publish","type":"page","link":"https:\/\/servidorlumen.com.br\/adoc-solucoes-criativas\/criacao-de-identidade-visual\/","title":{"rendered":"Cria\u00e7\u00e3o de Identidade Visual"},"content":{"rendered":"\t\t<div data-elementor-type=\"wp-page\" data-elementor-id=\"652\" class=\"elementor elementor-652\">\n\t\t\t\t<div class=\"elementor-element elementor-element-776c5f1 e-flex e-con-boxed e-con e-parent\" data-id=\"776c5f1\" data-element_type=\"container\" data-settings=\"{&quot;background_background&quot;:&quot;classic&quot;}\">\n\t\t\t\t\t<div class=\"e-con-inner\">\n\t\t<div class=\"elementor-element elementor-element-96f8236 e-con-full e-flex e-con e-child\" data-id=\"96f8236\" data-element_type=\"container\">\n\t\t<div class=\"elementor-element elementor-element-638d142 e-con-full e-flex e-con e-child\" data-id=\"638d142\" data-element_type=\"container\">\n\t\t<div class=\"elementor-element elementor-element-9fe6140 e-con-full e-flex e-con e-child\" data-id=\"9fe6140\" data-element_type=\"container\">\n\t\t\t\t<div class=\"elementor-element elementor-element-8c6b6d6 elementor-widget elementor-widget-text-editor\" data-id=\"8c6b6d6\" data-element_type=\"widget\" data-widget_type=\"text-editor.default\">\n\t\t\t\t<div class=\"elementor-widget-container\">\n\t\t\t\t\t\t\t<p>Adoc solu\u00e7\u00f5es<\/p>\t\t\t\t\t\t<\/div>\n\t\t\t\t<\/div>\n\t\t\t\t<div class=\"elementor-element elementor-element-e5d3b59 elementor-widget__width-initial elementor-widget elementor-widget-heading\" data-id=\"e5d3b59\" data-element_type=\"widget\" data-widget_type=\"heading.default\">\n\t\t\t\t<div class=\"elementor-widget-container\">\n\t\t\t<h2 class=\"elementor-heading-title elementor-size-default\">Cria\u00e7\u00e3o de Identidade Visual<\/h2>\t\t<\/div>\n\t\t\t\t<\/div>\n\t\t<div class=\"elementor-element elementor-element-ac5bbe2 e-con-full e-flex e-con e-child\" data-id=\"ac5bbe2\" data-element_type=\"container\">\n\t\t\t\t<div class=\"elementor-element elementor-element-27e25da elementor-widget elementor-widget-text-editor\" data-id=\"27e25da\" data-element_type=\"widget\" data-widget_type=\"text-editor.default\">\n\t\t\t\t<div class=\"elementor-widget-container\">\n\t\t\t\t\t\t\t<p>ID Visual<\/p>\t\t\t\t\t\t<\/div>\n\t\t\t\t<\/div>\n\t\t\t\t<\/div>\n\t\t\t\t<\/div>\n\t\t\t\t<\/div>\n\t\t\t\t<\/div>\n\t\t\t\t<div class=\"elementor-element elementor-element-71aee44 elementor-widget__width-initial elementor-widget-divider--view-line elementor-widget elementor-widget-divider\" data-id=\"71aee44\" data-element_type=\"widget\" data-widget_type=\"divider.default\">\n\t\t\t\t<div class=\"elementor-widget-container\">\n\t\t\t\t\t<div class=\"elementor-divider\">\n\t\t\t<span class=\"elementor-divider-separator\">\n\t\t\t\t\t\t<\/span>\n\t\t<\/div>\n\t\t\t\t<\/div>\n\t\t\t\t<\/div>\n\t\t\t\t<div class=\"elementor-element elementor-element-446eaa1 elementor-widget elementor-widget-text-editor\" data-id=\"446eaa1\" data-element_type=\"widget\" data-widget_type=\"text-editor.default\">\n\t\t\t\t<div class=\"elementor-widget-container\">\n\t\t\t\t\t\t\t<p><strong>Transforme sua marca em uma experi\u00eancia inesquec\u00edvel!<\/strong><\/p>\t\t\t\t\t\t<\/div>\n\t\t\t\t<\/div>\n\t\t\t\t<div class=\"elementor-element elementor-element-72890d6 elementor-widget elementor-widget-text-editor\" data-id=\"72890d6\" data-element_type=\"widget\" data-widget_type=\"text-editor.default\">\n\t\t\t\t<div class=\"elementor-widget-container\">\n\t\t\t\t\t\t\t<p>Na AdoC Solu\u00e7\u00f5es, criamos <strong>identidades visuais<\/strong> que traduzem a ess\u00eancia da sua marca e conectam diretamente com o seu p\u00fablico. Do logotipo \u00e0 paleta de cores, cada detalhe \u00e9 pensado estrategicamente para comunicar sua mensagem de forma \u00fanica e memor\u00e1vel.<\/p>\t\t\t\t\t\t<\/div>\n\t\t\t\t<\/div>\n\t\t<div class=\"elementor-element elementor-element-ebd91f4 e-con-full e-flex e-con e-child\" data-id=\"ebd91f4\" data-element_type=\"container\">\n\t\t<div class=\"elementor-element elementor-element-f41b9a1 e-con-full e-flex e-con e-child\" data-id=\"f41b9a1\" data-element_type=\"container\">\n\t\t<div class=\"elementor-element elementor-element-47ec41d e-con-full e-flex e-con e-child\" data-id=\"47ec41d\" data-element_type=\"container\">\n\t\t\t\t<div class=\"elementor-element elementor-element-1943b63 elementor-widget elementor-widget-heading\" data-id=\"1943b63\" data-element_type=\"widget\" data-widget_type=\"heading.default\">\n\t\t\t\t<div class=\"elementor-widget-container\">\n\t\t\t<h2 class=\"elementor-heading-title elementor-size-default\">\ud83d\udd39 Destaque-se no mercado:<\/h2>\t\t<\/div>\n\t\t\t\t<\/div>\n\t\t\t\t<\/div>\n\t\t\t\t<div class=\"elementor-element elementor-element-cf12e00 elementor-widget__width-initial elementor-widget-mobile__width-inherit elementor-widget elementor-widget-text-editor\" data-id=\"cf12e00\" data-element_type=\"widget\" data-widget_type=\"text-editor.default\">\n\t\t\t\t<div class=\"elementor-widget-container\">\n\t\t\t\t\t\t\t<p>Seu neg\u00f3cio merece uma identidade forte e alinhada aos seus valores.<\/p>\t\t\t\t\t\t<\/div>\n\t\t\t\t<\/div>\n\t\t\t\t<\/div>\n\t\t<div class=\"elementor-element elementor-element-ef8f1ef e-con-full e-flex e-con e-child\" data-id=\"ef8f1ef\" data-element_type=\"container\">\n\t\t<div class=\"elementor-element elementor-element-437ede6 e-con-full e-flex e-con e-child\" data-id=\"437ede6\" data-element_type=\"container\">\n\t\t\t\t<div class=\"elementor-element elementor-element-6055059 elementor-widget elementor-widget-heading\" data-id=\"6055059\" data-element_type=\"widget\" data-widget_type=\"heading.default\">\n\t\t\t\t<div class=\"elementor-widget-container\">\n\t\t\t<h2 class=\"elementor-heading-title elementor-size-default\">\ud83d\udd39 Conex\u00e3o emocional:<\/h2>\t\t<\/div>\n\t\t\t\t<\/div>\n\t\t\t\t<\/div>\n\t\t\t\t<div class=\"elementor-element elementor-element-b449c52 elementor-widget__width-initial elementor-widget-mobile__width-inherit elementor-widget elementor-widget-text-editor\" data-id=\"b449c52\" data-element_type=\"widget\" data-widget_type=\"text-editor.default\">\n\t\t\t\t<div class=\"elementor-widget-container\">\n\t\t\t\t\t\t\t<p>Cative clientes com uma presen\u00e7a visual que inspira confian\u00e7a e empatia.<\/p>\t\t\t\t\t\t<\/div>\n\t\t\t\t<\/div>\n\t\t\t\t<\/div>\n\t\t<div class=\"elementor-element elementor-element-5cc80cf e-con-full e-flex e-con e-child\" data-id=\"5cc80cf\" data-element_type=\"container\">\n\t\t<div class=\"elementor-element elementor-element-a083c85 e-con-full e-flex e-con e-child\" data-id=\"a083c85\" data-element_type=\"container\">\n\t\t\t\t<div class=\"elementor-element elementor-element-f4ec861 elementor-widget elementor-widget-heading\" data-id=\"f4ec861\" data-element_type=\"widget\" data-widget_type=\"heading.default\">\n\t\t\t\t<div class=\"elementor-widget-container\">\n\t\t\t<h2 class=\"elementor-heading-title elementor-size-default\">\ud83d\udd39 Criatividade e estrat\u00e9gia:<\/h2>\t\t<\/div>\n\t\t\t\t<\/div>\n\t\t\t\t<\/div>\n\t\t\t\t<div class=\"elementor-element elementor-element-ca652b3 elementor-widget__width-initial elementor-widget-mobile__width-inherit elementor-widget elementor-widget-text-editor\" data-id=\"ca652b3\" data-element_type=\"widget\" data-widget_type=\"text-editor.default\">\n\t\t\t\t<div class=\"elementor-widget-container\">\n\t\t\t\t\t\t\t<p>Design criativo com foco em resultados.<\/p>\t\t\t\t\t\t<\/div>\n\t\t\t\t<\/div>\n\t\t\t\t<\/div>\n\t\t\t\t<\/div>\n\t\t<div class=\"elementor-element elementor-element-fa55475 e-con-full e-flex e-con e-child\" data-id=\"fa55475\" data-element_type=\"container\">\n\t\t\t\t<div class=\"elementor-element elementor-element-6f7c203 elementor-widget__width-initial elementor-widget-mobile__width-inherit elementor-widget elementor-widget-image\" data-id=\"6f7c203\" data-element_type=\"widget\" data-widget_type=\"image.default\">\n\t\t\t\t<div class=\"elementor-widget-container\">\n\t\t\t\t\t\t\t\t\t\t\t\t\t<img fetchpriority=\"high\" decoding=\"async\" width=\"1600\" height=\"1200\" src=\"https:\/\/servidorlumen.com.br\/adoc-solucoes-criativas\/wp-content\/uploads\/2024\/12\/WhatsApp-Image-2024-11-21-at-10.51.54.jpeg\" class=\"attachment-full size-full wp-image-655\" alt=\"\" srcset=\"https:\/\/servidorlumen.com.br\/adoc-solucoes-criativas\/wp-content\/uploads\/2024\/12\/WhatsApp-Image-2024-11-21-at-10.51.54.jpeg 1600w, https:\/\/servidorlumen.com.br\/adoc-solucoes-criativas\/wp-content\/uploads\/2024\/12\/WhatsApp-Image-2024-11-21-at-10.51.54-300x225.jpeg 300w, https:\/\/servidorlumen.com.br\/adoc-solucoes-criativas\/wp-content\/uploads\/2024\/12\/WhatsApp-Image-2024-11-21-at-10.51.54-1024x768.jpeg 1024w, https:\/\/servidorlumen.com.br\/adoc-solucoes-criativas\/wp-content\/uploads\/2024\/12\/WhatsApp-Image-2024-11-21-at-10.51.54-768x576.jpeg 768w, https:\/\/servidorlumen.com.br\/adoc-solucoes-criativas\/wp-content\/uploads\/2024\/12\/WhatsApp-Image-2024-11-21-at-10.51.54-1536x1152.jpeg 1536w\" sizes=\"(max-width: 1600px) 100vw, 1600px\" \/>\t\t\t\t\t\t\t\t\t\t\t\t\t<\/div>\n\t\t\t\t<\/div>\n\t\t\t\t<div class=\"elementor-element elementor-element-fa81a9d elementor-widget__width-initial elementor-widget-mobile__width-inherit elementor-widget elementor-widget-image\" data-id=\"fa81a9d\" data-element_type=\"widget\" data-widget_type=\"image.default\">\n\t\t\t\t<div class=\"elementor-widget-container\">\n\t\t\t\t\t\t\t\t\t\t\t\t\t<img decoding=\"async\" width=\"1792\" height=\"1278\" src=\"https:\/\/servidorlumen.com.br\/adoc-solucoes-criativas\/wp-content\/uploads\/2024\/12\/APRESENTACAO_page-0001.jpg\" class=\"attachment-full size-full wp-image-654\" alt=\"\" srcset=\"https:\/\/servidorlumen.com.br\/adoc-solucoes-criativas\/wp-content\/uploads\/2024\/12\/APRESENTACAO_page-0001.jpg 1792w, https:\/\/servidorlumen.com.br\/adoc-solucoes-criativas\/wp-content\/uploads\/2024\/12\/APRESENTACAO_page-0001-300x214.jpg 300w, https:\/\/servidorlumen.com.br\/adoc-solucoes-criativas\/wp-content\/uploads\/2024\/12\/APRESENTACAO_page-0001-1024x730.jpg 1024w, https:\/\/servidorlumen.com.br\/adoc-solucoes-criativas\/wp-content\/uploads\/2024\/12\/APRESENTACAO_page-0001-768x548.jpg 768w, https:\/\/servidorlumen.com.br\/adoc-solucoes-criativas\/wp-content\/uploads\/2024\/12\/APRESENTACAO_page-0001-1536x1095.jpg 1536w\" sizes=\"(max-width: 1792px) 100vw, 1792px\" \/>\t\t\t\t\t\t\t\t\t\t\t\t\t<\/div>\n\t\t\t\t<\/div>\n\t\t\t\t<\/div>\n\t\t<div class=\"elementor-element elementor-element-fb482a6 e-con-full e-flex e-con e-child\" data-id=\"fb482a6\" data-element_type=\"container\">\n\t\t\t\t<div class=\"elementor-element elementor-element-230d535 elementor-widget elementor-widget-text-editor\" data-id=\"230d535\" data-element_type=\"widget\" data-widget_type=\"text-editor.default\">\n\t\t\t\t<div class=\"elementor-widget-container\">\n\t\t\t\t\t\t\t<p>D\u00ea o pr\u00f3ximo passo para elevar sua marca.\u00a0<\/p>\t\t\t\t\t\t<\/div>\n\t\t\t\t<\/div>\n\t\t\t\t<div class=\"elementor-element elementor-element-bdea090 elementor-widget elementor-widget-text-editor\" data-id=\"bdea090\" data-element_type=\"widget\" data-widget_type=\"text-editor.default\">\n\t\t\t\t<div class=\"elementor-widget-container\">\n\t\t\t\t\t\t\t<p><strong>Transforme ideias em impacto visual com a AdoC Solu\u00e7\u00f5es.<\/strong><br \/><strong>Solicite seu projeto agora mesmo!<\/strong><\/p>\t\t\t\t\t\t<\/div>\n\t\t\t\t<\/div>\n\t\t\t\t<div class=\"elementor-element elementor-element-9281c3f elementor-align-right elementor-widget elementor-widget-button\" data-id=\"9281c3f\" data-element_type=\"widget\" data-widget_type=\"button.default\">\n\t\t\t\t<div class=\"elementor-widget-container\">\n\t\t\t\t\t\t\t<div class=\"elementor-button-wrapper\">\n\t\t\t\t\t<a class=\"elementor-button elementor-button-link elementor-size-sm elementor-animation-grow\" href=\"https:\/\/servidorlumen.com.br\/adoc-solucoes-criativas\/contato\/\">\n\t\t\t\t\t\t<span class=\"elementor-button-content-wrapper\">\n\t\t\t\t\t\t\t\t\t<span class=\"elementor-button-text\">Fale conosco<\/span>\n\t\t\t\t\t<\/span>\n\t\t\t\t\t<\/a>\n\t\t\t\t<\/div>\n\t\t\t\t\t\t<\/div>\n\t\t\t\t<\/div>\n\t\t\t\t<\/div>\n\t\t\t\t\t<\/div>\n\t\t\t\t<\/div>\n\t\t<div class=\"elementor-element elementor-element-92c992c e-flex e-con-boxed e-con e-parent\" data-id=\"92c992c\" data-element_type=\"container\" data-settings=\"{&quot;background_background&quot;:&quot;classic&quot;}\">\n\t\t\t\t\t<div class=\"e-con-inner\">\n\t\t\t\t<div class=\"elementor-element elementor-element-cf37830 elementor-widget__width-initial elementor-widget elementor-widget-button\" data-id=\"cf37830\" data-element_type=\"widget\" data-widget_type=\"button.default\">\n\t\t\t\t<div class=\"elementor-widget-container\">\n\t\t\t\t\t\t\t<div class=\"elementor-button-wrapper\">\n\t\t\t\t\t<a class=\"elementor-button elementor-button-link elementor-size-sm\" href=\"https:\/\/servidorlumen.com.br\/adoc-solucoes-criativas\/\">\n\t\t\t\t\t\t<span class=\"elementor-button-content-wrapper\">\n\t\t\t\t\t\t<span class=\"elementor-button-icon\">\n\t\t\t\t<svg aria-hidden=\"true\" class=\"e-font-icon-svg e-fas-arrow-left\" viewBox=\"0 0 448 512\" xmlns=\"http:\/\/www.w3.org\/2000\/svg\"><path d=\"M257.5 445.1l-22.2 22.2c-9.4 9.4-24.6 9.4-33.9 0L7 273c-9.4-9.4-9.4-24.6 0-33.9L201.4 44.7c9.4-9.4 24.6-9.4 33.9 0l22.2 22.2c9.5 9.5 9.3 25-.4 34.3L136.6 216H424c13.3 0 24 10.7 24 24v32c0 13.3-10.7 24-24 24H136.6l120.5 114.8c9.8 9.3 10 24.8.4 34.3z\"><\/path><\/svg>\t\t\t<\/span>\n\t\t\t\t\t\t\t\t<\/span>\n\t\t\t\t\t<\/a>\n\t\t\t\t<\/div>\n\t\t\t\t\t\t<\/div>\n\t\t\t\t<\/div>\n\t\t\t\t\t<\/div>\n\t\t\t\t<\/div>\n\t\t\t\t<\/div>\n\t\t","protected":false},"excerpt":{"rendered":"<p>Adoc solu\u00e7\u00f5es Cria\u00e7\u00e3o de Identidade Visual ID Visual Transforme sua marca em uma experi\u00eancia inesquec\u00edvel! Na AdoC Solu\u00e7\u00f5es, criamos identidades visuais que traduzem a ess\u00eancia da sua marca e conectam diretamente com o seu p\u00fablico. Do logotipo \u00e0 paleta de cores, cada detalhe \u00e9 pensado estrategicamente para comunicar sua mensagem de forma \u00fanica e memor\u00e1vel. [&hellip;]<\/p>\n","protected":false},"author":1,"featured_media":0,"parent":0,"menu_order":0,"comment_status":"closed","ping_status":"closed","template":"elementor_header_footer","meta":{"footnotes":""},"class_list":["post-652","page","type-page","status-publish","hentry"],"_links":{"self":[{"href":"https:\/\/servidorlumen.com.br\/adoc-solucoes-criativas\/wp-json\/wp\/v2\/pages\/652","targetHints":{"allow":["GET"]}}],"collection":[{"href":"https:\/\/servidorlumen.com.br\/adoc-solucoes-criativas\/wp-json\/wp\/v2\/pages"}],"about":[{"href":"https:\/\/servidorlumen.com.br\/adoc-solucoes-criativas\/wp-json\/wp\/v2\/types\/page"}],"author":[{"embeddable":true,"href":"https:\/\/servidorlumen.com.br\/adoc-solucoes-criativas\/wp-json\/wp\/v2\/users\/1"}],"replies":[{"embeddable":true,"href":"https:\/\/servidorlumen.com.br\/adoc-solucoes-criativas\/wp-json\/wp\/v2\/comments?post=652"}],"version-history":[{"count":9,"href":"https:\/\/servidorlumen.com.br\/adoc-solucoes-criativas\/wp-json\/wp\/v2\/pages\/652\/revisions"}],"predecessor-version":[{"id":664,"href":"https:\/\/servidorlumen.com.br\/adoc-solucoes-criativas\/wp-json\/wp\/v2\/pages\/652\/revisions\/664"}],"wp:attachment":[{"href":"https:\/\/servidorlumen.com.br\/adoc-solucoes-criativas\/wp-json\/wp\/v2\/media?parent=652"}],"curies":[{"name":"wp","href":"https:\/\/api.w.org\/{rel}","templated":true}]}}