{"id":524,"date":"2024-11-28T00:28:58","date_gmt":"2024-11-28T00:28:58","guid":{"rendered":"https:\/\/servidorlumen.com.br\/adoc-solucoes-criativas\/?page_id=524"},"modified":"2024-12-02T14:30:23","modified_gmt":"2024-12-02T14:30:23","slug":"home-copy-2","status":"publish","type":"page","link":"https:\/\/servidorlumen.com.br\/adoc-solucoes-criativas\/home-copy-2\/","title":{"rendered":"Sobre n\u00f3s"},"content":{"rendered":"\t\t<div data-elementor-type=\"wp-page\" data-elementor-id=\"524\" class=\"elementor elementor-524\">\n\t\t\t\t<div class=\"elementor-element elementor-element-413c79a e-flex e-con-boxed e-con e-parent\" data-id=\"413c79a\" data-element_type=\"container\" data-settings=\"{&quot;background_background&quot;:&quot;classic&quot;}\">\n\t\t\t\t\t<div class=\"e-con-inner\">\n\t\t\t\t<div class=\"elementor-element elementor-element-12fb7d1 elementor-widget elementor-widget-heading\" data-id=\"12fb7d1\" data-element_type=\"widget\" data-widget_type=\"heading.default\">\n\t\t\t\t<div class=\"elementor-widget-container\">\n\t\t\t<h2 class=\"elementor-heading-title elementor-size-default\">Sobre n\u00f3s<\/h2>\t\t<\/div>\n\t\t\t\t<\/div>\n\t\t\t\t\t<\/div>\n\t\t\t\t<\/div>\n\t\t<div class=\"elementor-element elementor-element-5371cda e-flex e-con-boxed e-con e-parent\" data-id=\"5371cda\" data-element_type=\"container\" data-settings=\"{&quot;background_background&quot;:&quot;classic&quot;}\">\n\t\t\t\t\t<div class=\"e-con-inner\">\n\t\t<div class=\"elementor-element elementor-element-b848e0f e-con-full e-flex e-con e-child\" data-id=\"b848e0f\" data-element_type=\"container\">\n\t\t\t\t<div class=\"elementor-element elementor-element-43bc406 animated-slow elementor-invisible elementor-widget elementor-widget-image\" data-id=\"43bc406\" data-element_type=\"widget\" data-settings=\"{&quot;_animation&quot;:&quot;fadeIn&quot;}\" data-widget_type=\"image.default\">\n\t\t\t\t<div class=\"elementor-widget-container\">\n\t\t\t\t\t\t\t\t\t\t\t\t\t<img fetchpriority=\"high\" decoding=\"async\" width=\"256\" height=\"256\" src=\"https:\/\/servidorlumen.com.br\/adoc-solucoes-criativas\/wp-content\/uploads\/2024\/11\/stars.png\" class=\"attachment-full size-full wp-image-530\" alt=\"\" srcset=\"https:\/\/servidorlumen.com.br\/adoc-solucoes-criativas\/wp-content\/uploads\/2024\/11\/stars.png 256w, https:\/\/servidorlumen.com.br\/adoc-solucoes-criativas\/wp-content\/uploads\/2024\/11\/stars-150x150.png 150w\" sizes=\"(max-width: 256px) 100vw, 256px\" \/>\t\t\t\t\t\t\t\t\t\t\t\t\t<\/div>\n\t\t\t\t<\/div>\n\t\t\t\t<div class=\"elementor-element elementor-element-c08ac0c elementor-widget__width-initial elementor-widget-tablet__width-initial elementor-widget-mobile__width-initial animated-slow elementor-invisible elementor-widget elementor-widget-heading\" data-id=\"c08ac0c\" data-element_type=\"widget\" data-settings=\"{&quot;_animation&quot;:&quot;fadeInLeft&quot;}\" data-widget_type=\"heading.default\">\n\t\t\t\t<div class=\"elementor-widget-container\">\n\t\t\t<h2 class=\"elementor-heading-title elementor-size-default\">Transformamos suas ideias em realidade.<\/h2>\t\t<\/div>\n\t\t\t\t<\/div>\n\t\t\t\t<\/div>\n\t\t<div class=\"elementor-element elementor-element-c938fad e-con-full e-flex e-con e-child\" data-id=\"c938fad\" data-element_type=\"container\">\n\t\t\t\t<div class=\"elementor-element elementor-element-f3d3418 elementor-widget elementor-widget-image\" data-id=\"f3d3418\" data-element_type=\"widget\" data-widget_type=\"image.default\">\n\t\t\t\t<div class=\"elementor-widget-container\">\n\t\t\t\t\t\t\t\t\t\t\t\t\t<img decoding=\"async\" width=\"1654\" height=\"2363\" src=\"https:\/\/servidorlumen.com.br\/adoc-solucoes-criativas\/wp-content\/uploads\/2024\/11\/agenda_frente-imagens-1.jpg\" class=\"attachment-full size-full wp-image-531\" alt=\"\" srcset=\"https:\/\/servidorlumen.com.br\/adoc-solucoes-criativas\/wp-content\/uploads\/2024\/11\/agenda_frente-imagens-1.jpg 1654w, https:\/\/servidorlumen.com.br\/adoc-solucoes-criativas\/wp-content\/uploads\/2024\/11\/agenda_frente-imagens-1-210x300.jpg 210w, https:\/\/servidorlumen.com.br\/adoc-solucoes-criativas\/wp-content\/uploads\/2024\/11\/agenda_frente-imagens-1-717x1024.jpg 717w, https:\/\/servidorlumen.com.br\/adoc-solucoes-criativas\/wp-content\/uploads\/2024\/11\/agenda_frente-imagens-1-768x1097.jpg 768w, https:\/\/servidorlumen.com.br\/adoc-solucoes-criativas\/wp-content\/uploads\/2024\/11\/agenda_frente-imagens-1-1075x1536.jpg 1075w, https:\/\/servidorlumen.com.br\/adoc-solucoes-criativas\/wp-content\/uploads\/2024\/11\/agenda_frente-imagens-1-1434x2048.jpg 1434w\" sizes=\"(max-width: 1654px) 100vw, 1654px\" \/>\t\t\t\t\t\t\t\t\t\t\t\t\t<\/div>\n\t\t\t\t<\/div>\n\t\t\t\t<\/div>\n\t\t\t\t\t<\/div>\n\t\t\t\t<\/div>\n\t\t<div class=\"elementor-element elementor-element-ed3dd50 e-flex e-con-boxed e-con e-parent\" data-id=\"ed3dd50\" data-element_type=\"container\" data-settings=\"{&quot;background_background&quot;:&quot;classic&quot;}\">\n\t\t\t\t\t<div class=\"e-con-inner\">\n\t\t<div class=\"elementor-element elementor-element-6302bbb e-con-full e-flex e-con e-child\" data-id=\"6302bbb\" data-element_type=\"container\">\n\t\t<div class=\"elementor-element elementor-element-e0b4eb2 e-con-full e-flex e-con e-child\" data-id=\"e0b4eb2\" data-element_type=\"container\">\n\t\t\t\t<div class=\"elementor-element elementor-element-306f0ef elementor-invisible elementor-widget elementor-widget-image\" data-id=\"306f0ef\" data-element_type=\"widget\" data-settings=\"{&quot;_animation&quot;:&quot;fadeInLeft&quot;}\" data-widget_type=\"image.default\">\n\t\t\t\t<div class=\"elementor-widget-container\">\n\t\t\t\t\t\t\t\t\t\t\t\t\t<img decoding=\"async\" width=\"1600\" height=\"1200\" src=\"https:\/\/servidorlumen.com.br\/adoc-solucoes-criativas\/wp-content\/uploads\/2024\/11\/WhatsApp-Image-2024-11-21-at-10.51.55-1.jpeg\" class=\"attachment-full size-full wp-image-535\" alt=\"\" srcset=\"https:\/\/servidorlumen.com.br\/adoc-solucoes-criativas\/wp-content\/uploads\/2024\/11\/WhatsApp-Image-2024-11-21-at-10.51.55-1.jpeg 1600w, https:\/\/servidorlumen.com.br\/adoc-solucoes-criativas\/wp-content\/uploads\/2024\/11\/WhatsApp-Image-2024-11-21-at-10.51.55-1-300x225.jpeg 300w, https:\/\/servidorlumen.com.br\/adoc-solucoes-criativas\/wp-content\/uploads\/2024\/11\/WhatsApp-Image-2024-11-21-at-10.51.55-1-1024x768.jpeg 1024w, https:\/\/servidorlumen.com.br\/adoc-solucoes-criativas\/wp-content\/uploads\/2024\/11\/WhatsApp-Image-2024-11-21-at-10.51.55-1-768x576.jpeg 768w, https:\/\/servidorlumen.com.br\/adoc-solucoes-criativas\/wp-content\/uploads\/2024\/11\/WhatsApp-Image-2024-11-21-at-10.51.55-1-1536x1152.jpeg 1536w\" sizes=\"(max-width: 1600px) 100vw, 1600px\" \/>\t\t\t\t\t\t\t\t\t\t\t\t\t<\/div>\n\t\t\t\t<\/div>\n\t\t\t\t<\/div>\n\t\t\t\t<div class=\"elementor-element elementor-element-996859d elementor-widget__width-initial elementor-align-left elementor-widget-tablet__width-initial elementor-widget elementor-widget-button\" data-id=\"996859d\" data-element_type=\"widget\" data-widget_type=\"button.default\">\n\t\t\t\t<div class=\"elementor-widget-container\">\n\t\t\t\t\t\t\t<div class=\"elementor-button-wrapper\">\n\t\t\t\t\t<a class=\"elementor-button elementor-button-link elementor-size-sm elementor-animation-grow\" href=\"https:\/\/www.adocsolucoes.com.br\/\" target=\"_blank\">\n\t\t\t\t\t\t<span class=\"elementor-button-content-wrapper\">\n\t\t\t\t\t\t<span class=\"elementor-button-icon\">\n\t\t\t\t<svg aria-hidden=\"true\" class=\"e-font-icon-svg e-fas-store-alt\" viewBox=\"0 0 640 512\" xmlns=\"http:\/\/www.w3.org\/2000\/svg\"><path d=\"M320 384H128V224H64v256c0 17.7 14.3 32 32 32h256c17.7 0 32-14.3 32-32V224h-64v160zm314.6-241.8l-85.3-128c-6-8.9-16-14.2-26.7-14.2H117.4c-10.7 0-20.7 5.3-26.6 14.2l-85.3 128c-14.2 21.3 1 49.8 26.6 49.8H608c25.5 0 40.7-28.5 26.6-49.8zM512 496c0 8.8 7.2 16 16 16h32c8.8 0 16-7.2 16-16V224h-64v272z\"><\/path><\/svg>\t\t\t<\/span>\n\t\t\t\t\t\t\t\t\t<span class=\"elementor-button-text\">Visite nossa loja<\/span>\n\t\t\t\t\t<\/span>\n\t\t\t\t\t<\/a>\n\t\t\t\t<\/div>\n\t\t\t\t\t\t<\/div>\n\t\t\t\t<\/div>\n\t\t\t\t<\/div>\n\t\t<div class=\"elementor-element elementor-element-09d3270 e-con-full e-flex e-con e-child\" data-id=\"09d3270\" data-element_type=\"container\">\n\t\t\t\t<div class=\"elementor-element elementor-element-ad8272f elementor-invisible elementor-widget elementor-widget-text-editor\" data-id=\"ad8272f\" data-element_type=\"widget\" data-settings=\"{&quot;_animation&quot;:&quot;fadeInRight&quot;}\" data-widget_type=\"text-editor.default\">\n\t\t\t\t<div class=\"elementor-widget-container\">\n\t\t\t\t\t\t\t<p>A ADOC Solu\u00e7\u00f5es Criativas nasceu com um prop\u00f3sito claro: apoiar o crescimento de empresas por meio de solu\u00e7\u00f5es inovadoras e personalizadas. Com uma equipe focada em agilidade e criatividade, oferecemos produtos e servi\u00e7os pensados para atender \u00e0s necessidades reais do seu neg\u00f3cio. Acreditamos que cada marca merece uma chance de brilhar no mercado e trabalhamos para construir uma presen\u00e7a forte e aut\u00eantica para cada cliente.<\/p>\t\t\t\t\t\t<\/div>\n\t\t\t\t<\/div>\n\t\t\t\t<\/div>\n\t\t\t\t\t<\/div>\n\t\t\t\t<\/div>\n\t\t<div class=\"elementor-element elementor-element-5c5fada e-flex e-con-boxed e-con e-parent\" data-id=\"5c5fada\" data-element_type=\"container\" data-settings=\"{&quot;background_background&quot;:&quot;classic&quot;}\">\n\t\t\t\t\t<div class=\"e-con-inner\">\n\t\t\t\t\t<\/div>\n\t\t\t\t<\/div>\n\t\t<div class=\"elementor-element elementor-element-4e9a177 e-flex e-con-boxed e-con e-parent\" data-id=\"4e9a177\" data-element_type=\"container\" data-settings=\"{&quot;background_background&quot;:&quot;classic&quot;}\">\n\t\t\t\t\t<div class=\"e-con-inner\">\n\t\t<div class=\"elementor-element elementor-element-dd0cb94 e-con-full e-flex e-con e-child\" data-id=\"dd0cb94\" data-element_type=\"container\">\n\t\t\t\t<div class=\"elementor-element elementor-element-527c8f3 elementor-widget elementor-widget-heading\" data-id=\"527c8f3\" data-element_type=\"widget\" data-widget_type=\"heading.default\">\n\t\t\t\t<div class=\"elementor-widget-container\">\n\t\t\t<h2 class=\"elementor-heading-title elementor-size-default\">MARKETING<\/h2>\t\t<\/div>\n\t\t\t\t<\/div>\n\t\t\t\t<div class=\"elementor-element elementor-element-cba4f2e elementor-widget__width-initial elementor-widget elementor-widget-text-editor\" data-id=\"cba4f2e\" data-element_type=\"widget\" data-widget_type=\"text-editor.default\">\n\t\t\t\t<div class=\"elementor-widget-container\">\n\t\t\t\t\t\t\t<p>Transformamos ideias em marcas memor\u00e1veis!<\/p>\t\t\t\t\t\t<\/div>\n\t\t\t\t<\/div>\n\t\t\t\t<div class=\"elementor-element elementor-element-746d527 elementor-widget__width-initial elementor-widget elementor-widget-text-editor\" data-id=\"746d527\" data-element_type=\"widget\" data-widget_type=\"text-editor.default\">\n\t\t\t\t<div class=\"elementor-widget-container\">\n\t\t\t\t\t\t\t<p>Oferecemos Cria\u00e7\u00e3o de Identidade Visual, Consultoria de Marketing, Pacotes para Redes Sociais e Concep\u00e7\u00e3o de Personagens.<\/p>\t\t\t\t\t\t<\/div>\n\t\t\t\t<\/div>\n\t\t\t\t<\/div>\n\t\t<div class=\"elementor-element elementor-element-1e23c88 e-con-full e-flex e-con e-child\" data-id=\"1e23c88\" data-element_type=\"container\">\n\t\t\t\t<div class=\"elementor-element elementor-element-7c13d0b elementor-widget elementor-widget-heading\" data-id=\"7c13d0b\" data-element_type=\"widget\" data-widget_type=\"heading.default\">\n\t\t\t\t<div class=\"elementor-widget-container\">\n\t\t\t<h2 class=\"elementor-heading-title elementor-size-default\">FINANCEIRO<\/h2>\t\t<\/div>\n\t\t\t\t<\/div>\n\t\t\t\t<div class=\"elementor-element elementor-element-4a047a5 elementor-widget__width-initial elementor-widget elementor-widget-text-editor\" data-id=\"4a047a5\" data-element_type=\"widget\" data-widget_type=\"text-editor.default\">\n\t\t\t\t<div class=\"elementor-widget-container\">\n\t\t\t\t\t\t\t<p>Simplifique sua gest\u00e3o e proteja seus neg\u00f3cios!<\/p>\t\t\t\t\t\t<\/div>\n\t\t\t\t<\/div>\n\t\t\t\t<div class=\"elementor-element elementor-element-1b73485 elementor-widget__width-initial elementor-widget elementor-widget-text-editor\" data-id=\"1b73485\" data-element_type=\"widget\" data-widget_type=\"text-editor.default\">\n\t\t\t\t<div class=\"elementor-widget-container\">\n\t\t\t\t\t\t\t<p>Nossos servi\u00e7os incluem Consultoria Financeira, Registro de Marca e Planilhas personalizadas para organizar suas finan\u00e7as.<\/p>\t\t\t\t\t\t<\/div>\n\t\t\t\t<\/div>\n\t\t\t\t<\/div>\n\t\t<div class=\"elementor-element elementor-element-edf363c e-con-full e-flex e-con e-child\" data-id=\"edf363c\" data-element_type=\"container\">\n\t\t\t\t<div class=\"elementor-element elementor-element-95b6f8d elementor-widget__width-initial elementor-widget elementor-widget-heading\" data-id=\"95b6f8d\" data-element_type=\"widget\" data-widget_type=\"heading.default\">\n\t\t\t\t<div class=\"elementor-widget-container\">\n\t\t\t<h2 class=\"elementor-heading-title elementor-size-default\">PRODUTOS \u00c0 PRONTA ENTREGA<\/h2>\t\t<\/div>\n\t\t\t\t<\/div>\n\t\t\t\t<div class=\"elementor-element elementor-element-c73ff57 elementor-widget elementor-widget-text-editor\" data-id=\"c73ff57\" data-element_type=\"widget\" data-widget_type=\"text-editor.default\">\n\t\t\t\t<div class=\"elementor-widget-container\">\n\t\t\t\t\t\t\t<p>Praticidade ao seu alcance!<\/p>\t\t\t\t\t\t<\/div>\n\t\t\t\t<\/div>\n\t\t\t\t<div class=\"elementor-element elementor-element-9003ef8 elementor-widget__width-initial elementor-widget elementor-widget-text-editor\" data-id=\"9003ef8\" data-element_type=\"widget\" data-widget_type=\"text-editor.default\">\n\t\t\t\t<div class=\"elementor-widget-container\">\n\t\t\t\t\t\t\t<p>Disponibilizamos Planilhas e Apostilas prontas para uso, feitas para facilitar o seu dia a dia.<\/p>\t\t\t\t\t\t<\/div>\n\t\t\t\t<\/div>\n\t\t\t\t<div class=\"elementor-element elementor-element-19780c3 animated-slow elementor-invisible elementor-widget elementor-widget-image\" data-id=\"19780c3\" data-element_type=\"widget\" data-settings=\"{&quot;_animation&quot;:&quot;fadeIn&quot;}\" data-widget_type=\"image.default\">\n\t\t\t\t<div class=\"elementor-widget-container\">\n\t\t\t\t\t\t\t\t\t\t\t\t\t<img loading=\"lazy\" decoding=\"async\" width=\"256\" height=\"256\" src=\"https:\/\/servidorlumen.com.br\/adoc-solucoes-criativas\/wp-content\/uploads\/2024\/11\/rating.png\" class=\"attachment-full size-full wp-image-540\" alt=\"\" srcset=\"https:\/\/servidorlumen.com.br\/adoc-solucoes-criativas\/wp-content\/uploads\/2024\/11\/rating.png 256w, https:\/\/servidorlumen.com.br\/adoc-solucoes-criativas\/wp-content\/uploads\/2024\/11\/rating-150x150.png 150w\" sizes=\"(max-width: 256px) 100vw, 256px\" \/>\t\t\t\t\t\t\t\t\t\t\t\t\t<\/div>\n\t\t\t\t<\/div>\n\t\t\t\t<\/div>\n\t\t\t\t\t<\/div>\n\t\t\t\t<\/div>\n\t\t\t\t<\/div>\n\t\t","protected":false},"excerpt":{"rendered":"<p>Sobre n\u00f3s Transformamos suas ideias em realidade. Visite nossa loja A ADOC Solu\u00e7\u00f5es Criativas nasceu com um prop\u00f3sito claro: apoiar o crescimento de empresas por meio de solu\u00e7\u00f5es inovadoras e personalizadas. Com uma equipe focada em agilidade e criatividade, oferecemos produtos e servi\u00e7os pensados para atender \u00e0s necessidades reais do seu neg\u00f3cio. Acreditamos que cada [&hellip;]<\/p>\n","protected":false},"author":1,"featured_media":0,"parent":0,"menu_order":0,"comment_status":"closed","ping_status":"closed","template":"elementor_header_footer","meta":{"footnotes":""},"class_list":["post-524","page","type-page","status-publish","hentry"],"_links":{"self":[{"href":"https:\/\/servidorlumen.com.br\/adoc-solucoes-criativas\/wp-json\/wp\/v2\/pages\/524","targetHints":{"allow":["GET"]}}],"collection":[{"href":"https:\/\/servidorlumen.com.br\/adoc-solucoes-criativas\/wp-json\/wp\/v2\/pages"}],"about":[{"href":"https:\/\/servidorlumen.com.br\/adoc-solucoes-criativas\/wp-json\/wp\/v2\/types\/page"}],"author":[{"embeddable":true,"href":"https:\/\/servidorlumen.com.br\/adoc-solucoes-criativas\/wp-json\/wp\/v2\/users\/1"}],"replies":[{"embeddable":true,"href":"https:\/\/servidorlumen.com.br\/adoc-solucoes-criativas\/wp-json\/wp\/v2\/comments?post=524"}],"version-history":[{"count":42,"href":"https:\/\/servidorlumen.com.br\/adoc-solucoes-criativas\/wp-json\/wp\/v2\/pages\/524\/revisions"}],"predecessor-version":[{"id":651,"href":"https:\/\/servidorlumen.com.br\/adoc-solucoes-criativas\/wp-json\/wp\/v2\/pages\/524\/revisions\/651"}],"wp:attachment":[{"href":"https:\/\/servidorlumen.com.br\/adoc-solucoes-criativas\/wp-json\/wp\/v2\/media?parent=524"}],"curies":[{"name":"wp","href":"https:\/\/api.w.org\/{rel}","templated":true}]}}