{"id":487,"date":"2024-11-27T00:38:57","date_gmt":"2024-11-27T00:38:57","guid":{"rendered":"https:\/\/servidorlumen.com.br\/adoc-solucoes-criativas\/?page_id=487"},"modified":"2024-12-02T13:06:07","modified_gmt":"2024-12-02T13:06:07","slug":"tip-top-copy","status":"publish","type":"page","link":"https:\/\/servidorlumen.com.br\/adoc-solucoes-criativas\/tip-top-copy\/","title":{"rendered":"Concep\u00e7\u00e3o de personagens\u200b"},"content":{"rendered":"\t\t<div data-elementor-type=\"wp-page\" data-elementor-id=\"487\" class=\"elementor elementor-487\">\n\t\t\t\t<div class=\"elementor-element elementor-element-776c5f1 e-flex e-con-boxed e-con e-parent\" data-id=\"776c5f1\" data-element_type=\"container\" data-settings=\"{&quot;background_background&quot;:&quot;classic&quot;}\">\n\t\t\t\t\t<div class=\"e-con-inner\">\n\t\t<div class=\"elementor-element elementor-element-96f8236 e-con-full e-flex e-con e-child\" data-id=\"96f8236\" data-element_type=\"container\">\n\t\t<div class=\"elementor-element elementor-element-638d142 e-con-full e-flex e-con e-child\" data-id=\"638d142\" data-element_type=\"container\">\n\t\t<div class=\"elementor-element elementor-element-9fe6140 e-con-full e-flex e-con e-child\" data-id=\"9fe6140\" data-element_type=\"container\">\n\t\t\t\t<div class=\"elementor-element elementor-element-8c6b6d6 elementor-widget elementor-widget-text-editor\" data-id=\"8c6b6d6\" data-element_type=\"widget\" data-widget_type=\"text-editor.default\">\n\t\t\t\t<div class=\"elementor-widget-container\">\n\t\t\t\t\t\t\t<p>Adoc solu\u00e7\u00f5es<\/p>\t\t\t\t\t\t<\/div>\n\t\t\t\t<\/div>\n\t\t\t\t<div class=\"elementor-element elementor-element-e5d3b59 elementor-widget__width-initial elementor-widget elementor-widget-heading\" data-id=\"e5d3b59\" data-element_type=\"widget\" data-widget_type=\"heading.default\">\n\t\t\t\t<div class=\"elementor-widget-container\">\n\t\t\t<h2 class=\"elementor-heading-title elementor-size-default\">Concep\u00e7\u00e3o de personagens<\/h2>\t\t<\/div>\n\t\t\t\t<\/div>\n\t\t<div class=\"elementor-element elementor-element-ac5bbe2 e-con-full e-flex e-con e-child\" data-id=\"ac5bbe2\" data-element_type=\"container\">\n\t\t\t\t<div class=\"elementor-element elementor-element-27e25da elementor-widget elementor-widget-text-editor\" data-id=\"27e25da\" data-element_type=\"widget\" data-widget_type=\"text-editor.default\">\n\t\t\t\t<div class=\"elementor-widget-container\">\n\t\t\t\t\t\t\t<p>ID Visual<\/p>\t\t\t\t\t\t<\/div>\n\t\t\t\t<\/div>\n\t\t\t\t<\/div>\n\t\t\t\t<\/div>\n\t\t\t\t<\/div>\n\t\t\t\t<div class=\"elementor-element elementor-element-2a1c435 elementor-widget__width-initial elementor-widget elementor-widget-text-editor\" data-id=\"2a1c435\" data-element_type=\"widget\" data-widget_type=\"text-editor.default\">\n\t\t\t\t<div class=\"elementor-widget-container\">\n\t\t\t\t\t\t\t<p>Seja para jogos, anima\u00e7\u00f5es, ilustra\u00e7\u00f5es ou marcas, criamos figuras que emocionam, cativam e permanecem na mem\u00f3ria. Cada personagem \u00e9 cuidadosamente pensado para refletir sua ess\u00eancia e conectar-se profundamente com o p\u00fablico.<\/p>\t\t\t\t\t\t<\/div>\n\t\t\t\t<\/div>\n\t\t\t\t<\/div>\n\t\t\t\t<div class=\"elementor-element elementor-element-71aee44 elementor-widget__width-initial elementor-widget-divider--view-line elementor-widget elementor-widget-divider\" data-id=\"71aee44\" data-element_type=\"widget\" data-widget_type=\"divider.default\">\n\t\t\t\t<div class=\"elementor-widget-container\">\n\t\t\t\t\t<div class=\"elementor-divider\">\n\t\t\t<span class=\"elementor-divider-separator\">\n\t\t\t\t\t\t<\/span>\n\t\t<\/div>\n\t\t\t\t<\/div>\n\t\t\t\t<\/div>\n\t\t<div class=\"elementor-element elementor-element-9a640b0 e-con-full e-flex e-con e-child\" data-id=\"9a640b0\" data-element_type=\"container\">\n\t\t<div class=\"elementor-element elementor-element-2adee1c e-con-full animated-slow e-flex elementor-invisible e-con e-child\" data-id=\"2adee1c\" data-element_type=\"container\" data-settings=\"{&quot;animation&quot;:&quot;fadeInLeft&quot;}\">\n\t\t\t\t<div class=\"elementor-element elementor-element-f03438f elementor-invisible elementor-widget elementor-widget-image\" data-id=\"f03438f\" data-element_type=\"widget\" data-settings=\"{&quot;_animation&quot;:&quot;fadeInUp&quot;}\" data-widget_type=\"image.default\">\n\t\t\t\t<div class=\"elementor-widget-container\">\n\t\t\t\t\t\t\t\t\t\t\t\t\t<img fetchpriority=\"high\" decoding=\"async\" width=\"1425\" height=\"1478\" src=\"https:\/\/servidorlumen.com.br\/adoc-solucoes-criativas\/wp-content\/uploads\/2024\/11\/concep-personagem-1.jpeg\" class=\"attachment-full size-full wp-image-488\" alt=\"\" srcset=\"https:\/\/servidorlumen.com.br\/adoc-solucoes-criativas\/wp-content\/uploads\/2024\/11\/concep-personagem-1.jpeg 1425w, https:\/\/servidorlumen.com.br\/adoc-solucoes-criativas\/wp-content\/uploads\/2024\/11\/concep-personagem-1-289x300.jpeg 289w, https:\/\/servidorlumen.com.br\/adoc-solucoes-criativas\/wp-content\/uploads\/2024\/11\/concep-personagem-1-987x1024.jpeg 987w, https:\/\/servidorlumen.com.br\/adoc-solucoes-criativas\/wp-content\/uploads\/2024\/11\/concep-personagem-1-768x797.jpeg 768w\" sizes=\"(max-width: 1425px) 100vw, 1425px\" \/>\t\t\t\t\t\t\t\t\t\t\t\t\t<\/div>\n\t\t\t\t<\/div>\n\t\t\t\t<\/div>\n\t\t<div class=\"elementor-element elementor-element-6c35e17 e-con-full animated-slow e-flex elementor-invisible e-con e-child\" data-id=\"6c35e17\" data-element_type=\"container\" data-settings=\"{&quot;animation&quot;:&quot;fadeInLeft&quot;}\">\n\t\t\t\t<div class=\"elementor-element elementor-element-506a8aa elementor-widget elementor-widget-image\" data-id=\"506a8aa\" data-element_type=\"widget\" data-widget_type=\"image.default\">\n\t\t\t\t<div class=\"elementor-widget-container\">\n\t\t\t\t\t\t\t\t\t\t\t\t\t<img decoding=\"async\" width=\"899\" height=\"1599\" src=\"https:\/\/servidorlumen.com.br\/adoc-solucoes-criativas\/wp-content\/uploads\/2024\/11\/concep-personagem-8.jpeg\" class=\"attachment-full size-full wp-image-495\" alt=\"\" srcset=\"https:\/\/servidorlumen.com.br\/adoc-solucoes-criativas\/wp-content\/uploads\/2024\/11\/concep-personagem-8.jpeg 899w, https:\/\/servidorlumen.com.br\/adoc-solucoes-criativas\/wp-content\/uploads\/2024\/11\/concep-personagem-8-169x300.jpeg 169w, https:\/\/servidorlumen.com.br\/adoc-solucoes-criativas\/wp-content\/uploads\/2024\/11\/concep-personagem-8-576x1024.jpeg 576w, https:\/\/servidorlumen.com.br\/adoc-solucoes-criativas\/wp-content\/uploads\/2024\/11\/concep-personagem-8-768x1366.jpeg 768w, https:\/\/servidorlumen.com.br\/adoc-solucoes-criativas\/wp-content\/uploads\/2024\/11\/concep-personagem-8-864x1536.jpeg 864w\" sizes=\"(max-width: 899px) 100vw, 899px\" \/>\t\t\t\t\t\t\t\t\t\t\t\t\t<\/div>\n\t\t\t\t<\/div>\n\t\t\t\t<div class=\"elementor-element elementor-element-10ff8a4 elementor-widget elementor-widget-text-editor\" data-id=\"10ff8a4\" data-element_type=\"widget\" data-widget_type=\"text-editor.default\">\n\t\t\t\t<div class=\"elementor-widget-container\">\n\t\t\t\t\t\t\t<p>De tra\u00e7os iniciais \u00e0 concep\u00e7\u00e3o final, unimos criatividade e estrat\u00e9gia para garantir que cada detalhe conte uma hist\u00f3ria.<\/p>\t\t\t\t\t\t<\/div>\n\t\t\t\t<\/div>\n\t\t\t\t<\/div>\n\t\t<div class=\"elementor-element elementor-element-65aec85 e-con-full animated-slow e-flex elementor-invisible e-con e-child\" data-id=\"65aec85\" data-element_type=\"container\" data-settings=\"{&quot;animation&quot;:&quot;fadeInLeft&quot;}\">\n\t\t\t\t<div class=\"elementor-element elementor-element-e1cfc92 elementor-widget elementor-widget-image\" data-id=\"e1cfc92\" data-element_type=\"widget\" data-widget_type=\"image.default\">\n\t\t\t\t<div class=\"elementor-widget-container\">\n\t\t\t\t\t\t\t\t\t\t\t\t\t<img decoding=\"async\" width=\"1316\" height=\"1600\" src=\"https:\/\/servidorlumen.com.br\/adoc-solucoes-criativas\/wp-content\/uploads\/2024\/11\/concep-personagem-6.jpeg\" class=\"attachment-full size-full wp-image-493\" alt=\"\" srcset=\"https:\/\/servidorlumen.com.br\/adoc-solucoes-criativas\/wp-content\/uploads\/2024\/11\/concep-personagem-6.jpeg 1316w, https:\/\/servidorlumen.com.br\/adoc-solucoes-criativas\/wp-content\/uploads\/2024\/11\/concep-personagem-6-247x300.jpeg 247w, https:\/\/servidorlumen.com.br\/adoc-solucoes-criativas\/wp-content\/uploads\/2024\/11\/concep-personagem-6-842x1024.jpeg 842w, https:\/\/servidorlumen.com.br\/adoc-solucoes-criativas\/wp-content\/uploads\/2024\/11\/concep-personagem-6-768x934.jpeg 768w, https:\/\/servidorlumen.com.br\/adoc-solucoes-criativas\/wp-content\/uploads\/2024\/11\/concep-personagem-6-1263x1536.jpeg 1263w\" sizes=\"(max-width: 1316px) 100vw, 1316px\" \/>\t\t\t\t\t\t\t\t\t\t\t\t\t<\/div>\n\t\t\t\t<\/div>\n\t\t\t\t<\/div>\n\t\t<div class=\"elementor-element elementor-element-56fad0e e-con-full animated-slow e-flex elementor-invisible e-con e-child\" data-id=\"56fad0e\" data-element_type=\"container\" data-settings=\"{&quot;animation&quot;:&quot;fadeInLeft&quot;}\">\n\t\t\t\t<div class=\"elementor-element elementor-element-ea8662f elementor-widget elementor-widget-image\" data-id=\"ea8662f\" data-element_type=\"widget\" data-widget_type=\"image.default\">\n\t\t\t\t<div class=\"elementor-widget-container\">\n\t\t\t\t\t\t\t\t\t\t\t\t\t<img loading=\"lazy\" decoding=\"async\" width=\"1171\" height=\"1600\" src=\"https:\/\/servidorlumen.com.br\/adoc-solucoes-criativas\/wp-content\/uploads\/2024\/11\/concep-personagem-2.jpeg\" class=\"attachment-full size-full wp-image-489\" alt=\"\" srcset=\"https:\/\/servidorlumen.com.br\/adoc-solucoes-criativas\/wp-content\/uploads\/2024\/11\/concep-personagem-2.jpeg 1171w, https:\/\/servidorlumen.com.br\/adoc-solucoes-criativas\/wp-content\/uploads\/2024\/11\/concep-personagem-2-220x300.jpeg 220w, https:\/\/servidorlumen.com.br\/adoc-solucoes-criativas\/wp-content\/uploads\/2024\/11\/concep-personagem-2-749x1024.jpeg 749w, https:\/\/servidorlumen.com.br\/adoc-solucoes-criativas\/wp-content\/uploads\/2024\/11\/concep-personagem-2-768x1049.jpeg 768w, https:\/\/servidorlumen.com.br\/adoc-solucoes-criativas\/wp-content\/uploads\/2024\/11\/concep-personagem-2-1124x1536.jpeg 1124w\" sizes=\"(max-width: 1171px) 100vw, 1171px\" \/>\t\t\t\t\t\t\t\t\t\t\t\t\t<\/div>\n\t\t\t\t<\/div>\n\t\t\t\t<\/div>\n\t\t<div class=\"elementor-element elementor-element-f645bec e-con-full animated-slow e-flex elementor-invisible e-con e-child\" data-id=\"f645bec\" data-element_type=\"container\" data-settings=\"{&quot;animation&quot;:&quot;fadeInLeft&quot;}\">\n\t\t\t\t<div class=\"elementor-element elementor-element-68a87a6 elementor-widget elementor-widget-text-editor\" data-id=\"68a87a6\" data-element_type=\"widget\" data-widget_type=\"text-editor.default\">\n\t\t\t\t<div class=\"elementor-widget-container\">\n\t\t\t\t\t\t\t<p>Seu mundo ganha vida com protagonistas feitos para inspirar, divertir e deixar sua marca no universo criativo.<\/p>\t\t\t\t\t\t<\/div>\n\t\t\t\t<\/div>\n\t\t\t\t<\/div>\n\t\t<div class=\"elementor-element elementor-element-615b383 e-con-full animated-slow e-flex elementor-invisible e-con e-child\" data-id=\"615b383\" data-element_type=\"container\" data-settings=\"{&quot;animation&quot;:&quot;fadeInLeft&quot;}\">\n\t\t\t\t<div class=\"elementor-element elementor-element-c7d168e elementor-widget elementor-widget-image\" data-id=\"c7d168e\" data-element_type=\"widget\" data-widget_type=\"image.default\">\n\t\t\t\t<div class=\"elementor-widget-container\">\n\t\t\t\t\t\t\t\t\t\t\t\t\t<img loading=\"lazy\" decoding=\"async\" width=\"962\" height=\"1600\" src=\"https:\/\/servidorlumen.com.br\/adoc-solucoes-criativas\/wp-content\/uploads\/2024\/11\/concep-personagem-3.jpeg\" class=\"attachment-full size-full wp-image-490\" alt=\"\" srcset=\"https:\/\/servidorlumen.com.br\/adoc-solucoes-criativas\/wp-content\/uploads\/2024\/11\/concep-personagem-3.jpeg 962w, https:\/\/servidorlumen.com.br\/adoc-solucoes-criativas\/wp-content\/uploads\/2024\/11\/concep-personagem-3-180x300.jpeg 180w, https:\/\/servidorlumen.com.br\/adoc-solucoes-criativas\/wp-content\/uploads\/2024\/11\/concep-personagem-3-616x1024.jpeg 616w, https:\/\/servidorlumen.com.br\/adoc-solucoes-criativas\/wp-content\/uploads\/2024\/11\/concep-personagem-3-768x1277.jpeg 768w, https:\/\/servidorlumen.com.br\/adoc-solucoes-criativas\/wp-content\/uploads\/2024\/11\/concep-personagem-3-924x1536.jpeg 924w\" sizes=\"(max-width: 962px) 100vw, 962px\" \/>\t\t\t\t\t\t\t\t\t\t\t\t\t<\/div>\n\t\t\t\t<\/div>\n\t\t\t\t<\/div>\n\t\t<div class=\"elementor-element elementor-element-d4f7ce8 e-con-full animated-slow e-flex elementor-invisible e-con e-child\" data-id=\"d4f7ce8\" data-element_type=\"container\" data-settings=\"{&quot;animation&quot;:&quot;fadeInLeft&quot;}\">\n\t\t\t\t<div class=\"elementor-element elementor-element-3931d8a elementor-widget elementor-widget-image\" data-id=\"3931d8a\" data-element_type=\"widget\" data-widget_type=\"image.default\">\n\t\t\t\t<div class=\"elementor-widget-container\">\n\t\t\t\t\t\t\t\t\t\t\t\t\t<img loading=\"lazy\" decoding=\"async\" width=\"1091\" height=\"1600\" src=\"https:\/\/servidorlumen.com.br\/adoc-solucoes-criativas\/wp-content\/uploads\/2024\/11\/concep-personagem-4.jpeg\" class=\"attachment-full size-full wp-image-491\" alt=\"\" srcset=\"https:\/\/servidorlumen.com.br\/adoc-solucoes-criativas\/wp-content\/uploads\/2024\/11\/concep-personagem-4.jpeg 1091w, https:\/\/servidorlumen.com.br\/adoc-solucoes-criativas\/wp-content\/uploads\/2024\/11\/concep-personagem-4-205x300.jpeg 205w, https:\/\/servidorlumen.com.br\/adoc-solucoes-criativas\/wp-content\/uploads\/2024\/11\/concep-personagem-4-698x1024.jpeg 698w, https:\/\/servidorlumen.com.br\/adoc-solucoes-criativas\/wp-content\/uploads\/2024\/11\/concep-personagem-4-768x1126.jpeg 768w, https:\/\/servidorlumen.com.br\/adoc-solucoes-criativas\/wp-content\/uploads\/2024\/11\/concep-personagem-4-1047x1536.jpeg 1047w\" sizes=\"(max-width: 1091px) 100vw, 1091px\" \/>\t\t\t\t\t\t\t\t\t\t\t\t\t<\/div>\n\t\t\t\t<\/div>\n\t\t\t\t<\/div>\n\t\t<div class=\"elementor-element elementor-element-bdc44eb e-con-full animated-slow e-flex elementor-invisible e-con e-child\" data-id=\"bdc44eb\" data-element_type=\"container\" data-settings=\"{&quot;animation&quot;:&quot;fadeInLeft&quot;}\">\n\t\t\t\t<div class=\"elementor-element elementor-element-83b04f5 elementor-widget elementor-widget-image\" data-id=\"83b04f5\" data-element_type=\"widget\" data-widget_type=\"image.default\">\n\t\t\t\t<div class=\"elementor-widget-container\">\n\t\t\t\t\t\t\t\t\t\t\t\t\t<img loading=\"lazy\" decoding=\"async\" width=\"1327\" height=\"1600\" src=\"https:\/\/servidorlumen.com.br\/adoc-solucoes-criativas\/wp-content\/uploads\/2024\/11\/concep-personagem-7.jpeg\" class=\"attachment-full size-full wp-image-494\" alt=\"\" srcset=\"https:\/\/servidorlumen.com.br\/adoc-solucoes-criativas\/wp-content\/uploads\/2024\/11\/concep-personagem-7.jpeg 1327w, https:\/\/servidorlumen.com.br\/adoc-solucoes-criativas\/wp-content\/uploads\/2024\/11\/concep-personagem-7-249x300.jpeg 249w, https:\/\/servidorlumen.com.br\/adoc-solucoes-criativas\/wp-content\/uploads\/2024\/11\/concep-personagem-7-849x1024.jpeg 849w, https:\/\/servidorlumen.com.br\/adoc-solucoes-criativas\/wp-content\/uploads\/2024\/11\/concep-personagem-7-768x926.jpeg 768w, https:\/\/servidorlumen.com.br\/adoc-solucoes-criativas\/wp-content\/uploads\/2024\/11\/concep-personagem-7-1274x1536.jpeg 1274w\" sizes=\"(max-width: 1327px) 100vw, 1327px\" \/>\t\t\t\t\t\t\t\t\t\t\t\t\t<\/div>\n\t\t\t\t<\/div>\n\t\t\t\t<\/div>\n\t\t<div class=\"elementor-element elementor-element-56da5ba e-con-full animated-slow e-flex elementor-invisible e-con e-child\" data-id=\"56da5ba\" data-element_type=\"container\" data-settings=\"{&quot;animation&quot;:&quot;fadeInLeft&quot;}\">\n\t\t\t\t<div class=\"elementor-element elementor-element-70fb4a8 elementor-widget elementor-widget-image\" data-id=\"70fb4a8\" data-element_type=\"widget\" data-widget_type=\"image.default\">\n\t\t\t\t<div class=\"elementor-widget-container\">\n\t\t\t\t\t\t\t\t\t\t\t\t\t<img loading=\"lazy\" decoding=\"async\" width=\"1600\" height=\"1262\" src=\"https:\/\/servidorlumen.com.br\/adoc-solucoes-criativas\/wp-content\/uploads\/2024\/11\/concep-personagem-5.jpeg\" class=\"attachment-full size-full wp-image-492\" alt=\"\" srcset=\"https:\/\/servidorlumen.com.br\/adoc-solucoes-criativas\/wp-content\/uploads\/2024\/11\/concep-personagem-5.jpeg 1600w, https:\/\/servidorlumen.com.br\/adoc-solucoes-criativas\/wp-content\/uploads\/2024\/11\/concep-personagem-5-300x237.jpeg 300w, https:\/\/servidorlumen.com.br\/adoc-solucoes-criativas\/wp-content\/uploads\/2024\/11\/concep-personagem-5-1024x808.jpeg 1024w, https:\/\/servidorlumen.com.br\/adoc-solucoes-criativas\/wp-content\/uploads\/2024\/11\/concep-personagem-5-768x606.jpeg 768w, https:\/\/servidorlumen.com.br\/adoc-solucoes-criativas\/wp-content\/uploads\/2024\/11\/concep-personagem-5-1536x1212.jpeg 1536w\" sizes=\"(max-width: 1600px) 100vw, 1600px\" \/>\t\t\t\t\t\t\t\t\t\t\t\t\t<\/div>\n\t\t\t\t<\/div>\n\t\t\t\t<\/div>\n\t\t\t\t<\/div>\n\t\t\t\t\t<\/div>\n\t\t\t\t<\/div>\n\t\t<div class=\"elementor-element elementor-element-92c992c e-flex e-con-boxed e-con e-parent\" data-id=\"92c992c\" data-element_type=\"container\" data-settings=\"{&quot;background_background&quot;:&quot;classic&quot;}\">\n\t\t\t\t\t<div class=\"e-con-inner\">\n\t\t\t\t<div class=\"elementor-element elementor-element-cf37830 elementor-widget__width-initial elementor-widget elementor-widget-button\" data-id=\"cf37830\" data-element_type=\"widget\" data-widget_type=\"button.default\">\n\t\t\t\t<div class=\"elementor-widget-container\">\n\t\t\t\t\t\t\t<div class=\"elementor-button-wrapper\">\n\t\t\t\t\t<a class=\"elementor-button elementor-button-link elementor-size-sm\" href=\"https:\/\/servidorlumen.com.br\/adoc-solucoes-criativas\/\">\n\t\t\t\t\t\t<span class=\"elementor-button-content-wrapper\">\n\t\t\t\t\t\t<span class=\"elementor-button-icon\">\n\t\t\t\t<svg aria-hidden=\"true\" class=\"e-font-icon-svg e-fas-arrow-left\" viewBox=\"0 0 448 512\" xmlns=\"http:\/\/www.w3.org\/2000\/svg\"><path d=\"M257.5 445.1l-22.2 22.2c-9.4 9.4-24.6 9.4-33.9 0L7 273c-9.4-9.4-9.4-24.6 0-33.9L201.4 44.7c9.4-9.4 24.6-9.4 33.9 0l22.2 22.2c9.5 9.5 9.3 25-.4 34.3L136.6 216H424c13.3 0 24 10.7 24 24v32c0 13.3-10.7 24-24 24H136.6l120.5 114.8c9.8 9.3 10 24.8.4 34.3z\"><\/path><\/svg>\t\t\t<\/span>\n\t\t\t\t\t\t\t\t<\/span>\n\t\t\t\t\t<\/a>\n\t\t\t\t<\/div>\n\t\t\t\t\t\t<\/div>\n\t\t\t\t<\/div>\n\t\t<div class=\"elementor-element elementor-element-c7fae2f e-con-full e-flex e-con e-child\" data-id=\"c7fae2f\" data-element_type=\"container\">\n\t\t<div class=\"elementor-element elementor-element-0b5dd8d e-con-full e-flex e-con e-child\" data-id=\"0b5dd8d\" data-element_type=\"container\">\n\t\t\t\t<div class=\"elementor-element elementor-element-9fb601a elementor-widget elementor-widget-text-editor\" data-id=\"9fb601a\" data-element_type=\"widget\" data-widget_type=\"text-editor.default\">\n\t\t\t\t<div class=\"elementor-widget-container\">\n\t\t\t\t\t\t\t<p>Damos vida aos personagens que contam sua hist\u00f3ria.<\/p>\t\t\t\t\t\t<\/div>\n\t\t\t\t<\/div>\n\t\t\t\t<\/div>\n\t\t<div class=\"elementor-element elementor-element-b0eddc1 e-con-full e-flex e-con e-child\" data-id=\"b0eddc1\" data-element_type=\"container\">\n\t\t\t\t<div class=\"elementor-element elementor-element-e72676a elementor-widget elementor-widget-text-editor\" data-id=\"e72676a\" data-element_type=\"widget\" data-widget_type=\"text-editor.default\">\n\t\t\t\t<div class=\"elementor-widget-container\">\n\t\t\t\t\t\t\t<p>Pronto para criar o pr\u00f3ximo \u00edcone? Vamos construir juntos personagens que falem por voc\u00ea!<\/p>\t\t\t\t\t\t<\/div>\n\t\t\t\t<\/div>\n\t\t\t\t<\/div>\n\t\t\t\t<\/div>\n\t\t\t\t<div class=\"elementor-element elementor-element-49dde29 elementor-widget__width-initial elementor-widget elementor-widget-image\" data-id=\"49dde29\" data-element_type=\"widget\" data-widget_type=\"image.default\">\n\t\t\t\t<div class=\"elementor-widget-container\">\n\t\t\t\t\t\t\t\t\t\t\t\t\t<img loading=\"lazy\" decoding=\"async\" width=\"2585\" height=\"2167\" src=\"https:\/\/servidorlumen.com.br\/adoc-solucoes-criativas\/wp-content\/uploads\/2024\/11\/Copia-de-White-and-Green-Floral-Congratulations-Facebook-Post.png\" class=\"attachment-full size-full wp-image-503\" alt=\"\" srcset=\"https:\/\/servidorlumen.com.br\/adoc-solucoes-criativas\/wp-content\/uploads\/2024\/11\/Copia-de-White-and-Green-Floral-Congratulations-Facebook-Post.png 2585w, https:\/\/servidorlumen.com.br\/adoc-solucoes-criativas\/wp-content\/uploads\/2024\/11\/Copia-de-White-and-Green-Floral-Congratulations-Facebook-Post-300x251.png 300w, https:\/\/servidorlumen.com.br\/adoc-solucoes-criativas\/wp-content\/uploads\/2024\/11\/Copia-de-White-and-Green-Floral-Congratulations-Facebook-Post-1024x858.png 1024w, https:\/\/servidorlumen.com.br\/adoc-solucoes-criativas\/wp-content\/uploads\/2024\/11\/Copia-de-White-and-Green-Floral-Congratulations-Facebook-Post-768x644.png 768w, https:\/\/servidorlumen.com.br\/adoc-solucoes-criativas\/wp-content\/uploads\/2024\/11\/Copia-de-White-and-Green-Floral-Congratulations-Facebook-Post-1536x1288.png 1536w, https:\/\/servidorlumen.com.br\/adoc-solucoes-criativas\/wp-content\/uploads\/2024\/11\/Copia-de-White-and-Green-Floral-Congratulations-Facebook-Post-2048x1717.png 2048w\" sizes=\"(max-width: 2585px) 100vw, 2585px\" \/>\t\t\t\t\t\t\t\t\t\t\t\t\t<\/div>\n\t\t\t\t<\/div>\n\t\t\t\t\t<\/div>\n\t\t\t\t<\/div>\n\t\t\t\t<\/div>\n\t\t","protected":false},"excerpt":{"rendered":"<p>Adoc solu\u00e7\u00f5es Concep\u00e7\u00e3o de personagens ID Visual Seja para jogos, anima\u00e7\u00f5es, ilustra\u00e7\u00f5es ou marcas, criamos figuras que emocionam, cativam e permanecem na mem\u00f3ria. Cada personagem \u00e9 cuidadosamente pensado para refletir sua ess\u00eancia e conectar-se profundamente com o p\u00fablico. De tra\u00e7os iniciais \u00e0 concep\u00e7\u00e3o final, unimos criatividade e estrat\u00e9gia para garantir que cada detalhe conte uma [&hellip;]<\/p>\n","protected":false},"author":1,"featured_media":0,"parent":0,"menu_order":0,"comment_status":"closed","ping_status":"closed","template":"elementor_header_footer","meta":{"footnotes":""},"class_list":["post-487","page","type-page","status-publish","hentry"],"_links":{"self":[{"href":"https:\/\/servidorlumen.com.br\/adoc-solucoes-criativas\/wp-json\/wp\/v2\/pages\/487","targetHints":{"allow":["GET"]}}],"collection":[{"href":"https:\/\/servidorlumen.com.br\/adoc-solucoes-criativas\/wp-json\/wp\/v2\/pages"}],"about":[{"href":"https:\/\/servidorlumen.com.br\/adoc-solucoes-criativas\/wp-json\/wp\/v2\/types\/page"}],"author":[{"embeddable":true,"href":"https:\/\/servidorlumen.com.br\/adoc-solucoes-criativas\/wp-json\/wp\/v2\/users\/1"}],"replies":[{"embeddable":true,"href":"https:\/\/servidorlumen.com.br\/adoc-solucoes-criativas\/wp-json\/wp\/v2\/comments?post=487"}],"version-history":[{"count":18,"href":"https:\/\/servidorlumen.com.br\/adoc-solucoes-criativas\/wp-json\/wp\/v2\/pages\/487\/revisions"}],"predecessor-version":[{"id":624,"href":"https:\/\/servidorlumen.com.br\/adoc-solucoes-criativas\/wp-json\/wp\/v2\/pages\/487\/revisions\/624"}],"wp:attachment":[{"href":"https:\/\/servidorlumen.com.br\/adoc-solucoes-criativas\/wp-json\/wp\/v2\/media?parent=487"}],"curies":[{"name":"wp","href":"https:\/\/api.w.org\/{rel}","templated":true}]}}