{"id":469,"date":"2024-11-26T23:08:54","date_gmt":"2024-11-26T23:08:54","guid":{"rendered":"https:\/\/servidorlumen.com.br\/adoc-solucoes-criativas\/?page_id=469"},"modified":"2024-11-27T00:32:25","modified_gmt":"2024-11-27T00:32:25","slug":"tip-top","status":"publish","type":"page","link":"https:\/\/servidorlumen.com.br\/adoc-solucoes-criativas\/tip-top\/","title":{"rendered":"Tip Top"},"content":{"rendered":"\t\t<div data-elementor-type=\"wp-page\" data-elementor-id=\"469\" class=\"elementor elementor-469\">\n\t\t\t\t<div class=\"elementor-element elementor-element-776c5f1 e-flex e-con-boxed e-con e-parent\" data-id=\"776c5f1\" data-element_type=\"container\" data-settings=\"{&quot;background_background&quot;:&quot;classic&quot;}\">\n\t\t\t\t\t<div class=\"e-con-inner\">\n\t\t<div class=\"elementor-element elementor-element-96f8236 e-con-full e-flex e-con e-child\" data-id=\"96f8236\" data-element_type=\"container\">\n\t\t<div class=\"elementor-element elementor-element-638d142 e-con-full e-flex e-con e-child\" data-id=\"638d142\" data-element_type=\"container\">\n\t\t<div class=\"elementor-element elementor-element-9fe6140 e-con-full e-flex e-con e-child\" data-id=\"9fe6140\" data-element_type=\"container\">\n\t\t\t\t<div class=\"elementor-element elementor-element-8c6b6d6 elementor-widget elementor-widget-text-editor\" data-id=\"8c6b6d6\" data-element_type=\"widget\" data-widget_type=\"text-editor.default\">\n\t\t\t\t<div class=\"elementor-widget-container\">\n\t\t\t\t\t\t\t<p>Adoc solu\u00e7\u00f5es<\/p>\t\t\t\t\t\t<\/div>\n\t\t\t\t<\/div>\n\t\t\t\t<div class=\"elementor-element elementor-element-e5d3b59 elementor-widget elementor-widget-heading\" data-id=\"e5d3b59\" data-element_type=\"widget\" data-widget_type=\"heading.default\">\n\t\t\t\t<div class=\"elementor-widget-container\">\n\t\t\t<h2 class=\"elementor-heading-title elementor-size-default\">Tip Top<\/h2>\t\t<\/div>\n\t\t\t\t<\/div>\n\t\t<div class=\"elementor-element elementor-element-ac5bbe2 e-con-full e-flex e-con e-child\" data-id=\"ac5bbe2\" data-element_type=\"container\">\n\t\t\t\t<div class=\"elementor-element elementor-element-27e25da elementor-widget elementor-widget-text-editor\" data-id=\"27e25da\" data-element_type=\"widget\" data-widget_type=\"text-editor.default\">\n\t\t\t\t<div class=\"elementor-widget-container\">\n\t\t\t\t\t\t\t<p>ID Visual<\/p>\t\t\t\t\t\t<\/div>\n\t\t\t\t<\/div>\n\t\t\t\t<\/div>\n\t\t\t\t<\/div>\n\t\t\t\t<\/div>\n\t\t\t\t<div class=\"elementor-element elementor-element-2a1c435 elementor-widget__width-initial elementor-widget elementor-widget-text-editor\" data-id=\"2a1c435\" data-element_type=\"widget\" data-widget_type=\"text-editor.default\">\n\t\t\t\t<div class=\"elementor-widget-container\">\n\t\t\t\t\t\t\t<p>Na ADOC Solu\u00e7\u00f5es Criativas, transformamos suas ideias em realidade com praticidade, agilidade e inova\u00e7\u00e3o. Conte com a nossa expertise para criar uma presen\u00e7a marcante para a sua marca.<\/p>\t\t\t\t\t\t<\/div>\n\t\t\t\t<\/div>\n\t\t\t\t<\/div>\n\t\t\t\t<div class=\"elementor-element elementor-element-71aee44 elementor-widget__width-initial elementor-widget-divider--view-line elementor-widget elementor-widget-divider\" data-id=\"71aee44\" data-element_type=\"widget\" data-widget_type=\"divider.default\">\n\t\t\t\t<div class=\"elementor-widget-container\">\n\t\t\t\t\t<div class=\"elementor-divider\">\n\t\t\t<span class=\"elementor-divider-separator\">\n\t\t\t\t\t\t<\/span>\n\t\t<\/div>\n\t\t\t\t<\/div>\n\t\t\t\t<\/div>\n\t\t<div class=\"elementor-element elementor-element-9a640b0 e-con-full e-flex e-con e-child\" data-id=\"9a640b0\" data-element_type=\"container\">\n\t\t<div class=\"elementor-element elementor-element-2adee1c e-con-full animated-slow e-flex elementor-invisible e-con e-child\" data-id=\"2adee1c\" data-element_type=\"container\" data-settings=\"{&quot;animation&quot;:&quot;fadeInLeft&quot;}\">\n\t\t\t\t<div class=\"elementor-element elementor-element-f03438f elementor-invisible elementor-widget elementor-widget-image\" data-id=\"f03438f\" data-element_type=\"widget\" data-settings=\"{&quot;_animation&quot;:&quot;fadeInUp&quot;}\" data-widget_type=\"image.default\">\n\t\t\t\t<div class=\"elementor-widget-container\">\n\t\t\t\t\t\t\t\t\t\t\t\t\t<img fetchpriority=\"high\" decoding=\"async\" width=\"1080\" height=\"1080\" src=\"https:\/\/servidorlumen.com.br\/adoc-solucoes-criativas\/wp-content\/uploads\/2024\/11\/artes-sebrae_page-0002.jpg\" class=\"attachment-full size-full wp-image-455\" alt=\"\" srcset=\"https:\/\/servidorlumen.com.br\/adoc-solucoes-criativas\/wp-content\/uploads\/2024\/11\/artes-sebrae_page-0002.jpg 1080w, https:\/\/servidorlumen.com.br\/adoc-solucoes-criativas\/wp-content\/uploads\/2024\/11\/artes-sebrae_page-0002-300x300.jpg 300w, https:\/\/servidorlumen.com.br\/adoc-solucoes-criativas\/wp-content\/uploads\/2024\/11\/artes-sebrae_page-0002-1024x1024.jpg 1024w, https:\/\/servidorlumen.com.br\/adoc-solucoes-criativas\/wp-content\/uploads\/2024\/11\/artes-sebrae_page-0002-150x150.jpg 150w, https:\/\/servidorlumen.com.br\/adoc-solucoes-criativas\/wp-content\/uploads\/2024\/11\/artes-sebrae_page-0002-768x768.jpg 768w\" sizes=\"(max-width: 1080px) 100vw, 1080px\" \/>\t\t\t\t\t\t\t\t\t\t\t\t\t<\/div>\n\t\t\t\t<\/div>\n\t\t\t\t<\/div>\n\t\t<div class=\"elementor-element elementor-element-6c35e17 e-con-full animated-slow e-flex elementor-invisible e-con e-child\" data-id=\"6c35e17\" data-element_type=\"container\" data-settings=\"{&quot;animation&quot;:&quot;fadeInLeft&quot;}\">\n\t\t\t\t<div class=\"elementor-element elementor-element-506a8aa elementor-widget elementor-widget-image\" data-id=\"506a8aa\" data-element_type=\"widget\" data-widget_type=\"image.default\">\n\t\t\t\t<div class=\"elementor-widget-container\">\n\t\t\t\t\t\t\t\t\t\t\t\t\t<img decoding=\"async\" width=\"1080\" height=\"1080\" src=\"https:\/\/servidorlumen.com.br\/adoc-solucoes-criativas\/wp-content\/uploads\/2024\/11\/artes-sebrae_page-0003.jpg\" class=\"attachment-full size-full wp-image-474\" alt=\"\" srcset=\"https:\/\/servidorlumen.com.br\/adoc-solucoes-criativas\/wp-content\/uploads\/2024\/11\/artes-sebrae_page-0003.jpg 1080w, https:\/\/servidorlumen.com.br\/adoc-solucoes-criativas\/wp-content\/uploads\/2024\/11\/artes-sebrae_page-0003-300x300.jpg 300w, https:\/\/servidorlumen.com.br\/adoc-solucoes-criativas\/wp-content\/uploads\/2024\/11\/artes-sebrae_page-0003-1024x1024.jpg 1024w, https:\/\/servidorlumen.com.br\/adoc-solucoes-criativas\/wp-content\/uploads\/2024\/11\/artes-sebrae_page-0003-150x150.jpg 150w, https:\/\/servidorlumen.com.br\/adoc-solucoes-criativas\/wp-content\/uploads\/2024\/11\/artes-sebrae_page-0003-768x768.jpg 768w\" sizes=\"(max-width: 1080px) 100vw, 1080px\" \/>\t\t\t\t\t\t\t\t\t\t\t\t\t<\/div>\n\t\t\t\t<\/div>\n\t\t\t\t<\/div>\n\t\t<div class=\"elementor-element elementor-element-65aec85 e-con-full animated-slow e-flex elementor-invisible e-con e-child\" data-id=\"65aec85\" data-element_type=\"container\" data-settings=\"{&quot;animation&quot;:&quot;fadeInLeft&quot;}\">\n\t\t\t\t<div class=\"elementor-element elementor-element-e1cfc92 elementor-widget elementor-widget-image\" data-id=\"e1cfc92\" data-element_type=\"widget\" data-widget_type=\"image.default\">\n\t\t\t\t<div class=\"elementor-widget-container\">\n\t\t\t\t\t\t\t\t\t\t\t\t\t<img decoding=\"async\" width=\"1080\" height=\"1080\" src=\"https:\/\/servidorlumen.com.br\/adoc-solucoes-criativas\/wp-content\/uploads\/2024\/11\/artes-sebrae_page-0004.jpg\" class=\"attachment-full size-full wp-image-475\" alt=\"\" srcset=\"https:\/\/servidorlumen.com.br\/adoc-solucoes-criativas\/wp-content\/uploads\/2024\/11\/artes-sebrae_page-0004.jpg 1080w, https:\/\/servidorlumen.com.br\/adoc-solucoes-criativas\/wp-content\/uploads\/2024\/11\/artes-sebrae_page-0004-300x300.jpg 300w, https:\/\/servidorlumen.com.br\/adoc-solucoes-criativas\/wp-content\/uploads\/2024\/11\/artes-sebrae_page-0004-1024x1024.jpg 1024w, https:\/\/servidorlumen.com.br\/adoc-solucoes-criativas\/wp-content\/uploads\/2024\/11\/artes-sebrae_page-0004-150x150.jpg 150w, https:\/\/servidorlumen.com.br\/adoc-solucoes-criativas\/wp-content\/uploads\/2024\/11\/artes-sebrae_page-0004-768x768.jpg 768w\" sizes=\"(max-width: 1080px) 100vw, 1080px\" \/>\t\t\t\t\t\t\t\t\t\t\t\t\t<\/div>\n\t\t\t\t<\/div>\n\t\t\t\t<\/div>\n\t\t<div class=\"elementor-element elementor-element-56fad0e e-con-full animated-slow e-flex elementor-invisible e-con e-child\" data-id=\"56fad0e\" data-element_type=\"container\" data-settings=\"{&quot;animation&quot;:&quot;fadeInLeft&quot;}\">\n\t\t\t\t<div class=\"elementor-element elementor-element-ea8662f elementor-widget elementor-widget-image\" data-id=\"ea8662f\" data-element_type=\"widget\" data-widget_type=\"image.default\">\n\t\t\t\t<div class=\"elementor-widget-container\">\n\t\t\t\t\t\t\t\t\t\t\t\t\t<img loading=\"lazy\" decoding=\"async\" width=\"1080\" height=\"1080\" src=\"https:\/\/servidorlumen.com.br\/adoc-solucoes-criativas\/wp-content\/uploads\/2024\/11\/artes-sebrae_page-0007.jpg\" class=\"attachment-full size-full wp-image-478\" alt=\"\" srcset=\"https:\/\/servidorlumen.com.br\/adoc-solucoes-criativas\/wp-content\/uploads\/2024\/11\/artes-sebrae_page-0007.jpg 1080w, https:\/\/servidorlumen.com.br\/adoc-solucoes-criativas\/wp-content\/uploads\/2024\/11\/artes-sebrae_page-0007-300x300.jpg 300w, https:\/\/servidorlumen.com.br\/adoc-solucoes-criativas\/wp-content\/uploads\/2024\/11\/artes-sebrae_page-0007-1024x1024.jpg 1024w, https:\/\/servidorlumen.com.br\/adoc-solucoes-criativas\/wp-content\/uploads\/2024\/11\/artes-sebrae_page-0007-150x150.jpg 150w, https:\/\/servidorlumen.com.br\/adoc-solucoes-criativas\/wp-content\/uploads\/2024\/11\/artes-sebrae_page-0007-768x768.jpg 768w\" sizes=\"(max-width: 1080px) 100vw, 1080px\" \/>\t\t\t\t\t\t\t\t\t\t\t\t\t<\/div>\n\t\t\t\t<\/div>\n\t\t\t\t<\/div>\n\t\t<div class=\"elementor-element elementor-element-f645bec e-con-full animated-slow e-flex elementor-invisible e-con e-child\" data-id=\"f645bec\" data-element_type=\"container\" data-settings=\"{&quot;animation&quot;:&quot;fadeInLeft&quot;}\">\n\t\t\t\t<div class=\"elementor-element elementor-element-85cfdb6 elementor-widget elementor-widget-image\" data-id=\"85cfdb6\" data-element_type=\"widget\" data-widget_type=\"image.default\">\n\t\t\t\t<div class=\"elementor-widget-container\">\n\t\t\t\t\t\t\t\t\t\t\t\t\t<img loading=\"lazy\" decoding=\"async\" width=\"1080\" height=\"1080\" src=\"https:\/\/servidorlumen.com.br\/adoc-solucoes-criativas\/wp-content\/uploads\/2024\/11\/artes-sebrae_page-0009.jpg\" class=\"attachment-full size-full wp-image-480\" alt=\"\" srcset=\"https:\/\/servidorlumen.com.br\/adoc-solucoes-criativas\/wp-content\/uploads\/2024\/11\/artes-sebrae_page-0009.jpg 1080w, https:\/\/servidorlumen.com.br\/adoc-solucoes-criativas\/wp-content\/uploads\/2024\/11\/artes-sebrae_page-0009-300x300.jpg 300w, https:\/\/servidorlumen.com.br\/adoc-solucoes-criativas\/wp-content\/uploads\/2024\/11\/artes-sebrae_page-0009-1024x1024.jpg 1024w, https:\/\/servidorlumen.com.br\/adoc-solucoes-criativas\/wp-content\/uploads\/2024\/11\/artes-sebrae_page-0009-150x150.jpg 150w, https:\/\/servidorlumen.com.br\/adoc-solucoes-criativas\/wp-content\/uploads\/2024\/11\/artes-sebrae_page-0009-768x768.jpg 768w\" sizes=\"(max-width: 1080px) 100vw, 1080px\" \/>\t\t\t\t\t\t\t\t\t\t\t\t\t<\/div>\n\t\t\t\t<\/div>\n\t\t\t\t<\/div>\n\t\t<div class=\"elementor-element elementor-element-615b383 e-con-full animated-slow e-flex elementor-invisible e-con e-child\" data-id=\"615b383\" data-element_type=\"container\" data-settings=\"{&quot;animation&quot;:&quot;fadeInLeft&quot;}\">\n\t\t\t\t<div class=\"elementor-element elementor-element-c7d168e elementor-widget elementor-widget-image\" data-id=\"c7d168e\" data-element_type=\"widget\" data-widget_type=\"image.default\">\n\t\t\t\t<div class=\"elementor-widget-container\">\n\t\t\t\t\t\t\t\t\t\t\t\t\t<img loading=\"lazy\" decoding=\"async\" width=\"1080\" height=\"1080\" src=\"https:\/\/servidorlumen.com.br\/adoc-solucoes-criativas\/wp-content\/uploads\/2024\/11\/artes-sebrae_page-0005.jpg\" class=\"attachment-full size-full wp-image-476\" alt=\"\" srcset=\"https:\/\/servidorlumen.com.br\/adoc-solucoes-criativas\/wp-content\/uploads\/2024\/11\/artes-sebrae_page-0005.jpg 1080w, https:\/\/servidorlumen.com.br\/adoc-solucoes-criativas\/wp-content\/uploads\/2024\/11\/artes-sebrae_page-0005-300x300.jpg 300w, https:\/\/servidorlumen.com.br\/adoc-solucoes-criativas\/wp-content\/uploads\/2024\/11\/artes-sebrae_page-0005-1024x1024.jpg 1024w, https:\/\/servidorlumen.com.br\/adoc-solucoes-criativas\/wp-content\/uploads\/2024\/11\/artes-sebrae_page-0005-150x150.jpg 150w, https:\/\/servidorlumen.com.br\/adoc-solucoes-criativas\/wp-content\/uploads\/2024\/11\/artes-sebrae_page-0005-768x768.jpg 768w\" sizes=\"(max-width: 1080px) 100vw, 1080px\" \/>\t\t\t\t\t\t\t\t\t\t\t\t\t<\/div>\n\t\t\t\t<\/div>\n\t\t\t\t<div class=\"elementor-element elementor-element-e71e5b3 elementor-widget elementor-widget-image\" data-id=\"e71e5b3\" data-element_type=\"widget\" data-widget_type=\"image.default\">\n\t\t\t\t<div class=\"elementor-widget-container\">\n\t\t\t\t\t\t\t\t\t\t\t\t\t<img loading=\"lazy\" decoding=\"async\" width=\"1080\" height=\"1080\" src=\"https:\/\/servidorlumen.com.br\/adoc-solucoes-criativas\/wp-content\/uploads\/2024\/11\/artes-sebrae_page-0006.jpg\" class=\"attachment-full size-full wp-image-477\" alt=\"\" srcset=\"https:\/\/servidorlumen.com.br\/adoc-solucoes-criativas\/wp-content\/uploads\/2024\/11\/artes-sebrae_page-0006.jpg 1080w, https:\/\/servidorlumen.com.br\/adoc-solucoes-criativas\/wp-content\/uploads\/2024\/11\/artes-sebrae_page-0006-300x300.jpg 300w, https:\/\/servidorlumen.com.br\/adoc-solucoes-criativas\/wp-content\/uploads\/2024\/11\/artes-sebrae_page-0006-1024x1024.jpg 1024w, https:\/\/servidorlumen.com.br\/adoc-solucoes-criativas\/wp-content\/uploads\/2024\/11\/artes-sebrae_page-0006-150x150.jpg 150w, https:\/\/servidorlumen.com.br\/adoc-solucoes-criativas\/wp-content\/uploads\/2024\/11\/artes-sebrae_page-0006-768x768.jpg 768w\" sizes=\"(max-width: 1080px) 100vw, 1080px\" \/>\t\t\t\t\t\t\t\t\t\t\t\t\t<\/div>\n\t\t\t\t<\/div>\n\t\t\t\t<\/div>\n\t\t\t\t<\/div>\n\t\t\t\t\t<\/div>\n\t\t\t\t<\/div>\n\t\t\t\t<\/div>\n\t\t","protected":false},"excerpt":{"rendered":"<p>Adoc solu\u00e7\u00f5es Tip Top ID Visual Na ADOC Solu\u00e7\u00f5es Criativas, transformamos suas ideias em realidade com praticidade, agilidade e inova\u00e7\u00e3o. Conte com a nossa expertise para criar uma presen\u00e7a marcante para a sua marca.<\/p>\n","protected":false},"author":1,"featured_media":0,"parent":0,"menu_order":0,"comment_status":"closed","ping_status":"closed","template":"elementor_header_footer","meta":{"footnotes":""},"class_list":["post-469","page","type-page","status-publish","hentry"],"_links":{"self":[{"href":"https:\/\/servidorlumen.com.br\/adoc-solucoes-criativas\/wp-json\/wp\/v2\/pages\/469","targetHints":{"allow":["GET"]}}],"collection":[{"href":"https:\/\/servidorlumen.com.br\/adoc-solucoes-criativas\/wp-json\/wp\/v2\/pages"}],"about":[{"href":"https:\/\/servidorlumen.com.br\/adoc-solucoes-criativas\/wp-json\/wp\/v2\/types\/page"}],"author":[{"embeddable":true,"href":"https:\/\/servidorlumen.com.br\/adoc-solucoes-criativas\/wp-json\/wp\/v2\/users\/1"}],"replies":[{"embeddable":true,"href":"https:\/\/servidorlumen.com.br\/adoc-solucoes-criativas\/wp-json\/wp\/v2\/comments?post=469"}],"version-history":[{"count":9,"href":"https:\/\/servidorlumen.com.br\/adoc-solucoes-criativas\/wp-json\/wp\/v2\/pages\/469\/revisions"}],"predecessor-version":[{"id":486,"href":"https:\/\/servidorlumen.com.br\/adoc-solucoes-criativas\/wp-json\/wp\/v2\/pages\/469\/revisions\/486"}],"wp:attachment":[{"href":"https:\/\/servidorlumen.com.br\/adoc-solucoes-criativas\/wp-json\/wp\/v2\/media?parent=469"}],"curies":[{"name":"wp","href":"https:\/\/api.w.org\/{rel}","templated":true}]}}